{"id":4745,"date":"2023-11-11T14:34:01","date_gmt":"2023-11-11T13:34:01","guid":{"rendered":"https:\/\/vetomshop.hu\/termek\/solo-medal\/"},"modified":"2023-11-11T14:34:01","modified_gmt":"2023-11-11T13:34:01","slug":"solo-medal","status":"publish","type":"product","link":"https:\/\/vetomshop.hu\/lb\/product\/solo-medal\/","title":{"rendered":"Solo-Medailion"},"content":{"rendered":"<h4>SOLO Gesondheets-Pendent<\/h4>\n<p><strong>Haaptfunktiounen:<\/strong><\/p>\n<p>De Solo Med\u00e1l ass e zous\u00e4tzlecht Apparat, dat d'Verteidegungsmechanismen vum Kierper \u00ebnnerst\u00ebtzt an d'Aktiv\u00e9ierung vum Immunsystem.<\/p>\n<p>Et ass am effektivsten bei der Behandlung vu viralen a bakteriellen Infektiounen.<\/p>\n<p><strong>Effekt:<\/strong><\/p>\n<ul>\n<li>d'St\u00e4erkung vum Immunsystem \u00ebnnerst\u00ebtzen, h\u00ebllefen Reaktiounen op Allergene ze reduz\u00e9ieren,<\/li>\n<li>fir d'Erhuelung vun viralen Infektiounen ze \u00ebnnerst\u00ebtzen,<\/li>\n<li>F\u00ebrderung vun der Eliminatioun vu toxesche Substanzen,<\/li>\n<li>fir antibakteriell a antiviral Effekter z'\u00ebnnerst\u00ebtzen.<\/li>\n<\/ul>\n<p><strong>W\u00e9ini solle mir et benotzen?<\/strong><\/p>\n<div class=\"su-spoiler su-spoiler-style-defoult su-spoiler-icon-caret su-spoiler-closed\" data-scroll-offset=\"0\" data-anchor-in-url=\"no\"><div class=\"su-spoiler-title\" tabindex=\"0\" role=\"button\"><span class=\"su-spoiler-icon\"><\/span>Alles<\/div><div class=\"su-spoiler-content su-u-clearfix su-u-trim\">\nD'Solo-Medail huet en positiven Afloss op d'funktionell Prozesser vum Kierper a kann als erg\u00e4nzendes Instrument benotzt ginn, fir d'Korrektur an d'Optimis\u00e9ierung an der Pr\u00e4ventioun an der Behandlung vun de folgende Zoust\u00e4nn ze \u00ebnnerst\u00ebtzen:<\/p>\n<ul>\n<li>fir Infektiounen vun de oberen Atmungswee\u00ebr, d\u00e9i duerch Bakterien oder Viren verursaacht ginn;<\/li>\n<li>bei entz\u00fcndleche Zoust\u00e4nn, bakteriellen oder allergesche Zoust\u00e4nn, Rhinitis, Pharyngitis, Laryngitis, Bronchitis;<\/li>\n<li>an de fr\u00e9ie Phasen vu Autoimmunerkrankungen (Bronchialasthma, asthmatesch Bronchitis, rheumatoider Arthritis, pyelo- a glomerulonephritis \u2013 Nierenentz\u00fcndung, autoimmun Schilddr\u00fcsenkrankheet, H\u00e4erzklappenkrankheet als Folleg vum rheumatesche F\u00e9iwer, Endotheliumkrankheet vun de Bluttgef\u00e4sser, Streptokokken- a Staphylokokken-Dermatitis).<\/li>\n<\/ul>\n<p>Wichteg Warnung: Wann Dir Symptomer vun Infektiounen vun de ueweren oder \u00ebnneschten Atmungswee\u00ebr hutt, konsult\u00e9iert w.e.g. \u00c4ren Dokter. Benotzt d'Solo Medal als erg\u00e4nzendes H\u00ebllefsm\u00ebttel fir \u00c4r Erhuelung ze \u00ebnnerst\u00ebtzen, nieft de Behandlungsmethoden, d\u00e9i \u00c4ren Dokter recommand\u00e9iert huet!<\/p>\n<\/div><\/div>","protected":false},"excerpt":{"rendered":"<p>SOLO Eg\u00e9szs\u00e9g Med\u00e1l F\u0151 funkci\u00f3i: A Solo Med\u00e1l kieg\u00e9sz\u00edt\u0151 eszk\u00f6z, mely a szervezet v\u00e9dekez\u0151 mechanizmusait \u00e9s az immunrendszer aktiv\u00e1l\u00e1s\u00e1t t\u00e1mogatja. V\u00edrusos \u00e9s bakteri\u00e1lis fert\u0151z\u00e9sek eset\u00e9n ny\u00fajtja a legnagyobb seg\u00edts\u00e9get. Hat\u00e1sa: immunrendszer er\u0151s\u00edt\u00e9s\u00e9nek t\u00e1mogat\u00e1sa, az allerg\u00e9nekre val\u00f3 cs\u00f6kkent reakci\u00f3 el\u00e9r\u00e9s\u00e9nek t\u00e1mogat\u00e1sa, a v\u00edrusos megbeteged\u00e9sek gy\u00f3gyul\u00e1s\u00e1nak t\u00e1mogat\u00e1sa, a toxikus anyagok kivezet\u00e9s\u00e9nek t\u00e1mogat\u00e1sa, antibakteri\u00e1lis \u00e9s v\u00edrus\u00f6l\u0151 hat\u00e1s t\u00e1mogat\u00e1sa. [&hellip;]<\/p>\n","protected":false},"featured_media":4744,"comment_status":"open","ping_status":"closed","template":"","meta":[],"product_brand":[],"product_cat":[33,32],"product_tag":[],"class_list":{"0":"post-4745","1":"product","2":"type-product","3":"status-publish","4":"has-post-thumbnail","6":"product_cat-egeszseg-medalok","7":"product_cat-triomed","9":"first","10":"instock","11":"taxable","12":"shipping-taxable","13":"purchasable","14":"product-type-simple"},"_links":{"self":[{"href":"https:\/\/vetomshop.hu\/lb\/wp-json\/wp\/v2\/product\/4745","targetHints":{"allow":["GET"]}}],"collection":[{"href":"https:\/\/vetomshop.hu\/lb\/wp-json\/wp\/v2\/product"}],"about":[{"href":"https:\/\/vetomshop.hu\/lb\/wp-json\/wp\/v2\/types\/product"}],"replies":[{"embeddable":true,"href":"https:\/\/vetomshop.hu\/lb\/wp-json\/wp\/v2\/comments?post=4745"}],"wp:featuredmedia":[{"embeddable":true,"href":"https:\/\/vetomshop.hu\/lb\/wp-json\/wp\/v2\/media\/4744"}],"wp:attachment":[{"href":"https:\/\/vetomshop.hu\/lb\/wp-json\/wp\/v2\/media?parent=4745"}],"wp:term":[{"taxonomy":"product_brand","embeddable":true,"href":"https:\/\/vetomshop.hu\/lb\/wp-json\/wp\/v2\/product_brand?post=4745"},{"taxonomy":"product_cat","embeddable":true,"href":"https:\/\/vetomshop.hu\/lb\/wp-json\/wp\/v2\/product_cat?post=4745"},{"taxonomy":"product_tag","embeddable":true,"href":"https:\/\/vetomshop.hu\/lb\/wp-json\/wp\/v2\/product_tag?post=4745"}],"curies":[{"name":"wp","href":"https:\/\/api.w.org\/{rel}","templated":true}]}}