{"id":4747,"date":"2023-11-11T14:34:01","date_gmt":"2023-11-11T13:34:01","guid":{"rendered":"https:\/\/vetomshop.hu\/termek\/siker-plus-medal\/"},"modified":"2023-11-11T14:34:01","modified_gmt":"2023-11-11T13:34:01","slug":"siker-plus-medal","status":"publish","type":"product","link":"https:\/\/vetomshop.hu\/lb\/product\/siker-plus-medal\/","title":{"rendered":"Erfolleg Plus Medaille"},"content":{"rendered":"<p>A <strong>\u201eErfolleg Plus\u201d<\/strong> D'Informatioun, d\u00e9i um Medailion gesp\u00e4ichert ass, entspr\u00e9cht dem Spektrum vun elektromagnetescher Zellen a Geweider vum zentrale Nervesystem, souw\u00e9i antihomotoxesche Agenzen, d\u00e9i d'mentale Leeschtung an d'm\u00ebnschlech Resistenz g\u00e9int Stress verbesseren an e optimale emotionalen Hannergrond erhalen.<\/p>\n<p><strong>Effekt:<\/strong><\/p>\n<ul>\n<li>h\u00eblleft d'Gediechtnes ze verbesseren;<\/li>\n<li>Erh\u00e9icht d'Geschwindegkeet vum Denken;<\/li>\n<li>f\u00ebrdert d'Konzentratioun, erh\u00e9icht d'Opmierksamkeet;<\/li>\n<li>vermindert Middegkeet w\u00e4hrend Aktivit\u00e9it\/Aarbecht;<\/li>\n<li>vermindert neurohumoral Stress bei Computeraarbecht;<\/li>\n<li>verbessert de psychologeschen (emotionalen) Hannergrond;<\/li>\n<li>h\u00eblleft chroneschen Stress a Middegkeet, Burnout-Syndrom ze verh\u00ebnneren.<\/li>\n<\/ul>\n<div class=\"su-spoiler su-spoiler-style-defoult su-spoiler-icon-caret su-spoiler-closed\" data-scroll-offset=\"0\" data-anchor-in-url=\"no\"><div class=\"su-spoiler-title\" tabindex=\"0\" role=\"button\"><span class=\"su-spoiler-icon\"><\/span>Alles<\/div><div class=\"su-spoiler-content su-u-clearfix su-u-trim\">\n<strong>De \u201eSUCCESS PLUS\u201d-Medail kann benotzt ginn:<\/strong><\/p>\n<ul>\n<li>fir d'Geeschtesleeschtung ze verbesseren,<\/li>\n<li>Upassung un eng m\u00e9i grouss Lastkapazit\u00e9it,<\/li>\n<li>fir d'Gediechtnes an d'Opmierksamkeet ze verbesseren,<\/li>\n<li>W\u00e4rend Perioden mat h\u00e9ijer Aarbechtsbelaaschtung \u2013 Brainstorming, asw.<\/li>\n<\/ul>\n<\/div><\/div>","protected":false},"excerpt":{"rendered":"<p>A &#8222;SIKER PLUS&#8221; med\u00e1lon t\u00e1rolt inform\u00e1ci\u00f3 megfelel a k\u00f6zponti idegrendszer elektrom\u00e1gneses sejtjeinek \u00e9s sz\u00f6veteinek spektrum\u00e1nak, valamint az antihomotoxikus szereknek, amelyek fokozz\u00e1k a ment\u00e1lis teljes\u00edtm\u00e9nyt, az emberi ellen\u00e1ll\u00e1st a stresszre, \u00e9s megtartj\u00e1k az optim\u00e1lis \u00e9rzelmi h\u00e1tteret. Hat\u00e1sa: seg\u00edt a mem\u00f3ria jav\u00edt\u00e1s\u00e1ban; n\u00f6veli a gondolkod\u00e1s sebess\u00e9g\u00e9t; el\u0151seg\u00edti a koncentr\u00e1ci\u00f3t, n\u00f6veli a figyelmet; cs\u00f6kkenti a f\u00e1radts\u00e1g \u00e9rz\u00e9st az [&hellip;]<\/p>\n","protected":false},"featured_media":4746,"comment_status":"open","ping_status":"closed","template":"","meta":[],"product_brand":[],"product_cat":[33,32],"product_tag":[],"class_list":{"0":"post-4747","1":"product","2":"type-product","3":"status-publish","4":"has-post-thumbnail","6":"product_cat-egeszseg-medalok","7":"product_cat-triomed","9":"first","10":"instock","11":"taxable","12":"shipping-taxable","13":"purchasable","14":"product-type-simple"},"_links":{"self":[{"href":"https:\/\/vetomshop.hu\/lb\/wp-json\/wp\/v2\/product\/4747","targetHints":{"allow":["GET"]}}],"collection":[{"href":"https:\/\/vetomshop.hu\/lb\/wp-json\/wp\/v2\/product"}],"about":[{"href":"https:\/\/vetomshop.hu\/lb\/wp-json\/wp\/v2\/types\/product"}],"replies":[{"embeddable":true,"href":"https:\/\/vetomshop.hu\/lb\/wp-json\/wp\/v2\/comments?post=4747"}],"wp:featuredmedia":[{"embeddable":true,"href":"https:\/\/vetomshop.hu\/lb\/wp-json\/wp\/v2\/media\/4746"}],"wp:attachment":[{"href":"https:\/\/vetomshop.hu\/lb\/wp-json\/wp\/v2\/media?parent=4747"}],"wp:term":[{"taxonomy":"product_brand","embeddable":true,"href":"https:\/\/vetomshop.hu\/lb\/wp-json\/wp\/v2\/product_brand?post=4747"},{"taxonomy":"product_cat","embeddable":true,"href":"https:\/\/vetomshop.hu\/lb\/wp-json\/wp\/v2\/product_cat?post=4747"},{"taxonomy":"product_tag","embeddable":true,"href":"https:\/\/vetomshop.hu\/lb\/wp-json\/wp\/v2\/product_tag?post=4747"}],"curies":[{"name":"wp","href":"https:\/\/api.w.org\/{rel}","templated":true}]}}