{"id":4751,"date":"2023-11-11T14:34:02","date_gmt":"2023-11-11T13:34:02","guid":{"rendered":"https:\/\/vetomshop.hu\/termek\/vita-medal\/"},"modified":"2023-11-11T14:34:02","modified_gmt":"2023-11-11T13:34:02","slug":"vita-medal","status":"publish","type":"product","link":"https:\/\/vetomshop.hu\/lb\/product\/vita-medal\/","title":{"rendered":"Liewensmedail"},"content":{"rendered":"<h4>Liewensmedail<\/h4>\n<p><strong>Haaptfunktioun:\u00a0<\/strong>E Erg\u00e4nzungspr\u00e4parat fir d'Pr\u00e4ventioun an d'Zousatzbehandlung vu gastrointestinalen St\u00e9ierungen an fir de Genesungsprozess no esou Zoust\u00e4nn ze stimul\u00e9ieren.<\/p>\n<p><strong>Kuerz Beschreiwung<\/strong><\/p>\n<p>Dat spektralt Muster, dat um Vita Health-Pendant opgeholl gouf, entspr\u00e9cht de Schwingungen vun de Organer, Geweider a Systemer vum Verdauungssystem. Et entspr\u00e9cht d\u00ebsen<br \/>\nVibratiounen vun anti-homotoxesche Zubereedungen, d\u00e9i immunmodulatoire, entz\u00fcndungshemmend an desensibilis\u00e9ierend (Empfindlechkeet-verr\u00e9ngerend) Effekter hunn.<\/p>\n<p>Dat Verdauungssystem ass d'Zomm vun de physikaleschen, chemeschen a physiologeschen Prozesser, duerch d\u00e9i d'opgehollt Liewensm\u00ebttel a einfach chemesch Verbindungen opgedeelt ginn, d\u00e9i vun de Zellen opgeholl k\u00ebnne ginn.<\/p>\n<div class=\"su-spoiler su-spoiler-style-defoult su-spoiler-icon-caret su-spoiler-closed\" data-scroll-offset=\"0\" data-anchor-in-url=\"no\"><div class=\"su-spoiler-title\" tabindex=\"0\" role=\"button\"><span class=\"su-spoiler-icon\"><\/span>Alles<\/div><div class=\"su-spoiler-content su-u-clearfix su-u-trim\">\nD\u00ebs Prozesser fannen an enger best\u00ebmmter Reiefolleg am Verdauungssystem statt (am Mondhuel, am Hals, am \u00d6sophagus, am Magen, am D\u00ebnndarm an am D\u00e9ckdarm, mat der B\u00e4ih\u00ebllef vun der Liewer, vum Gallenblass a vum Pankreas). De Prozess geschitt dank regul\u00e9ierende Mechanismen op verschiddene Niveauen. D\u00ebse sequenziellen Prozess, deen dozou f\u00e9iert, datt d'Liewensm\u00ebttel an absorb\u00e9ierbar Monomeren opgedeelt ginn, stellt d'Wesensheet vun der Funktioun vum Verdauungssystem duer.<br \/>\n<\/div><\/div>","protected":false},"excerpt":{"rendered":"<p>Vita Med\u00e1l F\u0151 funkci\u00f3ja:\u00a0Kieg\u00e9sz\u00edt\u0151 eszk\u00f6z a az em\u00e9szt\u0151rendszeri betegs\u00e9gek megel\u0151z\u00e9s\u00e9re \u00e9s kieg\u00e9sz\u00edt\u0151 kezel\u00e9s\u00e9re, a betegs\u00e9gek ut\u00e1ni regener\u00e1ci\u00f3s folyamatok aktiv\u00e1l\u00e1s\u00e1ra. R\u00f6vid ismertet\u0151 A spektr\u00e1lis minta, mely a Vita Eg\u00e9szs\u00e9g Med\u00e1lon van r\u00f6gz\u00edtve, megfelel az em\u00e9szt\u0151rendszer szervei, sz\u00f6vetei \u00e9s szervei rezg\u00e9s\u00e9nek. Megfelel azoknak az antihomotoxikus k\u00e9sz\u00edtm\u00e9nyek rezg\u00e9s\u00e9nek, melyek immunmodul\u00e1l\u00f3, gyullad\u00e1scs\u00f6kkent\u0151, deszenzibiliz\u00e1l\u00f3 (\u00e9rz\u00e9kenys\u00e9get cs\u00f6kkent\u0151) hat\u00e1ssal b\u00edrnak. Az em\u00e9szt\u0151rendszer [&hellip;]<\/p>\n","protected":false},"featured_media":4750,"comment_status":"open","ping_status":"closed","template":"","meta":[],"product_brand":[],"product_cat":[33,32],"product_tag":[],"class_list":{"0":"post-4751","1":"product","2":"type-product","3":"status-publish","4":"has-post-thumbnail","6":"product_cat-egeszseg-medalok","7":"product_cat-triomed","9":"first","10":"instock","11":"taxable","12":"shipping-taxable","13":"purchasable","14":"product-type-simple"},"_links":{"self":[{"href":"https:\/\/vetomshop.hu\/lb\/wp-json\/wp\/v2\/product\/4751","targetHints":{"allow":["GET"]}}],"collection":[{"href":"https:\/\/vetomshop.hu\/lb\/wp-json\/wp\/v2\/product"}],"about":[{"href":"https:\/\/vetomshop.hu\/lb\/wp-json\/wp\/v2\/types\/product"}],"replies":[{"embeddable":true,"href":"https:\/\/vetomshop.hu\/lb\/wp-json\/wp\/v2\/comments?post=4751"}],"wp:featuredmedia":[{"embeddable":true,"href":"https:\/\/vetomshop.hu\/lb\/wp-json\/wp\/v2\/media\/4750"}],"wp:attachment":[{"href":"https:\/\/vetomshop.hu\/lb\/wp-json\/wp\/v2\/media?parent=4751"}],"wp:term":[{"taxonomy":"product_brand","embeddable":true,"href":"https:\/\/vetomshop.hu\/lb\/wp-json\/wp\/v2\/product_brand?post=4751"},{"taxonomy":"product_cat","embeddable":true,"href":"https:\/\/vetomshop.hu\/lb\/wp-json\/wp\/v2\/product_cat?post=4751"},{"taxonomy":"product_tag","embeddable":true,"href":"https:\/\/vetomshop.hu\/lb\/wp-json\/wp\/v2\/product_tag?post=4751"}],"curies":[{"name":"wp","href":"https:\/\/api.w.org\/{rel}","templated":true}]}}