{"id":4753,"date":"2023-11-11T14:34:02","date_gmt":"2023-11-11T13:34:02","guid":{"rendered":"https:\/\/vetomshop.hu\/termek\/zold-dio-medal\/"},"modified":"2023-11-11T14:34:02","modified_gmt":"2023-11-11T13:34:02","slug":"zold-dio-medal","status":"publish","type":"product","link":"https:\/\/vetomshop.hu\/lb\/product\/zold-dio-medal\/","title":{"rendered":"Gr\u00e9ngen Nussbaum Anh\u00e4nger"},"content":{"rendered":"<h4>Nuces Virides \u2013 Gr\u00e9ng Walnuss-Pendent<\/h4>\n<p>Traditionell medizinesch Uwendungen: Tonic, Stimulans, Verdauungsh\u00ebllef a Entgifter. Et g\u00ebtt dofir fir Rachitis, lymphatesch St\u00e9ierungen an Longe- a Been-Tuberkulose recommand\u00e9iert. Et huet en kloer observ\u00e9ierbaren Effekt op d'Verdauungssystem an d'Muskelen. Et reinigt d'Blutt, stimul\u00e9iert d'Liewerfunktioun an d'Blutzirkulatioun. S\u00e4in antibiotescht Wierkungsmooss ass an der Volksmedizin laang unerkannt.<\/p>\n<p>An de l\u00e4ndleche G\u00e9igende gouf et souguer benotzt, fir Milzst\u00e9ierungen ze behandelen. Et ass effektiv g\u00e9int Diabetis, well et de Metabolismus regl\u00e9iert, de Bluttzockerspigel erofsetzt, de Durst lindert, d'H\u00e4ufegkeet vum Urin\u00e9ieren reduz\u00e9iert an verh\u00ebnnert, datt Komplikatiounen entstoen. D'Blieder<br \/>\nSi hunn en adstring\u00e9ierende Effekt a ginn dofir benotzt fir liicht Diarrhoen, Gastritis a Verdauungsproblemer ze behandelen. Si si och effektiv fir Bluttungen ze stoppen an d'Blutzirkulatioun an de Been ze verbesseren.<\/p>\n<div class=\"su-spoiler su-spoiler-style-defoult su-spoiler-icon-caret su-spoiler-closed\" data-scroll-offset=\"0\" data-anchor-in-url=\"no\"><div class=\"su-spoiler-title\" tabindex=\"0\" role=\"button\"><span class=\"su-spoiler-icon\"><\/span>Alles<\/div><div class=\"su-spoiler-content su-u-clearfix su-u-trim\">\nD\u00e9i, d\u00e9i et benotzt hunn, mellen exzellent Resultater bei der Behandlung vu Magen- a Nuespolypen.<\/p>\n<p>Et g\u00ebtt z\u00ebnter dem Altertum an der Volksmedizin benotzt, fir b\u00e9id gutt- a b\u00f6sw\u00eblleg Tumoren ze behandelen.<br \/>\n<\/div><\/div>","protected":false},"excerpt":{"rendered":"<p>Nuces Virides \u2013 Z\u00f6ld Di\u00f3 Med\u00e1l Gy\u00f3gyn\u00f6v\u00e9nyk\u00e9nt val\u00f3 hagyom\u00e1nyos felhaszn\u00e1l\u00e1sa: toniz\u00e1l\u00f3, stimul\u00e1l\u00f3, em\u00e9szt\u00e9st el\u0151seg\u00edt\u0151 \u00e9s salaktalan\u00edt\u00f3. Ez\u00e9rt aj\u00e1nlj\u00e1k angolk\u00f3rra, nyirokrendszeri betegs\u00e9gekre, t\u00fcd\u0151-\u00e9s csont tbc-re. J\u00f3l megfigyelhet\u0151 hat\u00e1sa van az em\u00e9szt\u0151rendszerre \u00e9s az izomzatra. V\u00e9rtiszt\u00edt\u00f3, serkenti a m\u00e1j tev\u00e9kenys\u00e9g\u00e9t \u00e9s a v\u00e9rkering\u00e9st. Antibiotikus hat\u00e1sa r\u00e9g\u00f3ta ismert a n\u00e9pgy\u00f3gy\u00e1szatban. Vid\u00e9ken a l\u00e9pfen\u00e9t is k\u00far\u00e1lt\u00e1k vele. Cukorbetegs\u00e9gre az\u00e9rt [&hellip;]<\/p>\n","protected":false},"featured_media":4752,"comment_status":"open","ping_status":"closed","template":"","meta":[],"product_brand":[],"product_cat":[33,32],"product_tag":[],"class_list":{"0":"post-4753","1":"product","2":"type-product","3":"status-publish","4":"has-post-thumbnail","6":"product_cat-egeszseg-medalok","7":"product_cat-triomed","9":"first","10":"instock","11":"taxable","12":"shipping-taxable","13":"purchasable","14":"product-type-simple"},"_links":{"self":[{"href":"https:\/\/vetomshop.hu\/lb\/wp-json\/wp\/v2\/product\/4753","targetHints":{"allow":["GET"]}}],"collection":[{"href":"https:\/\/vetomshop.hu\/lb\/wp-json\/wp\/v2\/product"}],"about":[{"href":"https:\/\/vetomshop.hu\/lb\/wp-json\/wp\/v2\/types\/product"}],"replies":[{"embeddable":true,"href":"https:\/\/vetomshop.hu\/lb\/wp-json\/wp\/v2\/comments?post=4753"}],"wp:featuredmedia":[{"embeddable":true,"href":"https:\/\/vetomshop.hu\/lb\/wp-json\/wp\/v2\/media\/4752"}],"wp:attachment":[{"href":"https:\/\/vetomshop.hu\/lb\/wp-json\/wp\/v2\/media?parent=4753"}],"wp:term":[{"taxonomy":"product_brand","embeddable":true,"href":"https:\/\/vetomshop.hu\/lb\/wp-json\/wp\/v2\/product_brand?post=4753"},{"taxonomy":"product_cat","embeddable":true,"href":"https:\/\/vetomshop.hu\/lb\/wp-json\/wp\/v2\/product_cat?post=4753"},{"taxonomy":"product_tag","embeddable":true,"href":"https:\/\/vetomshop.hu\/lb\/wp-json\/wp\/v2\/product_tag?post=4753"}],"curies":[{"name":"wp","href":"https:\/\/api.w.org\/{rel}","templated":true}]}}