{"id":4755,"date":"2023-11-11T14:34:03","date_gmt":"2023-11-11T13:34:03","guid":{"rendered":"https:\/\/vetomshop.hu\/termek\/menedzser-kartya\/"},"modified":"2023-11-11T14:34:03","modified_gmt":"2023-11-11T13:34:03","slug":"menedzser-kartya","status":"publish","type":"product","link":"https:\/\/vetomshop.hu\/lb\/product\/menedzser-kartya\/","title":{"rendered":"Managerkaart"},"content":{"rendered":"<h4>Fir wat ass d&#039;MANAGERKAART geduecht?<\/h4>\n<p><strong>MANAGERKAART<\/strong> \u2013 en Apparat fir d&#039;Pr\u00e9ventioun an d&#039;Behandlung vu chronescher Middegkeet an Iwwerarbeitungssyndrom, fir d&#039;Aarbechtskapazit\u00e9it ze erh\u00e9ijen, fir d&#039;Regeneratiounsprozesser no Stress an Iwwerbelaaschtung z&#039;aktiv\u00e9ieren, a fir d&#039;Immunit\u00e9it ze st\u00e4erken.<\/p>\n<p>D&#039;MANAGERKAART \u00ebnnerst\u00ebtzt d&#039;Funktioun vu kognitiven Prozesser. Si zielt drop of, d&#039;Ged\u00e4chtnisprozesser z&#039;aktiv\u00e9ieren, d&#039;direkt Auswendigl\u00e9iere vun n\u00e9idegen Informatiounen z&#039;erm\u00e9iglechen, d&#039;Geschwindegkeet vum Denken ze erh\u00e9ijen, den normale Verlaf vu physiologesche Prozesser an den Zellen a Gew\u00ebss vum Zentralnervensystem er\u00ebmzestellen an hir Stabilit\u00e9it g\u00e9int d\u00e9i schiedlech Auswierkunge vun der externer \u00cbmwelt ze erh\u00e9ijen.<\/p>\n<p><strong>Effekter:<\/strong><\/p>\n<ul>\n<li>\u00ebnnerst\u00ebtzt d&#039;Blutzirkulatioun an d&#039;metabolesch Prozesser an der Struktur vum Zentralnervensystem, an h\u00eblleft d&#039;Funktioune vum Zentralnervensystem ze restaur\u00e9ieren;<\/li>\n<li>h\u00eblleft d&#039;Er\u00ebnnerung ze verbesseren, sou datt Dir eng m\u00e9i grouss Quantit\u00e9it un Informatiounen absorb\u00e9iere k\u00ebnnt;<\/li>\n<li>\u00ebnnerst\u00ebtzt Konzentratioun,<\/li>\n<li>reduz\u00e9iert Middegkeet w\u00e4hrend der Aktivit\u00e9it;<\/li>\n<li>reduz\u00e9iert neuro-emotional Spannungen beim Gebrauch vun engem Computer;<\/li>\n<li>harmonis\u00e9iert d\u00e9i emotional-psychesch Astellung;<\/li>\n<li>verbessert d&#039;Intuitioun,<\/li>\n<li>h\u00eblleft d&#039;Entw\u00e9cklung vu chroneschem Stress an Ersch\u00f6pfung ze vermeiden.<\/li>\n<\/ul>\n<div class=\"su-spoiler su-spoiler-style-defoult su-spoiler-icon-caret su-spoiler-closed\" data-scroll-offset=\"0\" data-anchor-in-url=\"no\"><div class=\"su-spoiler-title\" tabindex=\"0\" role=\"button\"><span class=\"su-spoiler-icon\"><\/span>Alles<\/div><div class=\"su-spoiler-content su-u-clearfix su-u-trim\">\n<strong>Mat senger H\u00ebllef:<\/strong><\/p>\n<ul>\n<li>w\u00e4ert sech op d\u00e9i Haaptsaachen konzentr\u00e9ieren,<\/li>\n<li>f\u00ebrdert d&#039;Entw\u00e9cklung vun enger positiver Liewensastellung, d&#039;Entw\u00e9cklung vun Entschlossenheet,<\/li>\n<li>h\u00eblleft sech op Erfolleg a Ziler ze konzentr\u00e9ieren,<\/li>\n<li>\u00ebnnerst\u00ebtzt d&#039;Gefill vum Erfolleg, Selbstvertrauen an de Glawen un den Erfolleg fir d&#039;Zil z&#039;erreechen!<\/li>\n<\/ul>\n<\/div><\/div>","protected":false},"excerpt":{"rendered":"<p>Mire szolg\u00e1l a MENEDZSER K\u00c1RTYA? MENEDZSER K\u00c1RTYA \u2013 a kr\u00f3nikus f\u00e1rad\u00e9konys\u00e1g \u00e9s a t\u00falhajszolts\u00e1g szindr\u00f3m\u00e1ja megel\u0151z\u00e9s\u00e9re \u00e9s kezel\u00e9s\u00e9re, a munkab\u00edr\u00e1s n\u00f6vel\u00e9s\u00e9re, az \u00e1tv\u00e9szelt stressz-megterhel\u00e9seket k\u00f6vet\u0151 regener\u00e1ci\u00f3s folyamatok aktiviz\u00e1l\u00e1s\u00e1ra, az immunit\u00e1s n\u00f6vel\u00e9s\u00e9re szolg\u00e1l\u00f3 k\u00e9sz\u00fcl\u00e9k. A MENEDZSER K\u00c1RTYA m\u0171k\u00f6d\u00e9se a kognit\u00edv folyamatok m\u0171k\u00f6d\u00e9s\u00e9t t\u00e1mogatja. Az eml\u00e9kez\u00e9s folyamatainak aktiviz\u00e1l\u00e1s\u00e1ra, a sz\u00fcks\u00e9ges inform\u00e1ci\u00f3 azonnali memoriz\u00e1l\u00e1s\u00e1nak lehet\u0151s\u00e9g\u00e9re, a gondolkod\u00e1s sebess\u00e9g\u00e9nek [&hellip;]<\/p>\n","protected":false},"featured_media":4754,"comment_status":"open","ping_status":"closed","template":"","meta":[],"product_brand":[],"product_cat":[33,32],"product_tag":[],"class_list":{"0":"post-4755","1":"product","2":"type-product","3":"status-publish","4":"has-post-thumbnail","6":"product_cat-egeszseg-medalok","7":"product_cat-triomed","9":"first","10":"instock","11":"taxable","12":"shipping-taxable","13":"purchasable","14":"product-type-simple"},"_links":{"self":[{"href":"https:\/\/vetomshop.hu\/lb\/wp-json\/wp\/v2\/product\/4755","targetHints":{"allow":["GET"]}}],"collection":[{"href":"https:\/\/vetomshop.hu\/lb\/wp-json\/wp\/v2\/product"}],"about":[{"href":"https:\/\/vetomshop.hu\/lb\/wp-json\/wp\/v2\/types\/product"}],"replies":[{"embeddable":true,"href":"https:\/\/vetomshop.hu\/lb\/wp-json\/wp\/v2\/comments?post=4755"}],"wp:featuredmedia":[{"embeddable":true,"href":"https:\/\/vetomshop.hu\/lb\/wp-json\/wp\/v2\/media\/4754"}],"wp:attachment":[{"href":"https:\/\/vetomshop.hu\/lb\/wp-json\/wp\/v2\/media?parent=4755"}],"wp:term":[{"taxonomy":"product_brand","embeddable":true,"href":"https:\/\/vetomshop.hu\/lb\/wp-json\/wp\/v2\/product_brand?post=4755"},{"taxonomy":"product_cat","embeddable":true,"href":"https:\/\/vetomshop.hu\/lb\/wp-json\/wp\/v2\/product_cat?post=4755"},{"taxonomy":"product_tag","embeddable":true,"href":"https:\/\/vetomshop.hu\/lb\/wp-json\/wp\/v2\/product_tag?post=4755"}],"curies":[{"name":"wp","href":"https:\/\/api.w.org\/{rel}","templated":true}]}}