{"id":5820,"date":"2024-06-01T18:26:31","date_gmt":"2024-06-01T16:26:31","guid":{"rendered":"https:\/\/vetomshop.hu\/?post_type=product&#038;p=5820"},"modified":"2026-04-12T08:27:56","modified_gmt":"2026-04-12T06:27:56","slug":"vetom-1-1-probiotikum-por-500-g-etrend-kiegeszito","status":"publish","type":"product","link":"https:\/\/vetomshop.hu\/lb\/product\/vetom-1-1-probiotikum-por-500-g-etrend-kiegeszito\/","title":{"rendered":"Ech w\u00e4ert s\u00e4en. <span style=\"color:red\">1.1<\/span> probiotikum <br>Pulver <span style=\"color:red\">500g<\/span> (Nahrungserg\u00e4nzungsmittel)"},"content":{"rendered":"<p>Seng virdeelhaft Effekter sinn <strong>Bacillus subtilis<\/strong> duerch d'Aktioun vun n\u00ebtzlechen Bakterien, d\u00e9i haapts\u00e4chlech am D\u00e9ckdarm sech vermehren a produz\u00e9ieren: proteolytesch, amylolytesch, cellulolytesch Enzymen; \u03b1-2-Interferon vu m\u00ebnschleche Leukozyten; Bacitracin mg, d\u00e9i d'Wuesstem an d'Entw\u00e9cklung vu pathogene a bed\u00e9ngt pathogene Mikroflora hemmen; an aner biologesch aktiv Substanzen.<\/p>\n<p>Als Konsequenz kehrt d'bakteriell Zesummesetzung vum Darminhalt op e normale Niveau zr\u00e9ck, d'Darmw\u00e4nn ginn vun onverdauten Reschter gereinegt, wat zur aktiver Entgiftung vum Kierper an zum onbeh\u00ebnnerten Transport vu biologesch aktive N\u00e4hrstoffer b\u00e4idr\u00e9it.<\/p>\n<p>\u00cbnner dem Afloss vu Vetom 1.1 ginn de Metabolismus, d'Verdauung an d'Absorptioun vun biologesch aktive Liewensm\u00ebttelbestanddeeler am Verdauungstrakt normalis\u00e9iert.<\/p>\n<p>E kannerfr\u00ebndlecht Produkt, dat delikat s\u00e9iss ass a eleng konsum\u00e9iert ka ginn.<\/p>\n<p>Vetom 1.1 erh\u00e9icht d'Effektivit\u00e9it vun de Medikamenter a reduz\u00e9iert hir negativ Niewewierkungen um m\u00ebnschleche Kierper.<\/p>\n<p>Et ass kee Medikament.<\/p>\n<p><strong>Pharmakologesch Effekter<\/strong>immunmodul\u00e9ierend, antiviral, antiproliferativ, bakterizid, fungizid, anti-chlamydial.<\/p>\n<h5>Eegeschaften:<\/h5>\n<ul>\n<li>Et huet eng h\u00e9ich antagonistesch Aktivit\u00e9it g\u00e9int pathogenesch a bed\u00e9ngt pathogenesch Pilzen a Bakterien a weist antiviral, proteolytesch, amylolytesch a cellulolytesch Eegeschaften.<\/li>\n<li>Stimul\u00e9iert zellul\u00e4r a humoral Faktoren vun der Immunit\u00e9it.<\/li>\n<li>Erh\u00e9icht d'kierperlech onspezifesch Resistenz<\/li>\n<li>stabilis\u00e9iert allergesch Resistenz<\/li>\n<li>normalis\u00e9iert de Stoffwiessel<\/li>\n<\/ul>\n<p>\u2022 KENG NEBEWIERKUNGEN<br \/>\n\u2022 KENG ALTERSBESCHR\u00c4NKTUNGEN<br \/>\n\u2022 KEENG Iwwerdosis<br \/>\n\u2022 Keng Ofh\u00e4ngegkeet entw\u00e9ckelt<\/p>\n<h5>Uwendungsber\u00e4ich<\/h5>\n<p>Probiotesch Mikroorganismen ginn recommand\u00e9iert als biologesch aktiv Liewensm\u00ebttelzous\u00e4tz fir de Verdauungstrakt ze verbesseren an d'Duerndarmflora er\u00ebm opzebauen.<\/p>\n<p><em><strong>Dos\u00e9ierung:<\/strong><\/em> Fir 10 Deeg recommand\u00e9iert: 3\u20135 Messel\u00e4ffel (Niveau) Pudder pro Dag virun, w\u00e4rend oder no de Moolz\u00e4iten, eleng (kann och mat Waasser oder Uebstjus geholl ginn). .<\/p>\n<p>Vetom 1.1 verursaacht keng Ofh\u00e4ngegkeet.<\/p>\n<p>Et g\u00ebtt recommand\u00e9iert, d'Behandlung no enger bis zwou Wochen Paus ze widderhuelen, an et ass ratsam, vun Z\u00e4it zu Z\u00e4it op e anert Vetom-Produkt \u00ebmzestellen. Op d\u00ebs Man\u00e9ier k\u00ebnne mir eise ganzen Kierper an eise Darmsystem \u00ebnnerst\u00ebtzen.<\/p>\n<h5>Kontraindikatiounen<\/h5>\n<p>Iwwersensibilit\u00e9it g\u00e9int ee vun de Bestanddeeler vum Produkt.<\/p>\n<p>Vetom 1.1 d\u00e4erf net gl\u00e4ichz\u00e4iteg mat Antibiotika an anere probiotesche Preparatiounen geholl ginn.<\/p>\n<h5>Speziell Instruktiounen<\/h5>\n<p>W\u00e4rend der Schwangerschaft an dem Stillen d\u00e4erf et n\u00ebmmen no enger Konsultatioun mam Dokter benotzt ginn.<\/p>\n<p>D'Produkt beaflosst net d'F\u00e4egkeet ze fueren oder potenziell gef\u00e9ierlech Maschinnen ze bedreiwen.<\/p>\n<h5>Verpackung<\/h5>\n<p><strong>In Pudderform, an Polymergl\u00e4s verpackt<\/strong><\/p>\n<h5><strong>Zutaten:<\/strong><\/h5>\n<p>Vetom 1.1 biologesch aktiv Zousazstoff g\u00ebtt als zous\u00e4tzlech Quell vu probioteschen Mikroorganismen benotzt. 1 Portioun vum Liewensm\u00ebttelzousaz \u2013 5 g, wat ass ,<\/p>\n<p>Enth\u00e4lt: Mais-Extrakt \u2013 2000 mg; Kartoffelst\u00e4rz \u2013 1500 mg; Puderzocker \u2013 1000 mg; trocken Kultur vu probioteschen Mikroorganismen vum Stamm Bacillus subtilis B-10641 (DSM 24613), 1\u00d710\u2078 CFU\/g \u2013 500 mg. Vetom 1.1 g\u00ebtt oral verabreicht.<\/p>\n<p>Inhalt pro 100 g Produkt (Duerchschn\u00ebttsw\u00e4erter): Fett \u2013 max. 0,1 g, Protein \u2013 max. 1,0 g, Kuelenhydrater \u2013 min. 98,9 g. Energiegehalt \u2013 max. 400 Kcal.<\/p>\n<h5>Lagerungsbed\u00e9ngungen<\/h5>\n<p>Kann bei enger relativer Fiichtegkeet vun 75 % an enger Temperatur \u00ebnner 30 \u00b0C gelagert ginn.<\/p>\n<h5>Garantieperiod<\/h5>\n<p>2 Joer vum Fabrikatiounsdatum un. Net no dem Verfallsdatum konsum\u00e9ieren.<\/p>\n<p>Netto-Gewiicht \u2013 500 g<\/p>\n<p>Bruttogewiicht \u2013 547 g<\/p>","protected":false},"excerpt":{"rendered":"<p>Seng virdeelhaft Effekter sinn <strong>Bacillus subtilis<\/strong> W\u00e9inst der Wierkung vun n\u00ebtzleche Bakterien, d\u00e9i haapts\u00e4chlech am D\u00e9ckdarm sech vermehren:<\/p>\n<ul class=\"vetom-list\">\n<li>proteolytesch, amylytesch, cellulolytesch Enzymen;<\/li>\n<li>a-2 Interferon m\u00ebnschlech Leukozyten;<\/li>\n<li>Bacitracin mg, d\u00e9i d'Wuesstem an d'Entw\u00e9cklung vu pathogene an konditionell pathogene Mikroflora hemmen;<\/li>\n<li>an aner biologesch aktiv Substanzen.<\/li>\n<\/ul>\n<p>Als Konsequenz kehrt d'bakteriell Zesummesetzung vum Darminhalt op e normale Niveau zr\u00e9ck, d'Darmw\u00e4nn ginn vun onverdauten Reschter gereinegt, wat zur aktiver Entgiftung vum Kierper an zum onbeh\u00ebnnerten Transport vu biologesch aktive N\u00e4hrstoffer b\u00e4idr\u00e9it.<\/p>\n<div class=\"plashka\">A <strong>Ech w\u00e4ert s\u00e4en. <span style=\"color: red;\">1.1<\/span><\/strong> \u00cbnner sengem Afloss normalis\u00e9ieren de Metabolismus, d'Verdauung an d'Absorptioun vun biologesch aktive Liewensm\u00ebttelbestanddeeler am Verdauungstrakt.<\/div>\n<p>E kannerfr\u00ebndlecht Produkt, dat delikat s\u00e9iss ass a eleng konsum\u00e9iert ka ginn.<\/p>\n<p>A <strong>Ech w\u00e4ert s\u00e4en. <span style=\"color: red;\">1.1<\/span><\/strong> Erh\u00e9icht d'Effektivit\u00e9it vun de Medikamenter a reduz\u00e9iert hir negativ Niewewierkungen um m\u00ebnschleche Kierper.<\/p>\n<p>Et ass kee Medikament.<\/p>\n<div class=\"plashka\"><strong>Pharmakologesch Effekter<\/strong>immunmodul\u00e9ierend, antiviral, antiproliferativ, bakterizid, fungizid, anti-chlamydial.<\/div>\n<h5>Eegeschaften:<\/h5>\n<ul class=\"vetom-list\">\n<li>Et huet eng h\u00e9ich antagonistesch Aktivit\u00e9it g\u00e9int pathogenesch a bed\u00e9ngt pathogenesch Pilzen a Bakterien a weist antiviral, proteolytesch, amylolytesch a cellulolytesch Eegeschaften.<\/li>\n<li>Stimul\u00e9iert zellul\u00e4r a humoral Faktoren vun der Immunit\u00e9it.<\/li>\n<li>Erh\u00e9icht d'kierperlech onspezifesch Resistenz<\/li>\n<li>stabilis\u00e9iert allergesch Resistenz<\/li>\n<li>normalis\u00e9iert de Stoffwiessel<\/li>\n<\/ul>","protected":false},"featured_media":5821,"comment_status":"open","ping_status":"closed","template":"","meta":[],"product_brand":[],"product_cat":[22],"product_tag":[],"class_list":{"0":"post-5820","1":"product","2":"type-product","3":"status-publish","4":"has-post-thumbnail","6":"product_cat-vetom-probiotikumok","8":"first","9":"instock","10":"featured","11":"taxable","12":"shipping-taxable","13":"purchasable","14":"product-type-simple"},"_links":{"self":[{"href":"https:\/\/vetomshop.hu\/lb\/wp-json\/wp\/v2\/product\/5820","targetHints":{"allow":["GET"]}}],"collection":[{"href":"https:\/\/vetomshop.hu\/lb\/wp-json\/wp\/v2\/product"}],"about":[{"href":"https:\/\/vetomshop.hu\/lb\/wp-json\/wp\/v2\/types\/product"}],"replies":[{"embeddable":true,"href":"https:\/\/vetomshop.hu\/lb\/wp-json\/wp\/v2\/comments?post=5820"}],"wp:featuredmedia":[{"embeddable":true,"href":"https:\/\/vetomshop.hu\/lb\/wp-json\/wp\/v2\/media\/5821"}],"wp:attachment":[{"href":"https:\/\/vetomshop.hu\/lb\/wp-json\/wp\/v2\/media?parent=5820"}],"wp:term":[{"taxonomy":"product_brand","embeddable":true,"href":"https:\/\/vetomshop.hu\/lb\/wp-json\/wp\/v2\/product_brand?post=5820"},{"taxonomy":"product_cat","embeddable":true,"href":"https:\/\/vetomshop.hu\/lb\/wp-json\/wp\/v2\/product_cat?post=5820"},{"taxonomy":"product_tag","embeddable":true,"href":"https:\/\/vetomshop.hu\/lb\/wp-json\/wp\/v2\/product_tag?post=5820"}],"curies":[{"name":"wp","href":"https:\/\/api.w.org\/{rel}","templated":true}]}}