{"id":7033,"date":"2025-08-19T14:24:55","date_gmt":"2025-08-19T12:24:55","guid":{"rendered":"https:\/\/vetomshop.hu\/?post_type=product&#038;p=7033"},"modified":"2025-10-21T17:32:52","modified_gmt":"2025-10-21T15:32:52","slug":"honey-vetom-biologiailag-aktiv-etrend-kiegeszito-60-ml","status":"publish","type":"product","link":"https:\/\/vetomshop.hu\/lb\/product\/honey-vetom-biologiailag-aktiv-etrend-kiegeszito-60-ml\/","title":{"rendered":"Honey Vetom \u2013 Biologesch aktiv Liewensm\u00ebttelzousaz <span style=\"color:red\">60<\/span> milliliter"},"content":{"rendered":"<p><span style=\"font-size: x-large;\"><b>Honey Vetom \u2013 Biologesch aktiv Liewensm\u00ebttelzousaz 60 g<\/b><\/span><\/p>\n<h5><strong>Zutaten (1 Portioun = 10 g):<\/strong><\/h5>\n<p>* Natierlechen Hunneg: 8 g<\/p>\n<p>* Ferment\u00e9ierten Mais-Extrakt (mat Bacillus subtilis VKPM B-10641 Bakterien): 1 g (enth\u00e4lt: 1\u00d710\u2076 CFU\/g Bakterien)<\/p>\n<h5><strong>Ern\u00e4rungsw\u00e4erter pro 10 g:<\/strong><\/h5>\n<ul class=\"vetom-list\">\n<li>\u00a0 * Fett: 0 g<\/li>\n<li>\u00a0 Kuelenhydrater: 8 g<\/li>\n<li>\u00a0 Protein: 0,08 g<\/li>\n<li>\u00a0 * Energie: 31,4 kcal<\/li>\n<\/ul>\n<h5><strong>Beschreiwung:<\/strong><\/h5>\n<ul class=\"vetom-list\">\n<li>Honigbas\u00e9iert, d\u00e9ck, homogeen Substanz<\/li>\n<li>Faarf: kann vu w\u00e4iss bis donkelbrong vari\u00e9ieren<\/li>\n<li>Konsistenz: gedeeltlech oder komplett kristallis\u00e9iert<\/li>\n<li>Geroch: Angeneemen Hunnegeroch<\/li>\n<li>Geschmaach: s\u00e9iss, kee fremde Geschmaach<\/li>\n<\/ul>\n<h5><strong>Verpackung:<\/strong><\/h5>\n<ul class=\"vetom-list\">\n<li>60 ml-R\u00f6hre<\/li>\n<li>An enger Pappkarton, mat engem Informatiounsblat<\/li>\n<\/ul>\n<h5><strong>Firwat g\u00ebtt et recommand\u00e9iert?<\/strong><\/h5>\n<ul class=\"vetom-list\">\n<li>Bereichert mat biologesch aktive Substanzen aus probiotesche Mikroorganismen<\/li>\n<li>\u00cbnnerst\u00ebtzt d'Darmflora an d'Funktioun vum Immunsystem<\/li>\n<li>Et d\u00e9ngt och als Quell vu Fructose.<\/li>\n<\/ul>\n<h5><strong>Uwendung a Dos\u00e9ierung:<\/strong><\/h5>\n<p>Keng Medizin<\/p>\n<ul class=\"vetom-list\">\n<li>Fir Erwuessener: dr\u00e4imol den Dag, zu regelm\u00e9issege Ofst\u00e4nn, fir 10 Deeg<\/li>\n<li>Eng Portioun: 10 g (ongef\u00e9ier 1 Teel\u00e4ffel)<\/li>\n<li>Kann onofh\u00e4ngeg vun de Moolzechten geholl ginn (virun, w\u00e4rend oder nom)<\/li>\n<li>Et g\u00ebtt recommand\u00e9iert, et all dr\u00e4i M\u00e9int ze widderhuelen.<\/li>\n<\/ul>\n<h5><strong>Lagerung:<\/strong><\/h5>\n<div class=\"plashka\">\n<p>* An engem dr\u00e9che, kille Plaz* Virun Sonneliicht gesch\u00fctzt<\/p>\n<p>* Max. +20 \u00b0C<\/p>\n<p>* Nom Opmaachen: 12 M\u00e9int laang benotzbar<\/p>\n<p>* Verfallsdatum: 2 Joer vum Fabrikatiounsdatum un<\/p>\n<\/div>\n<p><strong>Warnungen:<\/strong><\/p>\n<p><strong>Net recommand\u00e9iert:<\/strong><\/p>\n<ul>\n<li>Am Fall vun individueller Empfindlechkeet oder Allergie<\/li>\n<li>Schwanger Fraen, Mammen, d\u00e9i stillen, an Kanner \u00ebnner 18 Joer<\/li>\n<li>Fir Diabetiker<\/li>\n<li>Am Fall vu Kriibs<\/li>\n<li>Iwwerschreift net d'empfohlent deeglech Dosis!<\/li>\n<li>Konsult\u00e9iert \u00c4ren Dokter virum Gebrauch.<\/li>\n<\/ul>\n<p>Fruktosegehalt (an der deeglecher Dosis \/ 30 g):<\/p>\n<p>12 g Fructose, wat 68,61 % vun der recommand\u00e9ierter deeglecher Opnahm (no etabl\u00e9ierten Normen) ausm\u00e9cht.<\/p>\n<p><strong>Verdeelungsinformatioun:<\/strong><\/p>\n<p><strong>Hiersteller:<\/strong> OOO Fuerschungszentrum NPF, Nowosibirsk, Russland<\/p>\n<p><strong>Verdeeler:<\/strong> Cemmedic Europe Ltd., Zichy\u00fajfalu, Ungarn<\/p>\n<p>+36305573846, vetomshop.hu@gmail.com<\/p>","protected":false},"excerpt":{"rendered":"<div class=\"plashka\">\n<h5><strong>Zutaten (1 Portioun = 10 g):<\/strong><\/h5>\n<p>\u2013 Natierlechen Hunneg: 8 g<br \/>\n\u2013 Ferment\u00e9ierten Mais-Extrakt (mat Bacillus subtilis VKPM B-10641 Bakterien): 1 g (enth\u00e4lt: 1\u00d710\u2076 KBE\/g Bakterien)<\/p>\n<\/div>\n<h5><strong>Beschreiwung:<\/strong><\/h5>\n<ul class=\"vetom-list\">\n<li>Honigbas\u00e9iert, d\u00e9ck, homogeen Substanz<\/li>\n<li>Faarf: kann vu w\u00e4iss bis donkelbrong vari\u00e9ieren<\/li>\n<li>Konsistenz: gedeeltlech oder komplett kristallis\u00e9iert<\/li>\n<li>Geroch: Angeneemen Hunnegeroch<\/li>\n<li>Geschmaach: s\u00e9iss, kee fremde Geschmaach<\/li>\n<\/ul>\n<div class=\"plashka\">\n<h5><strong>Firwat g\u00ebtt et recommand\u00e9iert?<\/strong><\/h5>\n<ul class=\"vetom-list\">\n<li>Bereichert mat biologesch aktive Substanzen aus probiotesche Mikroorganismen<\/li>\n<li>\u00cbnnerst\u00ebtzt d'Darmflora an d'Funktioun vum Immunsystem<\/li>\n<li>Et d\u00e9ngt och als Quell vu Fructose.<\/li>\n<\/ul>\n<\/div>","protected":false},"featured_media":7034,"comment_status":"open","ping_status":"closed","template":"","meta":[],"product_brand":[],"product_cat":[37,22],"product_tag":[],"class_list":{"0":"post-7033","1":"product","2":"type-product","3":"status-publish","4":"has-post-thumbnail","6":"product_cat-mezpaszta","7":"product_cat-vetom-probiotikumok","9":"first","10":"outofstock","11":"taxable","12":"shipping-taxable","13":"purchasable","14":"product-type-simple"},"_links":{"self":[{"href":"https:\/\/vetomshop.hu\/lb\/wp-json\/wp\/v2\/product\/7033","targetHints":{"allow":["GET"]}}],"collection":[{"href":"https:\/\/vetomshop.hu\/lb\/wp-json\/wp\/v2\/product"}],"about":[{"href":"https:\/\/vetomshop.hu\/lb\/wp-json\/wp\/v2\/types\/product"}],"replies":[{"embeddable":true,"href":"https:\/\/vetomshop.hu\/lb\/wp-json\/wp\/v2\/comments?post=7033"}],"wp:featuredmedia":[{"embeddable":true,"href":"https:\/\/vetomshop.hu\/lb\/wp-json\/wp\/v2\/media\/7034"}],"wp:attachment":[{"href":"https:\/\/vetomshop.hu\/lb\/wp-json\/wp\/v2\/media?parent=7033"}],"wp:term":[{"taxonomy":"product_brand","embeddable":true,"href":"https:\/\/vetomshop.hu\/lb\/wp-json\/wp\/v2\/product_brand?post=7033"},{"taxonomy":"product_cat","embeddable":true,"href":"https:\/\/vetomshop.hu\/lb\/wp-json\/wp\/v2\/product_cat?post=7033"},{"taxonomy":"product_tag","embeddable":true,"href":"https:\/\/vetomshop.hu\/lb\/wp-json\/wp\/v2\/product_tag?post=7033"}],"curies":[{"name":"wp","href":"https:\/\/api.w.org\/{rel}","templated":true}]}}