{"id":7340,"date":"2026-01-20T11:12:33","date_gmt":"2026-01-20T10:12:33","guid":{"rendered":"https:\/\/vetomshop.hu\/?post_type=product&#038;p=7340"},"modified":"2026-03-02T20:22:06","modified_gmt":"2026-03-02T19:22:06","slug":"vektor-animals-1-2-vetom-1-2-probiotikum-por-formajaban-3-bakteriumtorzzsel-allatok-szamara-belflora-es-immunitas-10x50-g","status":"publish","type":"product","link":"https:\/\/vetomshop.hu\/lb\/product\/vektor-animals-1-2-vetom-1-2-probiotikum-por-formajaban-3-bakteriumtorzzsel-allatok-szamara-belflora-es-immunitas-10x50-g\/","title":{"rendered":"Vektor Animals 1.2 (Vetom 1.2) \u2013 Probiotikum a Pulverform mat 3 Bakterienst\u00e4mm fir D\u00e9ieren (Darmflora an Immunit\u00e9it) \u2013 <span style=\"color:red\">10 \u00d7 50 g<\/span>"},"content":{"rendered":"<h3>Vector Animals 1.2 (Vetom 1.2) \u2013 Breitspektrum-Probiotikum (3 St\u00e4mm)<\/h3>\n<div class=\"plashka\">A <strong>Vektorbestien <span style=\"color: red;\">1.2<\/span><\/strong> eng verst\u00e4erkt formel d\u00e9i <strong>dr\u00e4i Aarte vu aktive Bakterienst\u00e4mm<\/strong> Enth\u00e4lt. Universell Virbereedung: g\u00ebeegent fir S\u00e4ugetiere, Villercher, F\u00ebsch, Reptilien a B\u00ebssen, fir d'natierlech Resistenz er\u00ebm opzebauen.<\/div>\n<h5>Wierkstoffer \u2013 Dr\u00e4ifach Schutz<\/h5>\n<p>D'Effikacit\u00e9it vun der Zubereedung g\u00ebtt duerch d'Kombinatioun vun de folgende speziell ausgewielten Bakterienst\u00e4mm ges\u00e9chert:<\/p>\n<ul class=\"vetom-list\">\n<li>Bacillus subtilis VKPM B\u201310641<\/li>\n<li>Bacillus amyloliquefaciens VKPM B\u201310642<\/li>\n<li>Bacillus amyloliquefaciens VKPM B\u201310643<\/li>\n<\/ul>\n<h5>Fir wien g\u00ebtt et recommand\u00e9iert? (Zild\u00e9ieren)<\/h5>\n<p>D'Produkt ass eenzegaarteg, well et bal op all D\u00e9ierspezien benotzt ka ginn:<\/p>\n<ul class=\"vetom-list\">\n<li><strong>Hausd\u00e9ieren:<\/strong> H\u00ebnn, Kazen (all Rass), Nager (Hamster, Meerschw\u00e4n, Kan\u00e9ngchen, asw.).<\/li>\n<li><strong>Bauerenhaffd\u00e9ieren:<\/strong> Ranner, Schw\u00e4iner, Schof, Ziegen, P\u00e4erd.<\/li>\n<li><strong>Villercher:<\/strong> Ziervillercher (Papageien, Kanarienvillercher) an Gefligel.<\/li>\n<li><strong>Speziell D\u00e9ieren:<\/strong> Reptilien (Schildkr\u00f6ten, Eidechsen, Schlaangen), Amphibien an Aquariumsf\u00ebsch (am Waasser opgel\u00e9ist).<\/li>\n<li><strong>Bienen:<\/strong> Fir d'Mortalit\u00e9it, d\u00e9i duerch Infektiounen verursaacht g\u00ebtt, ze reduz\u00e9ieren.<\/li>\n<\/ul>\n<h5>W\u00e9ini soll et benotzt ginn?<\/h5>\n<p>D'Zubereedung kann fir prophylaktesch (virbeugend) an therapeutesch Zwecker verabreicht ginn:<\/p>\n<ul class=\"vetom-list\">\n<li><strong>No engem Antibiotikum-Kurs:<\/strong> Fir d'Darmflora ze restaur\u00e9ieren an Dysbiose ze behandelen.<\/li>\n<li><strong>An stressigen Situatiounen:<\/strong> W\u00e4rend Fudderwiessel, Transport oder Stress, deen aus der industrieller Landwirtschaft result\u00e9iert.<\/li>\n<li><strong>Fir d'Immunsystem ze st\u00e4erken:<\/strong> Als Erg\u00e4nzung zu Impfungen fir eng m\u00e9i laanghalteg immun \u00c4ntwert.<\/li>\n<li><strong>Fir d'Produktioun ze erh\u00e9ijen:<\/strong> Fir Gefligel, fir d'Ee\u00ebrproduktioun ze erh\u00e9ijen; fir Bauert\u00e9ier, fir de Gewiichtsgew\u00ebnn an d'Wuesstem ze stimul\u00e9ieren.<\/li>\n<li><strong>Fir Krankheetspr\u00e4ventioun:<\/strong> Zum Beispill fir Infektiounen bei B\u00ebssen ze reduz\u00e9ieren an Entz\u00fcndungen no der Gebuert (Endometritis, Mastitis) bei K\u00fche.<\/li>\n<\/ul>\n<h5>Dos\u00e9ierungsinstruktiounen<\/h5>\n<p>Dat Pudder kann eenzel (an Waasser oder Iessen gem\u00ebscht) oder a Gruppen verabreicht ginn. <strong>Gronddosis: 50 mg\/kg Kierpergewiicht.<\/strong> <\/p>\n<ul class=\"vetom-list\">\n<li><strong>Virbeugung (Behandlung):<\/strong> Eemol deeglech fir 15\u201320 Deeg. Kann all V\u00e9ierel widderholl ginn.<\/li>\n<li><strong>Therapie (am Fall vun enger Krankheet):<\/strong> Zwee Mol den Dag (all 8\u201310 Stonnen), bis d'Symptomer oph\u00e9ieren. An schw\u00e9iere F\u00e4ll v\u00e9ier Mol den Dag (all 6 Stonnen).<\/li>\n<li><strong>Korrektur vun der Immunschw\u00e4cht:<\/strong> Eemol oder zweemol den Dag fir 5\u201310 Deeg.<\/li>\n<li><strong>Gruppendos\u00e9ierung:<\/strong> 15.000 Portiounen pro Tonn Fudder oder Waasser.<\/li>\n<\/ul>\n<p><em>Bemierkung: D'Zubereedung verursaacht keng Habituatioun oder Resistenz.<\/em><\/p>","protected":false},"excerpt":{"rendered":"<div class=\"plashka\">A <strong>Vektorbestien <span style=\"color: red;\">1.2<\/span><\/strong> (Vetom 1.2) ass e Probiotikum, dat dr\u00e4i Bakterienst\u00e4mm enth\u00e4lt, d\u00e9i <strong>Bacillus subtilis<\/strong> an <strong>Bazillus amylo-liquefaciens<\/strong> \u00cbnnerst\u00ebtzt d'Gesondheet vun D\u00e9ieren mat Sporen.<\/div>\n<h5>Haaptvirdeeler:<\/h5>\n<ul class=\"vetom-list\">\n<li><strong>Universal:<\/strong> Et kann H\u00ebnn, Kazen, Bauert\u00e9ier an souguer F\u00ebsch a B\u00ebssen ginn.<\/li>\n<li><strong>Dr\u00e4ifach-Effekt:<\/strong> D\u00e9i dr\u00e4i verschidde Bakterienst\u00e4mm bidden e m\u00e9i breede Schutz g\u00e9int Infektiounen.<\/li>\n<li><strong>Effizienz:<\/strong> Erh\u00e9icht d'Produktivit\u00e9it, verbessert d'Wuesstem a reduz\u00e9iert de Bedierfnes un Medikamenter.<\/li>\n<li><strong>S\u00e9cherheet:<\/strong> Et entw\u00e9ckelt sech keng Resistenz, h\u00e9ich recommand\u00e9iert no enger Antibiotikabehandlung.<\/li>\n<\/ul>","protected":false},"featured_media":7341,"comment_status":"open","ping_status":"closed","template":"","meta":[],"product_brand":[],"product_cat":[38,40],"product_tag":[],"class_list":{"0":"post-7340","1":"product","2":"type-product","3":"status-publish","4":"has-post-thumbnail","6":"product_cat-vektor-animals-vetom","7":"product_cat-vektor-animals-1-2","9":"first","10":"instock","11":"featured","12":"taxable","13":"shipping-taxable","14":"purchasable","15":"product-type-simple"},"_links":{"self":[{"href":"https:\/\/vetomshop.hu\/lb\/wp-json\/wp\/v2\/product\/7340","targetHints":{"allow":["GET"]}}],"collection":[{"href":"https:\/\/vetomshop.hu\/lb\/wp-json\/wp\/v2\/product"}],"about":[{"href":"https:\/\/vetomshop.hu\/lb\/wp-json\/wp\/v2\/types\/product"}],"replies":[{"embeddable":true,"href":"https:\/\/vetomshop.hu\/lb\/wp-json\/wp\/v2\/comments?post=7340"}],"wp:featuredmedia":[{"embeddable":true,"href":"https:\/\/vetomshop.hu\/lb\/wp-json\/wp\/v2\/media\/7341"}],"wp:attachment":[{"href":"https:\/\/vetomshop.hu\/lb\/wp-json\/wp\/v2\/media?parent=7340"}],"wp:term":[{"taxonomy":"product_brand","embeddable":true,"href":"https:\/\/vetomshop.hu\/lb\/wp-json\/wp\/v2\/product_brand?post=7340"},{"taxonomy":"product_cat","embeddable":true,"href":"https:\/\/vetomshop.hu\/lb\/wp-json\/wp\/v2\/product_cat?post=7340"},{"taxonomy":"product_tag","embeddable":true,"href":"https:\/\/vetomshop.hu\/lb\/wp-json\/wp\/v2\/product_tag?post=7340"}],"curies":[{"name":"wp","href":"https:\/\/api.w.org\/{rel}","templated":true}]}}