{"id":7358,"date":"2026-01-20T16:45:04","date_gmt":"2026-01-20T15:45:04","guid":{"rendered":"https:\/\/vetomshop.hu\/?post_type=product&#038;p=7358"},"modified":"2026-03-03T07:55:22","modified_gmt":"2026-03-03T06:55:22","slug":"vektor-animals-3-vetom-3-probiotikum-por-allatoknak-bacillus-amyloliquefaciens-1x50-g","status":"publish","type":"product","link":"https:\/\/vetomshop.hu\/lb\/product\/vektor-animals-3-vetom-3-probiotikum-por-allatoknak-bacillus-amyloliquefaciens-1x50-g\/","title":{"rendered":"Vector Animals 3 (Vetom 3) \u2013 Probiotescht Pudder fir D\u00e9ieren (Bacillus amyloliquefaciens) <span style=\"color:red\">1 \u00d7 50 g<\/span>"},"content":{"rendered":"<h3>Vector Animals 3 (Vetom 3) \u2013 Probiotikum mat speziellen Bakterienst\u00e4mm<\/h3>\n<div class=\"plashka\">\n<p>Vetom 3 ass e natierlecht Probiotikum, dat op de virdeelhafte Wierkungen vum Bakterienstamm Bacillus amyloliquefaciens bas\u00e9iert. D\u00ebst Bakterium entfaltet haapts\u00e4chlech seng Wierkung am D\u00e9ckdarm, wou et Enzymen an aktiv Substanzen produz\u00e9iert. D\u00ebs sinn:<\/p>\n<p>* schiedlech (pathogen a bedingt pathogen) Bakterien a Pilzen \u00ebnnerdr\u00e9cken,<br \/>\nH\u00eblleft bei der Entf\u00e9ierung vun onverdauter Substanz aus dem Darmtrakt,<br \/>\n* \u00ebnnerst\u00ebtzt eng m\u00e9i einfach a besser Opnam vu N\u00e4hrstoffer,<br \/>\n* d'Detoxikatioun vum Kierper f\u00ebrderen.<\/p>\n<p>Vetom 3 h\u00eblleft d'natierlecht Gl\u00e4ichgewiicht vun der Darmflora er\u00ebmzestellen, verbessert d'Verdauung an de Metabolismus a b\u00e4idr\u00e9it zu enger m\u00e9i effizienter Notzung vun N\u00e4hrstoffer.<\/p>\n<h2>Virdeeler:<\/h2>\n<p>* Huet antibakteriell an antimykotesch Eegeschaften<br \/>\n* Virengeg\u00e9intwierkend, Enzyme produz\u00e9ierend, Verdauung \u00ebnnerst\u00ebtzend Zubereedung<br \/>\nSt\u00e4erkt zellul\u00e4r an humoral immun \u00c4ntwerten<br \/>\nErh\u00e9icht d'Resistenz vum Kierper<br \/>\nH\u00eblleft allergesch Reaktiounen ze reduz\u00e9ieren<br \/>\n\u00cbnnerst\u00ebtzt d'Zellerneierung a kann d'Entw\u00e9cklung vu kriibsege Zellen hemmen.<br \/>\n* Verst\u00e4erkt d'Wierkungen vun anere Medikamenter a reduz\u00e9iert hir Niewewierkungen<br \/>\n* Sch\u00fctzt de Kierper op zellularem Niveau a h\u00eblleft, d'Entw\u00e9cklung vu Tumoren ze verh\u00ebnneren<\/p>\n<h2>Virgeschloen Benotzung:<\/h2>\n<p><strong>Empfohlene Dosis:<\/strong><br \/>\nHuelt 1 Kapsel 2\u20133 Mol den Dag fir 10 Deeg, virum, w\u00e4rend oder nom Iessen, mat enger klenger Quantit\u00e9it Fl\u00ebssegkeet (Waasser, T\u00e9i oder Uebstjus). Observ\u00e9iert d'Reaktiounen vun \u00e4rem Kierper w\u00e4rend der Eeinnahm vum Nahrungserg\u00e4nzungsm\u00ebttel a erh\u00e9icht bei Bedarf lues a lues d'Dosis op 5\u201310 Kapselen pro Dag.<\/p>\n<p>D'Behandlung kann no enger Paus vun 1\u20132 Wochen zu all Moment widderholl ginn. Et ass ratsam, vun Z\u00e4it zu Z\u00e4it op eng aner Zort Vetom-Zubereedung \u00ebmzewiesselen, fir d'Gesondheet vum Kierper an dem Darmsystem voll \u00ebnnerst\u00ebtzen ze k\u00ebnnen.<\/p>\n<h2>Haaptmerkmale:<\/h2>\n<p>*Keng Niewewierkungen<br \/>\nKeng Altersbeschr\u00e4nkungen<br \/>\n*Kann net iwwerdos\u00e9iert ginn<br \/>\n*Et entw\u00e9ckelt sech keng Ofh\u00e4ngegkeet.<\/p>\n<h2>Uwendungsber\u00e4ich:<\/h2>\n<p>Empfohloen als biologesch aktiv Liewensm\u00ebttelzousaz fir de Zoustand vum Magen an dem Darmtrakt ze verbesseren an d'Balance vun der Darmflora er\u00ebmzestellen.<\/p>\n<h2>Kontraindikatiounen:<\/h2>\n<p>D\u00ebst Produkt g\u00ebtt net recommand\u00e9iert, wann Dir allergesch oder iwwersensibel op ee vun de Bestanddeeler sidd.<\/p>\n<h2>Wichteg Informatiounen:<\/h2>\n<p>W\u00e4rend der Schwangerschaft a beim Stillen n\u00ebmmen op medezinesch Rot benotzen.<br \/>\nBeaflosst net d'Fuere oder d'Bedreiwung vu gef\u00e9ierleche Maschinnen.<\/p>\n<h2>Verpackung a Zesummesetzung:<\/h2>\n<p>10 Kapselen an Blisterverpackungen, 5 Packagen an enger Kartongk\u00ebscht (50 Kapselen am Ganzen)<br \/>\nNetto-Gewiicht: 0,1 kg<br \/>\n* Dimensiounen: 4,5 \u00d7 6,5 \u00d7 8 cm<\/p>\n<h2>Inhalt vun enger Kapsel:<\/h2>\n<p>Mais-Extrakt: 133 mg<br \/>\n* Kartoffelst\u00e4rz: 100 mg<br \/>\n* Saccharose (Pudderzocker): 67 mg<br \/>\n* Bacillus amyloliquefaciens* bakteriell Kultur (DSM 24613) \u2013 30 mg (1\u00d710\u2079 KBE\/g)<\/p>\n<p>Alternativ \u00c4quivalent a Fallform: Vetom 3.22 (10 ml)<\/p>\n<p>Ursprongsland: <strong>Russland<\/strong><\/p>\n<\/div>","protected":false},"excerpt":{"rendered":"<div class=\"plashka\">A <strong>Vektorbestien <span style=\"color: red;\">3<\/span><\/strong> (Vetom 3) <strong>Bazillus amylo-liquefaciens<\/strong> E Probiotikum mat Sporen, dat h\u00eblleft d'Verdauungsgesondheet z'erhalen an d'Immunsystem ze st\u00e4erken.<\/div>\n<h5>Haaptvirdeeler:<\/h5>\n<ul class=\"vetom-list\">\n<li><strong>Schutz vun der Darmflora:<\/strong> Besonnesch effektiv no Antibiotikabehandlungen.<\/li>\n<li><strong>Breetspektrum:<\/strong> Et kann all D\u00e9ierspezies ginn, vu F\u00ebsch bis P\u00e4erd.<\/li>\n<li><strong>Wirtschaftlech:<\/strong> Verbessert d'Fudderausnotzung a reduz\u00e9iert d'Risiko vu Krankheeten.<\/li>\n<li><strong>S\u00e9cher:<\/strong> Vollst\u00e4nneg natierlech, ouni Niewewierkungen.<\/li>\n<\/ul>","protected":false},"featured_media":7359,"comment_status":"open","ping_status":"closed","template":"","meta":[],"product_brand":[],"product_cat":[38,41],"product_tag":[],"class_list":{"0":"post-7358","1":"product","2":"type-product","3":"status-publish","4":"has-post-thumbnail","6":"product_cat-vektor-animals-vetom","7":"product_cat-vektor-animals-3","9":"first","10":"instock","11":"featured","12":"taxable","13":"shipping-taxable","14":"purchasable","15":"product-type-simple"},"_links":{"self":[{"href":"https:\/\/vetomshop.hu\/lb\/wp-json\/wp\/v2\/product\/7358","targetHints":{"allow":["GET"]}}],"collection":[{"href":"https:\/\/vetomshop.hu\/lb\/wp-json\/wp\/v2\/product"}],"about":[{"href":"https:\/\/vetomshop.hu\/lb\/wp-json\/wp\/v2\/types\/product"}],"replies":[{"embeddable":true,"href":"https:\/\/vetomshop.hu\/lb\/wp-json\/wp\/v2\/comments?post=7358"}],"wp:featuredmedia":[{"embeddable":true,"href":"https:\/\/vetomshop.hu\/lb\/wp-json\/wp\/v2\/media\/7359"}],"wp:attachment":[{"href":"https:\/\/vetomshop.hu\/lb\/wp-json\/wp\/v2\/media?parent=7358"}],"wp:term":[{"taxonomy":"product_brand","embeddable":true,"href":"https:\/\/vetomshop.hu\/lb\/wp-json\/wp\/v2\/product_brand?post=7358"},{"taxonomy":"product_cat","embeddable":true,"href":"https:\/\/vetomshop.hu\/lb\/wp-json\/wp\/v2\/product_cat?post=7358"},{"taxonomy":"product_tag","embeddable":true,"href":"https:\/\/vetomshop.hu\/lb\/wp-json\/wp\/v2\/product_tag?post=7358"}],"curies":[{"name":"wp","href":"https:\/\/api.w.org\/{rel}","templated":true}]}}