{"id":389,"date":"2019-11-07T12:36:23","date_gmt":"2019-11-07T12:36:23","guid":{"rendered":"https:\/\/vetomshop.hu\/my-account\/"},"modified":"2024-03-06T15:55:51","modified_gmt":"2024-03-06T14:55:51","slug":"sajat-fiok","status":"publish","type":"page","link":"https:\/\/vetomshop.hu\/lv\/sajat-fiok\/","title":{"rendered":"Mans konts"},"content":{"rendered":"<div class=\"su-spoiler su-spoiler-style-fancy su-spoiler-icon-chevron su-spoiler-closed\" data-scroll-offset=\"0\" data-anchor-in-url=\"no\"><div class=\"su-spoiler-title\" tabindex=\"0\" role=\"button\"><span class=\"su-spoiler-icon\"><\/span> Pieg\u0101de un maks\u0101jums<\/div><div class=\"su-spoiler-content su-u-clearfix su-u-trim\">\n<h2>Person\u012bg\u0101 kv\u012bts<\/h2>\n<p style=\"padding-left: 40px;\">8112, Zichy\u00fajfalu, Kast\u00e9lykert 1<\/p>\n<p style=\"padding-left: 40px;\">Laiks personiskai iz\u0146em\u0161anai: tikai p\u0113c iepriek\u0161\u0113ja pieraksta, izmantojot \u0161\u0101du kontaktinform\u0101ciju<\/p>\n<ul>\n<li style=\"list-style-type: none;\">\n<ul>\n<li><strong>T\u0101lrunis<\/strong>:\u00a0<a href=\"http:\/\/Tel:+36305573846\" target=\"_blank\" rel=\"noopener noreferrer nofollow\">+36305573846<\/a> Tam\u00e1s Pap<\/li>\n<li><strong>E-pasts-1<\/strong>: i<a href=\"mailto:infoshop.vetom.magyarorszag@gmail.com\" target=\"_blank\" rel=\"noopener\">nfoshop.vetom.magyarorszag@<wbr \/>gmail.com<\/a><\/li>\n<li><strong>E-pasts 2<\/strong>:\u00a0 <a href=\"mailto:vetomshop.hu@gmail.com\" target=\"_blank\" rel=\"noopener\">vetomshop.hu@gmail.com<\/a><\/li>\n<li>vai no m\u016bsu partneriem vis\u0101 valst\u012b, kuru kontaktinform\u0101cija atrodama m\u016bsu t\u012bmek\u013ca vietn\u0113.<\/li>\n<\/ul>\n<\/li>\n<\/ul>\n<h2><span style=\"color: #ff0000;\">Pieg\u0101de:<\/span><\/h2>\n<p>M\u016bsu veikal\u0101 varat izv\u0113l\u0113ties vienu no \u0161\u0101d\u0101m pieg\u0101des un apmaksas iesp\u0113j\u0101m:<\/p>\n<p style=\"padding-left: 40px;\"><span style=\"color: #339966;\"><strong>GLS kurjerpasta pakalpojumi<\/strong><\/span> un <span style=\"color: #339966;\"><strong>Foxpost paku ma\u0161\u012bna<\/strong><\/span><\/p>\n<p style=\"padding-left: 40px;\"><em><strong>30.000<\/strong> Bezmaksas pieg\u0101de virs HUF pas\u016bt\u012bjuma v\u0113rt\u012bbas!<\/em><\/p>\n<h2><span style=\"color: #008000;\">GLS kurjerpasts:<\/span><\/h2>\n<p>Par GLS ParcelPoint pas\u016bt\u012bjumiem da\u017e\u0101s viet\u0101s varat nor\u0113\u0137in\u0101ties skaidr\u0101 naud\u0101 un ar kred\u012btkarti (iepriek\u0161 sazinieties ar ParcelPoint). <b>Ja piepras\u0101t pieg\u0101di uz GLS ParcelService vai GLS ParcelPoint, pieg\u0101des adreses lauk\u0101 j\u0101ievada pakom\u0101ta adrese.<\/b><\/p>\n<ul>\n<li>Kad s\u016bt\u012bjums tiks nos\u016bt\u012bts, GLS kurjerpasta sist\u0113ma pa e-pastu inform\u0113s sa\u0146\u0113m\u0113ju, ka s\u016bt\u012bjums tiks pieg\u0101d\u0101ts n\u0101kamaj\u0101 darba dien\u0101. E-past\u0101 b\u016bs nor\u0101d\u012bts s\u016bt\u012bjuma numurs un summa, kas j\u0101samaks\u0101 par pieg\u0101di. Pieg\u0101des dienas r\u012bt\u0101 sa\u0146\u0113m\u0113js sa\u0146ems pazi\u0146ojumu, kur\u0101 b\u016bs nor\u0101d\u012bts kurjera t\u0101lru\u0146a numurs, GLS Klientu apkalpo\u0161anas dienesta t\u0101lru\u0146a numurs un 3 stundu paredzamais pieg\u0101des laiks. Ja pieg\u0101des m\u0113\u0123in\u0101jums neizdodas, sa\u0146\u0113m\u0113jam tiks nos\u016bt\u012bts pazi\u0146ojums pa e-pastu.<\/li>\n<li><b>GLS ParcelSpot mekl\u0113\u0161ana:<\/b> <a href=\"https:\/\/gls-group.com\/HU\/hu\/depo-csomagpont-kereses\" target=\"_blank\" rel=\"noopener noreferrer nofollow\">https:\/\/gls-group.com\/HU\/hu\/depo-csomagpont-kereses<\/a><br \/>\n<b>Pieg\u0101des laiks:<\/b> 1-3 darba dienas<br \/>\n<b>Pieg\u0101des maksa:<\/b> 1590, - Ft,<br \/>\n<strong>Maks\u0101jums:<\/strong> Priek\u0161apmaksa (0,- Ft) vai p\u0113capmaksa, kas maks\u0101 + 400,- Ft.<\/li>\n<\/ul>\n<p>\u0160\u012bs cenas attiecas tikai uz pieg\u0101d\u0113m Ung\u0101rij\u0101. Ja v\u0113laties s\u016bt\u012bt s\u016bt\u012bjumu uz \u0101rzem\u0113m, l\u016bdzu, sazinieties ar mums pa e-pastu tie\u0161i pirms vai p\u0113c pas\u016bt\u012bjuma veik\u0161anas, lai noskaidrotu pieg\u0101des izmaksas.<\/p>\n<h2><span style=\"color: #008000;\">FOXPOST kurjerpasts:<\/span><\/h2>\n<p>J\u016bs varat ar\u012b piepras\u012bt pieg\u0101di uz Foxpost pakom\u0101tu m\u016bsu veikal\u0101.<\/p>\n<p style=\"padding-left: 40px;\"><a href=\"https:\/\/foxpost.hu\/csomagautomatak\" target=\"_blank\" rel=\"noopener noreferrer nofollow\" data-saferedirecturl=\"https:\/\/www.google.com\/url?q=https:\/\/foxpost.hu\/csomagautomatak&amp;source=gmail&amp;ust=1709714712502000&amp;usg=AOvVaw1Y_RPFbUPlHU38HiM-T9Re\">https:\/\/foxpost.hu\/<wbr \/>auto bag\u0101\u017enieks<\/a><\/p>\n<p><strong>Ja piepras\u0101t pieg\u0101di uz Foxpost pakom\u0101tu, pieg\u0101des adreses lauk\u0101 j\u0101ievada pakom\u0101ta adrese.<\/strong><\/p>\n<h3>Maks\u0101juma metodes:<\/h3>\n<p><strong>Pieg\u0101des laiks:<\/strong> 1-3 darba dienas<br \/>\n<strong>Pieg\u0101des maksa:<\/strong> 1390, - Ft,<br \/>\n<strong>Maks\u0101jums:<\/strong> Priek\u0161apmaksa (0,- Ft) vai p\u0113capmaksa, kas maks\u0101 +350,- Ft.<\/p>\n<h3>Maks\u0101juma metodes:<\/h3>\n<h4 style=\"padding-left: 40px;\">Turpm\u0101kie pas\u0101kumi<\/h4>\n<p>Ja izv\u0113laties apmaksas metodi ar skaidras naudas pieg\u0101di, maks\u0101jums tiek veikts sa\u0146em\u0161anas viet\u0101 (kurjerpasta vai pasta punkt\u0101\/paku nodo\u0161anas punkt\u0101). \u0160ai apmaksas metodei ir piem\u0113rota maksa par apstr\u0101di, t\u0101p\u0113c papildus pamata pieg\u0101des maksai m\u0113s iekas\u0113jam papildu 350 vai 400 HUF par katru s\u016bt\u012bjumu. Ja maks\u0101jat skaidr\u0101 naud\u0101, l\u016bdzu, sagatavojiet prec\u012bzu summu, jo kurjera r\u012bc\u012bb\u0101 ne vienm\u0113r var b\u016bt pietiekami daudz s\u012bknaudas.<\/p>\n<h4 style=\"padding-left: 40px;\">Iepriek\u0161\u0113js bankas p\u0101rskait\u012bjums<\/h4>\n<p>Ja izv\u0113laties veikt maks\u0101jumu ar bankas p\u0101rskait\u012bjumu iepriek\u0161, p\u0113c kr\u0101jumu p\u0101rbaudes m\u0113s jums pa e-pastu nos\u016bt\u012bsim r\u0113\u0137inu, kur\u0101 b\u016bs nor\u0101d\u012bta p\u0101rskait\u012bjumam nepiecie\u0161am\u0101 inform\u0101cija un prec\u012bza gal\u012bg\u0101 summa. L\u016bdzam p\u0101rskait\u012bt pirkuma cenu uz m\u016bsu bankas kontu 72 stundu laik\u0101 p\u0113c r\u0113\u0137ina nos\u016bt\u012b\u0161anas, pret\u0113j\u0101 gad\u012bjum\u0101 j\u016bsu pas\u016bt\u012bjums tiks uzskat\u012bts par neder\u012bgu. V\u0113lamies atg\u0101din\u0101t, ka bankas p\u0101rskait\u012bjumu neveiciet, kam\u0113r r\u0113\u0137ins nav non\u0101cis j\u016bsu pastkast\u012bt\u0113! P\u0101rskait\u012bjumam nepiecie\u0161am\u0101 inform\u0101cija ir iek\u013cauta izsniegtaj\u0101 r\u0113\u0137in\u0101.<\/p>\n<h4 style=\"padding-left: 40px;\">L\u016bdzu, \u0146emiet v\u0113r\u0101 ar\u012b turpm\u0101k min\u0113to:<\/h4>\n<p>Par s\u016bt\u012bjuma nos\u016bt\u012b\u0161anu un gaid\u0101mo sa\u0146em\u0161anu j\u016bs tiksiet inform\u0113ts pa e-pastu, t\u0101p\u0113c p\u0113c pas\u016bt\u012bjuma veik\u0161anas regul\u0101ri p\u0101rbaudiet savu e-pasta kast\u012bti, lai izvair\u012btos no p\u0101rpratumiem vai ne\u0113rt\u012bb\u0101m. Ja ar j\u016bsu pas\u016bt\u012bjumu rodas k\u0101di p\u0101rk\u0101pumi, l\u016bdzu, sazinieties ar mums pa t\u0101lruni. <a href=\"mailto:vetomshop.hu@gmail.com\" target=\"_blank\" rel=\"noopener\">vetomshop.hu@gmail.com<\/a> pie. Veicot pas\u016bt\u012bjumu, l\u016bdzu, p\u0101rliecinieties, ka nor\u0101d\u0101t pareizu v\u0101rdu, uzv\u0101rdu, adresi, e-pasta adresi un t\u0101lru\u0146a numuru. Iesp\u0113jams, ka paku pieg\u0101d\u0101t\u0101js nep\u0101rzina viet\u0113j\u0101s \u012bpatn\u012bbas, t\u0101p\u0113c, ja nepiecie\u0161ams, sniedziet papildu inform\u0101ciju, lai pal\u012bdz\u0113tu sekm\u012bgi veikt pieg\u0101di. Ja pieg\u0101de neizdodas j\u016bsu vainas d\u0113\u013c, m\u0113s var\u0113sim atk\u0101rtoti pieg\u0101d\u0101t s\u016bt\u012bjumu p\u0101rvad\u0101t\u0101jam tikai p\u0113c tam, kad b\u016bsiet v\u0113lreiz samaks\u0101jis pieg\u0101des maksu. Ir svar\u012bgi, lai, ja s\u016bt\u012bjums ir redzami boj\u0101ts vai atv\u0113rts, j\u016bs nepie\u0146emtu s\u016bt\u012bjumu un p\u0113c iesp\u0113jas \u0101tr\u0101k mums par to pazi\u0146otu.<\/p>\n<\/div><\/div>\n<div class=\"woocommerce\"><\/div>","protected":false},"excerpt":{"rendered":"Sz\u00e1ll\u00edt\u00e1s \u00e9s fizet\u00e9s Szem\u00e9lyes \u00e1tv\u00e9tel 8112, Zichy\u00fajfalu, Kast\u00e9lykert 1 A szem\u00e9lyes \u00e1tv\u00e9tel ideje: kiz\u00e1r\u00f3lag el\u0151zetes egyeztet\u00e9ssel a k\u00f6vetkez\u0151 el\u00e9rhet\u0151s\u00e9geken Telefon:\u00a0+36305573846 Pap Tam\u00e1s Email-1: infoshop.vetom.magyarorszag@gmail.com Email-2:\u00a0 vetomshop.hu@gmail.com vagy orsz\u00e1gszerte a partnereinkt\u0151l, melyeknek el\u00e9rhet\u0151s\u00e9g\u00fck a weboldalunkon is megtal\u00e1lhat\u00f3 Kisz\u00e1ll\u00edt\u00e1s: \u00c1ruh\u00e1zunkban az al\u00e1bbi kisz\u00e1ll\u00edt\u00e1si \u00e9s fizet\u00e9si lehet\u0151s\u00e9gek k\u00f6z\u00fcl v\u00e1laszthat: GLS fut\u00e1rszolg\u00e1lat \u00e9s Foxpost csomagautomata 30.000 Forint rendel\u00e9si \u00e9rt\u00e9k [...]","protected":false},"author":1,"featured_media":0,"parent":0,"menu_order":0,"comment_status":"closed","ping_status":"closed","template":"","meta":{"footnotes":""},"class_list":["post-389","page","type-page","status-publish","hentry"],"_links":{"self":[{"href":"https:\/\/vetomshop.hu\/lv\/wp-json\/wp\/v2\/pages\/389","targetHints":{"allow":["GET"]}}],"collection":[{"href":"https:\/\/vetomshop.hu\/lv\/wp-json\/wp\/v2\/pages"}],"about":[{"href":"https:\/\/vetomshop.hu\/lv\/wp-json\/wp\/v2\/types\/page"}],"author":[{"embeddable":true,"href":"https:\/\/vetomshop.hu\/lv\/wp-json\/wp\/v2\/users\/1"}],"replies":[{"embeddable":true,"href":"https:\/\/vetomshop.hu\/lv\/wp-json\/wp\/v2\/comments?post=389"}],"version-history":[{"count":0,"href":"https:\/\/vetomshop.hu\/lv\/wp-json\/wp\/v2\/pages\/389\/revisions"}],"wp:attachment":[{"href":"https:\/\/vetomshop.hu\/lv\/wp-json\/wp\/v2\/media?parent=389"}],"curies":[{"name":"wp","href":"https:\/\/api.w.org\/{rel}","templated":true}]}}