{"id":225,"date":"2016-09-02T11:41:41","date_gmt":"2016-09-02T09:41:41","guid":{"rendered":"https:\/\/demos.artbees.net\/jupiter\/herse\/?post_type=product&#038;p=225"},"modified":"2026-04-12T08:29:44","modified_gmt":"2026-04-12T06:29:44","slug":"vetom1-1-etrend-kiegeszito","status":"publish","type":"product","link":"https:\/\/vetomshop.hu\/lv\/products\/vetom1-1-etrend-kiegeszito\/","title":{"rendered":"Probiotic Vetom <span style=\"color:red\">1.1<\/span><br> kapsula <span style=\"color:red\">50 graudi<\/span> (uztura bag\u0101tin\u0101t\u0101js)"},"content":{"rendered":"<h2>Vetom 1.1 probiotikas kapsulas 50 graudu (uztura bag\u0101tin\u0101t\u0101js)<\/h2>\n<p>B\u016bt\u012bb\u0101 VETOM probiotikas var lietot jebkuru slim\u012bbu gad\u012bjum\u0101, jo t\u0101s sp\u0113j atrisin\u0101t nopietnas probl\u0113mas - atjaunot mikrofloru un optimiz\u0113t im\u016bnsist\u0113mas darb\u012bbu.<\/p>\n<p>Vetom 1.1 labv\u0113l\u012bgo iedarb\u012bbu nodro\u0161ina t\u0101 sast\u0101v\u0101 eso\u0161\u0101s *Bacillus subtilis* bakt\u0113rijas. \u0160\u012bs labv\u0113l\u012bg\u0101s bakt\u0113rijas vairojas resnaj\u0101 zarn\u0101 un ra\u017eo da\u017e\u0101dus fermentus un biolo\u0123iski akt\u012bvas vielas, kas:<\/p>\n<p>* kav\u0113 kait\u012bgo bakt\u0113riju un s\u0113n\u012b\u0161u aug\u0161anu,<br \/>\n* pal\u012bdz \u0161\u0137elt olbaltumvielas, cieti un augu \u0161\u0137iedrvielas,<br \/>\n* atbalsta im\u016bnsist\u0113mu,<br \/>\n* pal\u012bdz detoksik\u0113t organismu,<br \/>\n* veicina lab\u0101ku uzturvielu uzs\u016bk\u0161anos.<\/p>\n<h2>Regul\u0101ra produkta lieto\u0161ana:<\/h2>\n<p>* atjauno vesel\u012bgu zarnu floras l\u012bdzsvaru,<br \/>\n* uzlabo gremo\u0161anu,<br \/>\n* mazina aler\u0123ijas simptomus,<br \/>\n* veicina organisma re\u0123ener\u0101ciju un slimo \u0161\u016bnu izvad\u012b\u0161anu,<br \/>\n* pastiprina citu z\u0101\u013cu iedarb\u012bbu, vienlaikus samazinot to blakuspar\u0101d\u012bbas.<br \/>\n* Aizsarg\u0101 organismu \u0161\u016bnu l\u012bmen\u012b, pal\u012bdz nov\u0113rst audz\u0113ju att\u012bst\u012bbu.<\/p>\n<h2>Funkcijas:<\/h2>\n<p>* Antibakteri\u0101li un prets\u0113n\u012b\u0161u l\u012bdzek\u013ci<br \/>\n* pretv\u012brusu, im\u016bnsist\u0113mas stiprin\u0101\u0161anas, pretv\u0113\u017ea l\u012bdzek\u013ci<br \/>\n* Nav blakuspar\u0101d\u012bbu<br \/>\n* Nav atkar\u012bbas<br \/>\n* Nedr\u012bkst p\u0101rdoz\u0113t<\/p>\n<h2>Pieteikums:<\/h2>\n<p>Vetom 1.1 ieteicams ku\u0146\u0123a-zarnu trakta st\u0101vok\u013ca uzlabo\u0161anai un zarnu floras l\u012bdzsvara atjauno\u0161anai.<\/p>\n<h2>Devas:<\/h2>\n<p>* 10 dienas ieteicams lietot 1 kapsulu 2-3 reizes dien\u0101 pirms, \u0113\u0161anas laik\u0101 vai p\u0113c \u0113\u0161anas, uzdzerot nelielu daudzumu \u0161\u0137idruma (\u016bdens, t\u0113jas vai sulas). \u0100rst\u0113\u0161anas laik\u0101 nov\u0113rojiet organisma reakciju un, ja nepiecie\u0161ams, pak\u0101peniski palieliniet devu l\u012bdz 5-10 kapsul\u0101m dien\u0101.<\/p>\n<p>* Proced\u016bru var atk\u0101rtot jebkur\u0101 laik\u0101 p\u0113c 1-2 ned\u0113\u013cu p\u0101rtraukuma. Lai atbalst\u012btu visu organismu, da\u017ek\u0101rt ieteicams p\u0101rmai\u0146us lietot citus Vetom produktus.<\/p>\n<h2>Kontrindik\u0101cijas:<\/h2>\n<p>* Paaugstin\u0101ta jut\u012bba pret k\u0101du no sast\u0101vda\u013c\u0101m<br \/>\n* Nelietot kop\u0101 ar antibiotik\u0101m vai citiem probioti\u0137iem.<br \/>\n* Gr\u016btniec\u012bbas un z\u012bd\u012b\u0161anas laik\u0101 tikai ar \u0101rsta at\u013cauju.<\/p>\n<h2>Cita inform\u0101cija:<\/h2>\n<p>* Neietekm\u0113 brauk\u0161anu vai b\u012bstamu ma\u0161\u012bnu ekspluat\u0101ciju.<br \/>\n* Uzglab\u0101\u0161ana: saus\u0101, v\u0113s\u0101 viet\u0101 (l\u012bdz 30 \u00b0C), b\u0113rniem nepieejam\u0101 viet\u0101.<br \/>\n* Garantija: 2 gadi no izgatavo\u0161anas datuma<br \/>\n* Iepakojums: 10 kapsulas blister\u012b, 5 iepakojumi kast\u012bt\u0113 (kop\u0101 50 kapsulas).<\/p>\n<h2>Sast\u0101vs kapsul\u0101:<\/h2>\n<p>* kukur\u016bzas ekstrakts: 133 mg<br \/>\n* Kartupe\u013cu ciete: 100 mg<br \/>\n* Cukura pulveris: 67 mg<br \/>\n* Bacillus subtilis celms: 0,03 mg<\/p>\n<p>Alternat\u012bvais ekvivalents pilienu veid\u0101: Vetom 1,23 (10 ml)<\/p>\n<p>Izcelsmes vieta: <strong>Krievija<\/strong><\/p>","protected":false},"excerpt":{"rendered":"<h5>Vetom <span style=\"color: red;\">1.1<\/span> probiotikas kapsulas 50 graudu (uztura bag\u0101tin\u0101t\u0101js)<\/h5>\n<p>T\u0101s labv\u0113l\u012bg\u0101 iedarb\u012bba ir saist\u012bta ar labv\u0113l\u012bgo bakt\u0113riju Bacillus subtilis darb\u012bbu, kas galvenok\u0101rt veidojas, vairojoties resnaj\u0101 zarn\u0101:<\/p>\n<ul class=\"vetom-list\">\n<li>proteol\u012btiskie, amilol\u012btiskie, celulozol\u012btiskie fermenti;<\/li>\n<li>a-2 interferons cilv\u0113ka leikoc\u012btos;<\/li>\n<li>mg bacitrac\u012bna, kas kav\u0113 patog\u0113n\u0101s un potenci\u0101li patog\u0113n\u0101s mikrofloras aug\u0161anu un att\u012bst\u012bbu;<\/li>\n<li>un cit\u0101m biolo\u0123iski akt\u012bv\u0101m viel\u0101m.<\/li>\n<\/ul>\n<div class=\"plashka\">T\u0101 rezult\u0101t\u0101 zarnu satura bakt\u0113riju sast\u0101vs tiek p\u0101rveidots atbilsto\u0161i att\u012bst\u012bbas normai, zarnu sieni\u0146as tiek att\u012br\u012btas no nesagremot\u0101m atliek\u0101m, kas veicina akt\u012bvu toks\u012bnu izvad\u012b\u0161anu no organisma, netrauc\u0113tu biolo\u0123iski akt\u012bvo uzturvielu transport\u0113\u0161anu.<\/div>\n<p>A <strong>Vetom <span style=\"color: red;\">1.1<\/span><\/strong> normaliz\u0113 biolo\u0123iski akt\u012bvo p\u0101rtikas sast\u0101vda\u013cu vielmai\u0146u, gremo\u0161anu un uzs\u016bk\u0161anos ku\u0146\u0123a-zarnu trakt\u0101.<\/p>\n<p>A <strong>Vetom <span style=\"color: red;\">1.1<\/span><\/strong> palielina z\u0101\u013cu efektivit\u0101ti un samazina to negat\u012bvo blakusiedarb\u012bbu uz cilv\u0113ka organismu.<\/p>\n<div class=\"plashka\"><strong>Farmakolo\u0123isk\u0101 iedarb\u012bba:<\/strong> imunomodul\u0113jo\u0161s, pretv\u0113\u017ea, pretv\u012brusu, pretd\u012bg\u0161anas, antiproliferat\u012bvs, bakteric\u012bds, fungic\u012bds, antihlam\u012bdisks.<\/div>\n<h5>Funkcijas:<\/h5>\n<ul class=\"vetom-list\">\n<li>Tam piem\u012bt augsta antagonistisk\u0101 aktivit\u0101te pret patog\u0113n\u0101m un nosac\u012bti patog\u0113n\u0101m s\u0113n\u012bt\u0113m un bakt\u0113rij\u0101m, pretv\u012brusu, proteol\u012btiskas, aminol\u012btiskas un celulol\u012btiskas \u012bpa\u0161\u012bbas.<\/li>\n<li>stimul\u0113 \u0161\u016bnu un humor\u0101los imunit\u0101tes faktorus.<\/li>\n<li>palielina organisma nespecifisko pretest\u012bbu<\/li>\n<li>stabiliz\u0113 aler\u0123isko rezistenci<\/li>\n<li>normaliz\u0113 vielmai\u0146u<\/li>\n<li>stimul\u0113 re\u0123ener\u0101cijas procesus, uzbr\u016bkot un izn\u012bcinot v\u0113\u017ea un slim\u0101s \u0161\u016bnas.<\/li>\n<\/ul>","protected":false},"featured_media":6597,"comment_status":"open","ping_status":"closed","template":"","meta":[],"product_brand":[],"product_cat":[22],"product_tag":[],"class_list":{"0":"post-225","1":"product","2":"type-product","3":"status-publish","4":"has-post-thumbnail","6":"product_cat-vetom-probiotikumok","8":"first","9":"instock","10":"featured","11":"taxable","12":"shipping-taxable","13":"purchasable","14":"product-type-simple"},"_links":{"self":[{"href":"https:\/\/vetomshop.hu\/lv\/wp-json\/wp\/v2\/product\/225","targetHints":{"allow":["GET"]}}],"collection":[{"href":"https:\/\/vetomshop.hu\/lv\/wp-json\/wp\/v2\/product"}],"about":[{"href":"https:\/\/vetomshop.hu\/lv\/wp-json\/wp\/v2\/types\/product"}],"replies":[{"embeddable":true,"href":"https:\/\/vetomshop.hu\/lv\/wp-json\/wp\/v2\/comments?post=225"}],"wp:featuredmedia":[{"embeddable":true,"href":"https:\/\/vetomshop.hu\/lv\/wp-json\/wp\/v2\/media\/6597"}],"wp:attachment":[{"href":"https:\/\/vetomshop.hu\/lv\/wp-json\/wp\/v2\/media?parent=225"}],"wp:term":[{"taxonomy":"product_brand","embeddable":true,"href":"https:\/\/vetomshop.hu\/lv\/wp-json\/wp\/v2\/product_brand?post=225"},{"taxonomy":"product_cat","embeddable":true,"href":"https:\/\/vetomshop.hu\/lv\/wp-json\/wp\/v2\/product_cat?post=225"},{"taxonomy":"product_tag","embeddable":true,"href":"https:\/\/vetomshop.hu\/lv\/wp-json\/wp\/v2\/product_tag?post=225"}],"curies":[{"name":"wp","href":"https:\/\/api.w.org\/{rel}","templated":true}]}}