{"id":2478,"date":"2020-10-20T18:54:23","date_gmt":"2020-10-20T16:54:23","guid":{"rendered":"https:\/\/vetomshop.hu\/?post_type=product&#038;p=2478"},"modified":"2026-04-12T08:28:28","modified_gmt":"2026-04-12T06:28:28","slug":"vetom-2-25-probiotikum-10-ml-csepp","status":"publish","type":"product","link":"https:\/\/vetomshop.hu\/lv\/products\/vetom-2-25-probiotikum-10-ml-csepp\/","title":{"rendered":"Probiotic Vetom <span style=\"color: red\">2.25<\/span><br>piliens <span style=\"color: red\">10 ml<\/span> (uztura bag\u0101tin\u0101t\u0101js)"},"content":{"rendered":"<h3>Vetom 2,25 probiotikas pilieni 10 ml (uztura bag\u0101tin\u0101t\u0101js)<\/h3>\n<p>Divi Bacillus amyloliquefaciens celmi (VKPM B-10642 un B-10643)<\/p>\n<p>Vetom 2,25 ir dabiskas izcelsmes \u0161\u0137idrais probiotikas l\u012bdzeklis, kas paredz\u0113ts zarnu floras atjauno\u0161anai, gremo\u0161anas sist\u0113mas uzlabo\u0161anai un organisma visp\u0101r\u0113jo aizsargsp\u0113ju stiprin\u0101\u0161anai. Izcil\u0101 efektivit\u0101te ir saist\u012bta ar diviem sast\u0101v\u0101 eso\u0161ajiem *Bacillus amyloliquefaciens* bakt\u0113riju celmiem.<\/p>\n<h2>Galven\u0101 iedarb\u012bba un ieguvumi:<\/h2>\n<p>*Antibakteri\u0101la, pretv\u012brusu, prets\u0113n\u012b\u0161u un prethlam\u012bdiju iedarb\u012bba.<br \/>\n*pal\u012bdz resn\u0101s un tiev\u0101s zarnas darb\u012bbai, atjauno norm\u0101lu zarnu floru.<br \/>\n*Uztur im\u016bnsist\u0113mu gan \u0161\u016bnu l\u012bmen\u012b, gan visp\u0101r\u0113j\u0101s aizsardz\u012bbas l\u012bmen\u012b.<br \/>\n* normaliz\u0113 vielmai\u0146u, \u012bpa\u0161i \u016bdens un s\u0101ls l\u012bdzsvaru<br \/>\n*Detoksik\u0113jo\u0161a iedarb\u012bba, pal\u012bdz nov\u0113rst sadal\u012b\u0161an\u0101s procesus zarn\u0101s.<br \/>\n* Samazina sliktu elpu un sv\u012b\u0161anas simptomus<br \/>\n* Lieto k\u0101 papildin\u0101jumu da\u017e\u0101diem st\u0101vok\u013ciem, piem\u0113ram, aknu slim\u012bb\u0101m, zarnu iekaisumam, ku\u0146\u0123a \u010d\u016bl\u0101m, hroniskam hepat\u012btam.<br \/>\n* Cilv\u0113ka leikoc\u012bti ra\u017eo interferonu, kas aizsarg\u0101 organismu no v\u012brusu infekcij\u0101m.<br \/>\n* Nav atkar\u012bbas, p\u0101rdoz\u0113\u0161anas vai blakuspar\u0101d\u012bbu<br \/>\n*B\u0113rniem un pieaugu\u0161ajiem<\/p>\n<h2>Kad to ieteicams lietot?<\/h2>\n<p>* p\u0113c \u0101rst\u0113\u0161anas ar antibiotik\u0101m, lai atjaunotu zarnu floru.<br \/>\n* Lai papildin\u0101tu terapiju v\u0113\u017ea gad\u012bjum\u0101<br \/>\n* Gremo\u0161anas trauc\u0113jumi, caureja, aizciet\u0113jums, ku\u0146\u0123a darb\u012bbas trauc\u0113jumi.<br \/>\n* Im\u016bndefic\u012bta st\u0101vok\u013cos<br \/>\n* Nepat\u012bkamas \u0137erme\u0146a smakas vai elpas gad\u012bjum\u0101<br \/>\n*Papildu \u0101rst\u0113\u0161ana nierakme\u0146u, aknu slim\u012bbu, ku\u0146\u0123a un zarnu trakta probl\u0113mu gad\u012bjum\u0101<\/p>\n<h2>\nIeteicam\u0101s devas:<\/h2>\n<p>*Papildus pieaugu\u0161ajiem un b\u0113rniem: pirm\u0101s dienas ieteicams lietot 2 pilienus, p\u0113c tam devu var pak\u0101peniski palielin\u0101t l\u012bdz 4-6 pilieniem. Lieto\u0161anas laik\u0101 nov\u0113rojiet organisma reakcijas.<br \/>\n*parast\u0101m slim\u012bb\u0101m: 10 pilieni dien\u0101 10 dienas.<br \/>\n* Proced\u016bru var atk\u0101rtot p\u0113c 1-2 ned\u0113\u013c\u0101m<br \/>\n* Ieteicams lietot p\u0101rmai\u0146us ar citiem Vetom produktiem (piem\u0113ram, Vetom 1, 3, 4 u.c.).<\/p>\n<p>Svar\u012bgi:<br \/>\nTo nedr\u012bkst lietot kop\u0101 ar citiem peror\u0101liem probioti\u0137iem vai antibiotik\u0101m, \u012bpa\u0161i sulfanilam\u012bdiem, pretv\u0113\u017ea l\u012bdzek\u013ciem.<\/p>\n<h2>Sast\u0101vda\u013cas:<\/h2>\n<p>* Ferment\u0113ts kukur\u016bzas ekstrakts ar \u0161\u0101diem bakt\u0113riju celmiem:<br \/>\n*Bacillus amyloliquefaciens* VKPM B-10642 (DSM 24614)<br \/>\n*Bacillus amyloliquefaciens* VKPM B-10643 (DSM 24615)<br \/>\n* Viveware<\/p>\n<h2>Iepakojums un izskats:<\/h2>\n<p>* 10 ml \u0161\u0137idruma stikla vai plastmasas pudel\u0113, iepakots kartona kast\u012bt\u0113.<br \/>\n* Kr\u0101sa: gai\u0161i dzeltena l\u012bdz tum\u0161i br\u016bna<br \/>\n* Tipiska smar\u017ea, da\u017ek\u0101rt var rasties nelielas nogulsnes (nav kvalit\u0101tes defekts)<\/p>\n<p>*Svars: 0,02 kg<br \/>\n*Izm\u0113ri: 3 \u00d7 3 \u00d7 7 cm<br \/>\n*Darba vieta: <strong>Krievija<\/strong><\/p>\n<h2>Uzglab\u0101\u0161anas un transport\u0113\u0161anas apst\u0101k\u013ci:<\/h2>\n<p>*Glab\u0101\u0161ana: 0-10 \u00b0C, maks. mitrums 75%<br \/>\n*Var uzglab\u0101t 10-30 \u00b0C temperat\u016br\u0101 l\u012bdz 18 dien\u0101m.<br \/>\n*p\u0113c izjauk\u0161anas: uzglab\u0101t ledusskap\u012b (0-10 \u00b0C)<\/p>","protected":false},"excerpt":{"rendered":"<h5>Sast\u0101vs:<\/h5>\n<p>Bacillus amyloliquefaciens, VKPM B- 10642 <strong>(DSM 24614)<\/strong> un VKPM B- 10643 <strong>(DSM 24615)<\/strong> bakt\u0113riju ferment\u0113ts kukur\u016bzas ekstrakts no baci\u013cu celmiem, nes\u0113js.<br \/>\n<strong>K\u0101 izskat\u0101s produkts: <\/strong>A <strong>Vetom<\/strong> <span style=\"color: red; font-weight: 800;\">2.25<\/span> <strong>Probiotiskie pilieni<\/strong> \u0161\u0137idrums ar specifisku smar\u017eu, no gai\u0161i dzeltenas l\u012bdz tum\u0161i br\u016bnai kr\u0101sai.<\/p>\n<p><strong>Izpako\u0161ana:<\/strong>\u00a0 stikla vai plastmasas pudel\u0113 kartona k\u0101rb\u0101.<\/p>\n<div class=\"plashka\">A <strong>Vetom<\/strong> <span style=\"color: red; font-weight: 800;\">2.25<\/span> palielina z\u0101\u013cu efektivit\u0101ti un samazina to negat\u012bvo blakusiedarb\u012bbu uz cilv\u0113ka organismu.<\/div>\n<h6>Funkcijas:<\/h6>\n<ul class=\"vetom-list\">\n<li>stimul\u0113 \u0161\u016bnu un humor\u0101los imunit\u0101tes faktorus.<\/li>\n<li>palielina organisma nespecifisko pretest\u012bbu<\/li>\n<li>stabiliz\u0113 aler\u0123isko rezistenci<\/li>\n<li>normaliz\u0113 vielmai\u0146u<\/li>\n<li>stimul\u0113 re\u0123ener\u0101cijas procesus, uzbr\u016bk un izn\u012bcina v\u0113\u017ea un slim\u0101s \u0161\u016bnas.<\/li>\n<\/ul>\n<div class=\"plashka\">Tas maina \u0161\u016bnu membr\u0101nas un skeleta vielmai\u0146u, nov\u0113r\u0161ot v\u0113\u017ea \u0161\u016bnu att\u012bst\u012bbu.<\/div>","protected":false},"featured_media":6611,"comment_status":"open","ping_status":"closed","template":"","meta":[],"product_brand":[],"product_cat":[22],"product_tag":[],"class_list":{"0":"post-2478","1":"product","2":"type-product","3":"status-publish","4":"has-post-thumbnail","6":"product_cat-vetom-probiotikumok","8":"first","9":"instock","10":"featured","11":"taxable","12":"shipping-taxable","13":"purchasable","14":"product-type-simple"},"_links":{"self":[{"href":"https:\/\/vetomshop.hu\/lv\/wp-json\/wp\/v2\/product\/2478","targetHints":{"allow":["GET"]}}],"collection":[{"href":"https:\/\/vetomshop.hu\/lv\/wp-json\/wp\/v2\/product"}],"about":[{"href":"https:\/\/vetomshop.hu\/lv\/wp-json\/wp\/v2\/types\/product"}],"replies":[{"embeddable":true,"href":"https:\/\/vetomshop.hu\/lv\/wp-json\/wp\/v2\/comments?post=2478"}],"wp:featuredmedia":[{"embeddable":true,"href":"https:\/\/vetomshop.hu\/lv\/wp-json\/wp\/v2\/media\/6611"}],"wp:attachment":[{"href":"https:\/\/vetomshop.hu\/lv\/wp-json\/wp\/v2\/media?parent=2478"}],"wp:term":[{"taxonomy":"product_brand","embeddable":true,"href":"https:\/\/vetomshop.hu\/lv\/wp-json\/wp\/v2\/product_brand?post=2478"},{"taxonomy":"product_cat","embeddable":true,"href":"https:\/\/vetomshop.hu\/lv\/wp-json\/wp\/v2\/product_cat?post=2478"},{"taxonomy":"product_tag","embeddable":true,"href":"https:\/\/vetomshop.hu\/lv\/wp-json\/wp\/v2\/product_tag?post=2478"}],"curies":[{"name":"wp","href":"https:\/\/api.w.org\/{rel}","templated":true}]}}