{"id":2483,"date":"2020-10-20T19:35:14","date_gmt":"2020-10-20T17:35:14","guid":{"rendered":"https:\/\/vetomshop.hu\/?post_type=product&#038;p=2483"},"modified":"2026-04-12T08:28:16","modified_gmt":"2026-04-12T06:28:16","slug":"vetomgin-8-21","status":"publish","type":"product","link":"https:\/\/vetomshop.hu\/lv\/products\/vetomgin-8-21\/","title":{"rendered":"Probiotikas Vetomgin <span style=\"color:red\">8.21<\/span> \u0161ampanie\u0161a tablete <span style=\"color:red\">15 gab.<\/span> (uztura bag\u0101tin\u0101t\u0101js )"},"content":{"rendered":"<h2><strong>Vetomgin 8.21 probiotikas putojo\u0161as tabletes 15 (uztura bag\u0101tin\u0101t\u0101js)<\/strong><\/h2>\n<p><span style=\"color: #ff0000;\">Sast\u0101vs<\/span><\/p>\n<p>1 porcija (1 putojo\u0161a tablete) satur: piedevu: Bacillus subtilis, VKPM B - 10641(DSM 24613), Bacillus amyloliquefaciens, VKPM B - 10642(DSM 24614) , Bacillus amyloliquefaciens, VKPM B - 10643 (DSM 24615) 1\u0445106 KTJ\/g - 50 mg.<\/p>\n<p>T\u0101s labv\u0113l\u012bg\u0101 iedarb\u012bba ir saist\u012bta ar Vetomgin 8.21 sast\u0101vda\u013cu \u012bpa\u0161\u012bb\u0101m. To iedarb\u012bbas rezult\u0101t\u0101 katra cilv\u0113ka zarn\u0101s veidojas specifisks mikrobu sast\u0101vs un aktiviz\u0113jas Krebsa cikls. \u0160\u012b procesa rezult\u0101t\u0101 optimiz\u0113jas sist\u0113mu darb\u012bba, kas aizsarg\u0101 organismu no sve\u0161\u0137erme\u0146iem, tostarp infekcioziem mikroorganismiem, un optimiz\u0113jas organisma regul\u0101cijas sist\u0113ma, kas nodro\u0161ina akt\u012bvu \u0161\u016bnu apg\u0101di ar sk\u0101bekli; ener\u0123ijas rezervju veido\u0161anos; aktiviz\u0113jas organismam nepiecie\u0161amo molekulu sint\u0113ze: aminosk\u0101bju, og\u013chidr\u0101tu, tauksk\u0101bju u.c.<\/p>\n<p>Vetomgin 8.21 palielina z\u0101\u013cu efektivit\u0101ti un samazina to negat\u012bvo blakusiedarb\u012bbu uz cilv\u0113ka organismu.<\/p>\n<h5>Funkcijas:<\/h5>\n<ul>\n<li>\u00a0NAV BLAKUSPAR\u0100D\u012aBU<\/li>\n<li>\u00a0BEZ VECUMA IEROBE\u017dOJUMA<\/li>\n<li>NAV P\u0100RDODAS<\/li>\n<li>NAV ATT\u012aST\u012aGS<\/li>\n<\/ul>\n<ul class=\"vetom-list\">\n<li>Tam piem\u012bt augsta antagonistisk\u0101 aktivit\u0101te pret patog\u0113n\u0101m un nosac\u012bti patog\u0113n\u0101m s\u0113n\u012bt\u0113m un bakt\u0113rij\u0101m, pretv\u012brusu, proteol\u012btiskas, aminol\u012btiskas un celulol\u012btiskas \u012bpa\u0161\u012bbas.<\/li>\n<li>stimul\u0113 \u0161\u016bnu un humor\u0101los imunit\u0101tes faktorus.<\/li>\n<li>palielina organisma nespecifisko pretest\u012bbu<\/li>\n<li>stabiliz\u0113 aler\u0123isko rezistenci<\/li>\n<li>normaliz\u0113 vielmai\u0146u<\/li>\n<li>stimul\u0113 re\u0123ener\u0101cijas procesus, uzbr\u016bk un izn\u012bcina v\u0113\u017ea un slim\u0101s \u0161\u016bnas.<\/li>\n<\/ul>\n<p><span style=\"color: #ff0000;\">Izmanto\u0161anas apgabals<\/span><br \/>\nProbiotiskie mikroorganismi ir papildu avots dz\u012bves kvalit\u0101tes uzlabo\u0161anai.<br \/>\n<span style=\"color: #ff0000;\">Piesakies vietn\u0113<\/span><br \/>\nIeteicams lietot 3 putojo\u0161as tabletes dien\u0101 10 dienas ar regul\u0101riem starplaikiem.<br \/>\n1 tablete iz\u0161\u0137\u012bdin\u0101ta gl\u0101z\u0113 \u016bdens .<br \/>\nTableti nedr\u012bkst nor\u012bt, ko\u0161\u013c\u0101t vai s\u016bk\u0101t.<br \/>\n<span style=\"color: #ff0000;\">Kontrindik\u0101cijas<\/span><br \/>\nPaaugstin\u0101ta jut\u012bba pret da\u017e\u0101m z\u0101\u013cu sast\u0101vda\u013c\u0101m.<br \/>\n\u012apa\u0161i nor\u0101d\u012bjumi<br \/>\nGr\u016btniec\u012bbas un z\u012bd\u012b\u0161anas laik\u0101 lietot tikai p\u0113c \u0101rsta ieteikuma. Prepar\u0101ts neietekm\u0113 sp\u0113ju vad\u012bt transportl\u012bdzek\u013cus vai apkalpot potenci\u0101li b\u012bstamus meh\u0101nismus.<br \/>\n<span style=\"color: #ff0000;\">Doz\u0113\u0161ana<\/span><br \/>\n15 2 gramu \u0161ampanie\u0161a tabletes, pa 3 tablet\u0113m, iepakotas kartona kast\u012bt\u0113, kas iet\u012bta pergamenta pap\u012br\u0101. Pievienota lieto\u0161anas instrukcija.<br \/>\n<span style=\"color: #ff0000;\">Uzglab\u0101\u0161anas apst\u0101k\u013ci<\/span><br \/>\nVar uzglab\u0101t 75 % relat\u012bv\u0101 mitruma temperat\u016br\u0101 zem 30\u00b0C. Glab\u0101t b\u0113rniem nepieejam\u0101 viet\u0101.<br \/>\n<span style=\"color: #ff0000;\">Der\u012bguma termi\u0146\u0161<\/span><br \/>\n4 gadi no izgatavo\u0161anas datuma. Nelietot p\u0113c der\u012bguma termi\u0146a beig\u0101m.<br \/>\nVetomgin 8,21 nav z\u0101les.<\/p>\n<p><span style=\"color: #0000ff;\">Es p\u0113rku probiotikas tie\u0161i no r\u016bpn\u012bcas par vislab\u0101ko cenu , -premium kvalit\u0101te.<\/span><\/p>\n<h3><strong><span style=\"color: #ff0000;\">Cemmedic Europe Kft \u201eOfici\u0101lais izplat\u012bt\u0101js Ung\u0101rij\u0101\u201d !<\/span><\/strong><\/h3>","protected":false},"excerpt":{"rendered":"<h5>Sast\u0101vs<\/h5>\n<p>1 porcija (<strong>1 putojo\u0161a tablete<\/strong>) satur piedevu:<\/p>\n<ul>\n<li><strong>\u0415500<\/strong> (n\u0101trija karbon\u0101ts) - 1200 mg<\/li>\n<li><strong>\u0415330<\/strong> (citronu batoni\u0146\u0161) - 750 mg;<\/li>\n<li>\u017e\u0101v\u0113tas probiotisk\u0101s kult\u016bras <strong>Bacillus subtilis<\/strong>, VKPM B - 10641(DSM 24613),<\/li>\n<li><strong>Bacillus amyloliquefaciens<\/strong>, VKPM B - 10642 (DSM 24614),<\/li>\n<li><strong>Bacillus amyloliquefaciens<\/strong>, VKPM B - 10643 (DSM 24615) 1X106 KTJ\/g - 50 mg.<\/li>\n<\/ul>\n<p>Labv\u0113l\u012bg\u0101 ietekme <strong>Vetomgin <span style=\"color:red\">8.21<\/span><\/strong> sast\u0101v\u0101 eso\u0161o elementu \u012bpa\u0161\u012bbas. To ietekm\u0113 zarn\u0101s veidojas katram cilv\u0113kam specifisks mikrobu sast\u0101vs un aktiviz\u0113jas Krebsa cikls. \u0160\u012b procesa rezult\u0101t\u0101 optimiz\u0113jas sist\u0113mas, kas aizsarg\u0101 organismu no sve\u0161\u0137erme\u0146iem, tostarp infekcioziem mikroorganismiem, un optimiz\u0113jas organisma regul\u0101cijas sist\u0113ma, kas nodro\u0161ina akt\u012bvu \u0161\u016bnu apg\u0101di ar sk\u0101bekli; veidojas ener\u0123ijas rezerves; aktiviz\u0113jas organismam nepiecie\u0161amo molekulu sint\u0113ze: aminosk\u0101bes, og\u013chidr\u0101ti, tauksk\u0101bes u. c.<\/p>\n<div class=\"plashka\">A <strong>Vetomgin <span style=\"color:red\">8.21<\/span><\/strong> palielina z\u0101\u013cu efektivit\u0101ti un samazina to negat\u012bvo blakusiedarb\u012bbu uz cilv\u0113ka organismu.<\/div>\n<h6>Funkcijas:<\/h6>\n<ul class=\"vetom-list\">\n<li>Tam piem\u012bt augsta antagonistisk\u0101 aktivit\u0101te pret patog\u0113n\u0101m un nosac\u012bti patog\u0113n\u0101m s\u0113n\u012bt\u0113m un bakt\u0113rij\u0101m, pretv\u012brusu, proteol\u012btiskas, aminol\u012btiskas un celulol\u012btiskas \u012bpa\u0161\u012bbas.<\/li>\n<li>stimul\u0113 \u0161\u016bnu un humor\u0101los imunit\u0101tes faktorus.<\/li>\n<li>palielina organisma nespecifisko pretest\u012bbu<\/li>\n<li>stabiliz\u0113 aler\u0123isko rezistenci<\/li>\n<li>normaliz\u0113 vielmai\u0146u<\/li>\n<li>stimul\u0113 re\u0123ener\u0101cijas procesus, uzbr\u016bkot un izn\u012bcinot v\u0113\u017ea un slim\u0101s \u0161\u016bnas.<\/li>\n<\/ul>\n<div class=\"plashka\"><strong>Izmanto\u0161anas apgabals<\/strong><br \/>\nProbiotiskie mikroorganismi ir papildu avots dz\u012bves kvalit\u0101tes uzlabo\u0161anai.<\/div>","protected":false},"featured_media":5558,"comment_status":"open","ping_status":"closed","template":"","meta":[],"product_brand":[],"product_cat":[22],"product_tag":[],"class_list":{"0":"post-2483","1":"product","2":"type-product","3":"status-publish","4":"has-post-thumbnail","6":"product_cat-vetom-probiotikumok","8":"first","9":"instock","10":"featured","11":"taxable","12":"shipping-taxable","13":"purchasable","14":"product-type-simple"},"_links":{"self":[{"href":"https:\/\/vetomshop.hu\/lv\/wp-json\/wp\/v2\/product\/2483","targetHints":{"allow":["GET"]}}],"collection":[{"href":"https:\/\/vetomshop.hu\/lv\/wp-json\/wp\/v2\/product"}],"about":[{"href":"https:\/\/vetomshop.hu\/lv\/wp-json\/wp\/v2\/types\/product"}],"replies":[{"embeddable":true,"href":"https:\/\/vetomshop.hu\/lv\/wp-json\/wp\/v2\/comments?post=2483"}],"wp:featuredmedia":[{"embeddable":true,"href":"https:\/\/vetomshop.hu\/lv\/wp-json\/wp\/v2\/media\/5558"}],"wp:attachment":[{"href":"https:\/\/vetomshop.hu\/lv\/wp-json\/wp\/v2\/media?parent=2483"}],"wp:term":[{"taxonomy":"product_brand","embeddable":true,"href":"https:\/\/vetomshop.hu\/lv\/wp-json\/wp\/v2\/product_brand?post=2483"},{"taxonomy":"product_cat","embeddable":true,"href":"https:\/\/vetomshop.hu\/lv\/wp-json\/wp\/v2\/product_cat?post=2483"},{"taxonomy":"product_tag","embeddable":true,"href":"https:\/\/vetomshop.hu\/lv\/wp-json\/wp\/v2\/product_tag?post=2483"}],"curies":[{"name":"wp","href":"https:\/\/api.w.org\/{rel}","templated":true}]}}