{"id":2689,"date":"2021-05-05T20:51:33","date_gmt":"2021-05-05T18:51:33","guid":{"rendered":"https:\/\/vetomshop.hu\/?post_type=product&#038;p=2689"},"modified":"2023-11-14T15:25:34","modified_gmt":"2023-11-14T14:25:34","slug":"enterosgel-akcios-csomag-2db","status":"publish","type":"product","link":"https:\/\/vetomshop.hu\/lv\/products\/enterosgel-akcios-csomag-2db\/","title":{"rendered":"Enterosgel \u012bpa\u0161\u0101 pied\u0101v\u0101juma iepakojums (2 gab.)"},"content":{"rendered":"<p><strong>Enterosgel<\/strong> no\u0146em organismam kait\u012bg\u0101s vielas, bet neabsorb\u0113 organismam labv\u0113l\u012bg\u0101s sast\u0101vda\u013cas. Dezinfic\u0113jo\u0161s, aizsarg\u0101jo\u0161s, detoksik\u0113jo\u0161s l\u012bdzeklis. T\u0101 ir organiska viela, kuras fizik\u0101l\u0101s un \u0137\u012bmisk\u0101s \u012bpa\u0161\u012bbas ir l\u012bdz\u012bgas og\u013cu \u012bpa\u0161\u012bb\u0101m, t\u0101p\u0113c t\u0101 ir saudz\u012bga organismam.<\/p>\n<p>Tas pal\u012bdz detoksic\u0113t un pat likvid\u0113t v\u012brusus, bakt\u0113rijas, s\u0113n\u012btes un paraz\u012btus, kuru atliekas sl\u0113pjas un izraisa simptomus, kurus var b\u016bt \u013coti gr\u016bti atkl\u0101t.<\/p>\n<p>Viegli lietojams, var sajaukt ar \u016bdeni vai citiem \u0161\u0137idrumiem \/ 1-2 dl\/.<br \/>\nPieaugu\u0161ajiem vienu \u0113damkaroti \/15 gr\/ 3 reizes dien\u0101, pusotru l\u012bdz divas stundas pirms vai p\u0113c \u0113\u0161anas.<br \/>\nB\u0113rniem 1-3 reizes dien\u0101 pa t\u0113jkarotei \/5-10 gr\/.<br \/>\nIeteicamais lieto\u0161anas ilgums: 7-14 dienas.<\/p>","protected":false},"excerpt":{"rendered":"<p><strong>Enterosgel<\/strong> no\u0146em organismam kait\u012bg\u0101s vielas, bet neabsorb\u0113 organismam labv\u0113l\u012bg\u0101s sast\u0101vda\u013cas. Dezinfic\u0113jo\u0161s, aizsarg\u0101jo\u0161s, detoksik\u0113jo\u0161s l\u012bdzeklis. T\u0101 ir organiska viela, kuras fizik\u0101l\u0101s un \u0137\u012bmisk\u0101s \u012bpa\u0161\u012bbas ir l\u012bdz\u012bgas og\u013cu \u012bpa\u0161\u012bb\u0101m, t\u0101p\u0113c t\u0101 ir saudz\u012bga organismam.<\/p>\n<p>Tas pal\u012bdz detoksic\u0113t un pat likvid\u0113t v\u012brusus, bakt\u0113rijas, s\u0113n\u012btes un paraz\u012btus, kuru atliekas sl\u0113pjas un izraisa simptomus, kurus var b\u016bt \u013coti gr\u016bti atkl\u0101t.<\/p>","protected":false},"featured_media":2690,"comment_status":"open","ping_status":"closed","template":"","meta":[],"product_brand":[],"product_cat":[28],"product_tag":[36],"class_list":{"0":"post-2689","1":"product","2":"type-product","3":"status-publish","4":"has-post-thumbnail","6":"product_cat-enterosgel","7":"product_tag-black-friday","9":"first","10":"instock","11":"sale","12":"taxable","13":"shipping-taxable","14":"purchasable","15":"product-type-simple"},"_links":{"self":[{"href":"https:\/\/vetomshop.hu\/lv\/wp-json\/wp\/v2\/product\/2689","targetHints":{"allow":["GET"]}}],"collection":[{"href":"https:\/\/vetomshop.hu\/lv\/wp-json\/wp\/v2\/product"}],"about":[{"href":"https:\/\/vetomshop.hu\/lv\/wp-json\/wp\/v2\/types\/product"}],"replies":[{"embeddable":true,"href":"https:\/\/vetomshop.hu\/lv\/wp-json\/wp\/v2\/comments?post=2689"}],"wp:featuredmedia":[{"embeddable":true,"href":"https:\/\/vetomshop.hu\/lv\/wp-json\/wp\/v2\/media\/2690"}],"wp:attachment":[{"href":"https:\/\/vetomshop.hu\/lv\/wp-json\/wp\/v2\/media?parent=2689"}],"wp:term":[{"taxonomy":"product_brand","embeddable":true,"href":"https:\/\/vetomshop.hu\/lv\/wp-json\/wp\/v2\/product_brand?post=2689"},{"taxonomy":"product_cat","embeddable":true,"href":"https:\/\/vetomshop.hu\/lv\/wp-json\/wp\/v2\/product_cat?post=2689"},{"taxonomy":"product_tag","embeddable":true,"href":"https:\/\/vetomshop.hu\/lv\/wp-json\/wp\/v2\/product_tag?post=2689"}],"curies":[{"name":"wp","href":"https:\/\/api.w.org\/{rel}","templated":true}]}}