{"id":4392,"date":"2023-08-06T13:27:56","date_gmt":"2023-08-06T11:27:56","guid":{"rendered":"https:\/\/vetomshop.hu\/?post_type=product&#038;p=4392"},"modified":"2026-04-12T08:28:06","modified_gmt":"2026-04-12T06:28:06","slug":"komarov-por-etrend-kiegeszito-40-tasak","status":"publish","type":"product","link":"https:\/\/vetomshop.hu\/lv\/products\/komarov-por-etrend-kiegeszito-40-tasak\/","title":{"rendered":"Probiotikas Komarov pulveris <span style=\"color: red\">40 tassaq<\/span> (uztura bag\u0101tin\u0101t\u0101js )"},"content":{"rendered":"<h2><strong>Komarov pulveris - 40 paci\u0146as (Uztura bag\u0101tin\u0101t\u0101js)<\/strong><\/h2>\n<p>Dab\u012bgs probiotikas l\u012bdzeklis ar vitam\u012bniem un spirul\u012bnu - gremo\u0161anas un im\u016bnsist\u0113mas atbalstam.<\/p>\n<p>Komarov pulveris ir komplekss uztura bag\u0101tin\u0101t\u0101js, kas satur probiotikas, \u0161\u0137iedrvielas, vitam\u012bnus, miner\u0101lvielas un spirul\u012bnu. T\u0101 akt\u012bv\u0101s sast\u0101vda\u013cas veicina zarnu floras l\u012bdzsvaru, detoksik\u0101ciju, vielmai\u0146u un stiprina organisma aizsargsp\u0113jas.<\/p>\n<p>&nbsp;<\/p>\n<h2><strong>Galven\u0101s sast\u0101vda\u013cas:<\/strong><\/h2>\n<p>*Bacillus subtilis VKPM V-10641 (DSM 24613) - labv\u0113l\u012bg\u0101s zarnu bakt\u0113rijas<\/p>\n<p>*Spirulina (zila\u013c\u0123es) - dab\u012bgs vitam\u012bnu un olbaltumvielu avots.<\/p>\n<p>*Kvie\u0161u klijas - \u0161\u0137iedrvielu avots<\/p>\n<p>*Citronsk\u0101be, n\u0101trija hlor\u012bds - dabiskie nes\u0113ji<\/p>\n<p>&nbsp;<\/p>\n<h2><strong>Produkt\u0101 ietilpst ar\u012b:<\/strong><\/h2>\n<p>*Vitam\u012bni: A, B1, B2, B6, B12, B5, B9, biot\u012bns.<\/p>\n<p>*Miner\u0101lvielas: kalcijs, k\u0101lijs, magnijs, fosfors, dzelzs, cinks, var\u0161, mang\u0101ns, sel\u0113ns, molibd\u0113ns.<\/p>\n<p>* nepies\u0101tin\u0101t\u0101s tauksk\u0101bes: linolsk\u0101be, linol\u0113nsk\u0101be, arahidonsk\u0101be.<\/p>\n<p>&nbsp;<\/p>\n<h2><strong>Labv\u0113l\u012bga ietekme:<\/strong><\/h2>\n<p>\u2705 Pal\u012bdz gremo\u0161anu un lab\u0101ku uzturvielu uzs\u016bk\u0161anos<\/p>\n<p>\u2705 Atbalsta zarnu floras l\u012bdzsvaru, darbojas detoksik\u0113jo\u0161i.<\/p>\n<p>\u2705 Stiprina im\u016bnsist\u0113mu, palielina organisma iztur\u012bbu<\/p>\n<p>\u2705 normaliz\u0113 vielmai\u0146u<\/p>\n<p>\u2705 Pal\u012bdz re\u0123ener\u0101cijas procesiem un var veicin\u0101t c\u012b\u0146u pret kait\u012bg\u0101m \u0161\u016bn\u0101m.<\/p>\n<p>\u2705 Aktiviz\u0113 Krebsa ciklu (\u0161\u016bnu ener\u0123ijas ra\u017eo\u0161ana)<\/p>\n<p>\u2705 Antibakteri\u0101las, pretv\u012brusu, prets\u0113n\u012b\u0161u \u012bpa\u0161\u012bbas<\/p>\n<p>&nbsp;<\/p>\n<h2><strong>Ieteicam\u0101s devas:<\/strong><\/h2>\n<p>*vesel\u012bgam organismam: min. 2-3 paci\u0146as dien\u0101 10-14 dienas Uzraugiet organisma reakciju lieto\u0161anas laik\u0101 un, ja nepiecie\u0161ams, pak\u0101peniski palieliniet devu.<\/p>\n<p>* Noteiktu slim\u012bbu gad\u012bjum\u0101: 7-10 paci\u0146as dien\u0101 10 dienas.<\/p>\n<p>* 1 porcija = 1 paci\u0146a<\/p>\n<p>* Pulveris j\u0101lieto iek\u0161\u0137\u012bgi, ieteicams lietot \u0113\u0161anas laik\u0101 vai p\u0113c \u0113\u0161anas. \u0112rt\u0101k to lietot ar karoti, sajaucot ar jogurtu, sk\u0101bo kr\u0113jumu vai kef\u012bru.<\/p>\n<p>&nbsp;<\/p>\n<h2><strong>Svar\u012bga inform\u0101cija:<\/strong><\/h2>\n<p>* Nav blakuspar\u0101d\u012bbu, nav p\u0101rdoz\u0113\u0161anas, bez atkar\u012bbas<\/p>\n<p>*Nav vecuma ierobe\u017eojumu<\/p>\n<p>*Nav ieteicams lietot kop\u0101 ar antibiotik\u0101m vai citiem probiotik\u0101m.<\/p>\n<p>* Nav ieteicams lietot paaugstin\u0101tas jut\u012bbas gad\u012bjum\u0101 pret k\u0101du no sast\u0101vda\u013c\u0101m.<\/p>\n<p>&nbsp;<\/p>\n<h2><strong>Izsnieg\u0161ana:<\/strong><\/h2>\n<p>40 paci\u0146as ar 2,5 g pulvera, lamin\u0113t\u0101 iepakojum\u0101<\/p>\n<p>Svars: 0,17 kg<\/p>\n<p>Izm\u0113rs: 18 \u00d7 7 \u00d7 7 cm<\/p>\n<p>Izcelsmes vieta: Krievija<\/p>\n<p>&nbsp;<\/p>\n<h2><strong>Uzglab\u0101\u0161ana:<\/strong><\/h2>\n<p>Uzglab\u0101t saus\u0101, v\u0113s\u0101 viet\u0101 0-30 \u00b0C temperat\u016br\u0101, ar maksim\u0101lo mitrumu 75%.<\/p>\n<p>Garantija: 4<strong> gadi no izgatavo\u0161anas datuma<\/strong>.<\/p>\n<p>Izcelsmes vieta : <strong>Krievija<\/strong><\/p>","protected":false},"excerpt":{"rendered":"<h5>Bacilus subtilis celms VKPM V 10 641 (DSM 24613)<\/h5>\n<div class=\"plashka\"><strong>Dz\u012bvais materi\u0101ls:<\/strong> kvie\u0161u klijas, n\u0101trija hlor\u012bds, zila\u013c\u0123es spirul\u012bna, citronsk\u0101be.<br \/>\nPulveris iepakots 2,5 g lamin\u0113t\u0101 pap\u012bra maisi\u0146\u0101.<\/div>\n<h5>Pieteikums:<\/h5>\n<p>Komarov pulveris ir biolo\u0123iski akt\u012bva viela, kas satur probiotiskus mikroorganismus, \u0161\u0137iedrvielas, vitam\u012bnus (<strong>A, B1, B2, B6, B12, B5, B9, biot\u012bns.<\/strong>), makro (kalcijs, magnijs, fosfors, k\u0101lijs) un mikro (dzelzs, mang\u0101ns, var\u0161, cinks, molibd\u0113ns, sel\u0113ns), nepies\u0101tin\u0101t\u0101s tauksk\u0101bes (linolsk\u0101be, linol\u0113nsk\u0101be, arahidonsk\u0101be).<\/p>\n<h6>Funkcijas:<\/h6>\n<ul class=\"vetom-list\">\n<li>Tam piem\u012bt augsta antagonistisk\u0101 aktivit\u0101te pret patog\u0113n\u0101m un nosac\u012bti patog\u0113n\u0101m s\u0113n\u012bt\u0113m un bakt\u0113rij\u0101m, pretv\u012brusu, proteol\u012btiskas, aminol\u012btiskas un celulol\u012btiskas \u012bpa\u0161\u012bbas.<\/li>\n<li>stimul\u0113 \u0161\u016bnu un humor\u0101los imunit\u0101tes faktorus.<\/li>\n<li>palielina organisma nespecifisko pretest\u012bbu<\/li>\n<li>stabiliz\u0113 aler\u0123isko rezistenci<\/li>\n<li>normaliz\u0113 vielmai\u0146u<\/li>\n<li>stimul\u0113 re\u0123ener\u0101cijas procesus, uzbr\u016bk un izn\u012bcina v\u0113\u017ea un slim\u0101s \u0161\u016bnas.<\/li>\n<\/ul>","protected":false},"featured_media":5557,"comment_status":"open","ping_status":"closed","template":"","meta":[],"product_brand":[],"product_cat":[22],"product_tag":[],"class_list":{"0":"post-4392","1":"product","2":"type-product","3":"status-publish","4":"has-post-thumbnail","6":"product_cat-vetom-probiotikumok","8":"first","9":"instock","10":"featured","11":"taxable","12":"shipping-taxable","13":"purchasable","14":"product-type-simple"},"_links":{"self":[{"href":"https:\/\/vetomshop.hu\/lv\/wp-json\/wp\/v2\/product\/4392","targetHints":{"allow":["GET"]}}],"collection":[{"href":"https:\/\/vetomshop.hu\/lv\/wp-json\/wp\/v2\/product"}],"about":[{"href":"https:\/\/vetomshop.hu\/lv\/wp-json\/wp\/v2\/types\/product"}],"replies":[{"embeddable":true,"href":"https:\/\/vetomshop.hu\/lv\/wp-json\/wp\/v2\/comments?post=4392"}],"wp:featuredmedia":[{"embeddable":true,"href":"https:\/\/vetomshop.hu\/lv\/wp-json\/wp\/v2\/media\/5557"}],"wp:attachment":[{"href":"https:\/\/vetomshop.hu\/lv\/wp-json\/wp\/v2\/media?parent=4392"}],"wp:term":[{"taxonomy":"product_brand","embeddable":true,"href":"https:\/\/vetomshop.hu\/lv\/wp-json\/wp\/v2\/product_brand?post=4392"},{"taxonomy":"product_cat","embeddable":true,"href":"https:\/\/vetomshop.hu\/lv\/wp-json\/wp\/v2\/product_cat?post=4392"},{"taxonomy":"product_tag","embeddable":true,"href":"https:\/\/vetomshop.hu\/lv\/wp-json\/wp\/v2\/product_tag?post=4392"}],"curies":[{"name":"wp","href":"https:\/\/api.w.org\/{rel}","templated":true}]}}