{"id":443,"date":"2019-11-12T14:57:08","date_gmt":"2019-11-12T13:57:08","guid":{"rendered":"https:\/\/vetomshop.hu\/?post_type=product&#038;p=443"},"modified":"2026-04-12T08:29:34","modified_gmt":"2026-04-12T06:29:34","slug":"vetom-2-etrend-kiegeszito","status":"publish","type":"product","link":"https:\/\/vetomshop.hu\/lv\/products\/vetom-2-etrend-kiegeszito\/","title":{"rendered":"Probiotic Vetom <span style=\"color:red\">2<\/span><br> kapsula <span style=\"color:red\">50 graudi<\/span> (uztura bag\u0101tin\u0101t\u0101js)"},"content":{"rendered":"<h2>Vetom 2 probiotikas kapsulas 50 graudu (uztura bag\u0101tin\u0101t\u0101js)<\/h2>\n<p>Vetom 2 galven\u0101s akt\u012bv\u0101s sast\u0101vda\u013cas ir *Bacillus amyloliquefaciens* labv\u0113l\u012bgo bakt\u0113riju celmi, kas galvenok\u0101rt darbojas resnaj\u0101 zarn\u0101, kur tie vairojas, lai ra\u017eotu da\u017e\u0101dus fermentus (olbaltumvielas, cieti un \u0161\u0137iedrvielas no\u0101rdo\u0161us fermentus) un akt\u012bvos savienojumus, kas:<\/p>\n<p>* nom\u0101c kait\u012bg\u0101s bakt\u0113rijas un s\u0113n\u012btes,<br \/>\n* att\u012bra zarnu sienu no nesagremotajiem atlikumiem,<br \/>\n* veicina lab\u0101ku uzturvielu uzs\u016bk\u0161anos,<br \/>\n* pal\u012bdz detoksik\u0113t organismu.<\/p>\n<p>Regul\u0101ra Vetom 2 lieto\u0161ana pal\u012bdz atjaunot vesel\u012bgu zarnu floras l\u012bdzsvaru, stimul\u0113 gremo\u0161anu un uzlabo im\u016bnsist\u0113mas darb\u012bbu. Probiotiskais l\u012bdzeklis atbalsta re\u0123ener\u0101cijas procesus, pal\u012bdz atjaunoties \u0161\u016bn\u0101m un var pat nov\u0113rst v\u0113\u017ea \u0161\u016bnu att\u012bst\u012bbu.<\/p>\n<p>Tas ar\u012b pastiprina z\u0101\u013cu iedarb\u012bbu, vienlaikus samazinot to blakuspar\u0101d\u012bbas.<\/p>\n<h2>Priek\u0161roc\u012bbas:<\/h2>\n<p>* Sp\u0113c\u012bga antibakteri\u0101la un prets\u0113n\u012b\u0161u iedarb\u012bba<br \/>\n* pretv\u012brusu, gremo\u0161anas, im\u016bnsist\u0113mas stiprin\u0101t\u0101js<br \/>\n* \u0160\u016bnu aizsardz\u012bba un audz\u0113ju profilakse<br \/>\n* normaliz\u0113 vielmai\u0146u<br \/>\n* Stiprina iztur\u012bbu pret aler\u0123ij\u0101m<br \/>\n* Re\u0123ener\u0113 organismu \u0161\u016bnu l\u012bmen\u012b.<br \/>\n* Neizraisa blakuspar\u0101d\u012bbas, p\u0101rdoz\u0113\u0161anu vai atkar\u012bbu<br \/>\n* Aizsarg\u0101 organismu \u0161\u016bnu l\u012bmen\u012b, pal\u012bdz nov\u0113rst audz\u0113ju att\u012bst\u012bbu.<\/p>\n<h2>Ieteicam\u0101 lieto\u0161ana:<\/h2>\n<p>Vetom 2 ieteicams zarnu floras l\u012bdzsvara atjauno\u0161anai, zarnu vesel\u012bbas uztur\u0113\u0161anai un imunit\u0101tes stiprin\u0101\u0161anai.<\/p>\n<h2>Devas:<\/h2>\n<p>* 10 dienas ieteicams lietot 1 kapsulu 2-3 reizes dien\u0101 pirms, \u0113\u0161anas laik\u0101 vai p\u0113c \u0113\u0161anas, uzdzerot nelielu daudzumu \u0161\u0137idruma (\u016bdens, t\u0113jas vai sulas). \u0100rst\u0113\u0161anas laik\u0101 nov\u0113rojiet organisma reakciju un, ja nepiecie\u0161ams, pak\u0101peniski palieliniet devu l\u012bdz 5-10 kapsul\u0101m dien\u0101.<\/p>\n<p>* Proced\u016bru var atk\u0101rtot p\u0113c 1-2 ned\u0113\u013cu p\u0101rtraukuma. Reiz\u0113m ir ieteicams p\u0101riet uz citu Vetom produktu ar citu numuru, lai sniegtu visp\u0101r\u0113ju atbalstu organismam.<\/p>\n<h2>Kontrindik\u0101cijas:<\/h2>\n<p>* Nav ieteicams lietot, ja ir paaugstin\u0101ta jut\u012bba pret k\u0101du no sast\u0101vda\u013c\u0101m.<br \/>\n* Gr\u016btniec\u012bbas un z\u012bd\u012b\u0161anas laik\u0101 lietot tikai p\u0113c \u0101rsta ieteikuma.<br \/>\n* Neietekm\u0113 transportl\u012bdzek\u013ca vad\u012b\u0161anu vai b\u012bstamu ma\u0161\u012bnu ekspluat\u0101ciju.<\/p>\n<h2>Devas un sast\u0101vda\u013cas:<\/h2>\n<p>* 10 kapsulas blister\u012b, 5 iepakojumi kartona kast\u012bt\u0113 (kop\u0101 50 kapsulas)<br \/>\n* 1 kapsulas saturs:<\/p>\n<p>* kukur\u016bzas ekstrakts - 133 mg<br \/>\n* Kartupe\u013cu ciete - 100 mg<br \/>\n* saharoze (pulverveida cukurs) - 67 mg<br \/>\n* Bacillus amyloliquefaciens bakt\u0113riju kult\u016bra (DSM 24614) un celmi DSM 24615 - 30 mg (1\u00d710\u2079 CFU\/g).<\/p>\n<h2>Vair\u0101k inform\u0101cijas:<\/h2>\n<p>* Neto svars: 0,1 kg<br \/>\n* Izm\u0113rs: 4,5 \u00d7 6,5 \u00d7 8 cm<br \/>\n* Izcelsmes valsts: Krievija<br \/>\n* Uzglab\u0101\u0161ana: v\u0113s\u0101, saus\u0101 viet\u0101 (l\u012bdz 30 \u00b0C), b\u0113rniem nepieejam\u0101 viet\u0101.<br \/>\n* Der\u012bguma termi\u0146\u0161: 2 gadi no izgatavo\u0161anas datuma<\/p>\n<p>Alternat\u012bvs ekvivalents pilienu veid\u0101: Vetom 2,25 (10 ml)<\/p>\n<p>Izcelsmes vieta : <strong>Krievija<\/strong><\/p>","protected":false},"excerpt":{"rendered":"<h5><strong>Vetom <span style=\"color: red;\">2<\/span><\/strong> probiotikas kapsulas 50 graudu (uztura bag\u0101tin\u0101t\u0101js)<\/h5>\n<div class=\"plashka\">\n<p>A <strong>Vetom <span style=\"color: red;\">2<\/span><\/strong> normaliz\u0113 biolo\u0123iski akt\u012bvo p\u0101rtikas sast\u0101vda\u013cu vielmai\u0146u, gremo\u0161anu un uzs\u016bk\u0161anos ku\u0146\u0123a-zarnu trakt\u0101.<\/p>\n<p>A <strong>Vetom <span style=\"color: red;\">2<\/span><\/strong> prpbiotikas palielina z\u0101\u013cu efektivit\u0101ti un samazina to negat\u012bvo blakusiedarb\u012bbu uz cilv\u0113ka organismu.<\/p>\n<\/div>\n<p>Labv\u0113l\u012bga ietekme uz <strong>Bacillus amyloliquefaciens<\/strong> kas galvenok\u0101rt veidojas, vairojoties resnaj\u0101 zarn\u0101:<\/p>\n<ul class=\"vetom-list\">\n<li>proteol\u012btiskie, amilol\u012btiskie, celulozol\u012btiskie fermenti,<\/li>\n<li>biolo\u0123iski akt\u012bva viela, kas kav\u0113 patog\u0113n\u0101s un potenci\u0101li patog\u0113n\u0101s mikrofloras aug\u0161anu un att\u012bst\u012bbu.<\/li>\n<\/ul>\n<p>T\u0101 rezult\u0101t\u0101 zarnu satura bakt\u0113riju sast\u0101vs tiek p\u0101rveidots atbilsto\u0161i att\u012bst\u012bbas normai, zarnu sieni\u0146as tiek att\u012br\u012btas no nesagremot\u0101m atliek\u0101m, kas veicina akt\u012bvu toks\u012bnu izvad\u012b\u0161anu no organisma, netrauc\u0113tu biolo\u0123iski akt\u012bvo uzturvielu transport\u0113\u0161anu.<\/p>","protected":false},"featured_media":6598,"comment_status":"open","ping_status":"closed","template":"","meta":[],"product_brand":[],"product_cat":[22],"product_tag":[],"class_list":{"0":"post-443","1":"product","2":"type-product","3":"status-publish","4":"has-post-thumbnail","6":"product_cat-vetom-probiotikumok","8":"first","9":"instock","10":"featured","11":"taxable","12":"shipping-taxable","13":"purchasable","14":"product-type-simple"},"_links":{"self":[{"href":"https:\/\/vetomshop.hu\/lv\/wp-json\/wp\/v2\/product\/443","targetHints":{"allow":["GET"]}}],"collection":[{"href":"https:\/\/vetomshop.hu\/lv\/wp-json\/wp\/v2\/product"}],"about":[{"href":"https:\/\/vetomshop.hu\/lv\/wp-json\/wp\/v2\/types\/product"}],"replies":[{"embeddable":true,"href":"https:\/\/vetomshop.hu\/lv\/wp-json\/wp\/v2\/comments?post=443"}],"wp:featuredmedia":[{"embeddable":true,"href":"https:\/\/vetomshop.hu\/lv\/wp-json\/wp\/v2\/media\/6598"}],"wp:attachment":[{"href":"https:\/\/vetomshop.hu\/lv\/wp-json\/wp\/v2\/media?parent=443"}],"wp:term":[{"taxonomy":"product_brand","embeddable":true,"href":"https:\/\/vetomshop.hu\/lv\/wp-json\/wp\/v2\/product_brand?post=443"},{"taxonomy":"product_cat","embeddable":true,"href":"https:\/\/vetomshop.hu\/lv\/wp-json\/wp\/v2\/product_cat?post=443"},{"taxonomy":"product_tag","embeddable":true,"href":"https:\/\/vetomshop.hu\/lv\/wp-json\/wp\/v2\/product_tag?post=443"}],"curies":[{"name":"wp","href":"https:\/\/api.w.org\/{rel}","templated":true}]}}