{"id":447,"date":"2019-11-12T15:10:57","date_gmt":"2019-11-12T14:10:57","guid":{"rendered":"https:\/\/vetomshop.hu\/?post_type=product&#038;p=447"},"modified":"2026-04-12T08:29:15","modified_gmt":"2026-04-12T06:29:15","slug":"vetom-4-etrend-kiegeszito","status":"publish","type":"product","link":"https:\/\/vetomshop.hu\/lv\/products\/vetom-4-etrend-kiegeszito\/","title":{"rendered":"Probiotic Vetom <span style=\"color:red\">4<\/span><br> kapsula <span style=\"color:red\">50 graudi<\/span> (uztura bag\u0101tin\u0101t\u0101js)"},"content":{"rendered":"<p>Vetom 4 probiotikas kapsulas 50 graudu (uztura bag\u0101tin\u0101t\u0101js ar Bacillus amyloliquefaciens)<\/p>\n<p>T\u0101s labv\u0113l\u012bgo iedarb\u012bbu nodro\u0161ina Bacillus amyloliquefaciens, kas, galvenok\u0101rt vairojoties tievaj\u0101s zarn\u0101s, ra\u017eo: proteol\u012btiskos, amilol\u012btiskos, celulol\u012btiskos fermentus, biolo\u0123iski akt\u012bv\u0101s vielas, kas kav\u0113 patog\u0113n\u0101s un potenci\u0101li patog\u0113n\u0101s mikrofloras aug\u0161anu un att\u012bst\u012bbu. Rezult\u0101t\u0101 zarnu satura bakteri\u0101lais sast\u0101vs tiek p\u0101rveidots atbilsto\u0161\u0101 att\u012bst\u012bbas norm\u0101, zarnu sieni\u0146as tiek att\u012br\u012btas no nesagremot\u0101m atliek\u0101m, kas veicina akt\u012bvu toks\u012bnu izvad\u012b\u0161anu no organisma, netrauc\u0113tu biolo\u0123iski akt\u012bvo uzturvielu transport\u0113\u0161anu.<br \/>\nVetom 4 ietekm\u0113 normaliz\u0113jas biolo\u0123iski akt\u012bvo p\u0101rtikas sast\u0101vda\u013cu vielmai\u0146a, gremo\u0161ana un uzs\u016bk\u0161an\u0101s ku\u0146\u0123a-zarnu trakt\u0101.<br \/>\nVetom 1.1 palielina z\u0101\u013cu efektivit\u0101ti un samazina to negat\u012bvo blakusiedarb\u012bbu uz cilv\u0113ka organismu.<br \/>\nIeteicam\u0101s devas: 1 kapsula (2*3) dien\u0101 10 dienas, lietot \u0113\u0161anas laik\u0101 vai p\u0113c \u0113\u0161anas, uzdzerot nelielu daudzumu \u016bdens, sulas vai t\u0113jas.<br \/>\nVetom 4 nerada atkar\u012bbu.<br \/>\nIeteicams atk\u0101rtot \u0101rst\u0113\u0161anu p\u0113c 1-2 ned\u0113\u013cu p\u0101rtraukuma, un ieteicams ik pa laikam p\u0101riet uz citu numur\u0113tu Vetom produktu. .<br \/>\n\u0160\u0101d\u0101 veid\u0101 m\u0113s varam atbalst\u012bt visu savu \u0137ermeni, ar\u012b zarnu traktu. .<br \/>\nFunkcijas:<br \/>\n- Tam piem\u012bt augsta antagonistisk\u0101 aktivit\u0101te pret patog\u0113n\u0101m un nosac\u012bti patog\u0113n\u0101m s\u0113n\u012bt\u0113m un bakt\u0113rij\u0101m, pretv\u012brusu, proteol\u012btiskas, aminol\u012btiskas un celulol\u012btiskas \u012bpa\u0161\u012bbas.<br \/>\n- stimul\u0113 \u0161\u016bnu un humor\u0101los imunit\u0101tes faktorus.<br \/>\n- palielina organisma nespecifisko pretest\u012bbu<br \/>\n- stabiliz\u0113 aler\u0123isko rezistenci<br \/>\n- normaliz\u0113 vielmai\u0146u<br \/>\n- stimul\u0113 re\u0123ener\u0101cijas procesus, uzbr\u016bk un izn\u012bcina v\u0113\u017ea un slim\u0101s \u0161\u016bnas.<br \/>\nTas maina \u0161\u016bnu membr\u0101nas un skeleta vielmai\u0146u, nov\u0113r\u0161ot v\u0113\u017ea \u0161\u016bnu att\u012bst\u012bbu.<\/p>\n<p>- NAV BLAKUSPAR\u0100D\u012aBU<br \/>\n- BEZ VECUMA IEROBE\u017dOJUMA<br \/>\n- NAV P\u0100RDOTS<br \/>\n- NAV ATKAR\u012aBU IZRAISO\u0160A<\/p>\n<p>Izmanto\u0161anas apgabals<br \/>\nProbiotisko mikroorganismu k\u0101 biolo\u0123iski akt\u012bvas p\u0101rtikas piedevas lieto\u0161ana ir ieteicama ku\u0146\u0123a un zarnu trakta atjauno\u0161anai un zarnu mikrofloras atjauno\u0161anai.<\/p>\n<p>Kontrindik\u0101cijas<br \/>\nPaaugstin\u0101ta jut\u012bba pret noteikt\u0101m produkta sast\u0101vda\u013c\u0101m.<\/p>\n<p>\u012apa\u0161i nor\u0101d\u012bjumi<br \/>\nGr\u016btniec\u012bbas un z\u012bd\u012b\u0161anas laik\u0101 lietot tikai p\u0113c \u0101rsta ieteikuma. Prepar\u0101ts neietekm\u0113 sp\u0113ju vad\u012bt transportl\u012bdzek\u013cus vai apkalpot potenci\u0101li b\u012bstamus meh\u0101nismus.<br \/>\nDoz\u0113\u0161ana<br \/>\n10 kapsulas pa 0,33 g atsevi\u0161\u0137os blisteros, 5 blisteri kartona k\u0101rb\u0101. Plastmasas k\u0101rba, t\u012brsvars: 500 g. Ietinets gofr\u0113t\u0101 kartona k\u0101rb\u0101, t\u012brsvars: 5 g, 50 kapsulas kartona kast\u012bt\u0113.<br \/>\nUzglab\u0101\u0161anas apst\u0101k\u013ci<br \/>\nVar uzglab\u0101t 75 % relat\u012bv\u0101 mitruma temperat\u016br\u0101 zem 30\u00b0C. Glab\u0101t b\u0113rniem nepieejam\u0101 viet\u0101.<br \/>\nDer\u012bguma termi\u0146\u0161<br \/>\n2 gadi no izgatavo\u0161anas datuma. Nelietot p\u0113c der\u012bguma termi\u0146a beig\u0101m.<br \/>\nSast\u0101vs<br \/>\n1 kapsula satur: kukur\u016bzas ekstrakts - 133 mg; kartupe\u013cu ciete - 100 mg; saharoze (pulverveida cukurs) - 67 mg: probioti\u0137is, \u017e\u0101v\u0113ta Bacillus amyloliquefaciens VKPM B - 10643 bakt\u0113riju celma kult\u016bra (DSM 24615), 1\u00d7109 KTJ\/g - 30 mg koloniju veidojo\u0161\u0101s vien\u012bbas.<br \/>\nEs p\u0113rku probiotikas tie\u0161i no r\u016bpn\u012bcas par vislab\u0101ko cenu , -premium kvalit\u0101te.<br \/>\n\u201eCemmedic Europe Kft\u201d ofici\u0101lais Vetom Probiotics izplat\u012bt\u0101js Ung\u0101rij\u0101 !<\/p>","protected":false},"excerpt":{"rendered":"<h5><strong>Vetom <span style=\"color:red\">4<\/span><\/strong> probiotikas kapsulas 50 graudi (uztura bag\u0101tin\u0101t\u0101js <strong>Bacillus amyloliquefaciens<\/strong> bakt\u0113rijas)<\/h5>\n<div class=\"plashka\">\n<p>A <strong>Vetom <span style=\"color:red\">4<\/span><\/strong> normaliz\u0113 biolo\u0123iski akt\u012bvo p\u0101rtikas sast\u0101vda\u013cu vielmai\u0146u, gremo\u0161anu un uzs\u016bk\u0161anos ku\u0146\u0123a-zarnu trakt\u0101.<\/p>\n<p>A <strong>Vetom <span style=\"color:red\">4<\/span><\/strong> palielina z\u0101\u013cu efektivit\u0101ti un samazina to negat\u012bvo blakusiedarb\u012bbu uz cilv\u0113ka organismu.<\/p>\n<\/div>\n<p>Labv\u0113l\u012bg\u0101 ietekme <strong>Bacillus amyloliquefaciens<\/strong> kas galvenok\u0101rt veidojas, vairojoties tievaj\u0101s zarn\u0101s:<\/p>\n<ul class=\"vetom-list\">\n<li>proteol\u012btiskie, amilol\u012btiskie, celulozol\u012btiskie fermenti,<\/li>\n<li>biolo\u0123iski akt\u012bvas vielas, kas kav\u0113 patog\u0113n\u0101s un potenci\u0101li patog\u0113n\u0101s mikrofloras aug\u0161anu un att\u012bst\u012bbu.<\/li>\n<\/ul>\n<p>T\u0101 rezult\u0101t\u0101 zarnu satura bakt\u0113riju sast\u0101vs tiek p\u0101rveidots atbilsto\u0161i att\u012bst\u012bbas normai, zarnu sieni\u0146as tiek att\u012br\u012btas no nesagremot\u0101m atliek\u0101m, kas veicina akt\u012bvu toks\u012bnu izvad\u012b\u0161anu no organisma, netrauc\u0113tu biolo\u0123iski akt\u012bvo uzturvielu transport\u0113\u0161anu.<\/p>\n<p><strong>Devas:<\/strong> ieteicams lietot 1 kapsulu (2*3) dien\u0101 10 dienas \u0113\u0161anas laik\u0101 vai p\u0113c \u0113\u0161anas, uzdzerot nelielu daudzumu \u016bdens, sulas vai t\u0113jas.<\/p>\n<div class=\"plashka\">Ieteicams atk\u0101rtot \u0101rst\u0113\u0161anu p\u0113c 1-2 ned\u0113\u013cu p\u0101rtraukuma un ik pa laikam p\u0101riet uz citu numur\u0113tu Vetom produktu. \u0160\u0101d\u0101 veid\u0101 m\u0113s varam vien\u0101di atbalst\u012bt visu organismu un zarnu sist\u0113mu.<\/div>\n<p>A <strong>Vetom <span style=\"color:red\">4<\/span><\/strong> nerada atkar\u012bbu.<\/p>","protected":false},"featured_media":6596,"comment_status":"open","ping_status":"closed","template":"","meta":[],"product_brand":[],"product_cat":[22],"product_tag":[],"class_list":{"0":"post-447","1":"product","2":"type-product","3":"status-publish","4":"has-post-thumbnail","6":"product_cat-vetom-probiotikumok","8":"first","9":"instock","10":"featured","11":"taxable","12":"shipping-taxable","13":"purchasable","14":"product-type-simple"},"_links":{"self":[{"href":"https:\/\/vetomshop.hu\/lv\/wp-json\/wp\/v2\/product\/447","targetHints":{"allow":["GET"]}}],"collection":[{"href":"https:\/\/vetomshop.hu\/lv\/wp-json\/wp\/v2\/product"}],"about":[{"href":"https:\/\/vetomshop.hu\/lv\/wp-json\/wp\/v2\/types\/product"}],"replies":[{"embeddable":true,"href":"https:\/\/vetomshop.hu\/lv\/wp-json\/wp\/v2\/comments?post=447"}],"wp:featuredmedia":[{"embeddable":true,"href":"https:\/\/vetomshop.hu\/lv\/wp-json\/wp\/v2\/media\/6596"}],"wp:attachment":[{"href":"https:\/\/vetomshop.hu\/lv\/wp-json\/wp\/v2\/media?parent=447"}],"wp:term":[{"taxonomy":"product_brand","embeddable":true,"href":"https:\/\/vetomshop.hu\/lv\/wp-json\/wp\/v2\/product_brand?post=447"},{"taxonomy":"product_cat","embeddable":true,"href":"https:\/\/vetomshop.hu\/lv\/wp-json\/wp\/v2\/product_cat?post=447"},{"taxonomy":"product_tag","embeddable":true,"href":"https:\/\/vetomshop.hu\/lv\/wp-json\/wp\/v2\/product_tag?post=447"}],"curies":[{"name":"wp","href":"https:\/\/api.w.org\/{rel}","templated":true}]}}