{"id":449,"date":"2019-11-12T15:17:02","date_gmt":"2019-11-12T14:17:02","guid":{"rendered":"https:\/\/vetomshop.hu\/?post_type=product&#038;p=449"},"modified":"2026-04-12T08:29:02","modified_gmt":"2026-04-12T06:29:02","slug":"vetom-1-23-probiotikum-csepp","status":"publish","type":"product","link":"https:\/\/vetomshop.hu\/lv\/products\/vetom-1-23-probiotikum-csepp\/","title":{"rendered":"Probiotic Vetom <span style=\"color: red\">1.23<\/span><br>piliens <span style=\"color: red\">10 ml<\/span> (uztura bag\u0101tin\u0101t\u0101js)"},"content":{"rendered":"<h3>Vetom Probiotic 1,23 pilieni 10 ml (uztura bag\u0101tin\u0101t\u0101js)<\/h3>\n<p><strong>Bacillus subtilis ar labv\u0113l\u012bgiem bakt\u0113riju celmiem<\/strong><\/p>\n<p>Vetom 1.23 ir \u0161\u0137idrs probioti\u0137is, kura pamat\u0101 ir Bacillus subtilis VKPM V 10641 - bakt\u0113riju celma, kas galvenok\u0101rt darbojas resnaj\u0101 zarn\u0101, kur tas akt\u012bvi vairojas un ra\u017eo vair\u0101kus gremo\u0161anas fermentus un biolo\u0123iski akt\u012bvas vielas.<\/p>\n<p>&nbsp;<\/p>\n<h2><strong>\u0160ie ir materi\u0101li:<\/strong><\/h2>\n<p>* nom\u0101c kait\u012bgo bakt\u0113riju un s\u0113n\u012b\u0161u aug\u0161anu,<\/p>\n<p>* pal\u012bdz att\u012br\u012bt zarnu sieni\u0146as no nesagremot\u0101m atliek\u0101m,<\/p>\n<p>* veicina toks\u012bnu izvad\u012b\u0161anu,<\/p>\n<p>* veicina efekt\u012bvu uzturvielu, vitam\u012bnu un miner\u0101lvielu uzs\u016bk\u0161anos.<\/p>\n<p>&nbsp;<\/p>\n<p>Vetom 1.23 uzlabo gremo\u0161anas sist\u0113mas sk\u0101bju un b\u0101zu l\u012bdzsvaru un optimiz\u0113 dzelzs, kalcija, olbaltumvielu, tauku, og\u013chidr\u0101tu un citu uzturvielu vielmai\u0146u. Tas \u013cauj organismam dabiski nostiprin\u0101ties un atjaunoties.<\/p>\n<p>&nbsp;<\/p>\n<h2><strong>Galvenie ieguvumi:<\/strong><\/h2>\n<p>* Antibakteri\u0101la un prets\u0113n\u012b\u0161u iedarb\u012bba<\/p>\n<p>* Pretv\u012brusu \u012bpa\u0161\u012bba<\/p>\n<p>* Im\u016bnsist\u0113mu stiprino\u0161a, \u0161\u016bnu aizsardz\u012bba<\/p>\n<p>* Veicina \u0161\u016bnu re\u0123ener\u0101ciju<\/p>\n<p>* kav\u0113 patolo\u0123isku \u0161\u016bnu, tostarp audz\u0113ja \u0161\u016bnu, veido\u0161anos.<\/p>\n<p>* Neizraisa blakuspar\u0101d\u012bbas, atkar\u012bbu vai p\u0101rdoz\u0113\u0161anu<\/p>\n<p>* Dro\u0161a lieto\u0161ana jebkur\u0101 vecum\u0101<\/p>\n<p>&nbsp;<\/p>\n<p>&nbsp;<\/p>\n<h2><strong>Devas un lieto\u0161anas veids:<\/strong><\/h2>\n<p>*Peror\u0101lai lieto\u0161anai<\/p>\n<p>*Papildus pieaugu\u0161ajiem un b\u0113rniem: pirm\u0101s dienas ieteicams lietot 2 pilienus, p\u0113c tam devu var pak\u0101peniski palielin\u0101t l\u012bdz 4-6 pilieniem. Lieto\u0161anas laik\u0101 nov\u0113rojiet organisma reakcijas.<\/p>\n<p>*parast\u0101m slim\u012bb\u0101m: 10 pilieni dien\u0101 10 dienas.<\/p>\n<p>* atk\u0101rtota apstr\u0101de: ieteicams p\u0113c 1-2 ned\u0113\u013cu p\u0101rtraukuma<\/p>\n<p>*Iecer\u0113ts laiku pa laikam nomain\u012bt ar citiem Vetom produktiem, lai ieg\u016btu pla\u0161\u0101ku atbalstu organiz\u0101cijai.<\/p>\n<p>&nbsp;<\/p>\n<h2><strong>Kad to ieteicams lietot?<\/strong><\/h2>\n<p>* p\u0113c \u0101rst\u0113\u0161anas ar antibiotik\u0101m, lai atjaunotu zarnu floru.<\/p>\n<p>* Lai papildin\u0101tu terapiju v\u0113\u017ea gad\u012bjum\u0101<\/p>\n<p>* Gremo\u0161anas trauc\u0113jumi, caureja, aizciet\u0113jums, ku\u0146\u0123a darb\u012bbas trauc\u0113jumi.<\/p>\n<p>* Im\u016bndefic\u012bta st\u0101vok\u013cos<\/p>\n<p>* Nepat\u012bkamas \u0137erme\u0146a smakas vai elpas gad\u012bjum\u0101<\/p>\n<p>*Papildu \u0101rst\u0113\u0161ana nierakme\u0146u, aknu slim\u012bbu, ku\u0146\u0123a un zarnu trakta probl\u0113mu gad\u012bjum\u0101<\/p>\n<p>Uzman\u012bbu:<\/p>\n<p>Nelietot kop\u0101 ar iek\u0161\u0137\u012bgi lietojam\u0101m antibiotik\u0101m vai citiem probioti\u0137iem. To var kombin\u0113t ar lok\u0101li lietojam\u0101m antibiotik\u0101m.<\/p>\n<p>&nbsp;<\/p>\n<h2><strong>Svar\u012bgi:<\/strong><\/h2>\n<p>To nedr\u012bkst lietot kop\u0101 ar citiem peror\u0101liem probioti\u0137iem vai antibiotik\u0101m, \u012bpa\u0161i sulfanilam\u012bdiem, pretv\u0113\u017ea l\u012bdzek\u013ciem.<\/p>\n<p>&nbsp;<\/p>\n<h2><strong>Sast\u0101vda\u013cas:<\/strong><\/h2>\n<p>* Kukur\u016bzas ekstrakts, ferment\u0113ts ar *Bacillus subtilis* celmu (VKPM V 10641 \/ DSM 24613).<\/p>\n<p>* N\u0101trija hlor\u012bds<\/p>\n<p>* Viveware<\/p>\n<p><strong>\u00a0<\/strong><\/p>\n<h2><strong>Izsnieg\u0161ana:<\/strong><\/h2>\n<p>* 10 ml pilin\u0101t\u0101ja pudel\u012bte vai plastmasas pudel\u012bte<\/p>\n<p>* Var satur\u0113t dabiskus nogulsnes, kas nav kvalit\u0101tes defekts.<\/p>\n<p>&nbsp;<\/p>\n<h2><strong>K\u00fcllem:<\/strong><\/h2>\n<p>Gai\u0161i dzelten\u012bgi br\u016bns \u0161\u0137idrums ar rakstur\u012bgu smar\u017eu<\/p>\n<p>*Svars: 0,02 kg<\/p>\n<p>*Izm\u0113ri: 3 \u00d7 3 \u00d7 7 cm<\/p>\n<p>* Pieg\u0101de: Krievija<\/p>\n<p>&nbsp;<\/p>\n<h2>Uzglab\u0101\u0161anas inform\u0101cija:<\/h2>\n<p>*Glab\u0101\u0161ana: 0-10 \u00b0C temperat\u016br\u0101 pie relat\u012bv\u0101 mitruma l\u012bdz 75%<\/p>\n<p>*Transports un pagaidu glab\u0101\u0161ana: 10-30 \u00b0C temperat\u016br\u0101 ne ilg\u0101k k\u0101 18 dienas.<\/p>\n<p>*p\u0113c izjauk\u0161anas: uzglab\u0101t ledusskap\u012b (0-10 \u00b0C).<\/p>","protected":false},"excerpt":{"rendered":"<h5>Piesakies vietn\u0113<\/h5>\n<p>A <strong>Vetom 1.23<\/strong> izmanto k\u0101 papildu probiotisko mikroorganismu avotu, lai uzlabotu cilv\u0113ka organisma vesel\u012bbu. Sp\u0113c\u012bg\u0101 iedarb\u012bba <strong>Bacillus subtilis<\/strong> kas galvenok\u0101rt veidojas resnaj\u0101 zarn\u0101:<\/p>\n<ul class=\"vetom-list\">\n<li>proteol\u012btiskie, amilol\u012btiskie, celulol\u012btiskie fermenti;<\/li>\n<li>a-2 cilv\u0113ka balto asins\u0137ermen\u012b\u0161u interferons;<\/li>\n<li>bacitrac\u012bnu un cit\u0101m biolo\u0123iski akt\u012bv\u0101m viel\u0101m, lai nov\u0113rstu patog\u0113n\u0101s vai relat\u012bvi patog\u0113n\u0101s mikrofloras b\u016btisku aug\u0161anu.<\/li>\n<\/ul>\n<p>\u0160\u012b procesa rezult\u0101t\u0101 zarnu trakta bakt\u0113riju popul\u0101cija tiek p\u0101rveidota, l\u012bdz t\u0101 k\u013c\u016bst identiska evol\u016bcijas normai, zarnu sieni\u0146as tiek att\u012br\u012btas no nesagremojam\u0101m p\u0101rtikas atliek\u0101m, kas veicina akt\u012bvu toksisko vielu izvad\u012b\u0161anu no organisma un netrauc\u0113tu biolo\u0123iski akt\u012bvo vielu un uzturvielu transport\u0113\u0161anu.<\/p>\n<div class=\"plashka\">A <strong>Vetom 1.23<\/strong> normaliz\u0113 gremo\u0161anu, dzelzs, kalcija, tauku, olbaltumvielu, og\u013chidr\u0101tu, triglicer\u012bdu, aminosk\u0101bju, dipeptidu, \u017eults s\u0101\u013cu uzs\u016bk\u0161anos un vielmai\u0146u, normaliz\u0113 gremo\u0161anas trakta sk\u0101bo vidi. Vetom 1,23 lieto\u0161ana pal\u012bdz organismam saglab\u0101t vesel\u012bbu.<\/div>\n<p>A <strong>Vetom 1.23<\/strong> palielina z\u0101\u013cu efektivit\u0101ti un samazina to negat\u012bvo blakusiedarb\u012bbu uz cilv\u0113ka organismu.<\/p>\n<h6>Funkcijas:<\/h6>\n<ul class=\"vetom-list\">\n<li>Tam piem\u012bt augsta antagonistisk\u0101 aktivit\u0101te pret patog\u0113n\u0101m un nosac\u012bti patog\u0113n\u0101m s\u0113n\u012bt\u0113m un bakt\u0113rij\u0101m, pretv\u012brusu, proteol\u012btiskas, aminol\u012btiskas un celulol\u012btiskas \u012bpa\u0161\u012bbas.<\/li>\n<li>stimul\u0113 \u0161\u016bnu un humor\u0101los imunit\u0101tes faktorus.<\/li>\n<li>palielina organisma nespecifisko pretest\u012bbu<\/li>\n<li>stabiliz\u0113 aler\u0123isko rezistenci<\/li>\n<li>normaliz\u0113 vielmai\u0146u<\/li>\n<li>stimul\u0113 re\u0123ener\u0101cijas procesus, uzbr\u016bk un izn\u012bcina v\u0113\u017ea un slim\u0101s \u0161\u016bnas.<\/li>\n<\/ul>\n<div class=\"plashka\">Tas maina \u0161\u016bnu membr\u0101nas un skeleta vielmai\u0146u, nov\u0113r\u0161ot v\u0113\u017ea \u0161\u016bnu att\u012bst\u012bbu.<\/div>","protected":false},"featured_media":6615,"comment_status":"open","ping_status":"closed","template":"","meta":[],"product_brand":[],"product_cat":[22],"product_tag":[],"class_list":{"0":"post-449","1":"product","2":"type-product","3":"status-publish","4":"has-post-thumbnail","6":"product_cat-vetom-probiotikumok","8":"first","9":"instock","10":"featured","11":"taxable","12":"shipping-taxable","13":"purchasable","14":"product-type-simple"},"_links":{"self":[{"href":"https:\/\/vetomshop.hu\/lv\/wp-json\/wp\/v2\/product\/449","targetHints":{"allow":["GET"]}}],"collection":[{"href":"https:\/\/vetomshop.hu\/lv\/wp-json\/wp\/v2\/product"}],"about":[{"href":"https:\/\/vetomshop.hu\/lv\/wp-json\/wp\/v2\/types\/product"}],"replies":[{"embeddable":true,"href":"https:\/\/vetomshop.hu\/lv\/wp-json\/wp\/v2\/comments?post=449"}],"wp:featuredmedia":[{"embeddable":true,"href":"https:\/\/vetomshop.hu\/lv\/wp-json\/wp\/v2\/media\/6615"}],"wp:attachment":[{"href":"https:\/\/vetomshop.hu\/lv\/wp-json\/wp\/v2\/media?parent=449"}],"wp:term":[{"taxonomy":"product_brand","embeddable":true,"href":"https:\/\/vetomshop.hu\/lv\/wp-json\/wp\/v2\/product_brand?post=449"},{"taxonomy":"product_cat","embeddable":true,"href":"https:\/\/vetomshop.hu\/lv\/wp-json\/wp\/v2\/product_cat?post=449"},{"taxonomy":"product_tag","embeddable":true,"href":"https:\/\/vetomshop.hu\/lv\/wp-json\/wp\/v2\/product_tag?post=449"}],"curies":[{"name":"wp","href":"https:\/\/api.w.org\/{rel}","templated":true}]}}