{"id":453,"date":"2019-11-12T15:33:21","date_gmt":"2019-11-12T14:33:21","guid":{"rendered":"https:\/\/vetomshop.hu\/?post_type=product&#038;p=453"},"modified":"2026-04-12T08:28:47","modified_gmt":"2026-04-12T06:28:47","slug":"vetom-3-22-probiotikum-csepp","status":"publish","type":"product","link":"https:\/\/vetomshop.hu\/lv\/products\/vetom-3-22-probiotikum-csepp\/","title":{"rendered":"Probiotic Vetom <span style=\"color: red\">3.22<\/span><br>piliens <span style=\"color: red\">10 ml<\/span> (uztura bag\u0101tin\u0101t\u0101js)"},"content":{"rendered":"<h3>Vetom 3.22 probiotikas pilieni (uztura bag\u0101tin\u0101t\u0101js)<\/h3>\n<p>Vetom 4 ir dab\u012bgs probiotikas l\u012bdzeklis, kura pamat\u0101 ir *Bacillus amyloliquefaciens* - bakt\u0113rijas, kas vairojas galvenok\u0101rt resnaj\u0101 un tievaj\u0101s zarn\u0101s*, kur t\u0101 ra\u017eo da\u017e\u0101dus fermentus (olbaltumvielu, cietes un \u0161\u0137iedrvielu \u0161\u0137el\u0161anas) un biolo\u0123iski akt\u012bvas vielas.<\/p>\n<h2>Tie ir:<\/h2>\n<p>* kav\u0113 kait\u012bgo bakt\u0113riju un s\u0113n\u012b\u0161u aug\u0161anu,<br \/>\n* pal\u012bdz att\u012br\u012bt zarnu sienu no nesagremot\u0101m viel\u0101m,<br \/>\n* veicina uzturvielu uzs\u016bk\u0161anos,<br \/>\n* pal\u012bdz detoksik\u0113t organismu.<\/p>\n<p>Regul\u0101ra Vetom 4 lieto\u0161ana veicina vesel\u012bgu zarnu floru, uzlabo gremo\u0161anu un pal\u012bdz organismam izmantot bar\u012bbas vielas un ener\u0123iju.<\/p>\n<h2>Vetom 4<\/h2>\n<p>* Atbalsta dabisko zarnu trakta l\u012bdzsvaru<br \/>\n* normaliz\u0113 gremo\u0161anu un vielmai\u0146u<br \/>\n* Uzlabo im\u016bnsist\u0113mas darb\u012bbu<br \/>\n* Samazina z\u0101\u013cu blakuspar\u0101d\u012bbas<br \/>\n* Aizsarg\u0101 organismu \u0161\u016bnu l\u012bmen\u012b, pal\u012bdz nov\u0113rst audz\u0113ju att\u012bst\u012bbu.<\/p>\n<h2>Priek\u0161roc\u012bbas:<\/h2>\n<p>* Antibakteri\u0101la un prets\u0113n\u012b\u0161u iedarb\u012bba<br \/>\n* pretv\u012brusu un im\u016bnsist\u0113mu stiprino\u0161s l\u012bdzeklis<br \/>\n* Atbalsta gremo\u0161anu, pateicoties fermentu ra\u017eo\u0161anas \u012bpa\u0161\u012bb\u0101m.<br \/>\n* Pal\u012bdz \u0161\u016bnu re\u0123ener\u0101cijai<br \/>\n* Nov\u0113r\u0161 slimu un v\u0113\u017ea \u0161\u016bnu veido\u0161anos un prolifer\u0101ciju.<br \/>\n* Nav atkar\u012bbas, p\u0101rdoz\u0113\u0161anas vai blakuspar\u0101d\u012bbu<br \/>\n*attiecas uz visiem pieaugu\u0161ajiem ( vec\u0101kiem par 14 gadiem )<\/p>\n<h2>Lieto\u0161anas joma:<\/h2>\n<p>Ieteicams k\u0101 biolo\u0123iski akt\u012bvs uztura bag\u0101tin\u0101t\u0101js ku\u0146\u0123a-zarnu trakta darb\u012bbas atbalstam un zarnu floras atjauno\u0161anai.<\/p>\n<h2>Devas:<\/h2>\n<p>* 10 dienas ieteicams lietot 1 kapsulu 2-3 reizes dien\u0101 pirms, \u0113\u0161anas laik\u0101 vai p\u0113c \u0113\u0161anas, uzdzerot nelielu daudzumu \u0161\u0137idruma (\u016bdens, t\u0113jas vai sulas). \u0100rst\u0113\u0161anas laik\u0101 nov\u0113rojiet organisma reakciju un, ja nepiecie\u0161ams, pak\u0101peniski palieliniet devu l\u012bdz 5-10 kapsul\u0101m dien\u0101.<\/p>\n<p>* Proced\u016bru var atk\u0101rtot jebkur\u0101 laik\u0101 p\u0113c 1-2 ned\u0113\u013cu p\u0101rtraukuma. Lai atbalst\u012btu visu organismu, da\u017ek\u0101rt ieteicams p\u0101rmai\u0146us lietot citus Vetom produktus.<\/p>\n<h2>Priek\u0161likums:<\/h2>\n<p>Proced\u016bra j\u0101atk\u0101rto p\u0113c 1-2 ned\u0113\u013cu p\u0101rtraukuma. Reiz\u0113m ir ieteicams p\u0101riet uz cita veida Vetom produktu, lai sniegtu pla\u0161u atbalstu organismam.<\/p>\n<h2>Svar\u012bga inform\u0101cija:<\/h2>\n<p>* Kontrindik\u0101cijas: paaugstin\u0101ta jut\u012bba pret noteikt\u0101m sast\u0101vda\u013c\u0101m.<br \/>\n*gr\u016btniec\u012bba\/baro\u0161ana ar kr\u016bti: tikai p\u0113c \u0101rsta konsult\u0101cijas<br \/>\n*Neietekm\u0113 transportl\u012bdzek\u013ca vad\u012b\u0161anu vai b\u012bstamu ma\u0161\u012bnu lieto\u0161anu.<\/p>\n<h2>Cita inform\u0101cija:<\/h2>\n<p>* Neietekm\u0113 brauk\u0161anu vai b\u012bstamu ma\u0161\u012bnu ekspluat\u0101ciju.<br \/>\n* Uzglab\u0101\u0161ana: saus\u0101, v\u0113s\u0101 viet\u0101 (l\u012bdz 30 \u00b0C), b\u0113rniem nepieejam\u0101 viet\u0101.<br \/>\n* Garantija: 2 gadi no izgatavo\u0161anas datuma<br \/>\n* Iepakojums: 10 kapsulas blister\u012b, 5 iepakojumi kast\u012bt\u0113 (kop\u0101 50 kapsulas).<\/p>\n<h2>Uzglab\u0101\u0161anas apst\u0101k\u013ci:<\/h2>\n<p>* V\u0113s\u0101, saus\u0101 viet\u0101 (maks. 30 \u00b0C, maks. 75% mitrums)<br \/>\n* Glab\u0101t b\u0113rniem nepieejam\u0101 viet\u0101<br \/>\n*Garantijas termi\u0146\u0161:** 2 gadi no izgatavo\u0161anas datuma<br \/>\nIzcelsmes valsts: Krievija<\/p>\n<h2>Vienas kapsulas saturs:<\/h2>\n<p>* kukur\u016bzas ekstrakts - 133 mg<br \/>\n* Kartupe\u013cu ciete - 100 mg<br \/>\n* saharoze (pulverveida cukurs) - 67 mg<br \/>\n* **Bacillus amyloliquefaciens VKPM B-10643** probiotiskais bakt\u0113riju celms (DSM 24615) - 30 mg (1\u00d710\u2079 CFU\/g).<\/p>\n<p>Alternat\u012bvais ekvivalents pilienu veid\u0101: Vetom 4,24 (10 ml)<\/p>\n<p>Izcelsmes vieta : <strong>Krievija<\/strong><\/p>","protected":false},"excerpt":{"rendered":"<h5>Piesakies vietn\u0113<\/h5>\n<p>No <strong>Vetom<\/strong> <span style=\"color: red; font-weight: 800;\">3.22<\/span> izmanto k\u0101 papildu probiotisko mikroorganismu avotu, lai uzlabotu cilv\u0113ka organisma vesel\u012bbu. Sp\u0113c\u012bg\u0101 iedarb\u012bba <strong>Bacillus myloliquefaciens<\/strong>, kas vairojas galvenok\u0101rt resnaj\u0101 zarn\u0101 un ra\u017eo proteol\u012btiskus, amilol\u012btiskus, celulol\u012btiskus fermentus un citas biolo\u0123iski akt\u012bvas vielas.<\/p>\n<div class=\"plashka\">\u0160\u012b procesa rezult\u0101t\u0101 zarnu trakta bakt\u0113riju popul\u0101cija tiek p\u0101rveidota, l\u012bdz t\u0101 k\u013c\u016bst identiska evol\u016bcijas normai, zarnu sieni\u0146as tiek att\u012br\u012btas no nesagremojam\u0101m p\u0101rtikas atliek\u0101m, kas veicina akt\u012bvu toksisko vielu izvad\u012b\u0161anu no organisma un netrauc\u0113tu biolo\u0123iski akt\u012bvo vielu un uzturvielu transport\u0113\u0161anu.<\/div>\n<p>A <strong>Vetom<\/strong> <span style=\"color: red; font-weight: 800;\">3.22<\/span> palielina z\u0101\u013cu efektivit\u0101ti un samazina to negat\u012bvo blakusiedarb\u012bbu uz cilv\u0113ka organismu.<\/p>\n<h6>Funkcijas:<\/h6>\n<ul class=\"vetom-list\">\n<li>Tam piem\u012bt augsta antagonistisk\u0101 aktivit\u0101te pret patog\u0113n\u0101m un nosac\u012bti patog\u0113n\u0101m s\u0113n\u012bt\u0113m un bakt\u0113rij\u0101m, pretv\u012brusu, proteol\u012btiskas, aminol\u012btiskas un celulol\u012btiskas \u012bpa\u0161\u012bbas.<\/li>\n<li>stimul\u0113 \u0161\u016bnu un humor\u0101los imunit\u0101tes faktorus.<\/li>\n<li>palielina organisma nespecifisko pretest\u012bbu<\/li>\n<li>stabiliz\u0113 aler\u0123isko rezistenci<\/li>\n<li>normaliz\u0113 vielmai\u0146u<\/li>\n<li>stimul\u0113 re\u0123ener\u0101cijas procesus, uzbr\u016bkot un izn\u012bcinot v\u0113\u017ea un slim\u0101s \u0161\u016bnas.<\/li>\n<\/ul>\n<div class=\"plashka\">A <strong>Vetom<\/strong> <span style=\"color: red; font-weight: 800;\">3.22<\/span> normaliz\u0113 dzelzs, kalcija, tauku, olbaltumvielu, og\u013chidr\u0101tu, triglicer\u012bdu, aminosk\u0101bju, dipeptidu, \u017eults s\u0101\u013cu gremo\u0161anu, uzs\u016bk\u0161anos un vielmai\u0146u, k\u0101 ar\u012b normaliz\u0113 gremo\u0161anas trakta sk\u0101bo vidi.<\/div>","protected":false},"featured_media":6613,"comment_status":"open","ping_status":"closed","template":"","meta":[],"product_brand":[],"product_cat":[22],"product_tag":[],"class_list":{"0":"post-453","1":"product","2":"type-product","3":"status-publish","4":"has-post-thumbnail","6":"product_cat-vetom-probiotikumok","8":"first","9":"instock","10":"featured","11":"taxable","12":"shipping-taxable","13":"purchasable","14":"product-type-simple"},"_links":{"self":[{"href":"https:\/\/vetomshop.hu\/lv\/wp-json\/wp\/v2\/product\/453","targetHints":{"allow":["GET"]}}],"collection":[{"href":"https:\/\/vetomshop.hu\/lv\/wp-json\/wp\/v2\/product"}],"about":[{"href":"https:\/\/vetomshop.hu\/lv\/wp-json\/wp\/v2\/types\/product"}],"replies":[{"embeddable":true,"href":"https:\/\/vetomshop.hu\/lv\/wp-json\/wp\/v2\/comments?post=453"}],"wp:featuredmedia":[{"embeddable":true,"href":"https:\/\/vetomshop.hu\/lv\/wp-json\/wp\/v2\/media\/6613"}],"wp:attachment":[{"href":"https:\/\/vetomshop.hu\/lv\/wp-json\/wp\/v2\/media?parent=453"}],"wp:term":[{"taxonomy":"product_brand","embeddable":true,"href":"https:\/\/vetomshop.hu\/lv\/wp-json\/wp\/v2\/product_brand?post=453"},{"taxonomy":"product_cat","embeddable":true,"href":"https:\/\/vetomshop.hu\/lv\/wp-json\/wp\/v2\/product_cat?post=453"},{"taxonomy":"product_tag","embeddable":true,"href":"https:\/\/vetomshop.hu\/lv\/wp-json\/wp\/v2\/product_tag?post=453"}],"curies":[{"name":"wp","href":"https:\/\/api.w.org\/{rel}","templated":true}]}}