{"id":455,"date":"2019-11-12T15:37:52","date_gmt":"2019-11-12T14:37:52","guid":{"rendered":"https:\/\/vetomshop.hu\/?post_type=product&#038;p=455"},"modified":"2026-04-12T08:28:38","modified_gmt":"2026-04-12T06:28:38","slug":"vetom-4-24-probiotikum-csepp","status":"publish","type":"product","link":"https:\/\/vetomshop.hu\/lv\/products\/vetom-4-24-probiotikum-csepp\/","title":{"rendered":"Probiotic Vetom <span style=\"color: red\">4.24<\/span><br>piliens <span style=\"color: red\">10 ml<\/span> (uztura bag\u0101tin\u0101t\u0101js)"},"content":{"rendered":"<h3>Vetom 4.24 probiotikas pilieni 10 ml (uztura bag\u0101tin\u0101t\u0101js)<\/h3>\n<p>Ar Bacillus amyloliquefaciens VKPM B-10643 (DSM 24615) celmu<\/p>\n<p>Vetom 4.24 ir progres\u012bvs, dab\u012bgs probiotikas l\u012bdzeklis, kas veicina zarnu floras l\u012bdzsvaru, uzlabo gremo\u0161anu un stiprina im\u016bnsist\u0113mu. Galven\u0101 akt\u012bv\u0101 viela ir bakt\u0113rija *Bacillus amyloliquefaciens*, kas galvenok\u0101rt labv\u0113l\u012bgi ietekm\u0113 tievo zarnu darb\u012bbu.<\/p>\n<h2>K\u0101 tas pal\u012bdz?<\/h2>\n<p>* Atbalsta vesel\u012bgas zarnu floras att\u012bst\u012bbu<br \/>\n* veicina uzturvielu (piem\u0113ram, dzelzs, kalcija, olbaltumvielu, tauku, og\u013chidr\u0101tu) uzs\u016bk\u0161anos.<br \/>\n* Pal\u012bdz **izvad\u012bt toks\u012bnus no organisma<br \/>\n* Nostiprina im\u016bnsist\u0113mu, tai ir pretv\u012brusu, antibakteri\u0101la un prets\u0113n\u012b\u0161u iedarb\u012bba.<br \/>\n* Veicina \u0161\u016bnu re\u0123ener\u0101ciju, var samazin\u0101t kait\u012bgo \u0161\u016bnu prolifer\u0101ciju.<br \/>\n* Stabiliz\u0113 gremo\u0161anas sist\u0113mas vielmai\u0146u un sk\u0101bes l\u012bdzsvaru<br \/>\n* Uzlabo citu z\u0101\u013cu iedarb\u012bbu, samazinot to blakuspar\u0101d\u012bbas.<\/p>\n<h2>Ieguvumi:<\/h2>\n<p>\u2705 Bez blakuspar\u0101d\u012bb\u0101m<br \/>\n\u2705 Var izmantot jebkur\u0101 vecum\u0101<br \/>\n\u2705 Neizraisa pieradumu<br \/>\n\u2705 P\u0101rdoz\u0113\u0161ana nav iesp\u0113jama<\/p>\n<h2>Ieteicam\u0101s devas:<\/h2>\n<p>*Papildus pieaugu\u0161ajiem un b\u0113rniem: pirm\u0101s dienas ieteicams lietot 2 pilienus, p\u0113c tam devu var pak\u0101peniski palielin\u0101t l\u012bdz 4-6 pilieniem. Lieto\u0161anas laik\u0101 nov\u0113rojiet organisma reakcijas.<br \/>\n*parast\u0101m slim\u012bb\u0101m: 10 pilieni dien\u0101 10 dienas.<br \/>\n* Proced\u016bru var atk\u0101rtot p\u0113c 1-2 ned\u0113\u013c\u0101m<br \/>\n* Lai nodro\u0161in\u0101tu pilnv\u0113rt\u012bgu zarnu darb\u012bbas atbalstu, ieteicams laiku pa laikam p\u0101rmai\u0146us lietot citus Vetom produktus (piem\u0113ram, Vetom 1.23, 2.25, 3.22).<\/p>\n<h2>\nSvar\u012bgi:<\/h2>\n<p>To nedr\u012bkst lietot kop\u0101 ar citiem peror\u0101liem probioti\u0137iem vai antibiotik\u0101m, \u012bpa\u0161i sulfanilam\u012bdiem, pretv\u0113\u017ea l\u012bdzek\u013ciem.<\/p>\n<h2>Sast\u0101vda\u013cas:<\/h2>\n<p>* Bacillus amyloliquefaciens (VKPM B-10643 \/ DSM 24615) ferment\u0113ts kukur\u016bzas ekstrakts<br \/>\n* N\u0101trija hlor\u012bds<br \/>\n* Viveware<\/p>\n<h2>Izsnieg\u0161ana:<\/h2>\n<p>* 10 ml pilin\u0101t\u0101ja pudel\u012bte vai plastmasas pudel\u012bte<br \/>\n* Var satur\u0113t dabiskus nogulsnes, kas nav kvalit\u0101tes defekts.<\/p>\n<h2>K\u00fcllem:<\/h2>\n<p>Gai\u0161i dzelten\u012bgi br\u016bns \u0161\u0137idrums ar rakstur\u012bgu smar\u017eu<\/p>\n<p>*Svars: 0,02 kg<br \/>\n*Izm\u0113ri: 3 \u00d7 3 \u00d7 7 cm<br \/>\n* Pieg\u0101de: Krievija<\/p>\n<h2>Uzglab\u0101\u0161anas inform\u0101cija:<\/h2>\n<p>*Glab\u0101\u0161ana: 0-10 \u00b0C temperat\u016br\u0101 pie relat\u012bv\u0101 mitruma l\u012bdz 75%<br \/>\n*Saglab\u0101\u0161ana un pagaidu glab\u0101\u0161ana: 10-30 \u00b0C<br \/>\n*p\u0113c izjauk\u0161anas: uzglab\u0101t ledusskap\u012b (0-10 \u00b0C).<\/p>","protected":false},"excerpt":{"rendered":"<h5>Piesakies vietn\u0113<\/h5>\n<p>A <strong>Vetom<\/strong> <span style=\"color: red; font-weight: 800;\">4.24<\/span> izmanto k\u0101 papildu probiotisko mikroorganismu avotu, lai uzlabotu cilv\u0113ka organisma vesel\u012bbu. Sp\u0113c\u012bg\u0101 iedarb\u012bba <strong>Bacillus myloliquefaciens<\/strong>, kas ra\u017eo proteol\u012btiskos, amilol\u012btiskos, celulol\u012btiskos fermentus un citas biolo\u0123iski akt\u012bvas vielas, galvenok\u0101rt vairojoties tievaj\u0101s zarn\u0101s.<\/p>\n<div class=\"plashka\">\u0160\u012b procesa rezult\u0101t\u0101 zarnu trakta bakt\u0113riju popul\u0101cija tiek p\u0101rveidota, l\u012bdz t\u0101 k\u013c\u016bst identiska evol\u016bcijas normai, zarnu sieni\u0146as tiek att\u012br\u012btas no nesagremojam\u0101m p\u0101rtikas atliek\u0101m, kas veicina akt\u012bvu toksisko vielu izvad\u012b\u0161anu no organisma un netrauc\u0113tu biolo\u0123iski akt\u012bvo vielu un uzturvielu transport\u0113\u0161anu.<\/div>\n<p>A <strong>Vetom<\/strong> <span style=\"color: red; font-weight: 800;\">4.24<\/span> normaliz\u0113 dzelzs, kalcija, tauku, olbaltumvielu, og\u013chidr\u0101tu, triglicer\u012bdu, aminosk\u0101bju, dipeptidu, \u017eults s\u0101\u013cu gremo\u0161anu, uzs\u016bk\u0161anos un vielmai\u0146u, k\u0101 ar\u012b normaliz\u0113 gremo\u0161anas trakta sk\u0101bo vidi.<\/p>\n<div class=\"plashka\">A <strong>Vetom<\/strong> <span style=\"color: red; font-weight: 800;\">4.24<\/span> lieto\u0161ana pal\u012bdz organismam saglab\u0101t vesel\u012bbu.<\/div>\n<p>A <strong>Vetom<\/strong> <span style=\"color: red; font-weight: 800;\">4.24<\/span> palielina z\u0101\u013cu efektivit\u0101ti un samazina to negat\u012bvo blakusiedarb\u012bbu uz cilv\u0113ka organismu.<\/p>\n<h6>Funkcijas:<\/h6>\n<ul class=\"vetom-list\">\n<li>Tam piem\u012bt augsta antagonistisk\u0101 aktivit\u0101te pret patog\u0113n\u0101m un nosac\u012bti patog\u0113n\u0101m s\u0113n\u012bt\u0113m un bakt\u0113rij\u0101m, pretv\u012brusu, proteol\u012btiskas, aminol\u012btiskas un celulol\u012btiskas \u012bpa\u0161\u012bbas.<\/li>\n<li>stimul\u0113 \u0161\u016bnu un humor\u0101los imunit\u0101tes faktorus.<\/li>\n<li>palielina organisma nespecifisko pretest\u012bbu<\/li>\n<li>stabiliz\u0113 aler\u0123isko rezistenci<\/li>\n<li>normaliz\u0113 vielmai\u0146u<\/li>\n<li>stimul\u0113 re\u0123ener\u0101cijas procesus, uzbr\u016bkot un izn\u012bcinot v\u0113\u017ea un slim\u0101s \u0161\u016bnas.<\/li>\n<\/ul>","protected":false},"featured_media":6614,"comment_status":"open","ping_status":"closed","template":"","meta":[],"product_brand":[],"product_cat":[22],"product_tag":[],"class_list":{"0":"post-455","1":"product","2":"type-product","3":"status-publish","4":"has-post-thumbnail","6":"product_cat-vetom-probiotikumok","8":"first","9":"instock","10":"featured","11":"taxable","12":"shipping-taxable","13":"purchasable","14":"product-type-simple"},"_links":{"self":[{"href":"https:\/\/vetomshop.hu\/lv\/wp-json\/wp\/v2\/product\/455","targetHints":{"allow":["GET"]}}],"collection":[{"href":"https:\/\/vetomshop.hu\/lv\/wp-json\/wp\/v2\/product"}],"about":[{"href":"https:\/\/vetomshop.hu\/lv\/wp-json\/wp\/v2\/types\/product"}],"replies":[{"embeddable":true,"href":"https:\/\/vetomshop.hu\/lv\/wp-json\/wp\/v2\/comments?post=455"}],"wp:featuredmedia":[{"embeddable":true,"href":"https:\/\/vetomshop.hu\/lv\/wp-json\/wp\/v2\/media\/6614"}],"wp:attachment":[{"href":"https:\/\/vetomshop.hu\/lv\/wp-json\/wp\/v2\/media?parent=455"}],"wp:term":[{"taxonomy":"product_brand","embeddable":true,"href":"https:\/\/vetomshop.hu\/lv\/wp-json\/wp\/v2\/product_brand?post=455"},{"taxonomy":"product_cat","embeddable":true,"href":"https:\/\/vetomshop.hu\/lv\/wp-json\/wp\/v2\/product_cat?post=455"},{"taxonomy":"product_tag","embeddable":true,"href":"https:\/\/vetomshop.hu\/lv\/wp-json\/wp\/v2\/product_tag?post=455"}],"curies":[{"name":"wp","href":"https:\/\/api.w.org\/{rel}","templated":true}]}}