{"id":4664,"date":"2023-11-11T14:33:45","date_gmt":"2023-11-11T13:33:45","guid":{"rendered":"https:\/\/vetomshop.hu\/termek\/aphrodita-medal\/"},"modified":"2023-11-11T14:33:45","modified_gmt":"2023-11-11T13:33:45","slug":"aphrodita-medal","status":"publish","type":"product","link":"https:\/\/vetomshop.hu\/lv\/products\/aphrodita-medal\/","title":{"rendered":"Afrod\u012btes kulons"},"content":{"rendered":"<p><strong>Afrod\u012btes kulons<\/strong><\/p>\n<p>Pateicoties BioTrEM tehnolo\u0123ijai, tagad ir iesp\u0113jams uz \u012bpa\u0161a krist\u0101la izveidot specifisku spektr\u0101lo rakstu. Kad patva\u013c\u012bgi ener\u0123ijas kvanti - pat siltums - saskaras ar krist\u0101la virsmu, \u0123enerators izstaro \u0101rk\u0101rt\u012bgi v\u0101jus uz t\u0101 ierakst\u012bt\u0101 spektr\u0101l\u0101 raksta sign\u0101lus.<br \/>\nSavuk\u0101rt piekari\u0146a elektromagn\u0113tiskais starojums mijiedarbojas ar dz\u012bvo organismu.<\/p>\n<div class=\"su-spoiler su-spoiler-style-defoult su-spoiler-icon-caret su-spoiler-closed\" data-scroll-offset=\"0\" data-anchor-in-url=\"no\"><div class=\"su-spoiler-title\" tabindex=\"0\" role=\"button\"><span class=\"su-spoiler-icon\"><\/span>Visi<\/div><div class=\"su-spoiler-content su-u-clearfix su-u-trim\">\n<p>\u0100rk\u0101rt\u012bgi v\u0101j\u0101s APHRODITE kulona paz\u012bmes stimul\u0113 sievie\u0161u feromonu sint\u0113zi, sievie\u0161u \u0137erme\u0146a \u012bpa\u0161ie dziedzeri intens\u012bv\u0101k ra\u017eo feromonus, androstenolu un kopul\u012bnu. Jo vair\u0101k feromonu ra\u017eo sieviete, jo seksu\u0101li pievilc\u012bg\u0101ka vi\u0146a ir v\u012brie\u0161iem. Androstenols rosina citus komunic\u0113t un liek citiem uztvert j\u016bs k\u0101 jaun\u0101ku.<\/p>\n<p>Kopul\u012bns ir sievie\u0161u hormons, kas nosaka seksu\u0101lo pievilc\u012bbu.<\/p>\n<p>Lietojot APHRODITE piekari\u0146u, tiek palielin\u0101ta sievie\u0161u feromonu (androstenola un kopul\u012bna) ra\u017eo\u0161ana, kas savuk\u0101rt palielina feromonu ra\u017eo\u0161anu:<\/p>\n<ul>\n<li>piesaist\u012bt v\u012brie\u0161u uzman\u012bbu,<\/li>\n<li>izraisa l\u012bdzj\u016bt\u012bbu,<\/li>\n<li>viegl\u0101k iepaz\u012bt,<\/li>\n<li>g\u016bt liel\u0101kus biznesa pan\u0101kumus, ieg\u016bt liel\u0101ku p\u0101rliec\u012bbu,<\/li>\n<li>vi\u0146i rada savam partnerim \u201evien\u012bgo un neatvair\u0101mo personu\u201d.<\/li>\n<\/ul>\n<p>Androstenols pa\u0101trina simp\u0101tiju att\u012bst\u012bbu, atmodina draudz\u012bbas saj\u016btu sarunu biedr\u0101, rada romantiskas j\u016btas, rada jaun\u012bbas un uzmundrin\u0101juma auru, neatkar\u012bgi no t\u0101, cik vecs esat!<\/p>\n<\/div><\/div>","protected":false},"excerpt":{"rendered":"<p>Aphrodita med\u00e1l A BioTrEM-technol\u00f3gi\u00e1nak k\u00f6sz\u00f6nhet\u0151en lehets\u00e9gess\u00e9 v\u00e1lt l\u00e9trehozni a speci\u00e1lis krist\u00e1lyon egy adott term\u00e9szet\u0171 spektr\u00e1lis mint\u00e1t. Amikor tetsz\u0151leges energiakvantumok \u2013 ak\u00e1r h\u0151 &#8211; \u00e9rintkezik a krist\u00e1ly fel\u00fclet\u00e9vel, a gener\u00e1tor a rajta r\u00f6gz\u00edtett spektr\u00e1lis minta extr\u00e9m gyenge jeleit bocs\u00e1jtja ki. Ek\u00f6zben a med\u00e1l elektrom\u00e1gneses sug\u00e1rz\u00e1sa k\u00f6lcs\u00f6nhat\u00e1sba ker\u00fcl az \u00e9l\u0151 szervezettel.<\/p>","protected":false},"featured_media":4663,"comment_status":"open","ping_status":"closed","template":"","meta":[],"product_brand":[],"product_cat":[33,32],"product_tag":[],"class_list":{"0":"post-4664","1":"product","2":"type-product","3":"status-publish","4":"has-post-thumbnail","6":"product_cat-egeszseg-medalok","7":"product_cat-triomed","9":"first","10":"instock","11":"taxable","12":"shipping-taxable","13":"purchasable","14":"product-type-simple"},"_links":{"self":[{"href":"https:\/\/vetomshop.hu\/lv\/wp-json\/wp\/v2\/product\/4664","targetHints":{"allow":["GET"]}}],"collection":[{"href":"https:\/\/vetomshop.hu\/lv\/wp-json\/wp\/v2\/product"}],"about":[{"href":"https:\/\/vetomshop.hu\/lv\/wp-json\/wp\/v2\/types\/product"}],"replies":[{"embeddable":true,"href":"https:\/\/vetomshop.hu\/lv\/wp-json\/wp\/v2\/comments?post=4664"}],"wp:featuredmedia":[{"embeddable":true,"href":"https:\/\/vetomshop.hu\/lv\/wp-json\/wp\/v2\/media\/4663"}],"wp:attachment":[{"href":"https:\/\/vetomshop.hu\/lv\/wp-json\/wp\/v2\/media?parent=4664"}],"wp:term":[{"taxonomy":"product_brand","embeddable":true,"href":"https:\/\/vetomshop.hu\/lv\/wp-json\/wp\/v2\/product_brand?post=4664"},{"taxonomy":"product_cat","embeddable":true,"href":"https:\/\/vetomshop.hu\/lv\/wp-json\/wp\/v2\/product_cat?post=4664"},{"taxonomy":"product_tag","embeddable":true,"href":"https:\/\/vetomshop.hu\/lv\/wp-json\/wp\/v2\/product_tag?post=4664"}],"curies":[{"name":"wp","href":"https:\/\/api.w.org\/{rel}","templated":true}]}}