{"id":4666,"date":"2023-11-11T14:33:45","date_gmt":"2023-11-11T13:33:45","guid":{"rendered":"https:\/\/vetomshop.hu\/termek\/alfa-medal\/"},"modified":"2023-11-11T14:33:45","modified_gmt":"2023-11-11T13:33:45","slug":"alfa-medal","status":"publish","type":"product","link":"https:\/\/vetomshop.hu\/lv\/products\/alfa-medal\/","title":{"rendered":"Alpha meda\u013ca"},"content":{"rendered":"<h4>ALFA Vesel\u012bbas meda\u013ca<\/h4>\n<p><strong>Galven\u0101s funkcijas:<\/strong><\/p>\n<p>Tas ir papildu l\u012bdzeklis psihisk\u0101s un emocion\u0101l\u0101s sf\u0113ras funkcion\u0113\u0161anas normaliz\u0113\u0161anai, uzlabo garast\u0101vokli, motiv\u0101ciju un r\u012bc\u012bbsp\u0113ju, mazina psihisk\u0101 un emocion\u0101l\u0101 stresa negat\u012bvo ietekmi.<\/p>\n<p><strong>\u012ass apraksts:<\/strong><\/p>\n<p>ALFA Vesel\u012bbas medaljon\u0101 ierakst\u012btais inform\u0101cijas sign\u0101ls atbilst centra elektromagn\u0113tiskajai vibr\u0101cijai, kas regul\u0113 psihisko un emocion\u0101lo sf\u0113ru.<br \/>\nIr labi zin\u0101ms, ka cilv\u0113ka emocion\u0101lo st\u0101vokli, kas ir atkar\u012bgs no vair\u0101kiem \u0101r\u0113jiem un iek\u0161\u0113jiem faktoriem, regul\u0113 centr\u0101l\u0101 nervu sist\u0113ma.<\/p>\n<div class=\"su-spoiler su-spoiler-style-defoult su-spoiler-icon-caret su-spoiler-closed\" data-scroll-offset=\"0\" data-anchor-in-url=\"no\"><div class=\"su-spoiler-title\" tabindex=\"0\" role=\"button\"><span class=\"su-spoiler-icon\"><\/span>Visi<\/div><div class=\"su-spoiler-content su-u-clearfix su-u-trim\">\nPirm\u0101s stresa paz\u012bmes ir emocion\u0101la spriedze, bailes, trauksme, uzbudin\u0101jums un paaugstin\u0101ta aizkaitin\u0101m\u012bba. Tas var izrais\u012bt miega trauc\u0113jumus, k\u0101 rezult\u0101t\u0101 rodas nogurums, visp\u0101r\u0113js garast\u0101voklis un kognit\u012bvo funkciju (atmi\u0146as, uzman\u012bbas, dom\u0101\u0161anas) trauc\u0113jumi.<\/p>\n<p>Ilgsto\u0161i psiholo\u0123iski un emocion\u0101li trauc\u0113jumi negat\u012bvi ietekm\u0113 visp\u0101r\u0113jo organisma st\u0101vokli un reaktivit\u0101ti. Cilv\u0113ki, kuri izj\u016bt hronisku psiholo\u0123isku un emocion\u0101lu stresu, bie\u017e\u0101k slimo ar saaukst\u0113\u0161anos, iepriek\u0161 eso\u0161u hronisku slim\u012bbu (sirds i\u0161\u0113misk\u0101 slim\u012bba, aizku\u0146\u0123a dziedzera slim\u012bbas, cist\u012bts, pielonefr\u012bts, adneks\u012bts, prostat\u012bts u. c.) recid\u012bvu.<\/p>\n<p>Stresa faktori ir c\u0113lonis klasisk\u0101m psihosomatisk\u0101m slim\u012bb\u0101m, piem\u0113ram, hipertensijai, bronhi\u0101lajai astmai, ku\u0146\u0123a \u010d\u016blai, divpadsmitpirkstu zarnas \u010d\u016blai, aler\u0123isk\u0101m \u0101das slim\u012bb\u0101m (ekz\u0113ma, neiroderm\u012bts) un cit\u0101m, tostarp redzes un dzirdes trauc\u0113jumiem.<\/p>\n<p><strong>Kad izmantot ALFA Vesel\u012bbas meda\u013cu?<\/strong><\/p>\n<p>Ier\u012bcei ir pozit\u012bva ietekme uz \u0137erme\u0146a funkcion\u0101lo darb\u012bbu. To var izmantot k\u0101 optimiz\u0113jo\u0161u un kori\u0123\u0113jo\u0161u ier\u012bci kombin\u0101cij\u0101 ar cit\u0101m metod\u0113m slim\u012bbu profilaksei un \u0101rst\u0113\u0161anai:<\/p>\n<ul>\n<li>uzbudin\u0101jums, neurast\u0113nija, adapt\u0101cijas probl\u0113mas, ko papildina disharmonisks emocion\u0101lais st\u0101voklis,<\/li>\n<li>nervu sist\u0113mas funkcion\u0101lie trauc\u0113jumi, ko pavada gar\u012bgs nogurums, aizkaitin\u0101m\u012bba, dom\u0101\u0161anas pal\u0113nin\u0101\u0161an\u0101s un kvalit\u0101tes zudums,<\/li>\n<li>bezmiegs, ko izraisa panikas l\u0113kmes,<\/li>\n<li>psihosomatisko slim\u012bbu (bronhi\u0101l\u0101 astma, jut\u012bgas zarnu trakta sindroms, sirds i\u0161\u0113misk\u0101 slim\u012bba, hipertensija, \u0101das un citas slim\u012bbas) s\u0101kumstadij\u0101 un recid\u012bva stadij\u0101,<\/li>\n<li>hroniska psiholo\u0123iska un emocion\u0101la stresa simptomi.<\/li>\n<\/ul>\n<p>Uzman\u012bbu, svar\u012bgi!<\/p>\n<p>Konsult\u0113jieties ar \u0101rstu, ja Jums ir izteikti pasliktin\u0101jies garast\u0101voklis, emocion\u0101la nestabilit\u0101te un aizkaitin\u0101m\u012bba, ilgsto\u0161s bezmiegs, kas nep\u0101riet. Papildus noz\u012bm\u0113tajai \u0101rst\u0113\u0161anai paral\u0113li lietojiet ALFA Vesel\u012bbas meda\u013cu, lai stiprin\u0101tu \u0101rst\u0113\u0161anas efektivit\u0101ti un organisma rehabilit\u0101cijas sp\u0113jas.<br \/>\n<\/div><\/div>","protected":false},"excerpt":{"rendered":"<p>ALFA Eg\u00e9szs\u00e9g Med\u00e1l F\u0151 funkci\u00f3i: Kieg\u00e9sz\u00edt\u0151 eszk\u00f6z a pszich\u00e9s \u00e9s \u00e9rzelmi szf\u00e9ra m\u0171k\u00f6d\u00e9s\u00e9nek normaliz\u00e1l\u00e1s\u00e1ra, hangulatjav\u00edt\u00f3, motiv\u00e1ci\u00f3 \u00e9s cselekv\u0151k\u00e9pess\u00e9g n\u00f6vel\u0151, cs\u00f6kkenti a pszich\u00e9s \u00e9s \u00e9rzelmi stressz \u00e1ldatlan hat\u00e1sait. R\u00f6vid ismertet\u0151: Az inform\u00e1ci\u00f3s jel, mely az ALFA Eg\u00e9szs\u00e9g Med\u00e1lra r\u00f6gz\u00edt\u00e9sre ker\u00fclt, megfelel a pszich\u00e9s \u00e9s \u00e9rzelmi szf\u00e9r\u00e1kat szab\u00e1lyoz\u00f3 k\u00f6zpont elektrom\u00e1gneses rezg\u00e9s\u00e9nek. K\u00f6ztudott, hogy az ember \u00e9rzelmi \u00e1llapota, [&hellip;]<\/p>\n","protected":false},"featured_media":4665,"comment_status":"open","ping_status":"closed","template":"","meta":[],"product_brand":[],"product_cat":[33,32],"product_tag":[],"class_list":{"0":"post-4666","1":"product","2":"type-product","3":"status-publish","4":"has-post-thumbnail","6":"product_cat-egeszseg-medalok","7":"product_cat-triomed","9":"first","10":"instock","11":"taxable","12":"shipping-taxable","13":"purchasable","14":"product-type-simple"},"_links":{"self":[{"href":"https:\/\/vetomshop.hu\/lv\/wp-json\/wp\/v2\/product\/4666","targetHints":{"allow":["GET"]}}],"collection":[{"href":"https:\/\/vetomshop.hu\/lv\/wp-json\/wp\/v2\/product"}],"about":[{"href":"https:\/\/vetomshop.hu\/lv\/wp-json\/wp\/v2\/types\/product"}],"replies":[{"embeddable":true,"href":"https:\/\/vetomshop.hu\/lv\/wp-json\/wp\/v2\/comments?post=4666"}],"wp:featuredmedia":[{"embeddable":true,"href":"https:\/\/vetomshop.hu\/lv\/wp-json\/wp\/v2\/media\/4665"}],"wp:attachment":[{"href":"https:\/\/vetomshop.hu\/lv\/wp-json\/wp\/v2\/media?parent=4666"}],"wp:term":[{"taxonomy":"product_brand","embeddable":true,"href":"https:\/\/vetomshop.hu\/lv\/wp-json\/wp\/v2\/product_brand?post=4666"},{"taxonomy":"product_cat","embeddable":true,"href":"https:\/\/vetomshop.hu\/lv\/wp-json\/wp\/v2\/product_cat?post=4666"},{"taxonomy":"product_tag","embeddable":true,"href":"https:\/\/vetomshop.hu\/lv\/wp-json\/wp\/v2\/product_tag?post=4666"}],"curies":[{"name":"wp","href":"https:\/\/api.w.org\/{rel}","templated":true}]}}