{"id":4668,"date":"2023-11-11T14:33:46","date_gmt":"2023-11-11T13:33:46","guid":{"rendered":"https:\/\/vetomshop.hu\/termek\/ambrozia-medal\/"},"modified":"2023-11-11T14:33:46","modified_gmt":"2023-11-11T13:33:46","slug":"ambrozia-medal","status":"publish","type":"product","link":"https:\/\/vetomshop.hu\/lv\/products\/ambrozia-medal\/","title":{"rendered":"Ambrozijas meda\u013ca"},"content":{"rendered":"<h4>Ambrozijas meda\u013ca<\/h4>\n<p>P\u012bl\u0101d\u017eu ambrozija jeb vienk\u0101r\u0161i ambrozija (Ambrosia artemisiifolia), k\u013c\u016bdaini saukta par savva\u013cas ka\u0146ep\u0113m, ir Asteraceae dzimtas, Helianthinae cilts nez\u0101\u013cu suga. Katru gadu Ung\u0101rijas aramzem\u0113s un cit\u0101s trauc\u0113t\u0101s plat\u012bb\u0101s t\u0101 sastopama liel\u0101 daudzum\u0101.<\/p>\n<p>T\u0101 ir viena no m\u016bsu vispaz\u012bstam\u0101kaj\u0101m un pretrun\u012bg\u0101kaj\u0101m nez\u0101l\u0113m: da\u017ei cilv\u0113ki to atz\u012bst tikai t\u0101s slikto, aler\u0123isko \u012bpa\u0161\u012bbu d\u0113\u013c, bet citi to ciena k\u0101 \u0101rstniec\u012bbas augu un regul\u0101ri lieto uztur\u0101.<\/p>\n<div class=\"su-spoiler su-spoiler-style-defoult su-spoiler-icon-caret su-spoiler-closed\" data-scroll-offset=\"0\" data-anchor-in-url=\"no\"><div class=\"su-spoiler-title\" tabindex=\"0\" role=\"button\"><span class=\"su-spoiler-icon\"><\/span>Visi<\/div><div class=\"su-spoiler-content su-u-clearfix su-u-trim\">\nK\u0101p\u0113c \u0161is augs da\u017eiem cilv\u0113kiem izraisa aler\u0123ijas simptomus? Viens ir skaidrs: lauksaimniekiem nekad nav bijusi aler\u0123ija pret ziedputek\u0161\u0146iem vai ambroziju. Iesp\u0113jams, uz skaidru atbildi b\u016bs j\u0101gaida gadu desmitiem, ta\u010du nepat\u012bkamie aler\u0123ijas simptomi var atgriezties gadu no gada, un b\u016btu labi atrast risin\u0101jumu. Kam\u0113r nezin\u0101m atbildes uz \u0161iem jaut\u0101jumiem, atcer\u0113simies naturop\u0101tijas postul\u0101tu: iz\u0101rst\u0113 su\u0146a kodumu ar su\u0146a matiem, t. i., iz\u0101rst\u0113 sevi ar to, kas tevi saslimis. Ambrozijas medaljon\u0101 ir iem\u016b\u017ein\u0101ts dz\u012bv\u0101s ambrozijas elektromagn\u0113tiskais spektrs, izmantojot \u012bpa\u0161u BioTrEm tehnolo\u0123iju.<br \/>\n<\/div><\/div>","protected":false},"excerpt":{"rendered":"<p>Ambr\u00f3zia Med\u00e1l Az \u00fcr\u00f6mlevel\u0171 parlagf\u0171, vagy egyszer\u0171en parlagf\u0171 (Ambrosia artemisiifolia), t\u00e9vesen vadkender a f\u00e9szkesek (Asteraceae) csal\u00e1dj\u00e1ba tartozik, annak Helianthinae tribusz\u00e1ba tartoz\u00f3 gyomn\u00f6v\u00e9nyfaj. A parlagf\u0171 Magyarorsz\u00e1g sz\u00e1nt\u00f3f\u00f6ldjein \u00e9s egy\u00e9b bolygatott ter\u00fcletein \u00e9vr\u0151l \u00e9vre \u00f3ri\u00e1si sz\u00e1mban jelenik meg. Egyik legismertebb \u00e9s legellentmond\u00e1sosabb meg\u00edt\u00e9l\u00e9s\u0171 gyomn\u00f6v\u00e9ny\u00fcnk: vannak, akik kiz\u00e1r\u00f3lag rossz, allergiz\u00e1l\u00f3 tulajdons\u00e1gait ismerik el, \u00e9s vannak, akik gy\u00f3gyn\u00f6v\u00e9nyk\u00e9nt tisztelik, [&hellip;]<\/p>\n","protected":false},"featured_media":4667,"comment_status":"open","ping_status":"closed","template":"","meta":[],"product_brand":[],"product_cat":[33,32],"product_tag":[],"class_list":{"0":"post-4668","1":"product","2":"type-product","3":"status-publish","4":"has-post-thumbnail","6":"product_cat-egeszseg-medalok","7":"product_cat-triomed","9":"first","10":"instock","11":"taxable","12":"shipping-taxable","13":"purchasable","14":"product-type-simple"},"_links":{"self":[{"href":"https:\/\/vetomshop.hu\/lv\/wp-json\/wp\/v2\/product\/4668","targetHints":{"allow":["GET"]}}],"collection":[{"href":"https:\/\/vetomshop.hu\/lv\/wp-json\/wp\/v2\/product"}],"about":[{"href":"https:\/\/vetomshop.hu\/lv\/wp-json\/wp\/v2\/types\/product"}],"replies":[{"embeddable":true,"href":"https:\/\/vetomshop.hu\/lv\/wp-json\/wp\/v2\/comments?post=4668"}],"wp:featuredmedia":[{"embeddable":true,"href":"https:\/\/vetomshop.hu\/lv\/wp-json\/wp\/v2\/media\/4667"}],"wp:attachment":[{"href":"https:\/\/vetomshop.hu\/lv\/wp-json\/wp\/v2\/media?parent=4668"}],"wp:term":[{"taxonomy":"product_brand","embeddable":true,"href":"https:\/\/vetomshop.hu\/lv\/wp-json\/wp\/v2\/product_brand?post=4668"},{"taxonomy":"product_cat","embeddable":true,"href":"https:\/\/vetomshop.hu\/lv\/wp-json\/wp\/v2\/product_cat?post=4668"},{"taxonomy":"product_tag","embeddable":true,"href":"https:\/\/vetomshop.hu\/lv\/wp-json\/wp\/v2\/product_tag?post=4668"}],"curies":[{"name":"wp","href":"https:\/\/api.w.org\/{rel}","templated":true}]}}