{"id":4670,"date":"2023-11-11T14:33:46","date_gmt":"2023-11-11T13:33:46","guid":{"rendered":"https:\/\/vetomshop.hu\/termek\/antivir-medal\/"},"modified":"2023-11-11T14:33:46","modified_gmt":"2023-11-11T13:33:46","slug":"antivir-medal","status":"publish","type":"product","link":"https:\/\/vetomshop.hu\/lv\/products\/antivir-medal\/","title":{"rendered":"Antiv\u012brusa meda\u013ca"},"content":{"rendered":"<h4>Antiv\u012brusa meda\u013ca<\/h4>\n<p>Gripa ir gripas v\u012brusa izrais\u012bta slim\u012bba, ko vienm\u0113r izraisa gripas v\u012brusa veids. A un B gripas v\u012brusu tipi ir divi gripas v\u012brusu tipi, kas var izrais\u012bt masveida saslim\u0161anu. A v\u012brusus var iedal\u012bt apak\u0161tipos, pamatojoties uz to virsmas olbaltumviel\u0101m (hemaglutin\u012bnu - H un neiraminid\u0101zi - N), no kuriem H1N1 un H3N2 v\u012brusi kop\u0161 1977. gada ir visizplat\u012bt\u0101kie. B v\u012brusi ret\u0101k izraisa smagas slim\u012bbas. Gripas v\u012brusi strauji main\u0101s un mut\u0113, radot jaunus apak\u0161tipus. Aizsardz\u012bba pret vienu apak\u0161tipu nodro\u0161ina nelielu aizsardz\u012bbu pret otru apak\u0161tipu vai nenodro\u0161ina nek\u0101du aizsardz\u012bbu pret to, kas izskaidro sezon\u0101l\u0101s epid\u0113mijas, kuras notiek katru gadu, parasti ziem\u0101.<\/p>\n<div class=\"su-spoiler su-spoiler-style-defoult su-spoiler-icon-caret su-spoiler-closed\" data-scroll-offset=\"0\" data-anchor-in-url=\"no\"><div class=\"su-spoiler-title\" tabindex=\"0\" role=\"button\"><span class=\"su-spoiler-icon\"><\/span>Visi<\/div><div class=\"su-spoiler-content su-u-clearfix su-u-trim\">\n<p>Gripas simptomi ir t\u0101di pa\u0161i k\u0101 saaukst\u0113\u0161an\u0101s, ta\u010du slim\u012bba ir smag\u0101ka. T\u0101 parasti ir saist\u012bta ar augstu temperat\u016bru, galvass\u0101p\u0113m, musku\u013cu s\u0101p\u0113m, sausu klepu, letar\u0123iju un nesp\u0113ku. Reti sastopams iekaisis kakls, un tikai 30-50% gad\u012bjumos ir iesnas, deguna aizliktnis. Komplik\u0101cijas ir \u012bpa\u0161i b\u012bstamas maziem b\u0113rniem, gados vec\u0101kiem cilv\u0113kiem un cilv\u0113kiem ar hronisk\u0101m slim\u012bb\u0101m.<\/p>\n<p>T\u0101p\u0113c ir svar\u012bgi palielin\u0101t organisma pretest\u012bbu.<\/p>\n<p><strong>Kam tas ir ieteicams?<\/strong><\/p>\n<ul>\n<li>Visiem, kas v\u0113las uzlabot savu notur\u012bbu,<\/li>\n<li>kuri ir gripas v\u012brusa riska grup\u0101,<\/li>\n<li>kuri daudz ce\u013co pa pasauli vai izmanto sabiedrisko transportu,<\/li>\n<li>vi\u0146i past\u0101v\u012bgi str\u0101d\u0101 ar cilv\u0113kiem sabiedr\u012bb\u0101.<\/li>\n<\/ul>\n<p><strong>Uzman\u012bbu, svar\u012bgi!<\/strong><\/p>\n<p>Ja Jums ir gripas v\u012brusa infekcija, slim\u012bba, drudzis vai ja j\u016btaties slikti, v\u0113rsieties p\u0113c medic\u012bniskas konsult\u0101cijas. Lietojiet Triomed Antiviral Medal kop\u0101 ar noz\u012bm\u0113to \u0101rst\u0113\u0161anu.<br \/>\nB\u0113rniem l\u012bdz 6 gadu vecumam dr\u012bkst lietot tikai vec\u0101ku uzraudz\u012bb\u0101!<\/p>\n<\/div><\/div>","protected":false},"excerpt":{"rendered":"<p>Antivir Med\u00e1l Az influenza v\u00edrus okozta betegs\u00e9g, k\u00f3rokoz\u00f3ja mindig az influenza v\u00edrus valamelyik fajt\u00e1ja. Az influenza A \u00e9s B az a k\u00e9t t\u00edpusa az influenza v\u00edrusoknak, amely nagysz\u00e1mbanbeteg\u00edthet meg embereket. Az A v\u00edrusokat a fel\u00fclet\u00fck\u00f6n elhelyezked\u0151 feh\u00e9rj\u00e9k (a haemaglutinin -H \u00e9s a neuraminidase \u2013 N) alapj\u00e1n alt\u00edpusokra lehet bontani, ezek k\u00f6z\u00fcl 1977 \u00f3ta t\u00f6bbnyire a [&hellip;]<\/p>\n","protected":false},"featured_media":4669,"comment_status":"open","ping_status":"closed","template":"","meta":[],"product_brand":[],"product_cat":[33,32],"product_tag":[],"class_list":{"0":"post-4670","1":"product","2":"type-product","3":"status-publish","4":"has-post-thumbnail","6":"product_cat-egeszseg-medalok","7":"product_cat-triomed","9":"first","10":"instock","11":"taxable","12":"shipping-taxable","13":"purchasable","14":"product-type-simple"},"_links":{"self":[{"href":"https:\/\/vetomshop.hu\/lv\/wp-json\/wp\/v2\/product\/4670","targetHints":{"allow":["GET"]}}],"collection":[{"href":"https:\/\/vetomshop.hu\/lv\/wp-json\/wp\/v2\/product"}],"about":[{"href":"https:\/\/vetomshop.hu\/lv\/wp-json\/wp\/v2\/types\/product"}],"replies":[{"embeddable":true,"href":"https:\/\/vetomshop.hu\/lv\/wp-json\/wp\/v2\/comments?post=4670"}],"wp:featuredmedia":[{"embeddable":true,"href":"https:\/\/vetomshop.hu\/lv\/wp-json\/wp\/v2\/media\/4669"}],"wp:attachment":[{"href":"https:\/\/vetomshop.hu\/lv\/wp-json\/wp\/v2\/media?parent=4670"}],"wp:term":[{"taxonomy":"product_brand","embeddable":true,"href":"https:\/\/vetomshop.hu\/lv\/wp-json\/wp\/v2\/product_brand?post=4670"},{"taxonomy":"product_cat","embeddable":true,"href":"https:\/\/vetomshop.hu\/lv\/wp-json\/wp\/v2\/product_cat?post=4670"},{"taxonomy":"product_tag","embeddable":true,"href":"https:\/\/vetomshop.hu\/lv\/wp-json\/wp\/v2\/product_tag?post=4670"}],"curies":[{"name":"wp","href":"https:\/\/api.w.org\/{rel}","templated":true}]}}