{"id":4672,"date":"2023-11-11T14:33:46","date_gmt":"2023-11-11T13:33:46","guid":{"rendered":"https:\/\/vetomshop.hu\/termek\/aqua-medal\/"},"modified":"2023-11-11T14:33:46","modified_gmt":"2023-11-11T13:33:46","slug":"aqua-medal","status":"publish","type":"product","link":"https:\/\/vetomshop.hu\/lv\/products\/aqua-medal\/","title":{"rendered":"Aqua meda\u013ca"},"content":{"rendered":"<p><strong>Aqua meda\u013ca<\/strong> - dz\u012bv\u012bbu d\u0101v\u0101jo\u0161s \u016bdens ir dz\u012bv\u012bbu sp\u0113cino\u0161s, uzmundrino\u0161s, dz\u012bv\u012bbu uzturo\u0161s un dz\u012bv\u012bbu aktiviz\u0113jo\u0161s, atjaunojot dz\u012bv\u012bbas ener\u0123iju.<\/p>\n<p>Tie\u0161i t\u0101ds ir AQUA-BioTrEM autonom\u0101 inform\u0101cijas nes\u0113ja m\u0113r\u0137is. Pateicoties ekskluz\u012bvajai BioTrEM tehnolo\u0123ijai, ier\u012bces pusvad\u012bt\u0101j\u0101 ir iekod\u0113ta dinamiska rakstura inform\u0101cija, kas \u013cauj sasniegt uzskait\u012bto efektu. L\u012bdz\u012bga \u012bpa\u0161\u012bba piem\u012bt resursiem, kas diem\u017e\u0113l uz Zemes k\u013c\u016bst arvien ret\u0101ki un br\u012bnumain\u0101 k\u0101rt\u0101 saglab\u0101 savu t\u012br\u012bbu.<\/p>\n<div class=\"su-spoiler su-spoiler-style-defoult su-spoiler-icon-caret su-spoiler-closed\" data-scroll-offset=\"0\" data-anchor-in-url=\"no\"><div class=\"su-spoiler-title\" tabindex=\"0\" role=\"button\"><span class=\"su-spoiler-icon\"><\/span>Visi<\/div><div class=\"su-spoiler-content su-u-clearfix su-u-trim\">\n<p>Ier\u012bces izstr\u0101de bija nepiecie\u0161ama, \u0146emot v\u0113r\u0101 main\u012bgos laikmeta apst\u0101k\u013cus. P\u0113d\u0113jo gadu laik\u0101 vesel\u012bbas apr\u016bpes nozar\u0113 ba\u017eas rada saslimst\u012bbas un mirst\u012bbas pieaugums ne tikai b\u0113rnu un vec\u0101ka gadag\u0101juma cilv\u0113ku vid\u016b, bet ar\u012b str\u0101d\u0101jo\u0161o vid\u016b. Diem\u017e\u0113l m\u0113s esam liecinieki im\u016bnsist\u0113mas v\u0101jin\u0101\u0161anai un dz\u012bv\u012bbas ener\u0123ijas zudumam, kas ir b\u016btiska slim\u012bbu apkaro\u0161anai un rehabilit\u0101cijai. Citiem v\u0101rdiem sakot, programmas, kas nepiecie\u0161amas, lai piel\u0101gotos main\u012bgajai videi un pa\u0161atjauno\u0161an\u0101s procesam, ir boj\u0101tas vai reorganiz\u0113tas. Pieaugo\u0161\u0101s kosmofizik\u0101l\u0101s p\u0101rmai\u0146as prasa \u0101tru boj\u0101to adapt\u0101cijas un pa\u0161atjauno\u0161an\u0101s \u0123en\u0113tisko programmu re\u0123ener\u0101ciju un atjauno\u0161an\u0101s sp\u0113ju. Pret\u0113j\u0101 gad\u012bjum\u0101 var tikt apdraud\u0113ta indiv\u012bda un pat visas cilv\u0113ces izdz\u012bvo\u0161ana.<\/p>\n<p>\u016adens - dz\u012bv\u012bbas \u0161\u016bpulis, kas jau izsenis ir saglab\u0101jis dz\u012bv\u012bbas prim\u0101ro matricu un t\u0101s vari\u0101ciju orient\u0101ciju, rea\u0123\u0113jot uz vides ietekmi. \u016adens strauj\u0101k piel\u0101gojas un p\u0101rveidojas, rea\u0123\u0113jot uz vides ietekmi un pras\u012bb\u0101m, nek\u0101 biolo\u0123iskie organismi, biolo\u0123isk\u0101 vide. Zemes \u016bdens apvalks vienm\u0113r ir saglab\u0101jis s\u0101kotn\u0113j\u0101s pa\u0161regul\u0113jo\u0161\u0101s programmas un to realiz\u0101cijas potenci\u0101lu, kas mijiedarboj\u0101s ar organismu \u016bdens vidi, lai s\u0101ktu darboties. Taj\u0101 pa\u0161\u0101 laik\u0101 ekologi ir nov\u0113roju\u0161i, ka dabisko \u016bde\u0146u, kas baroja Zemes \u016bdens apvalku, struktur\u0101li-informat\u012bv\u0101s \u012bpa\u0161\u012bbas ir biju\u0161as apdraud\u0113tas. \u0160o boj\u0101jumu izrais\u012bja ne tikai kosmofizik\u0101l\u0101s p\u0101rmai\u0146as, bet ar\u012b cilv\u0113ka sugas destrukt\u012bv\u0101 darb\u012bba. Tas ir tas, kas ne\u013cauj notikt vit\u0101li svar\u012bg\u0101m evol\u016bcijas p\u0101rmai\u0146\u0101m, dz\u012bv\u012bbas turpin\u0101\u0161anai uz Zemes.<\/p>\n<p>AQUA inform\u0101cijas nes\u0113ja sare\u017e\u0123\u012btais daudzplak\u0146u lauks ir veidots k\u0101 atskaites punkts, lai piel\u0101gotos jaun\u0101m augstfrekvences izmai\u0146\u0101m vid\u0113 un iedarbin\u0101tu nepiecie\u0161am\u0101s programmas p\u0101rejai caur \u016bdeni. Ier\u012bce struktur\u0113 \u016bdens lauku, un \u016bdens, rezon\u0113jot ar organisma \u016bdens vidi (asinis, limfa, limfa, starp\u0161\u016bnu \u0161\u0137idrums, \u0161\u016bnu \u0161\u0137idrums), struktur\u0113 to \u201ep\u0113c sava t\u0113la\u201d. Tikl\u012bdz iek\u0161\u0113j\u0101 \u016bdens regularit\u0101te paaugstin\u0101s virs 60%, tiek iedarbin\u0101ta organisma pa\u0161atjauno\u0161an\u0101s \u0123en\u0113tisk\u0101 programma.<br \/>\n<\/div><\/div>","protected":false},"excerpt":{"rendered":"<p>Aqua Med\u00e1l \u2013 az \u00e9letalkot\u00f3 v\u00edz \u00e9letet ad, \u00e9l\u00e9nk\u00edt, \u00e9letmeg\u00f3v\u00f3, valamint aktiv\u00e1l\u00f3, \u00e9letenergi\u00e1t vissza\u00e1ll\u00edt\u00f3 hat\u00e1ssal b\u00edr. \u00c9ppen ezt a c\u00e9lt szolg\u00e1lja az AQUA \u2013BioTrEM \u00f6n\u00e1ll\u00f3 inform\u00e1ci\u00f3hordoz\u00f3 alkalmaz\u00e1sa. Az exkluz\u00edv BioTrEM-technol\u00f3gi\u00e1nak k\u00f6sz\u00f6nhet\u0151en a k\u00e9sz\u00fcl\u00e9k f\u00e9lvezet\u0151je olyan k\u00f3dolt inform\u00e1ci\u00f3t tartalmaz, mely dinamikus term\u00e9szettel b\u00edr \u00e9s seg\u00edts\u00e9g\u00e9vel a felsorolt hat\u00e1s el\u00e9rhet\u0151v\u00e9 v\u00e1lik. Hasonl\u00f3 tulajdons\u00e1ggal rendelkeznek a F\u00f6ld\u00f6n sajnos [&hellip;]<\/p>\n","protected":false},"featured_media":4671,"comment_status":"open","ping_status":"closed","template":"","meta":[],"product_brand":[],"product_cat":[33,32],"product_tag":[],"class_list":{"0":"post-4672","1":"product","2":"type-product","3":"status-publish","4":"has-post-thumbnail","6":"product_cat-egeszseg-medalok","7":"product_cat-triomed","9":"first","10":"instock","11":"taxable","12":"shipping-taxable","13":"purchasable","14":"product-type-simple"},"_links":{"self":[{"href":"https:\/\/vetomshop.hu\/lv\/wp-json\/wp\/v2\/product\/4672","targetHints":{"allow":["GET"]}}],"collection":[{"href":"https:\/\/vetomshop.hu\/lv\/wp-json\/wp\/v2\/product"}],"about":[{"href":"https:\/\/vetomshop.hu\/lv\/wp-json\/wp\/v2\/types\/product"}],"replies":[{"embeddable":true,"href":"https:\/\/vetomshop.hu\/lv\/wp-json\/wp\/v2\/comments?post=4672"}],"wp:featuredmedia":[{"embeddable":true,"href":"https:\/\/vetomshop.hu\/lv\/wp-json\/wp\/v2\/media\/4671"}],"wp:attachment":[{"href":"https:\/\/vetomshop.hu\/lv\/wp-json\/wp\/v2\/media?parent=4672"}],"wp:term":[{"taxonomy":"product_brand","embeddable":true,"href":"https:\/\/vetomshop.hu\/lv\/wp-json\/wp\/v2\/product_brand?post=4672"},{"taxonomy":"product_cat","embeddable":true,"href":"https:\/\/vetomshop.hu\/lv\/wp-json\/wp\/v2\/product_cat?post=4672"},{"taxonomy":"product_tag","embeddable":true,"href":"https:\/\/vetomshop.hu\/lv\/wp-json\/wp\/v2\/product_tag?post=4672"}],"curies":[{"name":"wp","href":"https:\/\/api.w.org\/{rel}","templated":true}]}}