{"id":4674,"date":"2023-11-11T14:33:46","date_gmt":"2023-11-11T13:33:46","guid":{"rendered":"https:\/\/vetomshop.hu\/termek\/artro-medal\/"},"modified":"2026-03-30T09:26:16","modified_gmt":"2026-03-30T07:26:16","slug":"artro-medal","status":"publish","type":"product","link":"https:\/\/vetomshop.hu\/lv\/products\/artro-medal\/","title":{"rendered":"Artro kulons"},"content":{"rendered":"<p>Vesel\u012bbas kulons \u00abARTRO\u00bb ir ier\u012bce, kas paredz\u0113ta pretiekaisuma, im\u016bnmodul\u0113jo\u0161o, re\u0123enerat\u012bvo un atjaunojo\u0161o procesu biofizik\u0101lai regul\u0113\u0161anai atbalsta un kust\u012bbu org\u0101nu sist\u0113mas audos.<\/p>\n<p><strong>M\u0113r\u0137is.<\/strong> Pal\u012bgl\u012bdzeklis atbalsta un kust\u012bbu org\u0101nu sist\u0113mas st\u0101vok\u013ca uzlabo\u0161anai, aktiviz\u0113jot atjaunojo\u0161os procesus.<\/p>\n<div class=\"su-spoiler su-spoiler-style-defoult su-spoiler-icon-caret su-spoiler-closed\" data-scroll-offset=\"0\" data-anchor-in-url=\"no\"><div class=\"su-spoiler-title\" tabindex=\"0\" role=\"button\"><span class=\"su-spoiler-icon\"><\/span>Visi<\/div><div class=\"su-spoiler-content su-u-clearfix su-u-trim\">\n<strong>Ietekme:<\/strong><\/p>\n<ul>\n<li>normaliz\u0113 asinsriti, im\u016bnsist\u0113mu un vielmai\u0146as procesus balsta un kust\u012bbu sist\u0113m\u0101, nov\u0113r\u0161ot slim\u012bbu att\u012bst\u012bbu;<\/li>\n<li>pal\u012bdz uzlabot atbalsta un kust\u012bbu org\u0101nu sist\u0113mas funkcijas;<\/li>\n<li>mazina iekaisumu un sastr\u0113gumus musku\u013cu un skeleta sist\u0113m\u0101;<\/li>\n<li>pal\u012bdz pa\u0101trin\u0101t balsta un kust\u012bbu org\u0101nu sist\u0113mas audu re\u0123ener\u0101cijas un atjauno\u0161an\u0101s procesus;<\/li>\n<li>pal\u012bdz nov\u0113rst iekaisumu loc\u012btav\u0101s, loc\u012btavu membr\u0101n\u0101s un loc\u012btavu maisi\u0146os, musku\u013cos;<\/li>\n<li>pal\u012bdz nov\u0113rst vai kompens\u0113t kaulu un musku\u013cu un loc\u012btavu kompleksa deform\u0101ciju vai atrofiju.<\/li>\n<\/ul>\n<\/div><\/div>","protected":false},"excerpt":{"rendered":"<p>Az \u00abARTRO\u00bb eg\u00e9szs\u00e9g med\u00e1l a t\u00e1maszt\u00e1s \u00e9s mozgat\u00e1s szervrendszer sz\u00f6veteiben l\u00e9v\u0151 gyullad\u00e1selleni, immunmodul\u00e1l\u00f3, regener\u00e1l\u00f3 \u00e9s helyre\u00e1ll\u00edt\u00f3 folyamatok biofizikai finomhangol\u00e1s\u00e1ra szolg\u00e1l\u00f3 eszk\u00f6z. Rendeltet\u00e9se. A t\u00e1maszt\u00e1s \u00e9s mozgat\u00e1s szervrendszer \u00e1llapot\u00e1nak jav\u00edt\u00e1s\u00e1ra, a helyre\u00e1ll\u00edt\u00f3 folyamatok aktiviz\u00e1l\u00e1s\u00e1ra szolg\u00e1l\u00f3 seg\u00e9deszk\u00f6z.<\/p>","protected":false},"featured_media":4673,"comment_status":"open","ping_status":"closed","template":"","meta":[],"product_brand":[],"product_cat":[33,32],"product_tag":[],"class_list":{"0":"post-4674","1":"product","2":"type-product","3":"status-publish","4":"has-post-thumbnail","6":"product_cat-egeszseg-medalok","7":"product_cat-triomed","9":"first","10":"instock","11":"taxable","12":"shipping-taxable","13":"purchasable","14":"product-type-simple"},"_links":{"self":[{"href":"https:\/\/vetomshop.hu\/lv\/wp-json\/wp\/v2\/product\/4674","targetHints":{"allow":["GET"]}}],"collection":[{"href":"https:\/\/vetomshop.hu\/lv\/wp-json\/wp\/v2\/product"}],"about":[{"href":"https:\/\/vetomshop.hu\/lv\/wp-json\/wp\/v2\/types\/product"}],"replies":[{"embeddable":true,"href":"https:\/\/vetomshop.hu\/lv\/wp-json\/wp\/v2\/comments?post=4674"}],"wp:featuredmedia":[{"embeddable":true,"href":"https:\/\/vetomshop.hu\/lv\/wp-json\/wp\/v2\/media\/4673"}],"wp:attachment":[{"href":"https:\/\/vetomshop.hu\/lv\/wp-json\/wp\/v2\/media?parent=4674"}],"wp:term":[{"taxonomy":"product_brand","embeddable":true,"href":"https:\/\/vetomshop.hu\/lv\/wp-json\/wp\/v2\/product_brand?post=4674"},{"taxonomy":"product_cat","embeddable":true,"href":"https:\/\/vetomshop.hu\/lv\/wp-json\/wp\/v2\/product_cat?post=4674"},{"taxonomy":"product_tag","embeddable":true,"href":"https:\/\/vetomshop.hu\/lv\/wp-json\/wp\/v2\/product_tag?post=4674"}],"curies":[{"name":"wp","href":"https:\/\/api.w.org\/{rel}","templated":true}]}}