{"id":4676,"date":"2023-11-11T14:33:47","date_gmt":"2023-11-11T13:33:47","guid":{"rendered":"https:\/\/vetomshop.hu\/termek\/beauty-medal\/"},"modified":"2023-11-11T14:33:47","modified_gmt":"2023-11-11T13:33:47","slug":"beauty-medal","status":"publish","type":"product","link":"https:\/\/vetomshop.hu\/lv\/products\/beauty-medal\/","title":{"rendered":"Skaistuma kulons"},"content":{"rendered":"<h4>Skaistuma kulons<\/h4>\n<p>Pateicoties BioTrEM tehnolo\u0123ijai, tagad ir iesp\u0113jams uz \u012bpa\u0161a krist\u0101la izveidot specifisku spektr\u0101lo rakstu. Kad patva\u013c\u012bgi ener\u0123ijas kvanti - pat siltums - saskaras ar krist\u0101la virsmu, \u0123enerators izstaro \u0101rk\u0101rt\u012bgi v\u0101jus uz t\u0101 ierakst\u012bt\u0101 spektr\u0101l\u0101 raksta sign\u0101lus. Taj\u0101 pa\u0161\u0101 laik\u0101 elektromagn\u0113tiskais starojums no kulona mijiedarbojas ar dz\u012bvo organismu.<\/p>\n<p>\u201eBEAUTY\u201d meda\u013cas galvenais m\u0113r\u0137is ir atjaunot norm\u0101lus fiziolo\u0123iskos procesus \u0101das \u0161\u016bn\u0101s un audos, palielinot iztur\u012bbu pret nelabv\u0113l\u012bgiem vides faktoriem.<\/p>\n<p>\u0160is l\u012bdzeklis pozit\u012bvi ietekm\u0113 sejas un \u0137erme\u0146a \u0101du, matus un nagus.<\/p>\n<div class=\"su-spoiler su-spoiler-style-defoult su-spoiler-icon-caret su-spoiler-closed\" data-scroll-offset=\"0\" data-anchor-in-url=\"no\"><div class=\"su-spoiler-title\" tabindex=\"0\" role=\"button\"><span class=\"su-spoiler-icon\"><\/span>Visi<\/div><div class=\"su-spoiler-content su-u-clearfix su-u-trim\">\nIetekme:<\/p>\n<ul>\n<li>Tas pal\u012bdz atjaunot boj\u0101to \u0101das iek\u0161\u0161\u016bnu vielmai\u0146u.<\/li>\n<li>Tas stimul\u0113 dabisko kolag\u0113na un elast\u012bna veido\u0161anos.<\/li>\n<li>Nov\u0113r\u0161 \u0101das audu nov\u0101jin\u0101\u0161anos.<\/li>\n<li>Uzlabo mikrocirkul\u0101ciju un uzlabo \u0101das elast\u012bbu.<\/li>\n<li>Pilnveido un stiprina \u0101das audus.<\/li>\n<li>Pal\u0113nina \u0101das noveco\u0161anos, atjauno \u0101du.<\/li>\n<li>Uzlabo sejas kr\u0101su, \u0101das toni.<\/li>\n<li>Pal\u012bdz stiprin\u0101t matus un nagus.<\/li>\n<\/ul>\n<\/div><\/div>","protected":false},"excerpt":{"rendered":"<p>Beauty Med\u00e1l A BioTrEM-technol\u00f3gi\u00e1nak k\u00f6sz\u00f6nhet\u0151en lehets\u00e9gess\u00e9 v\u00e1lt l\u00e9trehozni a speci\u00e1lis krist\u00e1lyon egy adott term\u00e9szet\u0171 spektr\u00e1lis mint\u00e1t. Amikor tetsz\u0151leges energiakvantumok \u2013 ak\u00e1r h\u0151 &#8211; \u00e9rintkezik a krist\u00e1ly fel\u00fclet\u00e9vel, a gener\u00e1tor a rajta r\u00f6gz\u00edtett spektr\u00e1lis minta extr\u00e9m gyenge jeleit bocs\u00e1jtja ki. Ek\u00f6zben a med\u00e1l elektrom\u00e1gneses sug\u00e1rz\u00e1sa k\u00f6lcs\u00f6nhat\u00e1sba ker\u00fcl az \u00e9l\u0151 szervezettel. A &#8222;BEAUTY&#8221; Med\u00e1l f\u0151 c\u00e9lja a [&hellip;]<\/p>\n","protected":false},"featured_media":4675,"comment_status":"open","ping_status":"closed","template":"","meta":[],"product_brand":[],"product_cat":[33,32],"product_tag":[],"class_list":{"0":"post-4676","1":"product","2":"type-product","3":"status-publish","4":"has-post-thumbnail","6":"product_cat-egeszseg-medalok","7":"product_cat-triomed","9":"first","10":"instock","11":"taxable","12":"shipping-taxable","13":"purchasable","14":"product-type-simple"},"_links":{"self":[{"href":"https:\/\/vetomshop.hu\/lv\/wp-json\/wp\/v2\/product\/4676","targetHints":{"allow":["GET"]}}],"collection":[{"href":"https:\/\/vetomshop.hu\/lv\/wp-json\/wp\/v2\/product"}],"about":[{"href":"https:\/\/vetomshop.hu\/lv\/wp-json\/wp\/v2\/types\/product"}],"replies":[{"embeddable":true,"href":"https:\/\/vetomshop.hu\/lv\/wp-json\/wp\/v2\/comments?post=4676"}],"wp:featuredmedia":[{"embeddable":true,"href":"https:\/\/vetomshop.hu\/lv\/wp-json\/wp\/v2\/media\/4675"}],"wp:attachment":[{"href":"https:\/\/vetomshop.hu\/lv\/wp-json\/wp\/v2\/media?parent=4676"}],"wp:term":[{"taxonomy":"product_brand","embeddable":true,"href":"https:\/\/vetomshop.hu\/lv\/wp-json\/wp\/v2\/product_brand?post=4676"},{"taxonomy":"product_cat","embeddable":true,"href":"https:\/\/vetomshop.hu\/lv\/wp-json\/wp\/v2\/product_cat?post=4676"},{"taxonomy":"product_tag","embeddable":true,"href":"https:\/\/vetomshop.hu\/lv\/wp-json\/wp\/v2\/product_tag?post=4676"}],"curies":[{"name":"wp","href":"https:\/\/api.w.org\/{rel}","templated":true}]}}