{"id":4682,"date":"2023-11-11T14:33:48","date_gmt":"2023-11-11T13:33:48","guid":{"rendered":"https:\/\/vetomshop.hu\/termek\/delfin-medal\/"},"modified":"2023-11-11T14:33:48","modified_gmt":"2023-11-11T13:33:48","slug":"delfin-medal","status":"publish","type":"product","link":"https:\/\/vetomshop.hu\/lv\/products\/delfin-medal\/","title":{"rendered":"Delf\u012bnu piekari\u0146\u0161"},"content":{"rendered":"<h4>Delf\u012bnu vesel\u012bbas meda\u013ca<\/h4>\n<p><strong>Galven\u0101 funkcija:<\/strong><\/p>\n<p>Papildino\u0161s l\u012bdzeklis organisma regulat\u012bv\u0101s sist\u0113mas harmoniz\u0113\u0161anai un centr\u0101l\u0101s nervu sist\u0113mas darb\u012bbas atbalstam.<\/p>\n<p><strong>Atbalsta:<\/strong><\/p>\n<ul>\n<li>prets\u0101pju l\u012bdzek\u013cu iedarb\u012bba,<\/li>\n<li>normaliz\u0113 emocion\u0101lo sf\u0113ru, pal\u012bdzot mazin\u0101t trauksmi,<\/li>\n<li>dom\u0101\u0161anas procesi,<\/li>\n<li>m\u0101c\u012b\u0161an\u0101s un kognit\u012bv\u0101s prasmes, atmi\u0146as att\u012bst\u012bba,<\/li>\n<li>stresa notur\u012bbas palielin\u0101\u0161anos.<\/li>\n<\/ul>\n<div class=\"su-spoiler su-spoiler-style-defoult su-spoiler-icon-caret su-spoiler-closed\" data-scroll-offset=\"0\" data-anchor-in-url=\"no\"><div class=\"su-spoiler-title\" tabindex=\"0\" role=\"button\"><span class=\"su-spoiler-icon\"><\/span>Visi<\/div><div class=\"su-spoiler-content su-u-clearfix su-u-trim\">\n<p><strong>Kad ieteicams lietot delf\u012bnu vesel\u012bbas piekari\u0146u?<\/strong><\/p>\n<p>Delf\u012bnam ir pozit\u012bva ietekme uz organisma funkcion\u0101lo st\u0101vokli, un to var izmantot k\u0101 profilaktisku un papildino\u0161u l\u012bdzekli cit\u0101m metod\u0113m, k\u0101 kori\u0123\u0113jo\u0161u l\u012bdzekli, lai pal\u012bdz\u0113tu organismam optim\u0101li funkcion\u0113t \u0161\u0101dos gad\u012bjumos:<\/p>\n<ul>\n<li>centr\u0101l\u0101s nervu sist\u0113mas organiski boj\u0101jumi, kas izraisa kognit\u012bvo funkciju trauc\u0113jumus un\/vai emocion\u0101l\u0101s sf\u0113ras boj\u0101jumus,<\/li>\n<li>nervu sist\u0113mas funkcion\u0101lie trauc\u0113jumi, kas saist\u012bti ar gar\u012bgo p\u0101rslodzi, bezmiegu, nervozit\u0101ti, kognit\u012bv\u0101s funkcijas trauc\u0113jumiem,<\/li>\n<li>hroniska stresa sindroms (m\u0101c\u012b\u0161an\u0101s, ekstr\u0113ms un b\u012bstams darbs, vad\u012bba u. c.).<\/li>\n<\/ul>\n<\/div><\/div>","protected":false},"excerpt":{"rendered":"<p>Delfin Eg\u00e9szs\u00e9g Med\u00e1l F\u0151 funkci\u00f3ja: Kieg\u00e9sz\u00edt\u0151 eszk\u00f6z a szervezet szab\u00e1lyz\u00f3 rendszer\u00e9nek harmoniz\u00e1l\u00e1s\u00e1nak \u00e9s a k\u00f6zponti idegrendszer m\u0171k\u00f6d\u00e9s\u00e9nek t\u00e1mogat\u00e1s\u00e1ra. T\u00e1mogatja: a f\u00e1jdalomcsillap\u00edt\u00f3k hat\u00e1s\u00e1t, az \u00e9rzelmi szf\u00e9ra normaliz\u00e1l\u00e1s\u00e1t, seg\u00edt cs\u00f6kkenteni az izgatotts\u00e1got, a gondolkod\u00e1si folyamatokat, a tanul\u00e1si \u00e9s kognit\u00edv k\u00e9pess\u00e9geket, a mem\u00f3ria fejleszt\u00e9s\u00e9t, a stressz ellen\u00e1ll\u00f3 k\u00e9pess\u00e9g n\u00f6veked\u00e9s\u00e9t.<\/p>","protected":false},"featured_media":4681,"comment_status":"open","ping_status":"closed","template":"","meta":[],"product_brand":[],"product_cat":[33,32],"product_tag":[],"class_list":{"0":"post-4682","1":"product","2":"type-product","3":"status-publish","4":"has-post-thumbnail","6":"product_cat-egeszseg-medalok","7":"product_cat-triomed","9":"first","10":"instock","11":"taxable","12":"shipping-taxable","13":"purchasable","14":"product-type-simple"},"_links":{"self":[{"href":"https:\/\/vetomshop.hu\/lv\/wp-json\/wp\/v2\/product\/4682","targetHints":{"allow":["GET"]}}],"collection":[{"href":"https:\/\/vetomshop.hu\/lv\/wp-json\/wp\/v2\/product"}],"about":[{"href":"https:\/\/vetomshop.hu\/lv\/wp-json\/wp\/v2\/types\/product"}],"replies":[{"embeddable":true,"href":"https:\/\/vetomshop.hu\/lv\/wp-json\/wp\/v2\/comments?post=4682"}],"wp:featuredmedia":[{"embeddable":true,"href":"https:\/\/vetomshop.hu\/lv\/wp-json\/wp\/v2\/media\/4681"}],"wp:attachment":[{"href":"https:\/\/vetomshop.hu\/lv\/wp-json\/wp\/v2\/media?parent=4682"}],"wp:term":[{"taxonomy":"product_brand","embeddable":true,"href":"https:\/\/vetomshop.hu\/lv\/wp-json\/wp\/v2\/product_brand?post=4682"},{"taxonomy":"product_cat","embeddable":true,"href":"https:\/\/vetomshop.hu\/lv\/wp-json\/wp\/v2\/product_cat?post=4682"},{"taxonomy":"product_tag","embeddable":true,"href":"https:\/\/vetomshop.hu\/lv\/wp-json\/wp\/v2\/product_tag?post=4682"}],"curies":[{"name":"wp","href":"https:\/\/api.w.org\/{rel}","templated":true}]}}