{"id":4684,"date":"2023-11-11T14:33:48","date_gmt":"2023-11-11T13:33:48","guid":{"rendered":"https:\/\/vetomshop.hu\/termek\/detox-medal\/"},"modified":"2023-11-11T14:33:48","modified_gmt":"2023-11-11T13:33:48","slug":"detox-medal","status":"publish","type":"product","link":"https:\/\/vetomshop.hu\/lv\/products\/detox-medal\/","title":{"rendered":"Detox medaljons"},"content":{"rendered":"<h4>Detox Medal ir paredz\u0113ta tiem, kas v\u0113las viegli harmoniz\u0113t savu \u0137ermeni.<\/p>\n<p>Detox medaljon\u0101 ierakst\u012btais spektr\u0101lais sign\u0101ls atbalsta org\u0101nu un org\u0101nu sist\u0113mu bioener\u0123\u0113tisko darb\u012bbu.<\/h4>\n<p>Liel\u0101kais jaun\u012bbas un vesel\u012bbas ienaidnieks ir organisms, kas pilns ar atkritumiem. M\u016bsu organisms ir pa\u0161regul\u0113jo\u0161a biolo\u0123iska sist\u0113ma, kuras viena no svar\u012bg\u0101kaj\u0101m funkcij\u0101m ir detoksik\u0101cija - organismam nevajadz\u012bgu vielu izvad\u012b\u0161ana. Tom\u0113r daba nav gatava \u0161\u0101dai civiliz\u0101cijai, t\u0101dam milz\u012bgam m\u0101ksl\u012bgo \u0137\u012bmisko vielu daudzumam p\u0101rtik\u0101, \u016bden\u012b un gais\u0101. Dz\u012bvnieki tiek baroti ar aug\u0161anas hormoniem un antibiotik\u0101m, kas non\u0101k ar\u012b m\u016bsu organism\u0101. Audos un \u0161\u016bn\u0101s uzkr\u0101jas smagie met\u0101li, nitr\u012bti, nitr\u0101ti, radioakt\u012bv\u0101s vielas, dioks\u012bni, z\u0101\u013cu atliekas.<\/p>\n<div class=\"su-spoiler su-spoiler-style-defoult su-spoiler-icon-caret su-spoiler-closed\" data-scroll-offset=\"0\" data-anchor-in-url=\"no\"><div class=\"su-spoiler-title\" tabindex=\"0\" role=\"button\"><span class=\"su-spoiler-icon\"><\/span>Visi<\/div><div class=\"su-spoiler-content su-u-clearfix su-u-trim\">\n<p>Toksiskas vielas var n\u0101kt no \u0101r\u0113ja avota, bet t\u0101s var b\u016bt ar\u012b toks\u012bni, kas rodas iek\u0161\u0113j\u0101s no\u0101rd\u012b\u0161an\u0101s procesu rezult\u0101t\u0101 vielmai\u0146as probl\u0113mu d\u0113\u013c. Ja to papildina mazkust\u012bgs dz\u012bvesveids, organisma procesi tiek v\u0113l vair\u0101k pal\u0113nin\u0101ti.<\/p>\n<p>Liels stresa l\u012bmenis var iztuk\u0161ot ar\u012b detoksik\u0101cijas proces\u0101 iesaist\u012btos org\u0101nus. S\u0101kum\u0101 tikai diskomforts liecina par probl\u0113mu, bet v\u0113l\u0101k situ\u0101cija var pasliktin\u0101ties. Var att\u012bst\u012bties hroniskas slim\u012bbas, kas var b\u016btiski ietekm\u0113t m\u016bsu dz\u012bves kvalit\u0101ti.<br \/>\n<\/div><\/div>","protected":false},"excerpt":{"rendered":"<p>Detox Med\u00e1l azok sz\u00e1m\u00e1ra k\u00e9sz\u00fclt, akik l\u00e1gyan szeretn\u00e9k a szervezet\u00fcket harmoniz\u00e1lni. A spektr\u00e1lis jel, mely a Detox Med\u00e1lon r\u00f6gz\u00edt\u00e9sre ker\u00fclt, t\u00e1mogatja a szervek \u00e9s szervrendszerek bioenergetikai m\u0171k\u00f6d\u00e9s\u00e9t. A fiatals\u00e1g \u00e9s az eg\u00e9szs\u00e9g legnagyobb ellens\u00e9ge a salakanyagokkal tel\u00edtett szervezet. Szervezet\u00fcnk egy \u00f6nszab\u00e1lyoz\u00f3 biol\u00f3giai rendszer, melynek egyik legfontosabb funkci\u00f3ja a m\u00e9regtelen\u00edt\u00e9s \u2013 kivezet\u00e9se azoknak az anyagoknak, melyekre [&hellip;]<\/p>\n","protected":false},"featured_media":4683,"comment_status":"open","ping_status":"closed","template":"","meta":[],"product_brand":[],"product_cat":[33,32],"product_tag":[],"class_list":{"0":"post-4684","1":"product","2":"type-product","3":"status-publish","4":"has-post-thumbnail","6":"product_cat-egeszseg-medalok","7":"product_cat-triomed","9":"first","10":"instock","11":"taxable","12":"shipping-taxable","13":"purchasable","14":"product-type-simple"},"_links":{"self":[{"href":"https:\/\/vetomshop.hu\/lv\/wp-json\/wp\/v2\/product\/4684","targetHints":{"allow":["GET"]}}],"collection":[{"href":"https:\/\/vetomshop.hu\/lv\/wp-json\/wp\/v2\/product"}],"about":[{"href":"https:\/\/vetomshop.hu\/lv\/wp-json\/wp\/v2\/types\/product"}],"replies":[{"embeddable":true,"href":"https:\/\/vetomshop.hu\/lv\/wp-json\/wp\/v2\/comments?post=4684"}],"wp:featuredmedia":[{"embeddable":true,"href":"https:\/\/vetomshop.hu\/lv\/wp-json\/wp\/v2\/media\/4683"}],"wp:attachment":[{"href":"https:\/\/vetomshop.hu\/lv\/wp-json\/wp\/v2\/media?parent=4684"}],"wp:term":[{"taxonomy":"product_brand","embeddable":true,"href":"https:\/\/vetomshop.hu\/lv\/wp-json\/wp\/v2\/product_brand?post=4684"},{"taxonomy":"product_cat","embeddable":true,"href":"https:\/\/vetomshop.hu\/lv\/wp-json\/wp\/v2\/product_cat?post=4684"},{"taxonomy":"product_tag","embeddable":true,"href":"https:\/\/vetomshop.hu\/lv\/wp-json\/wp\/v2\/product_tag?post=4684"}],"curies":[{"name":"wp","href":"https:\/\/api.w.org\/{rel}","templated":true}]}}