{"id":4686,"date":"2023-11-11T14:33:48","date_gmt":"2023-11-11T13:33:48","guid":{"rendered":"https:\/\/vetomshop.hu\/termek\/ekuples-medal\/"},"modified":"2023-11-11T14:33:48","modified_gmt":"2023-11-11T13:33:48","slug":"ekuples-medal","status":"publish","type":"product","link":"https:\/\/vetomshop.hu\/lv\/products\/ekuples-medal\/","title":{"rendered":"Ecuples meda\u013ca"},"content":{"rendered":"<p><strong>Galven\u0101 funkcija:<\/strong><\/p>\n<p>S\u0113n\u012b\u0161u infekciju izrais\u012btu slim\u012bbu gad\u012bjum\u0101 im\u016bnsist\u0113mas optimiz\u0101cija un harmoniska im\u016bnsist\u0113mas darb\u012bbas uzlabo\u0161ana<br \/>\nr\u012bks, kas pal\u012bdz veikt j\u016bsu darbu.<\/p>\n<p><strong>Atbalsta:<\/strong><\/p>\n<ul>\n<li>im\u016bnsist\u0113mas normaliz\u0101cija,<\/li>\n<li>re\u0123ener\u0101cija p\u0113c traum\u0101m (\u012bpa\u0161i g\u013cot\u0101das traum\u0101m),<\/li>\n<li>c\u012b\u0146a pret matu un nagu s\u0113n\u012bti,<\/li>\n<li>toksisko vielu neitraliz\u0101cijas un izvad\u012b\u0161anas no organisma process.<\/li>\n<\/ul>\n<div class=\"su-spoiler su-spoiler-style-defoult su-spoiler-icon-caret su-spoiler-closed\" data-scroll-offset=\"0\" data-anchor-in-url=\"no\"><div class=\"su-spoiler-title\" tabindex=\"0\" role=\"button\"><span class=\"su-spoiler-icon\"><\/span>Visi<\/div><div class=\"su-spoiler-content su-u-clearfix su-u-trim\">\n<p><strong>Kad var izmantot Ekuples Vesel\u012bbas kulonu?<\/strong><\/p>\n<p>Dotais Vesel\u012bbas kulons pozit\u012bvi ietekm\u0113 organisma funkcion\u0101lo darb\u012bbu, to var izmantot k\u0101 papildterapiju - k\u0101 visp\u0101r\u0113ju optimiz\u0113jo\u0161u un kori\u0123\u0113jo\u0161u l\u012bdzekli gan profilaksei, gan vesel\u012bbas atjauno\u0161anai:<\/p>\n<ul>\n<li>\u0101das slim\u012bbas, ko izraisa s\u0113n\u012b\u0161u infekcijas, iekaisumi, mutes dobuma infekcijas - stomat\u012bts,<\/li>\n<li>Kandidoze,<\/li>\n<li>aler\u0123iskas izcelsmes bronh\u012bts,<\/li>\n<li>citas s\u0113n\u012b\u0161u infekciju izrais\u012btas slim\u012bbas.<\/li>\n<\/ul>\n<p><strong>Svar\u012bgs br\u012bdin\u0101jums!<\/strong><\/p>\n<p>Ja ir aizdomas par s\u0113n\u012b\u0161u infekciju, konsult\u0113jieties ar \u0101rstu! Lietojiet Ekuples Vesel\u012bbas kulonu l\u012bdztekus \u0101rsta ieteiktajai \u0101rst\u0113\u0161anai, lai palielin\u0101tu t\u0101s efektivit\u0101ti.<\/p>\n<\/div><\/div>","protected":false},"excerpt":{"rendered":"<p>F\u0151 funkci\u00f3ja: A gomb\u00e1s megbeteged\u00e9sek k\u00f6vetkezt\u00e9ben kialakult \u00e1llapotok eset\u00e9n az immunrendszer munk\u00e1j\u00e1nak optimaliz\u00e1ci\u00f3j\u00e1t \u00e9s a szervezet harmonikus munk\u00e1j\u00e1t seg\u00edt\u0151 eszk\u00f6z. T\u00e1mogatja: az immunrendszer m\u0171k\u00f6d\u00e9s\u00e9nek normaliz\u00e1l\u00e1s\u00e1t, a s\u00e9r\u00fcl\u00e9sek ut\u00e1ni regener\u00e1ci\u00f3t (k\u00fcl\u00f6n\u00f6s tekintettel a ny\u00e1lkah\u00e1rtya s\u00e9r\u00fcl\u00e9seire), a haj- \u00e9s k\u00f6r\u00f6mgomba elleni harcot, a toxikus anyagok semleges\u00edt\u00e9s\u00e9nek \u00e9s kivezet\u00e9s\u00e9nek folyamat\u00e1t a szervezetb\u0151l.<\/p>","protected":false},"featured_media":4685,"comment_status":"open","ping_status":"closed","template":"","meta":[],"product_brand":[],"product_cat":[33,32],"product_tag":[],"class_list":{"0":"post-4686","1":"product","2":"type-product","3":"status-publish","4":"has-post-thumbnail","6":"product_cat-egeszseg-medalok","7":"product_cat-triomed","9":"first","10":"instock","11":"taxable","12":"shipping-taxable","13":"purchasable","14":"product-type-simple"},"_links":{"self":[{"href":"https:\/\/vetomshop.hu\/lv\/wp-json\/wp\/v2\/product\/4686","targetHints":{"allow":["GET"]}}],"collection":[{"href":"https:\/\/vetomshop.hu\/lv\/wp-json\/wp\/v2\/product"}],"about":[{"href":"https:\/\/vetomshop.hu\/lv\/wp-json\/wp\/v2\/types\/product"}],"replies":[{"embeddable":true,"href":"https:\/\/vetomshop.hu\/lv\/wp-json\/wp\/v2\/comments?post=4686"}],"wp:featuredmedia":[{"embeddable":true,"href":"https:\/\/vetomshop.hu\/lv\/wp-json\/wp\/v2\/media\/4685"}],"wp:attachment":[{"href":"https:\/\/vetomshop.hu\/lv\/wp-json\/wp\/v2\/media?parent=4686"}],"wp:term":[{"taxonomy":"product_brand","embeddable":true,"href":"https:\/\/vetomshop.hu\/lv\/wp-json\/wp\/v2\/product_brand?post=4686"},{"taxonomy":"product_cat","embeddable":true,"href":"https:\/\/vetomshop.hu\/lv\/wp-json\/wp\/v2\/product_cat?post=4686"},{"taxonomy":"product_tag","embeddable":true,"href":"https:\/\/vetomshop.hu\/lv\/wp-json\/wp\/v2\/product_tag?post=4686"}],"curies":[{"name":"wp","href":"https:\/\/api.w.org\/{rel}","templated":true}]}}