{"id":4688,"date":"2023-11-11T14:33:49","date_gmt":"2023-11-11T13:33:49","guid":{"rendered":"https:\/\/vetomshop.hu\/termek\/eros-medal-feriaknak\/"},"modified":"2023-11-11T14:33:49","modified_gmt":"2023-11-11T13:33:49","slug":"eros-medal-feriaknak","status":"publish","type":"product","link":"https:\/\/vetomshop.hu\/lv\/products\/eros-medal-feriaknak\/","title":{"rendered":"Eros kulons v\u012brie\u0161iem"},"content":{"rendered":"<p><strong>Galven\u0101 funkcija:<\/strong><\/p>\n<p>Papildino\u0161s l\u012bdzeklis kopul\u0101cijas trauc\u0113jumu profilaksei un \u0101rst\u0113\u0161anai, seksu\u0101l\u0101s iek\u0101res zuduma, ar dzimumaktu saist\u012btu emocion\u0101li psiholo\u0123isku trauc\u0113jumu, re\u0123enerat\u012bvo procesu aktiviz\u0113\u0161anas l\u012bdzeklis dzimumorg\u0101nu sf\u0113ru ietekm\u0113jo\u0161u slim\u012bbu papildino\u0161ai \u0101rst\u0113\u0161anai. Ieteicams lietot kop\u0101 ar speci\u0101lista (androloga, seksologa, endokrinologa) ieteikto terapiju.<\/p>\n<p><strong>Atbalsta:<\/strong><\/p>\n<ul>\n<li>asinsriti, im\u016bnsist\u0113mu un vielmai\u0146u, t\u0101d\u0113j\u0101di nov\u0113r\u0161ot slim\u012bbu att\u012bst\u012bbu.<\/li>\n<li>atbalsta seksu\u0101l\u0101s pieredzes kvalitat\u012bvu uzlabo\u0161anu,<\/li>\n<li>atbalsta re\u0123ener\u0101cijas procesus.<\/li>\n<\/ul>\n<div class=\"su-spoiler su-spoiler-style-defoult su-spoiler-icon-caret su-spoiler-closed\" data-scroll-offset=\"0\" data-anchor-in-url=\"no\"><div class=\"su-spoiler-title\" tabindex=\"0\" role=\"button\"><span class=\"su-spoiler-icon\"><\/span>Visi<\/div><div class=\"su-spoiler-content su-u-clearfix su-u-trim\">\n<p><strong>Kad lietot Eros Vesel\u012bbas kulonu?<\/strong><\/p>\n<p>Ier\u012bce pozit\u012bvi ietekm\u0113 organisma funkcion\u0101lo darb\u012bbu, un to var izmantot k\u0101 visp\u0101r\u0113ju vesel\u012bbas veicin\u0101\u0161anas, optimiz\u0101cijas un kori\u0123\u0113jo\u0161u papildmetodi kombin\u0101cij\u0101 ar cit\u0101m metod\u0113m \u0161\u0101du probl\u0113mu papildu \u0101rst\u0113\u0161anai un profilaksei:<\/p>\n<ul>\n<li>erekcijas probl\u0113mas,<\/li>\n<li>endokr\u012bni trauc\u0113jumi, kas ietekm\u0113 seksu\u0101lo sf\u0113ru (diab\u0113ts, hipotal\u0101ma nepietiekam\u012bba, gon\u0101du nepietiekam\u012bba).<\/li>\n<li>hroniska noguruma sindroms (CFS).<\/li>\n<li>metaboliskais sindroms<\/li>\n<li>emocion\u0101l\u0101 l\u012bme\u0146a un garast\u0101vok\u013ca pazemin\u0101\u0161an\u0101s.<\/li>\n<\/ul>\n<\/div><\/div>","protected":false},"excerpt":{"rendered":"<p>F\u0151 funkci\u00f3ja: Kieg\u00e9sz\u00edt\u0151 eszk\u00f6z a kopul\u00e1ci\u00f3s rendelleness\u00e9gek megel\u0151z\u00e9s\u00e9re \u00e9s kezel\u00e9s\u00e9re, a nemi v\u00e1gy cs\u00f6kken\u00e9s\u00e9nek, a szexu\u00e1lis aktussal kapcsolatos \u00e9rzelmi-pszich\u00e9s rendelleness\u00e9gek kieg\u00e9sz\u00edt\u0151 kezel\u00e9s\u00e9re, a regener\u00e1ci\u00f3s folyamatok aktiv\u00e1l\u00e1s\u00e1t seg\u00edt\u0151 eszk\u00f6z a nemi szf\u00e9r\u00e1t \u00e9rint\u0151 betegs\u00e9gek kieg\u00e9sz\u00edt\u0151 kezel\u00e9s\u00e9ben. Aj\u00e1nlott a szakorvos (androl\u00f3gus, szexol\u00f3gus, endokrinol\u00f3gus) \u00e1ltal javasolt ter\u00e1pia melletti alkalmaz\u00e1sa. T\u00e1mogatja: a v\u00e9rkering\u00e9st, az immunrendszer munk\u00e1j\u00e1t, az anyagcser\u00e9t, megel\u0151zve [&hellip;]<\/p>\n","protected":false},"featured_media":4687,"comment_status":"open","ping_status":"closed","template":"","meta":[],"product_brand":[],"product_cat":[33,32],"product_tag":[],"class_list":{"0":"post-4688","1":"product","2":"type-product","3":"status-publish","4":"has-post-thumbnail","6":"product_cat-egeszseg-medalok","7":"product_cat-triomed","9":"first","10":"instock","11":"taxable","12":"shipping-taxable","13":"purchasable","14":"product-type-simple"},"_links":{"self":[{"href":"https:\/\/vetomshop.hu\/lv\/wp-json\/wp\/v2\/product\/4688","targetHints":{"allow":["GET"]}}],"collection":[{"href":"https:\/\/vetomshop.hu\/lv\/wp-json\/wp\/v2\/product"}],"about":[{"href":"https:\/\/vetomshop.hu\/lv\/wp-json\/wp\/v2\/types\/product"}],"replies":[{"embeddable":true,"href":"https:\/\/vetomshop.hu\/lv\/wp-json\/wp\/v2\/comments?post=4688"}],"wp:featuredmedia":[{"embeddable":true,"href":"https:\/\/vetomshop.hu\/lv\/wp-json\/wp\/v2\/media\/4687"}],"wp:attachment":[{"href":"https:\/\/vetomshop.hu\/lv\/wp-json\/wp\/v2\/media?parent=4688"}],"wp:term":[{"taxonomy":"product_brand","embeddable":true,"href":"https:\/\/vetomshop.hu\/lv\/wp-json\/wp\/v2\/product_brand?post=4688"},{"taxonomy":"product_cat","embeddable":true,"href":"https:\/\/vetomshop.hu\/lv\/wp-json\/wp\/v2\/product_cat?post=4688"},{"taxonomy":"product_tag","embeddable":true,"href":"https:\/\/vetomshop.hu\/lv\/wp-json\/wp\/v2\/product_tag?post=4688"}],"curies":[{"name":"wp","href":"https:\/\/api.w.org\/{rel}","templated":true}]}}