{"id":4690,"date":"2023-11-11T14:33:49","date_gmt":"2023-11-11T13:33:49","guid":{"rendered":"https:\/\/vetomshop.hu\/termek\/elast-medal\/"},"modified":"2023-11-11T14:33:49","modified_gmt":"2023-11-11T13:33:49","slug":"elast-medal","status":"publish","type":"product","link":"https:\/\/vetomshop.hu\/lv\/products\/elast-medal\/","title":{"rendered":"Elast\u012bga meda\u013ca"},"content":{"rendered":"<p>Papildu l\u012bdzeklis sai\u0161u slim\u012bbu profilaksei un \u0101rst\u0113\u0161anai, re\u0123ener\u0101cijas procesu aktiviz\u0113\u0161anai un hronisku sai\u0161u slim\u012bbu papildu \u0101rst\u0113\u0161anai.<\/p>\n<p>\u201eELAST\u201d meda\u013cas iedarb\u012bbas m\u0113r\u0137is ir atjaunot norm\u0101lus vielmai\u0146as procesus sai\u0161u \u0161\u016bn\u0101s un audos, pal\u0113ninot noveco\u0161an\u0101s procesu.<\/p>\n<p>\u0160is r\u012bks pozit\u012bvi ietekm\u0113 organisma funkciju st\u0101vokli, un to var izmantot kop\u0101 ar cit\u0101m metod\u0113m k\u0101 optimiz\u0101cijas un korekcijas l\u012bdzekli:<\/p>\n<ul>\n<li>palielina sai\u0161u elast\u012bbu un palielina loc\u012btavu kust\u012bbu amplit\u016bdu, rea\u0123\u0113jot uz vecuma izmai\u0146\u0101m.<\/li>\n<li>samazina c\u012bpslu un sai\u0161u traumu iesp\u0113jam\u012bbu.<\/li>\n<li>sa\u012bsina dz\u012b\u0161anas laiku p\u0113c sai\u0161u boj\u0101jumiem (sastiepumi, pl\u012bsumi).<\/li>\n<li>pal\u0113nina ar vecumu saist\u012bt\u0101s izmai\u0146as loc\u012btav\u0101s.<\/li>\n<li>iek\u0161\u0113jo org\u0101nu sai\u0161u stiprin\u0101\u0161ana, nov\u0113r\u0161ot to izkri\u0161anu (dzemde, zarnas, nieres, ku\u0146\u0123is).<\/li>\n<\/ul>\n<div class=\"su-spoiler su-spoiler-style-defoult su-spoiler-icon-caret su-spoiler-closed\" data-scroll-offset=\"0\" data-anchor-in-url=\"no\"><div class=\"su-spoiler-title\" tabindex=\"0\" role=\"button\"><span class=\"su-spoiler-icon\"><\/span>Visi<\/div><div class=\"su-spoiler-content su-u-clearfix su-u-trim\">\n<strong>Ietekme:<\/strong><\/p>\n<ul>\n<li>loc\u012btavu un iek\u0161\u0113jo org\u0101nu saistaudu vielmai\u0146as procesu atjauno\u0161ana, tostarp Dupuitrena kontrakt\u016bras (kontrakt\u016bra: c\u012bpslu un\/vai musku\u013cu sa\u012bsin\u0101\u0161an\u0101s, sarau\u0161an\u0101s, kas izraisa deform\u0101ciju un\/vai ierobe\u017eojumus).<\/li>\n<li>pal\u0113nina ar vecumu saist\u012bt\u0101s izmai\u0146as musku\u013cu un skeleta sist\u0113m\u0101.<\/li>\n<li>uzlabo musku\u013cu un sai\u0161u elast\u012bbu.<\/li>\n<li>pa\u0101trina atvese\u013co\u0161anos p\u0113c traum\u0101m un \u0137irur\u0123isk\u0101m proced\u016br\u0101m, nov\u0113r\u0161ot raupju r\u0113tu veido\u0161anos.<\/li>\n<\/ul>\n<\/div><\/div>","protected":false},"excerpt":{"rendered":"<p>Kieg\u00e9sz\u00edt\u0151 eszk\u00f6z a ligamentum betegs\u00e9geinek megel\u0151z\u00e9s\u00e9re \u00e9s kezel\u00e9s\u00e9re, regener\u00e1ci\u00f3s folyamatok aktiv\u00e1l\u00e1s\u00e1ra \u00e9s a ligamentum kr\u00f3nikus betegs\u00e9geinek kieg\u00e9sz\u00edt\u0151 kezel\u00e9s\u00e9re. A &#8222;ELAST&#8221; Med\u00e1l hat\u00e1sa a norm\u00e1lis anyagcsere-folyamatok helyre\u00e1ll\u00edt\u00e1s\u00e1ra ir\u00e1nyul a ligamentumok sejtjeiben \u00e9s sz\u00f6veteiben, lass\u00edtva az \u00f6reged\u00e9si folyamatokat is. Ez az eszk\u00f6z pozit\u00edv hat\u00e1ssal van a testfunkci\u00f3k \u00e1llapot\u00e1ra, az optimaliz\u00e1l\u00e1s \u00e9s korrekci\u00f3 eszk\u00f6zek\u00e9nt haszn\u00e1lhat\u00f3 egy\u00e9b m\u00f3dszerekkel is [&hellip;]<\/p>\n","protected":false},"featured_media":4689,"comment_status":"open","ping_status":"closed","template":"","meta":[],"product_brand":[],"product_cat":[33,32],"product_tag":[],"class_list":{"0":"post-4690","1":"product","2":"type-product","3":"status-publish","4":"has-post-thumbnail","6":"product_cat-egeszseg-medalok","7":"product_cat-triomed","9":"first","10":"instock","11":"taxable","12":"shipping-taxable","13":"purchasable","14":"product-type-simple"},"_links":{"self":[{"href":"https:\/\/vetomshop.hu\/lv\/wp-json\/wp\/v2\/product\/4690","targetHints":{"allow":["GET"]}}],"collection":[{"href":"https:\/\/vetomshop.hu\/lv\/wp-json\/wp\/v2\/product"}],"about":[{"href":"https:\/\/vetomshop.hu\/lv\/wp-json\/wp\/v2\/types\/product"}],"replies":[{"embeddable":true,"href":"https:\/\/vetomshop.hu\/lv\/wp-json\/wp\/v2\/comments?post=4690"}],"wp:featuredmedia":[{"embeddable":true,"href":"https:\/\/vetomshop.hu\/lv\/wp-json\/wp\/v2\/media\/4689"}],"wp:attachment":[{"href":"https:\/\/vetomshop.hu\/lv\/wp-json\/wp\/v2\/media?parent=4690"}],"wp:term":[{"taxonomy":"product_brand","embeddable":true,"href":"https:\/\/vetomshop.hu\/lv\/wp-json\/wp\/v2\/product_brand?post=4690"},{"taxonomy":"product_cat","embeddable":true,"href":"https:\/\/vetomshop.hu\/lv\/wp-json\/wp\/v2\/product_cat?post=4690"},{"taxonomy":"product_tag","embeddable":true,"href":"https:\/\/vetomshop.hu\/lv\/wp-json\/wp\/v2\/product_tag?post=4690"}],"curies":[{"name":"wp","href":"https:\/\/api.w.org\/{rel}","templated":true}]}}