{"id":4694,"date":"2023-11-11T14:33:50","date_gmt":"2023-11-11T13:33:50","guid":{"rendered":"https:\/\/vetomshop.hu\/termek\/eros-plus\/"},"modified":"2023-11-11T14:33:50","modified_gmt":"2023-11-11T13:33:50","slug":"eros-plus","status":"publish","type":"product","link":"https:\/\/vetomshop.hu\/lv\/products\/eros-plus\/","title":{"rendered":"Eros plus"},"content":{"rendered":"<h4>\u201eEROS plus\u201d kulons<\/h4>\n<p>\u201eEROS plus\u201d kulons - ier\u012bce smalkai biofizik\u0101lai dziedzeru, kas atbild par v\u012brie\u0161u dzimumferomonu androstenola un androsterona ra\u017eo\u0161anu, regul\u0113\u0161anai.<br \/>\nCilv\u0113ka feromoni ir \u012bpa\u0161i bio\u0137\u012bmiski savienojumi, ko ra\u017eo \u012bpa\u0161i dziedzeri \u0101r\u0113j\u0101 epit\u0113lij\u0101. Feromonus, kas iek\u013c\u016bst apk\u0101rt\u0113j\u0101 vid\u0113, uztver o\u017eas receptori, kuri \u201ep\u0101rraida sign\u0101lu\u201d uz cilv\u0113ka smadze\u0146u puslod\u0113m. Galvenie cilv\u0113ka ra\u017eotie feromoni ir androstenols un androsterons.<\/p>\n<div class=\"su-spoiler su-spoiler-style-defoult su-spoiler-icon-caret su-spoiler-closed\" data-scroll-offset=\"0\" data-anchor-in-url=\"no\"><div class=\"su-spoiler-title\" tabindex=\"0\" role=\"button\"><span class=\"su-spoiler-icon\"><\/span>Visi<\/div><div class=\"su-spoiler-content su-u-clearfix su-u-trim\">\n<p>Androstenols ir univers\u0101ls feromons, ko sintez\u0113 abi dzimumi. Tas pal\u012bdz \u013coti \u0101tri izrais\u012bt simp\u0101tijas pret sarunu biedru, izraisot v\u0113lmi komunic\u0113t. Androstenolu saturo\u0161a arom\u0101ta \u012bpa\u0161niekam neatkar\u012bgi no vecuma piem\u012bt jaun\u012bbas un svaiguma aura.<\/p>\n<p>Androsterons - vielas analogs, ko sintez\u0113 tikai sp\u0113c\u012bg\u0101k\u0101 dzimuma p\u0101rst\u0101vji. To d\u0113v\u0113 ar\u012b par drosmes feromonu, jo t\u0101 n\u0113s\u0101t\u0101jam piem\u012bt p\u0101rliecin\u0101ta, sp\u0113c\u012bga aura, kas ir pievilc\u012bga sieviet\u0113m.<\/p>\n<p>\u201eEROS plus\u201d kulona n\u0113s\u0101\u0161ana stimul\u0113 feromonu ra\u017eo\u0161anu.<\/p>\n<p>\u201eEROS plus\u201d kulons pal\u012bdz\u0113s jums ieg\u016bt p\u0101rliec\u012bbu par sevi, iemantot pret\u0113j\u0101 dzimuma simp\u0101tijas.<\/p>\n<\/div><\/div>","protected":false},"excerpt":{"rendered":"<p>&#8222;EROS plus&#8221; med\u00e1l &#8222;EROS plus&#8221; med\u00e1l \u2013 a f\u00e9rfi nemi feromonok \u2013 androstenol \u00e9s androsteron \u2013 el\u0151\u00e1ll\u00edt\u00e1s\u00e1\u00e9rt felel\u0151s mirigyek finom biofizikai be\u00e1ll\u00edt\u00e1s\u00e1ra szolg\u00e1l\u00f3 eszk\u00f6z. Az emberi feromonok k\u00fcl\u00f6nleges biok\u00e9miai vegy\u00fcletek, amelyeket a k\u00fcls\u0151 epitheliumban tal\u00e1lhat\u00f3 speci\u00e1lis mirigyek termelnek. A k\u00f6rnyezetbe behatol\u00f3 feromonok a szagl\u00f3receptorok seg\u00edts\u00e9g\u00e9vel \u00e9rz\u00e9kelhet\u0151k, amik \u201e jelet k\u00f6zvet\u00edtenek\u201d az emberi agy f\u00e9ltek\u00e9ire. Az [&hellip;]<\/p>\n","protected":false},"featured_media":4693,"comment_status":"open","ping_status":"closed","template":"","meta":[],"product_brand":[],"product_cat":[33,32],"product_tag":[],"class_list":{"0":"post-4694","1":"product","2":"type-product","3":"status-publish","4":"has-post-thumbnail","6":"product_cat-egeszseg-medalok","7":"product_cat-triomed","9":"first","10":"instock","11":"taxable","12":"shipping-taxable","13":"purchasable","14":"product-type-simple"},"_links":{"self":[{"href":"https:\/\/vetomshop.hu\/lv\/wp-json\/wp\/v2\/product\/4694","targetHints":{"allow":["GET"]}}],"collection":[{"href":"https:\/\/vetomshop.hu\/lv\/wp-json\/wp\/v2\/product"}],"about":[{"href":"https:\/\/vetomshop.hu\/lv\/wp-json\/wp\/v2\/types\/product"}],"replies":[{"embeddable":true,"href":"https:\/\/vetomshop.hu\/lv\/wp-json\/wp\/v2\/comments?post=4694"}],"wp:featuredmedia":[{"embeddable":true,"href":"https:\/\/vetomshop.hu\/lv\/wp-json\/wp\/v2\/media\/4693"}],"wp:attachment":[{"href":"https:\/\/vetomshop.hu\/lv\/wp-json\/wp\/v2\/media?parent=4694"}],"wp:term":[{"taxonomy":"product_brand","embeddable":true,"href":"https:\/\/vetomshop.hu\/lv\/wp-json\/wp\/v2\/product_brand?post=4694"},{"taxonomy":"product_cat","embeddable":true,"href":"https:\/\/vetomshop.hu\/lv\/wp-json\/wp\/v2\/product_cat?post=4694"},{"taxonomy":"product_tag","embeddable":true,"href":"https:\/\/vetomshop.hu\/lv\/wp-json\/wp\/v2\/product_tag?post=4694"}],"curies":[{"name":"wp","href":"https:\/\/api.w.org\/{rel}","templated":true}]}}