{"id":4702,"date":"2023-11-11T14:33:52","date_gmt":"2023-11-11T13:33:52","guid":{"rendered":"https:\/\/vetomshop.hu\/termek\/happy-dog-medal\/"},"modified":"2023-11-11T14:33:52","modified_gmt":"2023-11-11T13:33:52","slug":"happy-dog-medal","status":"publish","type":"product","link":"https:\/\/vetomshop.hu\/lv\/products\/happy-dog-medal\/","title":{"rendered":"Laim\u012bgs suns kulons"},"content":{"rendered":"<h4>Happy Dog meda\u013ca su\u0146iem<\/h4>\n<p>To var izmantot \u0161\u0101du slim\u012bbu profilaksei un \u0101rst\u0113\u0161anai:<\/p>\n<ul>\n<li>infekcijas slim\u012bbas,<\/li>\n<li>aler\u0123ijas (izsitumi, nieze, matu izkri\u0161ana, aizr\u012b\u0161an\u0101s).<\/li>\n<li>saind\u0113\u0161an\u0101s (ar p\u0101rtiku, ind\u0113m).<\/li>\n<li>endokr\u012bn\u0101s slim\u012bbas (diab\u0113ts, vairogdziedzera slim\u012bbas).<\/li>\n<li>loc\u012btavu slim\u012bbas<\/li>\n<\/ul>\n<p><strong>Piem\u0113rojams ar\u012b:<\/strong><\/p>\n<ul>\n<li>pagarin\u0101t vec\u0101ku su\u0146u dz\u012bvi un uzlabot to st\u0101vokli.<\/li>\n<li>vesel\u012bga kuc\u0113nu att\u012bst\u012bba<\/li>\n<li>\u0101trai rehabilit\u0101cijai p\u0113c oper\u0101cijas vai smagas slim\u012bbas.<\/li>\n<li>ievainojumu dzied\u0113\u0161ana (br\u016bces, savilkti musku\u013ci, l\u016bzumi, apdegumi).<\/li>\n<li>p\u0113cdzemd\u012bbu rehabilit\u0101cija<\/li>\n<\/ul>\n<p><strong>Pieteikums:<\/strong><\/p>\n<p>\u201eHappyDOG\u201d<\/p>\n<p>Fizioterapeitisko im\u016bnmodulatoru var piestiprin\u0101t su\u0146a apkaklei. T\u0101 lieto\u0161ana nav ierobe\u017eota, bet tas j\u0101n\u0113s\u0101 vismaz 30 min\u016btes dien\u0101.<\/p>","protected":false},"excerpt":{"rendered":"<p>Happy Dog Med\u00e1l kuty\u00e1knak Alkalmazhat\u00f3 a k\u00f6vetkez\u0151 betegs\u00e9gek megel\u0151z\u00e9s\u00e9ben \u00e9s kezel\u00e9s\u00e9ben: infekci\u00f3s betegs\u00e9gek, allergi\u00e1k (ki\u00fct\u00e9sek, viszket\u00e9s, sz\u0151rhull\u00e1s, fullad\u00e1s) m\u00e9rgez\u00e9s (\u00e9tel \u00e1ltal, m\u00e9rgekkel) endokrin megbeteged\u00e9sek (cukorbetegs\u00e9g, a pajzsmirigy betegs\u00e9gei) \u00edz\u00fcleti betegs\u00e9gek Tov\u00e1bb\u00e1 alkalmazhat\u00f3: az id\u0151s kuty\u00e1k \u00e9let\u00e9nek meghosszabb\u00edt\u00e1s\u00e1ban, \u00e1llapotuk jav\u00edt\u00e1s\u00e1ban a k\u00f6lyk\u00f6k eg\u00e9szs\u00e9ges fejl\u0151d\u00e9s\u00e9ben a gyors rehabilit\u00e1ci\u00f3ban a m\u0171t\u00e9tek vagy s\u00falyos betegs\u00e9gek ut\u00e1n s\u00e9r\u00fcl\u00e9sek gy\u00f3gy\u00edt\u00e1s\u00e1ban (sebek, [&hellip;]<\/p>\n","protected":false},"featured_media":4701,"comment_status":"open","ping_status":"closed","template":"","meta":[],"product_brand":[],"product_cat":[33,32],"product_tag":[],"class_list":{"0":"post-4702","1":"product","2":"type-product","3":"status-publish","4":"has-post-thumbnail","6":"product_cat-egeszseg-medalok","7":"product_cat-triomed","9":"first","10":"instock","11":"taxable","12":"shipping-taxable","13":"purchasable","14":"product-type-simple"},"_links":{"self":[{"href":"https:\/\/vetomshop.hu\/lv\/wp-json\/wp\/v2\/product\/4702","targetHints":{"allow":["GET"]}}],"collection":[{"href":"https:\/\/vetomshop.hu\/lv\/wp-json\/wp\/v2\/product"}],"about":[{"href":"https:\/\/vetomshop.hu\/lv\/wp-json\/wp\/v2\/types\/product"}],"replies":[{"embeddable":true,"href":"https:\/\/vetomshop.hu\/lv\/wp-json\/wp\/v2\/comments?post=4702"}],"wp:featuredmedia":[{"embeddable":true,"href":"https:\/\/vetomshop.hu\/lv\/wp-json\/wp\/v2\/media\/4701"}],"wp:attachment":[{"href":"https:\/\/vetomshop.hu\/lv\/wp-json\/wp\/v2\/media?parent=4702"}],"wp:term":[{"taxonomy":"product_brand","embeddable":true,"href":"https:\/\/vetomshop.hu\/lv\/wp-json\/wp\/v2\/product_brand?post=4702"},{"taxonomy":"product_cat","embeddable":true,"href":"https:\/\/vetomshop.hu\/lv\/wp-json\/wp\/v2\/product_cat?post=4702"},{"taxonomy":"product_tag","embeddable":true,"href":"https:\/\/vetomshop.hu\/lv\/wp-json\/wp\/v2\/product_tag?post=4702"}],"curies":[{"name":"wp","href":"https:\/\/api.w.org\/{rel}","templated":true}]}}