{"id":4704,"date":"2023-11-11T14:33:52","date_gmt":"2023-11-11T13:33:52","guid":{"rendered":"https:\/\/vetomshop.hu\/termek\/nefron-medal\/"},"modified":"2023-11-11T14:33:52","modified_gmt":"2023-11-11T13:33:52","slug":"nefron-medal","status":"publish","type":"product","link":"https:\/\/vetomshop.hu\/lv\/products\/nefron-medal\/","title":{"rendered":"Nefrona meda\u013ca"},"content":{"rendered":"<h4>Nefron Vesel\u012bbas meda\u013ca<\/h4>\n<p><strong>Galven\u0101 funkcija:<\/strong><\/p>\n<p>Atbalsta nieru un ur\u012bnce\u013cu darb\u012bbu, veicina regul\u0113jo\u0161os un re\u0123enerat\u012bvos procesus.<\/p>\n<p><strong>Atbalsta:<\/strong><\/p>\n<ul>\n<li>uzlabota asinsrite un vielmai\u0146a ur\u012bnce\u013cos.<\/li>\n<li>reabsorbcija, filtr\u0101cija, jonu regul\u0101cija, detoksik\u0101cija, vielmai\u0146as procesi.<\/li>\n<li>ur\u012bnce\u013cu audu atjauno\u0161ana un re\u0123ener\u0101cija,<\/li>\n<li>mazina s\u0101pes, mazina spazmas, mazina iekaisumu,<\/li>\n<li>nieru sklerotisko boj\u0101jumu profilakse.<\/li>\n<\/ul>\n<p><strong>Kad var lietot Nefron Vesel\u012bbas kulonu?<\/strong><\/p>\n<p>Ier\u012bce pozit\u012bvi ietekm\u0113 organisma funkcion\u0101lo darb\u012bbu, to var izmantot k\u0101 papildu ier\u012bci organisma funkcion\u0101l\u0101s darb\u012bbas optimiz\u0101cijai un korekcijai, \u0161\u0101du slim\u012bbu profilaksei un papildu \u0101rst\u0113\u0161anai:<\/p>\n<ul>\n<li>ak\u016btas un hroniskas nieru, ur\u012bnp\u016b\u0161\u013ca un ur\u012bnce\u013cu iekaisuma slim\u012bbas,<\/li>\n<li>vielmai\u0146as trauc\u0113jumi (tostarp nierakme\u0146u slim\u012bba),<\/li>\n<li>sist\u0113miskas autoim\u016bnas slim\u012bbas, kas izraisa nieru boj\u0101jumus,<\/li>\n<li>nieru autoim\u016bna slim\u012bba,<\/li>\n<li>toksiska ietekme uz nier\u0113m,<\/li>\n<li>diab\u0113ta, arteri\u0101l\u0101s hipertensijas u. c. izrais\u012bti sklerotiski boj\u0101jumi nier\u0113s (nefroskleroze).<\/li>\n<\/ul>","protected":false},"excerpt":{"rendered":"<p>Nefron Eg\u00e9szs\u00e9g Med\u00e1l F\u0151 funkci\u00f3ja: A vese \u00e9s a h\u00fagyutak m\u0171k\u00f6d\u00e9s\u00e9nek t\u00e1mogat\u00e1sa, a szab\u00e1lyz\u00f3 \u00e9s regener\u00e1ci\u00f3s folyamatok el\u0151seg\u00edt\u00e9se. T\u00e1mogatja: a h\u00fagyutak v\u00e9rkering\u00e9s\u00e9nek javul\u00e1s\u00e1t \u00e9s anyagcser\u00e9j\u00e9t. a reabszorbci\u00f3t, a sz\u0171r\u00e9st, az ionszab\u00e1lyoz\u00e1st, a m\u00e9regtelen\u00edt\u00e9st, a metabolikus folyamatokat a h\u00fagyuti sz\u00f6vetek repar\u00e1ci\u00f3j\u00e1t \u00e9s regener\u00e1ci\u00f3j\u00e1t, a f\u00e1jdalomcsillap\u00edt\u00e1st, a g\u00f6rcsold\u00e1st, a gyullad\u00e1sok cs\u00f6kkent\u00e9s\u00e9t, a vese szklerotikus elv\u00e1ltoz\u00e1sainak megel\u0151z\u00e9s\u00e9t. Mikor [&hellip;]<\/p>\n","protected":false},"featured_media":4703,"comment_status":"open","ping_status":"closed","template":"","meta":[],"product_brand":[],"product_cat":[33,32],"product_tag":[],"class_list":{"0":"post-4704","1":"product","2":"type-product","3":"status-publish","4":"has-post-thumbnail","6":"product_cat-egeszseg-medalok","7":"product_cat-triomed","9":"first","10":"instock","11":"taxable","12":"shipping-taxable","13":"purchasable","14":"product-type-simple"},"_links":{"self":[{"href":"https:\/\/vetomshop.hu\/lv\/wp-json\/wp\/v2\/product\/4704","targetHints":{"allow":["GET"]}}],"collection":[{"href":"https:\/\/vetomshop.hu\/lv\/wp-json\/wp\/v2\/product"}],"about":[{"href":"https:\/\/vetomshop.hu\/lv\/wp-json\/wp\/v2\/types\/product"}],"replies":[{"embeddable":true,"href":"https:\/\/vetomshop.hu\/lv\/wp-json\/wp\/v2\/comments?post=4704"}],"wp:featuredmedia":[{"embeddable":true,"href":"https:\/\/vetomshop.hu\/lv\/wp-json\/wp\/v2\/media\/4703"}],"wp:attachment":[{"href":"https:\/\/vetomshop.hu\/lv\/wp-json\/wp\/v2\/media?parent=4704"}],"wp:term":[{"taxonomy":"product_brand","embeddable":true,"href":"https:\/\/vetomshop.hu\/lv\/wp-json\/wp\/v2\/product_brand?post=4704"},{"taxonomy":"product_cat","embeddable":true,"href":"https:\/\/vetomshop.hu\/lv\/wp-json\/wp\/v2\/product_cat?post=4704"},{"taxonomy":"product_tag","embeddable":true,"href":"https:\/\/vetomshop.hu\/lv\/wp-json\/wp\/v2\/product_tag?post=4704"}],"curies":[{"name":"wp","href":"https:\/\/api.w.org\/{rel}","templated":true}]}}