{"id":4706,"date":"2023-11-11T14:33:52","date_gmt":"2023-11-11T13:33:52","guid":{"rendered":"https:\/\/vetomshop.hu\/termek\/odont-medal\/"},"modified":"2024-08-07T16:07:27","modified_gmt":"2024-08-07T14:07:27","slug":"odont-medal","status":"publish","type":"product","link":"https:\/\/vetomshop.hu\/lv\/products\/odont-medal\/","title":{"rendered":"Odont meda\u013ca"},"content":{"rendered":"<h4>Odont meda\u013ca<\/h4>\n<p>Tas ir pal\u012bgl\u012bdzeklis periodonta slim\u012bbu profilaksei un rehabilit\u0101cijai, k\u0101 ar\u012b re\u0123enerat\u012bvo procesu veicin\u0101\u0161anai.<\/p>\n<p>Periodontijs - zobus ieskaujo\u0161o audu komplekss.<\/p>\n<p>Periodontijs ieskauj un balsta zobus. Periodontijs nodro\u0161ina elast\u012bgu stiprin\u0101jumu zoba saknei. Periodonta galven\u0101s da\u013cas ir: smaganas, periosts, cements, periodonta saites. To izcelsme un funkcijas ir kop\u012bgas.<\/p>\n<p>\u201eODONT\u201d kulona iedarb\u012bba ir aktiviz\u0113t organisma aizsargsp\u0113jas, atjaunot norm\u0101lus fiziolo\u0123iskos procesus periodonta \u0161\u016bn\u0101s un audos, palielinot iztur\u012bbu pret nelabv\u0113l\u012bgiem vides faktoriem.<\/p>\n<p>\u0160im l\u012bdzeklim ir pozit\u012bva ietekme uz organisma funkciju st\u0101vokli, un to var izmantot k\u0101 optim\u0101lu un kori\u0123\u0113jo\u0161u l\u012bdzekli citu slim\u012bbu gad\u012bjumos, piem\u0113ram, gingiv\u012bta, periodont\u012bta, periodonta slim\u012bbu, periodonta boj\u0101jumu, Icenko-Ku\u0161inga, Elersa-Danlosa, \u0160edjaka Higa\u0161i, Dauna sindroma, asins slim\u012bbu u. c. gad\u012bjumos.<\/p>\n<div class=\"su-spoiler su-spoiler-style-defoult su-spoiler-icon-caret su-spoiler-closed\" data-scroll-offset=\"0\" data-anchor-in-url=\"no\"><div class=\"su-spoiler-title\" tabindex=\"0\" role=\"button\"><span class=\"su-spoiler-icon\"><\/span>Visi<\/div><div class=\"su-spoiler-content su-u-clearfix su-u-trim\">\n<strong>Ietekme:<\/strong><\/p>\n<ul>\n<li>normaliz\u0113 asinsriti, im\u016bnsist\u0113mu un periodonta vielmai\u0146u, nov\u0113r\u0161ot slim\u012bbu att\u012bst\u012bbu;<\/li>\n<li>pal\u012bdz uzlabot periodonta funkciju;<\/li>\n<li>mazina iekaisuma un de\u0123enerat\u012bvo par\u0101d\u012bbu smagumu periodonta slim\u012bbu gad\u012bjum\u0101;<\/li>\n<li>pal\u012bdz pa\u0101trin\u0101t re\u0123ener\u0101cijas un periodonta atjauno\u0161an\u0101s procesus;<\/li>\n<li>pal\u012bdz nov\u0113rst sliktu elpu;<\/li>\n<li>pal\u012bdz nov\u0113rst zobu patolo\u0123isku kust\u012bgumu.<\/li>\n<\/ul>\n<\/div><\/div>","protected":false},"excerpt":{"rendered":"<p>Odont Med\u00e1l Seg\u00e9deszk\u00f6z a periodont\u00e1lis betegs\u00e9gek megel\u0151z\u00e9s\u00e9re \u00e9s rehabilit\u00e1ci\u00f3j\u00e1ra, a regenerat\u00edv folyamatok fokoz\u00e1s\u00e1ra. A fog\u00e1gy (parodontium) &#8211; a fogakat k\u00f6r\u00fclvev\u0151 sz\u00f6vetek komplexuma. A parodontium k\u00f6r\u00fclveszi \u00e9s megt\u00e1masztja a fogakat. A fog\u00e1gy a fogak gy\u00f6ker\u00e9nek rugalmas elhorgonyz\u00e1s\u00e1t biztos\u00edtja. A parodontium f\u0151 r\u00e9szei: \u00edny, gy\u00f6k\u00e9rh\u00e1rtya, cement, fogmederny\u00falv\u00e1ny. Eredet\u00fck \u00e9s funkci\u00f3juk k\u00f6z\u00f6s. Az &#8222;ODONT&#8221; med\u00e1l hat\u00e1sa arra ir\u00e1nyul, [&hellip;]<\/p>\n","protected":false},"featured_media":4705,"comment_status":"open","ping_status":"closed","template":"","meta":[],"product_brand":[],"product_cat":[33,32],"product_tag":[],"class_list":{"0":"post-4706","1":"product","2":"type-product","3":"status-publish","4":"has-post-thumbnail","6":"product_cat-egeszseg-medalok","7":"product_cat-triomed","9":"first","10":"instock","11":"taxable","12":"shipping-taxable","13":"purchasable","14":"product-type-simple"},"_links":{"self":[{"href":"https:\/\/vetomshop.hu\/lv\/wp-json\/wp\/v2\/product\/4706","targetHints":{"allow":["GET"]}}],"collection":[{"href":"https:\/\/vetomshop.hu\/lv\/wp-json\/wp\/v2\/product"}],"about":[{"href":"https:\/\/vetomshop.hu\/lv\/wp-json\/wp\/v2\/types\/product"}],"replies":[{"embeddable":true,"href":"https:\/\/vetomshop.hu\/lv\/wp-json\/wp\/v2\/comments?post=4706"}],"wp:featuredmedia":[{"embeddable":true,"href":"https:\/\/vetomshop.hu\/lv\/wp-json\/wp\/v2\/media\/4705"}],"wp:attachment":[{"href":"https:\/\/vetomshop.hu\/lv\/wp-json\/wp\/v2\/media?parent=4706"}],"wp:term":[{"taxonomy":"product_brand","embeddable":true,"href":"https:\/\/vetomshop.hu\/lv\/wp-json\/wp\/v2\/product_brand?post=4706"},{"taxonomy":"product_cat","embeddable":true,"href":"https:\/\/vetomshop.hu\/lv\/wp-json\/wp\/v2\/product_cat?post=4706"},{"taxonomy":"product_tag","embeddable":true,"href":"https:\/\/vetomshop.hu\/lv\/wp-json\/wp\/v2\/product_tag?post=4706"}],"curies":[{"name":"wp","href":"https:\/\/api.w.org\/{rel}","templated":true}]}}