{"id":4708,"date":"2023-11-11T14:33:53","date_gmt":"2023-11-11T13:33:53","guid":{"rendered":"https:\/\/vetomshop.hu\/termek\/omega-medal\/"},"modified":"2023-11-11T14:33:53","modified_gmt":"2023-11-11T13:33:53","slug":"omega-medal","status":"publish","type":"product","link":"https:\/\/vetomshop.hu\/lv\/products\/omega-medal\/","title":{"rendered":"Omega meda\u013ca"},"content":{"rendered":"<h4>Omega meda\u013ca<\/h4>\n<p>Triomed meda\u013cu ikdienas lieto\u0161ana var pal\u012bdz\u0113t sasniegt ilgu, laim\u012bgu un vesel\u012bgu dz\u012bvi. Tie maigi harmoniz\u0113 \u0137ermeni un var veicin\u0101t energoinform\u0101cijas korekciju.<\/p>\n<p>Kam tas ir ieteicams?<\/p>\n<p>Visiem, kas cie\u0161 no augsta asinsspiediena, asinsrites probl\u0113m\u0101m.<\/p>\n<p><strong>Svar\u012bgs br\u012bdin\u0101jums:<\/strong><\/p>\n<p>Ja Jums ir sirds un asinsvadu slim\u012bbas, vienm\u0113r konsult\u0113jieties ar \u0101rstu. Papildus \u0101rsta noz\u012bm\u0113tajai \u0101rst\u0113\u0161anai varat lietot ar\u012b Triomed Omega Medal, lai veicin\u0101tu dz\u012b\u0161anu un pa\u0101trin\u0101tu re\u0123ener\u0101cijas procesu.<\/p>\n<p>B\u0113rniem l\u012bdz 6 gadu vecumam dr\u012bkst lietot tikai vec\u0101ku uzraudz\u012bb\u0101!<\/p>\n<p>Triomed piekari\u0146i ir \u016bdensiztur\u012bgi, un tos var ievietot \u016bden\u012b.<\/p>\n<p>Visas Triomed meda\u013cas pirms lai\u0161anas p\u0101rdo\u0161an\u0101 tiek pak\u013cautas \u012bpa\u0161ai spektr\u0101l\u0101s - fotometriskajai - p\u0101rbaudei, kas nodro\u0161ina sign\u0101lu kvalit\u0101ti un konsekvenci.<\/p>","protected":false},"excerpt":{"rendered":"<p>Omega Med\u00e1l A Triomed Med\u00e1lok napi szinten t\u00f6rt\u00e9n\u0151 alkalmaz\u00e1sa t\u00e1mogathatja a hossz\u00fa, boldog, eg\u00e9szs\u00e9ges \u00e9let el\u00e9r\u00e9s\u00e9t. L\u00e1gyan harmoniz\u00e1lj\u00e1k a szervezetet, hozz\u00e1j\u00e1rulhatnak az energia-inform\u00e1ci\u00f3s korrekci\u00f3hoz. Kiknek aj\u00e1nljuk? Mindazoknak, akik magas v\u00e9rnyom\u00e1st\u00f3l, kering\u00e9si probl\u00e9m\u00e1kt\u00f3l szenvednek. Fontos figyelmeztet\u00e9s: A sz\u00edv-\u00e9s \u00e9rrendszer megbeteged\u00e9sein\u00e9l mindig forduljon orvoshoz. Az orvos \u00e1ltal el\u0151\u00edrt kezel\u00e9s mellett p\u00e1rhuzamosan alkalmazhatja a Triomed Omega Med\u00e1lt a [&hellip;]<\/p>\n","protected":false},"featured_media":4707,"comment_status":"open","ping_status":"closed","template":"","meta":[],"product_brand":[],"product_cat":[33,32],"product_tag":[],"class_list":{"0":"post-4708","1":"product","2":"type-product","3":"status-publish","4":"has-post-thumbnail","6":"product_cat-egeszseg-medalok","7":"product_cat-triomed","9":"first","10":"instock","11":"taxable","12":"shipping-taxable","13":"purchasable","14":"product-type-simple"},"_links":{"self":[{"href":"https:\/\/vetomshop.hu\/lv\/wp-json\/wp\/v2\/product\/4708","targetHints":{"allow":["GET"]}}],"collection":[{"href":"https:\/\/vetomshop.hu\/lv\/wp-json\/wp\/v2\/product"}],"about":[{"href":"https:\/\/vetomshop.hu\/lv\/wp-json\/wp\/v2\/types\/product"}],"replies":[{"embeddable":true,"href":"https:\/\/vetomshop.hu\/lv\/wp-json\/wp\/v2\/comments?post=4708"}],"wp:featuredmedia":[{"embeddable":true,"href":"https:\/\/vetomshop.hu\/lv\/wp-json\/wp\/v2\/media\/4707"}],"wp:attachment":[{"href":"https:\/\/vetomshop.hu\/lv\/wp-json\/wp\/v2\/media?parent=4708"}],"wp:term":[{"taxonomy":"product_brand","embeddable":true,"href":"https:\/\/vetomshop.hu\/lv\/wp-json\/wp\/v2\/product_brand?post=4708"},{"taxonomy":"product_cat","embeddable":true,"href":"https:\/\/vetomshop.hu\/lv\/wp-json\/wp\/v2\/product_cat?post=4708"},{"taxonomy":"product_tag","embeddable":true,"href":"https:\/\/vetomshop.hu\/lv\/wp-json\/wp\/v2\/product_tag?post=4708"}],"curies":[{"name":"wp","href":"https:\/\/api.w.org\/{rel}","templated":true}]}}