{"id":4710,"date":"2023-11-11T14:33:53","date_gmt":"2023-11-11T13:33:53","guid":{"rendered":"https:\/\/vetomshop.hu\/termek\/prunus-cerasus-meggy-medal\/"},"modified":"2023-11-11T14:33:53","modified_gmt":"2023-11-11T13:33:53","slug":"prunus-cerasus-meggy-medal","status":"publish","type":"product","link":"https:\/\/vetomshop.hu\/lv\/products\/prunus-cerasus-meggy-medal\/","title":{"rendered":"Prunus cerasus - Meggy Pendant"},"content":{"rendered":"<h4>Prunus cerasus - Meggy Meda\u013ca-Streptococcus, Staphylococcus infekciju papildu \u0101rst\u0113\u0161anai<\/h4>\n<p>Streptococcus pyogenes, paz\u012bstams ar\u012b k\u0101 A tipa streptokoks, ir \u013coti izplat\u012bta bakt\u0113rija: diez vai k\u0101dam ir biju\u0161as kakla s\u0101pes bez \u0161\u012bs liel\u0101koties nekait\u012bg\u0101s bakt\u0113rijas, kas apmetas kakl\u0101. Ta\u010du \u0161\u012b pati bakt\u0113rija, kas m\u012bt kakl\u0101, ar saviem toks\u012bniem, kas izdal\u0101s asinsrit\u0113, izraisa ar\u012b skarlat\u012bnu - b\u0113rnu slim\u012bbu ar drudzi un izsitumiem pa visu \u0137ermeni. Ilgsto\u0161i ne\u0101rst\u0113tas streptokoku infekcijas var izrais\u012bt reimatisko drudzi - nopietnu slim\u012bbu, kas skar loc\u012btavas un sirdi.<\/p>\n<p>Staphylococcus aureus ir l\u012bdz\u012bgi izplat\u012bta bakt\u0113rija, kas sastopama uz gandr\u012bz visas \u0101das un ir viens no p\u016bkaino p\u016bt\u012btes un p\u016bsl\u012b\u0161u izrais\u012bt\u0101jiem. Lai gan \u0161os \u0101das boj\u0101jumus lab\u0101kaj\u0101 gad\u012bjum\u0101 var\u0113tu uzskat\u012bt par nepat\u012bkamiem, t\u0101di sp\u012bt\u012bgi \u0101das boj\u0101jumi, \u012bpa\u0161i b\u0113rniem, k\u0101, piem\u0113ram, \u010duri vai abscesi da\u017e\u0101d\u0101s \u0137erme\u0146a da\u013c\u0101s, var rad\u012bt nopietnas probl\u0113mas, nemaz nerun\u0101jot par nopietn\u0101m un potenci\u0101li let\u0101l\u0101m infekcij\u0101m, piem\u0113ram, pneimoniju, mening\u012btu, osteomiel\u012btu vai perikard\u012btu. Stafilokoki, kas liel\u0101koties koloniz\u0113 m\u016bsu \u0101du, var izrais\u012bt visas \u0161\u012bs infekcijas, ja tiem tiek dota iesp\u0113ja.<\/p>\n<div class=\"su-spoiler su-spoiler-style-defoult su-spoiler-icon-caret su-spoiler-closed\" data-scroll-offset=\"0\" data-anchor-in-url=\"no\"><div class=\"su-spoiler-title\" tabindex=\"0\" role=\"button\"><span class=\"su-spoiler-icon\"><\/span>Visi<\/div><div class=\"su-spoiler-content su-u-clearfix su-u-trim\">\n<h5>Ko var izrais\u012bt ikdienas mikrobi nepareiz\u0101 viet\u0101?<\/h5>\n<p>M\u0101c\u012bba ir t\u0101da, ka \u0161\u0137ietami nekait\u012bga bakt\u0113rija ir relat\u012bvi nekait\u012bga tikai l\u012bdz br\u012bdim, kad t\u0101 non\u0101k viet\u0101, kur tai nav nek\u0101da sakara: jo \u012bpa\u0161i dzi\u013ci audos un audos.<br \/>\nnon\u0101k asinsrit\u0113. Piem\u0113ram, ja streptokoki vai stafilokoki caur boj\u0101jumu nok\u013c\u016bst zem\u0101das audos, tie var \u0101rk\u0101rt\u012bgi \u0101tri un posto\u0161i izplat\u012bties pa saistaudu fascij\u0101m, kas ap\u0146em musku\u013cus un nervus - sarunvalod\u0101 tos d\u0113v\u0113 par \u201emies\u0113d\u0101jiem\u201d. Pietiek adatas d\u016briens, kukai\u0146a kodiens, sasitums, lai tie iek\u013c\u016btu \u0101d\u0101 - nav j\u0101b\u016bt katastrof\u0101lam, pietiek ar tikko redzamu br\u016bci. Liel\u0101ks risks ir tad, ja \u0101da jau ir ievainota, piem\u0113ram, p\u0113c oper\u0101cijas, ak\u016bta izsituma v\u012brusu infekcijas d\u0113\u013c vai k\u0101 diab\u0113ta komplik\u0101cija, vai ja ir nov\u0101jin\u0101ta im\u016bnsist\u0113ma.<\/p>\n<h5>\u201eVai ga\u013cu \u0113do\u0161\u0101 bakt\u0113rija \u201d\u0113d ga\u013cu\"?<\/h5>\n<p>\u201eGa\u013cu \u0113do\u0161\u0101s bakt\u0113rijas\u201d neveido bied\u0113jo\u0161u un eksotisku patog\u0113nu grupu: vairum\u0101 gad\u012bjumu parastie mikrobi, kas nepareizi novietoti nepareiz\u0101 viet\u0101, ir nopietnu slim\u012bbu c\u0113lonis.<br \/>\nprocess, kas ietver audu izn\u012bcin\u0101\u0161anu, kas tie\u0161i apdraud dz\u012bv\u012bbu.<\/p>\n<h5>K\u0101 \u0161is process darbojas?<\/h5>\n<p>\u201eMiesu \u0113do\u0161\u0101 infekcija\u201d, kas ofici\u0101li paz\u012bstama k\u0101 nekrotiz\u0113jo\u0161ais fasc\u012bts (nekrotiz\u0113jo\u0161ais fasc\u012bts), s\u0101kas ar da\u017eiem rakstur\u012bgiem simptomiem: piet\u016bkumu, aps\u0101rtumu, s\u0101p\u0113m un, iesp\u0113jams, p\u016bsl\u012b\u0161u veido\u0161anos skartaj\u0101 zon\u0101. T\u0101 k\u0101 process ir dzi\u013ci iesak\u0146ojies, l\u012bdz br\u012bdim, kad uz \u0101das ir izveidoju\u0161ies purpura kr\u0101sas laukumi, asi\u0146aini p\u016b\u0161\u013ci, jau ir v\u0113rojama masveida zem\u0101das m\u012bksto audu boj\u0101eja.<\/p>\n<\/div><\/div>","protected":false},"excerpt":{"rendered":"<p>Prunus cerasus \u2013 Meggy Med\u00e1l-Streptococcus, Staphylococcus fert\u0151z\u00e9sek kieg\u00e9sz\u00edt\u0151 kezel\u00e9s\u00e9re A Streptococcus pyogenes, m\u00e1s nev\u00e9n az A-t\u00edpus\u00fa sztreptokokkusz rendk\u00edv\u00fcl k\u00f6z\u00f6ns\u00e9ges bakt\u00e9rium: aligha akad, akinek ne okozott volna m\u00e9g torokf\u00e1j\u00e1st ez a garatban megteleped\u0151, jobb\u00e1ra \u00e1rtalmatlan k\u00f3rokoz\u00f3. \u00c1m ugyanez a toroklak\u00f3 bakt\u00e9rium &#8211; a v\u00e9r\u00e1ramba kiv\u00e1lasztott m\u00e9reganyagai r\u00e9v\u00e9n &#8211; a skarl\u00e1t, a l\u00e1zzal \u00e9s a teljes testet [&hellip;]<\/p>\n","protected":false},"featured_media":4709,"comment_status":"open","ping_status":"closed","template":"","meta":[],"product_brand":[],"product_cat":[33,32],"product_tag":[],"class_list":{"0":"post-4710","1":"product","2":"type-product","3":"status-publish","4":"has-post-thumbnail","6":"product_cat-egeszseg-medalok","7":"product_cat-triomed","9":"first","10":"instock","11":"taxable","12":"shipping-taxable","13":"purchasable","14":"product-type-simple"},"_links":{"self":[{"href":"https:\/\/vetomshop.hu\/lv\/wp-json\/wp\/v2\/product\/4710","targetHints":{"allow":["GET"]}}],"collection":[{"href":"https:\/\/vetomshop.hu\/lv\/wp-json\/wp\/v2\/product"}],"about":[{"href":"https:\/\/vetomshop.hu\/lv\/wp-json\/wp\/v2\/types\/product"}],"replies":[{"embeddable":true,"href":"https:\/\/vetomshop.hu\/lv\/wp-json\/wp\/v2\/comments?post=4710"}],"wp:featuredmedia":[{"embeddable":true,"href":"https:\/\/vetomshop.hu\/lv\/wp-json\/wp\/v2\/media\/4709"}],"wp:attachment":[{"href":"https:\/\/vetomshop.hu\/lv\/wp-json\/wp\/v2\/media?parent=4710"}],"wp:term":[{"taxonomy":"product_brand","embeddable":true,"href":"https:\/\/vetomshop.hu\/lv\/wp-json\/wp\/v2\/product_brand?post=4710"},{"taxonomy":"product_cat","embeddable":true,"href":"https:\/\/vetomshop.hu\/lv\/wp-json\/wp\/v2\/product_cat?post=4710"},{"taxonomy":"product_tag","embeddable":true,"href":"https:\/\/vetomshop.hu\/lv\/wp-json\/wp\/v2\/product_tag?post=4710"}],"curies":[{"name":"wp","href":"https:\/\/api.w.org\/{rel}","templated":true}]}}