{"id":4712,"date":"2023-11-11T14:33:54","date_gmt":"2023-11-11T13:33:54","guid":{"rendered":"https:\/\/vetomshop.hu\/termek\/biotrem-active\/"},"modified":"2023-11-11T14:33:54","modified_gmt":"2023-11-11T13:33:54","slug":"biotrem-active","status":"publish","type":"product","link":"https:\/\/vetomshop.hu\/lv\/products\/biotrem-active\/","title":{"rendered":"BioTrEM active"},"content":{"rendered":"<p>\u0410 <strong>\u201eBioTrEM ACTIVE\u201d<\/strong> 1. mode\u013ca EMF-IK terapijas ier\u012bce (turpm\u0101k tekst\u0101 - \"ier\u012bce\") ir p\u0101rn\u0113s\u0101jama fizioterapijas un refleksterapijas ier\u012bce, kas paredz\u0113ta loc\u012btavu slim\u012bbu profilaksei, \u0101rst\u0113\u0161anai un rehabilit\u0101cijai pacientiem ar musku\u013cu un skeleta sist\u0113mas trauc\u0113jumiem, izmantojot zemas intensit\u0101tes elektromagn\u0113tiskos laukus \u012bpa\u0161i augstu frekven\u010du diapazon\u0101 uz cilv\u0113ka \u0101das virsmas da\u013c\u0101m.<\/p>\n<p>A ier\u012bci var izmantot kompleks\u0101s profilaktisk\u0101s un \u0101rstniecisk\u0101s programm\u0101s norm\u0101lu fiziolo\u0123isko procesu atjauno\u0161anai balsta un kust\u012bbu org\u0101nu sist\u0113mas \u0161\u016bn\u0101s un audos balsta un kust\u012bbu org\u0101nu sist\u0113mas slim\u012bbu gad\u012bjum\u0101, lai mazin\u0101tu s\u0101pes un uzlabotu balsta un kust\u012bbu funkcijas.<\/p>\n<div class=\"su-spoiler su-spoiler-style-defoult su-spoiler-icon-caret su-spoiler-closed\" data-scroll-offset=\"0\" data-anchor-in-url=\"no\"><div class=\"su-spoiler-title\" tabindex=\"0\" role=\"button\"><span class=\"su-spoiler-icon\"><\/span>Visi<\/div><div class=\"su-spoiler-content su-u-clearfix su-u-trim\">\n<p>Ier\u012bces lieto\u0161anas ietekme:<\/p>\n<ul>\n<li>normaliz\u0113 asinsriti, imunit\u0101tes st\u0101vokli un vielmai\u0146as procesus balsta un kust\u012bbu org\u0101nos\/ org\u0101nu sist\u0113m\u0101s, nov\u0113r\u0161ot to slim\u012bbu att\u012bst\u012bbu;<\/li>\n<li>pal\u012bdz uzlabot atbalsta un mobilit\u0101tes funkcijas;<\/li>\n<li>mazina iekaisuma un sastr\u0113gumu izpausmes balsta un kust\u012bbu org\u0101nos;<\/li>\n<li>pal\u012bdz pa\u0101trin\u0101t balsta un kust\u012bbu org\u0101nu sist\u0113mas audu re\u0123ener\u0101cijas un atjauno\u0161an\u0101s procesus;<\/li>\n<li>pal\u012bdz nov\u0113rst iekaisumu loc\u012btav\u0101s, loc\u012btavu membr\u0101n\u0101s un loc\u012btavu \u201emaisi\u0146os\u201d, musku\u013cos,<\/li>\n<li>pal\u012bdz nov\u0113rst vai kompens\u0113t kaulu, sai\u0161u un musku\u013cu un loc\u012btavu kompleksa deform\u0101ciju un atrofiju.<\/li>\n<\/ul>\n<\/div><\/div>","protected":false},"excerpt":{"rendered":"<p>\u0410 \u201eBioTrEM ACTIVE\u201d modell EMF-IK ter\u00e1pi\u00e1s k\u00e9sz\u00fcl\u00e9k (a tov\u00e1bbiakban k\u00e9sz\u00fcl\u00e9k) egy hordozhat\u00f3 fizikoter\u00e1pi\u00e1s \u00e9s reflexter\u00e1pi\u00e1s eszk\u00f6z, amelynek rendeltet\u00e9se az \u00edz\u00fcleti megbeteged\u00e9sek megel\u0151z\u00e9s\u00e9re, a t\u00e1maszt\u00e1s \u00e9s mozg\u00e1s szervrendszeri betegs\u00e9gekben szenved\u0151 p\u00e1ciensek kezel\u00e9se \u00e9s rehabilit\u00e1ci\u00f3ja az ember b\u0151rfel\u00fclet\u00e9nek r\u00e9szeire ir\u00e1nyul\u00f3 extr\u00e9m magas frekvenci\u00e1s tartom\u00e1nyban m\u0171k\u00f6d\u0151 alacsonyintenzit\u00e1s\u00fa elektrom\u00e1gneses r\u00e1hat\u00e1s r\u00e9v\u00e9n. \u0410 k\u00e9sz\u00fcl\u00e9k komplex megel\u0151z\u0151 \u00e9s gy\u00f3gyul\u00e1st el\u0151seg\u00edt\u0151 programokban [&hellip;]<\/p>\n","protected":false},"featured_media":4711,"comment_status":"open","ping_status":"closed","template":"","meta":[],"product_brand":[],"product_cat":[34,32],"product_tag":[],"class_list":{"0":"post-4712","1":"product","2":"type-product","3":"status-publish","4":"has-post-thumbnail","6":"product_cat-keszulekek","7":"product_cat-triomed","9":"first","10":"instock","11":"taxable","12":"shipping-taxable","13":"purchasable","14":"product-type-simple"},"_links":{"self":[{"href":"https:\/\/vetomshop.hu\/lv\/wp-json\/wp\/v2\/product\/4712","targetHints":{"allow":["GET"]}}],"collection":[{"href":"https:\/\/vetomshop.hu\/lv\/wp-json\/wp\/v2\/product"}],"about":[{"href":"https:\/\/vetomshop.hu\/lv\/wp-json\/wp\/v2\/types\/product"}],"replies":[{"embeddable":true,"href":"https:\/\/vetomshop.hu\/lv\/wp-json\/wp\/v2\/comments?post=4712"}],"wp:featuredmedia":[{"embeddable":true,"href":"https:\/\/vetomshop.hu\/lv\/wp-json\/wp\/v2\/media\/4711"}],"wp:attachment":[{"href":"https:\/\/vetomshop.hu\/lv\/wp-json\/wp\/v2\/media?parent=4712"}],"wp:term":[{"taxonomy":"product_brand","embeddable":true,"href":"https:\/\/vetomshop.hu\/lv\/wp-json\/wp\/v2\/product_brand?post=4712"},{"taxonomy":"product_cat","embeddable":true,"href":"https:\/\/vetomshop.hu\/lv\/wp-json\/wp\/v2\/product_cat?post=4712"},{"taxonomy":"product_tag","embeddable":true,"href":"https:\/\/vetomshop.hu\/lv\/wp-json\/wp\/v2\/product_tag?post=4712"}],"curies":[{"name":"wp","href":"https:\/\/api.w.org\/{rel}","templated":true}]}}