{"id":4714,"date":"2023-11-11T14:33:54","date_gmt":"2023-11-11T13:33:54","guid":{"rendered":"https:\/\/vetomshop.hu\/termek\/triomed-compact\/"},"modified":"2023-11-11T14:33:54","modified_gmt":"2023-11-11T13:33:54","slug":"triomed-compact","status":"publish","type":"product","link":"https:\/\/vetomshop.hu\/lv\/products\/triomed-compact\/","title":{"rendered":"Triomed kompakts"},"content":{"rendered":"<h4>S\u0101pju mazin\u0101\u0161ana, iekaisuma mazin\u0101\u0161ana, rehabilit\u0101cija, hiropraktika, pirm\u0101 pal\u012bdz\u012bba, hroniskas slim\u012bbas, elektrosmogs, stress, gaismas terapija.<\/h4>\n<p>Inov\u0101ciju sist\u0113ma vesel\u012bbas aizsardz\u012bbai un atvese\u013co\u0161anai - <strong>Triomed kompakts.<\/strong><\/p>\n<p>Gandr\u012bz katru dienu dzirdam, ka m\u016bsu vide k\u013c\u016bst arvien agres\u012bv\u0101ka.<\/p>\n<p>\u0136imik\u0101lijas p\u0101rtik\u0101 un \u016bden\u012b, gaisa pies\u0101r\u0146ojums un arvien strauj\u0101ks dz\u012bves ritms nopietni noslogo m\u016bsu organismu. Nopietnas ba\u017eas var rad\u012bt ar\u012b civiliz\u0101cijas slim\u012bbas, ko izraisa main\u012bgie vides faktori un \u0113\u0161anas paradumi, darba apst\u0101k\u013ci un stress. To \u0101rst\u0113\u0161ana ir liels izaicin\u0101jums \u0101rstiem, kuri bie\u017ei vien ir bezpal\u012bdz\u012bgi \u0161\u012b izaicin\u0101juma priek\u0161\u0101. Bie\u017ei vien p\u0113c ilgiem izmekl\u0113jumiem mums tiek dots labi (vai dr\u012bz\u0101k slikti) latviski izklausies diagnozes nosaukums un ieteikts ar to sadz\u012bvot.<\/p>\n<p>Bet vai ir pat\u012bkami nodz\u012bvot dz\u012bvi \u0161\u0101d\u0101 nelaim\u012bg\u0101 st\u0101vokl\u012b, pavadot gadu desmitus starp slim\u012bbu un n\u0101vi? Cik daudz s\u0101pju, atk\u0101p\u0161an\u0101s, ener\u0123ijas, naudas, laika, vil\u0161an\u0101s pavada pacientu \u0161aj\u0101 ce\u013c\u0101? Cik daudz nepiepild\u012btu pl\u0101nu, m\u0113r\u0137u, karjeras, v\u0113lmju tiek atmestas, jo no t\u0101 br\u012b\u017ea viss ir tikai slim\u012bbas d\u0113\u013c?<\/p>\n<div class=\"su-spoiler su-spoiler-style-defoult su-spoiler-icon-caret su-spoiler-closed\" data-scroll-offset=\"0\" data-anchor-in-url=\"no\"><div class=\"su-spoiler-title\" tabindex=\"0\" role=\"button\"><span class=\"su-spoiler-icon\"><\/span>Visi<\/div><div class=\"su-spoiler-content su-u-clearfix su-u-trim\">\n<p>Jaut\u0101jums: vai m\u0113s varam b\u016bt veseli, ja nemain\u0101mies.<\/p>\n<p>Par slim\u012bbu pamatc\u0113lo\u0146iem un tikai da\u013c\u0113jiem risin\u0101jumiem?<\/p>\n<p>Atbilde ir nep\u0101rprotami N\u0112!Iepaz\u012bstieties ar sare\u017e\u0123\u012btu sist\u0113mu, kas ir unik\u0101la sav\u0101 veid\u0101!<\/p>\n<p>M\u016bsu r\u012bki var \u0101rst\u0113t j\u016bsu slim\u012bbas, uzlabot dz\u012bves kvalit\u0101ti, pal\u012bdz\u0113t jums piel\u0101goties main\u012bgajai un nemit\u012bgi main\u012bgajai videi un main\u012bt to.<\/p>\n<p>Ne tikai da\u017e\u0101du slim\u012bbu, s\u0101pju, iekaisumu, autoim\u016bnu procesu, slikta garast\u0101vok\u013ca gad\u012bjum\u0101 m\u0113s varam sasniegt lieliskus rezult\u0101tus, bet ar\u012b nov\u0113rst to c\u0113lo\u0146us! Tas viss notiek, ier\u012bcei sazinoties ar j\u016bsu \u0137ermeni, katrs impulss ir atbilde uz j\u016bsu pa\u0161reiz\u0113jo st\u0101vokli.<\/p>\n<p>Biofeedback - radiofrekven\u010du diapazons.<\/p>\n<p>Sist\u0113miska vesel\u012bbas aizsardz\u012bba! unik\u0101la pieeja!<\/p>\n<p>Ar vienu pogas piesk\u0101rienu:<\/p>\n<ul>\n<li>Uzlabojiet savu ekolo\u0123isko vidi - milimetru terapija vis\u0101 laukum\u0101,<\/li>\n<li>Uzlabo \u016bdens un p\u0101rtikas kvalit\u0101ti - atjauno \u016bdens un p\u0101rtikas regul\u0101rit\u0101ti, samazinot kait\u012bgo ietekmi.<\/li>\n<li>Tas mazina stresu darb\u0101 un citur, k\u0101 ar\u012b palielina m\u016bsu notur\u012bbu.<\/li>\n<\/ul>\n<p>N\u0101kamais solis: izmantojiet to k\u0101 l\u012bdzekli, lai atrisin\u0101tu savas probl\u0113mas!<\/p>\n<p>Triomed Compact - Pro!<\/p>\n<p><strong>Pieredze:<\/strong> Man ir bijusi ar\u012b \u013coti laba pieredze ar Triomed un Compact. Kad m\u0113s saslim\u0101m, divu vai tr\u012bs dienu laik\u0101 bez medikamentiem piln\u012bb\u0101 iz\u0101rst\u0113j\u0101mies pat no visstingr\u0101kajiem mikrobiem. Es esmu gr\u016btniece, un vien\u0101 no man\u0101m ultrasonogr\u0101fij\u0101m \u0101rsts konstat\u0113ja cistu m\u016bsu mazu\u013ca galvaskaus\u0101. Vi\u0146\u0161 mani mierin\u0101ja, ka nekas slikts nenotiks, un es biju piln\u012bgi mier\u012bga, zinot, ka p\u0113c da\u017e\u0101m proced\u016br\u0101m cista tur b\u016bs piln\u012bb\u0101 uzs\u016bkusies. T\u0101 ar\u012b notika!!! Es noteikti neb\u016btu bijusi mier\u012bga mamma, ja neb\u016btu zin\u0101jusi par \u0161o ier\u012b\u010du esam\u012bbu. Esmu tik priec\u012bga, ka atradu \u0161\u012bs ier\u012bces pirms b\u0113rni\u0146a gaid\u012b\u0161anas.<\/p>\n<p>Uzman\u012bbu! \u0160\u012b ier\u012bce neaizst\u0101j \u0101rst\u0113\u0161anu!<\/p>\n<p>Katr\u0101 re\u017e\u012bm\u0101 tiek \u012bstenota \u012bpa\u0161a programma<\/p>\n<p>TRIOMED COMPACT DARBOJAS ASTO\u0145OS RE\u017d\u012aMOS.<\/p>\n<p>Katr\u0101 re\u017e\u012bm\u0101 tiek \u012bstenota \u012bpa\u0161a, unik\u0101la programma.<\/p>\n<\/div><\/div>","protected":false},"excerpt":{"rendered":"<p>F\u00e1jdalomcsillap\u00edt\u00e1s, gyullad\u00e1s cs\u00f6kkent\u00e9s, lugos\u00edt\u00e1s, rehabilit\u00e1ci\u00f3, oki kezel\u00e9s, els\u0151seg\u00e9ly, kr\u00f3nikus betegs\u00e9gek, elektroszmog, stressz, f\u00e9nyter\u00e1pia Az eg\u00e9szs\u00e9g v\u00e9delm\u00e9nek \u00e9s vissza\u00e1ll\u00edt\u00e1s\u00e1nak innov\u00e1ci\u00f3s rendszere \u2013 Triomed compact. Szinte naponta hallunk arr\u00f3l, hogy k\u00f6rnyezet\u00fcnk egyre agressz\u00edvebb\u00e9 v\u00e1lt. Az \u00e9lelmiszerekben \u00e9s a v\u00edzben tal\u00e1lhat\u00f3 vegyszerek, a leveg\u0151 szennyezetts\u00e9ge, az egyre gyorsabb \u00e9lettemp\u00f3 komoly kih\u00edv\u00e1sok el\u00e9 \u00e1ll\u00edtja szervezet\u00fcnket. Komoly aggodalomra adhatnak okot [&hellip;]<\/p>\n","protected":false},"featured_media":4713,"comment_status":"open","ping_status":"closed","template":"","meta":[],"product_brand":[],"product_cat":[34,32],"product_tag":[],"class_list":{"0":"post-4714","1":"product","2":"type-product","3":"status-publish","4":"has-post-thumbnail","6":"product_cat-keszulekek","7":"product_cat-triomed","9":"first","10":"instock","11":"taxable","12":"shipping-taxable","13":"purchasable","14":"product-type-simple"},"_links":{"self":[{"href":"https:\/\/vetomshop.hu\/lv\/wp-json\/wp\/v2\/product\/4714","targetHints":{"allow":["GET"]}}],"collection":[{"href":"https:\/\/vetomshop.hu\/lv\/wp-json\/wp\/v2\/product"}],"about":[{"href":"https:\/\/vetomshop.hu\/lv\/wp-json\/wp\/v2\/types\/product"}],"replies":[{"embeddable":true,"href":"https:\/\/vetomshop.hu\/lv\/wp-json\/wp\/v2\/comments?post=4714"}],"wp:featuredmedia":[{"embeddable":true,"href":"https:\/\/vetomshop.hu\/lv\/wp-json\/wp\/v2\/media\/4713"}],"wp:attachment":[{"href":"https:\/\/vetomshop.hu\/lv\/wp-json\/wp\/v2\/media?parent=4714"}],"wp:term":[{"taxonomy":"product_brand","embeddable":true,"href":"https:\/\/vetomshop.hu\/lv\/wp-json\/wp\/v2\/product_brand?post=4714"},{"taxonomy":"product_cat","embeddable":true,"href":"https:\/\/vetomshop.hu\/lv\/wp-json\/wp\/v2\/product_cat?post=4714"},{"taxonomy":"product_tag","embeddable":true,"href":"https:\/\/vetomshop.hu\/lv\/wp-json\/wp\/v2\/product_tag?post=4714"}],"curies":[{"name":"wp","href":"https:\/\/api.w.org\/{rel}","templated":true}]}}