{"id":4716,"date":"2023-11-11T14:33:55","date_gmt":"2023-11-11T13:33:55","guid":{"rendered":"https:\/\/vetomshop.hu\/termek\/triomed-mmw\/"},"modified":"2023-11-11T14:33:55","modified_gmt":"2023-11-11T13:33:55","slug":"triomed-mmw","status":"publish","type":"product","link":"https:\/\/vetomshop.hu\/lv\/products\/triomed-mmw\/","title":{"rendered":"Triomed MMW"},"content":{"rendered":"<h4>TRIOMED UNIVERSAL - SLIM\u012aBU SPECI\u0100LISTS<\/h4>\n<p>K\u0101da ir atvese\u013co\u0161an\u0101s atsl\u0113ga? K\u0101ds ir risin\u0101jums neskait\u0101maj\u0101m vesel\u012bbas probl\u0113m\u0101m?<\/p>\n<p>Atbilde ir vienk\u0101r\u0161a, bet risin\u0101jumu var\u0113ja atrast tikai m\u016bsdienu modernaj\u0101 IT izgudrojumu pasaul\u0113, kad tika rad\u012bts \u012bpa\u0161i \u0101trs pusvad\u012bt\u0101ju \u0123enerators uz SiGe b\u0101zes, kas \u0123ener\u0113 sign\u0101lus, kuri ir identiski \u0161\u016bnu un organismu sign\u0101liem. \u0160\u012b inov\u0101cija ir \u013c\u0101vusi nodro\u0161in\u0101t biolo\u0123isko sazi\u0146u starp ier\u012bci un cilv\u0113ku. Inov\u0101cija medic\u012bn\u0101 ir patent\u0113ta k\u0101 BioTrEM tehnolo\u0123ija.<br \/>\nApl\u016bkosim piem\u0113ru no ikdienas. Jebkur\u0161 vesel\u012bbas apr\u016bpes speci\u0101lists zina, ka, lai gan t\u0113vocim Hanselam un tantei Grietel\u012btei ir paaugstin\u0101ts asinsspiediens, vien\u012bg\u0101 l\u012bdz\u012bba starp \u0161o divu cilv\u0113ku saslim\u0161an\u0101m ir simptomos. Vi\u0146iem nav nek\u0101 kop\u012bga ne slim\u012bbas s\u0101kum\u0101, ne citos parametros, piem\u0113ram, vecum\u0101, dzimum\u0101, anamn\u0113z\u0113, slim\u012bbas c\u0113lo\u0146\u0101 vai t\u0101s gait\u0101. Ta\u010du abi cilv\u0113ki lieto vienas un t\u0101s pa\u0161as z\u0101les, jo l\u012bdz \u0161im risin\u0101jumu sniedz\u0113jiem nav bijis l\u012bdzek\u013cu, lai \u0161os divus cilv\u0113kus \u0101rst\u0113tu at\u0161\u0137ir\u012bgi.<\/p>\n<p>Triomed Universal ier\u012bce ir unik\u0101la ar to, ka t\u0101 katru cilv\u0113ku \u0101rst\u0113 at\u0161\u0137ir\u012bgi, pateicoties \u012bpa\u0161ajiem, slim\u012bb\u0101m rakstur\u012bgajiem, savienojamajiem izstarot\u0101jiem, piem\u0113ram, \u012bpa\u0161ajam kardiolo\u0123iskajam izstarot\u0101jam, kas ir saska\u0146ots ar pacientu katr\u0101 \u0101rst\u0113\u0161anas br\u012bd\u012b. Ar Triomed Universal savienojam\u0101 Kardiolo\u0123ijas raid\u012bt\u0101ja frekvence atbilst sirds un asinsvadu sist\u0113mas vesel\u012bgajai frekvencei, izmantojot \u0161os smalkos sign\u0101lus, lai noregul\u0113tu organismu atpaka\u013c uz vesel\u012bgu darb\u012bbu. T\u0101d\u0113j\u0101di \u0101rst\u0113\u0161ana tiek personaliz\u0113ta, piel\u0101gojoties cilv\u0113ka organism\u0101 notieko\u0161aj\u0101m p\u0101rmai\u0146\u0101m, saska\u0146ojot to ar \u0137ermeni katr\u0101 br\u012bd\u012b.<\/p>\n<div class=\"su-spoiler su-spoiler-style-defoult su-spoiler-icon-caret su-spoiler-closed\" data-scroll-offset=\"0\" data-anchor-in-url=\"no\"><div class=\"su-spoiler-title\" tabindex=\"0\" role=\"button\"><span class=\"su-spoiler-icon\"><\/span>Visi<\/div><div class=\"su-spoiler-content su-u-clearfix su-u-trim\">\n<p><strong>Radiofrekven\u010du diapazona biolo\u0123isk\u0101 atgriezenisk\u0101 saite!<\/strong><\/p>\n<p>\u0160is inovat\u012bvais izgudrojums padara \u0161o produktu kl\u0101stu tik unik\u0101lu un efekt\u012bvu!<\/p>\n<p>Tikai padom\u0101jiet: vai m\u0113s zin\u0101m par ier\u012bci, kas seko katrai m\u016bsu kust\u012bbai, ko m\u0113s autom\u0101tiski kontrol\u0113jam neatkar\u012bgi no m\u016bsu apzi\u0146as, kas - b\u016bsim god\u012bgi! - var m\u016bs maldin\u0101t?!<\/p>\n<p>TRIOMED UNIVERSAL pamatkomplekt\u0101 ir divi m\u016bsdien\u012bgi izstarot\u0101ji, kurus var izmantot gan slim\u012bbu \u0101rst\u0113\u0161anai, gan profilaksei. Ier\u012bc\u0113 var aktiviz\u0113t lielu skaitu programmu un apak\u0161programmu - gandr\u012bz t\u016bksto\u0161. \u0160im nol\u016bkam ier\u012bci p\u0113c piepras\u012bjuma var papla\u0161in\u0101t ar 11 pievienojam\u0101m galvi\u0146\u0101m, papildinot pamata ier\u012bci ar jaun\u0101m funkcij\u0101m un iesp\u0113j\u0101m. Lielisks r\u012bks \u0101rstiem, vesel\u012bbas apr\u016bpes iest\u0101d\u0113m, dziedniekiem un lielisks papildin\u0101jums j\u016bsu m\u0101jas aptiekai!<\/p>\n<p><strong>To ir viegli lietot, var\u0113tu teikt: b\u0113rnu sp\u0113le!<\/strong><\/p>\n<p>Ier\u012bce ir klasific\u0113ta k\u0101 akt\u012bv\u0101 elektromagn\u0113tisk\u0101s stimul\u0101cijas medic\u012bnas ier\u012bce, kas paredz\u0113ta patolo\u0123isku st\u0101vok\u013cu profilaksei un \u0101rst\u0113\u0161anai, izmantojot zemas intensit\u0101tes \u012bpa\u0161i augstas frekvences un infrasarkano (IV) elektromagn\u0113tisko starojumu caur \u0101du. T\u0101 pal\u012bdz pa\u0101trin\u0101t dziedin\u0101\u0161anas procesu, samazin\u0101t medikamentu daudzumu un blakuspar\u0101d\u012bbas un sasniegt pozit\u012bvus kl\u012bniskos rezult\u0101tus pacientiem ar v\u0101ju medikamentu panes\u012bbu. Ier\u012bci var izmantot vesel\u012bbas apr\u016bpes iest\u0101d\u0113s vai m\u0101j\u0101s.<br \/>\nIer\u012bcei ir pretiekaisuma, prets\u0101pju un t\u016bsku mazino\u0161a iedarb\u012bba. Citi kl\u012bniski fiziolo\u0123iskie efekti izpau\u017eas \u0161\u016bnu re\u0123ener\u0101cijas procesos, organisma pretest\u012bbas uzlabo\u0161an\u0101, hemodinamikas uzlabo\u0161an\u0101, stresa mazin\u0101\u0161an\u0101 un autonom\u0101s nervu sist\u0113mas regul\u0101cijas normaliz\u0113\u0161an\u0101.<\/p>\n<\/div><\/div>","protected":false},"excerpt":{"rendered":"<p>TRIOMED UNIVERSAL \u2013 A BETEGS\u00c9GEK SPECIALIST\u00c1JA Mi a gy\u00f3gyul\u00e1s kulcsa? Mi lenne a megold\u00e1s a sz\u00e1mtalan eg\u00e9szs\u00e9g\u00fcgyi probl\u00e9m\u00e1ra? A v\u00e1lasz egyszer\u0171, de a megold\u00e1s csak a mai modern, informatikai tal\u00e1lm\u00e1nyokkal b\u0151velked\u0151 vil\u00e1gunkban tudott megval\u00f3sulni, mikor is siker\u00fclt l\u00e9trehozni egy olyan szupergyors f\u00e9lvezet\u0151 SiGe alap\u00fa gener\u00e1tort, mely a sejtekkel, szervezettel azonos jeleket gener\u00e1l. Ennek az innov\u00e1ci\u00f3nak [&hellip;]<\/p>\n","protected":false},"featured_media":4715,"comment_status":"open","ping_status":"closed","template":"","meta":[],"product_brand":[],"product_cat":[34,32],"product_tag":[],"class_list":{"0":"post-4716","1":"product","2":"type-product","3":"status-publish","4":"has-post-thumbnail","6":"product_cat-keszulekek","7":"product_cat-triomed","9":"first","10":"instock","11":"taxable","12":"shipping-taxable","13":"purchasable","14":"product-type-simple"},"_links":{"self":[{"href":"https:\/\/vetomshop.hu\/lv\/wp-json\/wp\/v2\/product\/4716","targetHints":{"allow":["GET"]}}],"collection":[{"href":"https:\/\/vetomshop.hu\/lv\/wp-json\/wp\/v2\/product"}],"about":[{"href":"https:\/\/vetomshop.hu\/lv\/wp-json\/wp\/v2\/types\/product"}],"replies":[{"embeddable":true,"href":"https:\/\/vetomshop.hu\/lv\/wp-json\/wp\/v2\/comments?post=4716"}],"wp:featuredmedia":[{"embeddable":true,"href":"https:\/\/vetomshop.hu\/lv\/wp-json\/wp\/v2\/media\/4715"}],"wp:attachment":[{"href":"https:\/\/vetomshop.hu\/lv\/wp-json\/wp\/v2\/media?parent=4716"}],"wp:term":[{"taxonomy":"product_brand","embeddable":true,"href":"https:\/\/vetomshop.hu\/lv\/wp-json\/wp\/v2\/product_brand?post=4716"},{"taxonomy":"product_cat","embeddable":true,"href":"https:\/\/vetomshop.hu\/lv\/wp-json\/wp\/v2\/product_cat?post=4716"},{"taxonomy":"product_tag","embeddable":true,"href":"https:\/\/vetomshop.hu\/lv\/wp-json\/wp\/v2\/product_tag?post=4716"}],"curies":[{"name":"wp","href":"https:\/\/api.w.org\/{rel}","templated":true}]}}