{"id":4718,"date":"2023-11-11T14:33:56","date_gmt":"2023-11-11T13:33:56","guid":{"rendered":"https:\/\/vetomshop.hu\/termek\/antidiabetikus-jelado\/"},"modified":"2023-11-11T14:33:56","modified_gmt":"2023-11-11T13:33:56","slug":"antidiabetikus-jelado","status":"publish","type":"product","link":"https:\/\/vetomshop.hu\/lv\/products\/antidiabetikus-jelado\/","title":{"rendered":"Pretdiab\u0113ta b\u0101ka"},"content":{"rendered":"<h4>Pretdiab\u0113ta radiators \u21167.<\/h4>\n<p>Darb\u012bbas laiks: 13 min\u016btes.<\/p>\n<p>T\u0101 frekvence atbilst receptoru lauku frekvencei aizku\u0146\u0123a dziedzera \u0161\u016bn\u0101s un no insul\u012bna atkar\u012bgos audos.<\/p>\n<p>To var izmantot kompleks\u0101s programm\u0101s diab\u0113ta profilaksei un I un II tipa diab\u0113ta \u0101rst\u0113\u0161anai, lai nov\u0113rstu komplik\u0101ciju att\u012bst\u012bbu.<\/p>\n<ul>\n<li>Veicina vielmai\u0146as procesu (og\u013chidr\u0101tu, lip\u012bdu, olbaltumvielu, miner\u0101lvielu) optimiz\u0101ciju.<\/li>\n<li>Uzlabo vielmai\u0146u (vielmai\u0146as procesus) aizku\u0146\u0123a dziedzera \u0161\u016bn\u0101s.<\/li>\n<li>Optimiz\u0113 insul\u012bna ra\u017eo\u0161anu aizku\u0146\u0123a dziedzera \u0161\u016bn\u0101s.<\/li>\n<li>Palielina audu jut\u012bbu pret insul\u012bnu.<\/li>\n<li>Uzlabo insul\u012bnneatkar\u012bgo audu \u0161\u016bnu receptoru st\u0101vokli<\/li>\n<li>Nov\u0113r\u0161 t\u016bsku<\/li>\n<li>Tas pa\u0101trina aizku\u0146\u0123a dziedzera \u0161\u016bnu re\u0123ener\u0101ciju un atjauno\u0161anos.<\/li>\n<li>Tam piem\u012bt proiekaisuma iedarb\u012bba.<\/li>\n<li>Uzlabo asinsriti.<\/li>\n<li>Nov\u0113r\u0161 diab\u0113ta att\u012bst\u012bbu.<\/li>\n<li>Nov\u0113r\u0161 diab\u0113ta komplik\u0101ciju att\u012bst\u012bbu.<\/li>\n<\/ul>\n<div class=\"su-spoiler su-spoiler-style-defoult su-spoiler-icon-caret su-spoiler-closed\" data-scroll-offset=\"0\" data-anchor-in-url=\"no\"><div class=\"su-spoiler-title\" tabindex=\"0\" role=\"button\"><span class=\"su-spoiler-icon\"><\/span>Visi<\/div><div class=\"su-spoiler-content su-u-clearfix su-u-trim\">\nIeteicam\u0101s apstr\u0101des zonas: biolo\u0123iski akt\u012bv\u0101s viet\u0101s un zon\u0101s. Ieteicam\u0101s proced\u016bras var atk\u0101rtot 2-3 reizes gad\u0101 vismaz p\u0113c 3 m\u0113ne\u0161iem, l\u012bdz st\u0101voklis uzlabojas, un t\u0101s var papildin\u0101t ar cit\u0101m bioinformat\u012bv\u0101m proced\u016br\u0101m.<\/p>\n<\/div><\/div>","protected":false},"excerpt":{"rendered":"<p>Antidiabetikus sug\u00e1rz\u00f3 \u21167. M\u0171k\u00f6d\u00e9si ideje: 13 perc. Frekvenci\u00e1ja a hasny\u00e1lmirigy sejtjei \u00e9s az inzulinf\u00fcgg\u0151 sz\u00f6vetek receptormez\u0151i frekvenci\u00e1j\u00e1nak felel meg. A cukorbetegs\u00e9g megel\u0151z\u00e9s\u00e9nek, valamint az I. \u00e9s II. tipus\u00fa cukorbetegs\u00e9g kezel\u00e9s\u00e9nek komplex programjaiban, a sz\u00f6v\u0151dm\u00e9nyek kialakul\u00e1sa megel\u0151z\u00e9s\u00e9nek c\u00e9lj\u00e1b\u00f3l alkalmazhat\u00f3. Az anyagcsere folyamatok (sz\u00e9nhidr\u00e1t, lipid, feh\u00e9rje, \u00e1sv\u00e1nyi anyagok) optimaliz\u00e1ci\u00f3j\u00e1t seg\u00edti el\u0151. Jav\u00edtja a metabolizmus (anyagcsere) folyamatait a [&hellip;]<\/p>\n","protected":false},"featured_media":4717,"comment_status":"open","ping_status":"closed","template":"","meta":[],"product_brand":[],"product_cat":[35,32],"product_tag":[],"class_list":{"0":"post-4718","1":"product","2":"type-product","3":"status-publish","4":"has-post-thumbnail","6":"product_cat-csatlakoztathato-jeladok","7":"product_cat-triomed","9":"first","10":"instock","11":"taxable","12":"shipping-taxable","13":"purchasable","14":"product-type-simple"},"_links":{"self":[{"href":"https:\/\/vetomshop.hu\/lv\/wp-json\/wp\/v2\/product\/4718","targetHints":{"allow":["GET"]}}],"collection":[{"href":"https:\/\/vetomshop.hu\/lv\/wp-json\/wp\/v2\/product"}],"about":[{"href":"https:\/\/vetomshop.hu\/lv\/wp-json\/wp\/v2\/types\/product"}],"replies":[{"embeddable":true,"href":"https:\/\/vetomshop.hu\/lv\/wp-json\/wp\/v2\/comments?post=4718"}],"wp:featuredmedia":[{"embeddable":true,"href":"https:\/\/vetomshop.hu\/lv\/wp-json\/wp\/v2\/media\/4717"}],"wp:attachment":[{"href":"https:\/\/vetomshop.hu\/lv\/wp-json\/wp\/v2\/media?parent=4718"}],"wp:term":[{"taxonomy":"product_brand","embeddable":true,"href":"https:\/\/vetomshop.hu\/lv\/wp-json\/wp\/v2\/product_brand?post=4718"},{"taxonomy":"product_cat","embeddable":true,"href":"https:\/\/vetomshop.hu\/lv\/wp-json\/wp\/v2\/product_cat?post=4718"},{"taxonomy":"product_tag","embeddable":true,"href":"https:\/\/vetomshop.hu\/lv\/wp-json\/wp\/v2\/product_tag?post=4718"}],"curies":[{"name":"wp","href":"https:\/\/api.w.org\/{rel}","templated":true}]}}