{"id":4720,"date":"2023-11-11T14:33:56","date_gmt":"2023-11-11T13:33:56","guid":{"rendered":"https:\/\/vetomshop.hu\/termek\/egeszseges-maj-jelado\/"},"modified":"2024-10-29T21:36:20","modified_gmt":"2024-10-29T20:36:20","slug":"egeszseges-maj-jelado","status":"publish","type":"product","link":"https:\/\/vetomshop.hu\/lv\/products\/egeszseges-maj-jelado\/","title":{"rendered":"Vesel\u012bgu aknu b\u0101ka"},"content":{"rendered":"<h4>\u00abVesel\u012bgas aknas\u00bb radiators \u211614<\/h4>\n<p>T\u0101s frekvence atbilst aknu audu frekvencei, un t\u0101s darb\u012bbas laiks ir 12 min\u016btes.<\/p>\n<p>To var izmantot kompleks\u0101s aknu, \u017eults un \u017eultsvadu \u0101rst\u0113\u0161anas programm\u0101s.<\/p>\n<ul>\n<li>Stimul\u0113 metabolismu (vielmai\u0146as procesus) hepatoc\u012btos (aknu \u0161\u016bn\u0101s).<\/li>\n<li>Uzlabo aknu sint\u0113tisk\u0101s un detoksik\u0101cijas funkcijas.<\/li>\n<li>Samazina t\u016bsku.<\/li>\n<li>Stimul\u0113 hepatoc\u012btu re\u0123ener\u0101ciju un atjauno\u0161an\u0101s procesus.<\/li>\n<li>Tam ir spazmol\u012btiska iedarb\u012bba.<\/li>\n<li>Prets\u0101pju iedarb\u012bba.<\/li>\n<li>Pretiekaisuma iedarb\u012bba.<\/li>\n<li>Uzlabo asinsriti.<\/li>\n<li>Optimiz\u0113 \u017eults veido\u0161anos un sekr\u0113ciju.<\/li>\n<li>Nov\u0113r\u0161 aknu cirozes boj\u0101jumus.<\/li>\n<\/ul>\n<div class=\"su-spoiler su-spoiler-style-defoult su-spoiler-icon-caret su-spoiler-closed\" data-scroll-offset=\"0\" data-anchor-in-url=\"no\"><div class=\"su-spoiler-title\" tabindex=\"0\" role=\"button\"><span class=\"su-spoiler-icon\"><\/span>Visi<\/div><div class=\"su-spoiler-content su-u-clearfix su-u-trim\">\n<p>Ieteicam\u0101s apstr\u0101des zonas: biolo\u0123iski akt\u012bvie punkti un zonas, 12-12 min\u016btes uz punktu. Ieteicam\u0101s proced\u016bras var atk\u0101rtot 2-3 reizes gad\u0101, vismaz p\u0113c 3 m\u0113ne\u0161iem, l\u012bdz st\u0101voklis uzlabojas, un t\u0101s var papildin\u0101t ar cit\u0101m bioinformat\u012bv\u0101m proced\u016br\u0101m.<\/p>\n<\/div><\/div>","protected":false},"excerpt":{"rendered":"<p>\u00abEg\u00e9szs\u00e9ges m\u00e1j\u00bb sug\u00e1rz\u00f3 \u211614 Frekvenci\u00e1ja megfelel a m\u00e1jsz\u00f6vet frekvenci\u00e1j\u00e1nak, m\u0171k\u00f6d\u00e9si ideje 12 perc. A m\u00e1j, az epe \u00e9s az epevezet\u00e9kek komplex kezel\u00e9si programjaiban alkalmazhat\u00f3. Serkenti a metabolizmus (anyagcsere) folyamatait a hepatocit\u00e1kban (a m\u00e1jsejtekben). Jav\u00edtja a m\u00e1j szintetikus \u00e9s dezintoxik\u00e1ci\u00f3s funkci\u00f3it. Cs\u00f6kkenti az \u00f6d\u00e9m\u00e1sod\u00e1st. Serkenti a hepatocit\u00e1k regener\u00e1ci\u00f3s \u00e9s repar\u00e1ci\u00f3s folyamatait. G\u00f6rcsold\u00f3 hat\u00e1sa van. F\u00e1jdalomcsillap\u00edt\u00f3 hat\u00e1s. [&hellip;]<\/p>\n","protected":false},"featured_media":4719,"comment_status":"open","ping_status":"closed","template":"","meta":[],"product_brand":[],"product_cat":[35,32],"product_tag":[],"class_list":{"0":"post-4720","1":"product","2":"type-product","3":"status-publish","4":"has-post-thumbnail","6":"product_cat-csatlakoztathato-jeladok","7":"product_cat-triomed","9":"first","10":"instock","11":"taxable","12":"shipping-taxable","13":"purchasable","14":"product-type-simple"},"_links":{"self":[{"href":"https:\/\/vetomshop.hu\/lv\/wp-json\/wp\/v2\/product\/4720","targetHints":{"allow":["GET"]}}],"collection":[{"href":"https:\/\/vetomshop.hu\/lv\/wp-json\/wp\/v2\/product"}],"about":[{"href":"https:\/\/vetomshop.hu\/lv\/wp-json\/wp\/v2\/types\/product"}],"replies":[{"embeddable":true,"href":"https:\/\/vetomshop.hu\/lv\/wp-json\/wp\/v2\/comments?post=4720"}],"wp:featuredmedia":[{"embeddable":true,"href":"https:\/\/vetomshop.hu\/lv\/wp-json\/wp\/v2\/media\/4719"}],"wp:attachment":[{"href":"https:\/\/vetomshop.hu\/lv\/wp-json\/wp\/v2\/media?parent=4720"}],"wp:term":[{"taxonomy":"product_brand","embeddable":true,"href":"https:\/\/vetomshop.hu\/lv\/wp-json\/wp\/v2\/product_brand?post=4720"},{"taxonomy":"product_cat","embeddable":true,"href":"https:\/\/vetomshop.hu\/lv\/wp-json\/wp\/v2\/product_cat?post=4720"},{"taxonomy":"product_tag","embeddable":true,"href":"https:\/\/vetomshop.hu\/lv\/wp-json\/wp\/v2\/product_tag?post=4720"}],"curies":[{"name":"wp","href":"https:\/\/api.w.org\/{rel}","templated":true}]}}