{"id":4722,"date":"2023-11-11T14:33:56","date_gmt":"2023-11-11T13:33:56","guid":{"rendered":"https:\/\/vetomshop.hu\/termek\/egeszseges-vese-jelado\/"},"modified":"2023-11-11T14:33:56","modified_gmt":"2023-11-11T13:33:56","slug":"egeszseges-vese-jelado","status":"publish","type":"product","link":"https:\/\/vetomshop.hu\/lv\/products\/egeszseges-vese-jelado\/","title":{"rendered":"Vesel\u012bgu nieru b\u0101ka"},"content":{"rendered":"<h4>Veselas nieres, kas izstaro 15 s.<\/h4>\n<p>Izstarot\u0101ja darb\u012bbas laiks 11 min\u016btes<br \/>\nTas atbilst nieru un ur\u012bnce\u013cu bie\u017eumam.<\/p>\n<p>To ieteicams lietot nieru un ur\u012bnce\u013cu slim\u012bbu profilaksei un papildu \u0101rst\u0113\u0161anai.<br \/>\nUzlabo asinsriti un vielmai\u0146u nefronos (nieru funkcion\u0101laj\u0101s vien\u012bb\u0101s) un ur\u012bnce\u013cos.<\/p>\n<ul>\n<li>Tas uzlabo nieru reabsorbciju, filtr\u0101ciju, sint\u0113zi, jonu regul\u0101ciju, detoksik\u0101ciju un vielmai\u0146as procesus.<\/li>\n<li>Tas stimul\u0113 nieru audu un ur\u012bnce\u013cu re\u0123ener\u0101cijas un atjauno\u0161an\u0101s procesus.<\/li>\n<li>Pretkrampju iedarb\u012bba.<\/li>\n<li>Prets\u0101pju iedarb\u012bba.<\/li>\n<li>Pretiekaisuma iedarb\u012bba.<\/li>\n<li>Nov\u0113r\u0161 sklerotiskus boj\u0101jumus.<\/li>\n<\/ul>\n<p>Ieteicams lietot biolo\u0123iski akt\u012bv\u0101s viet\u0101s un zon\u0101s.<\/p>\n<div class=\"su-spoiler su-spoiler-style-defoult su-spoiler-icon-caret su-spoiler-closed\" data-scroll-offset=\"0\" data-anchor-in-url=\"no\"><div class=\"su-spoiler-title\" tabindex=\"0\" role=\"button\"><span class=\"su-spoiler-icon\"><\/span>Visi<\/div><div class=\"su-spoiler-content su-u-clearfix su-u-trim\">\n<p>Apstaro\u0161ana ir ieteicama \u0161\u0101du slim\u012bbu profilaksei un papildu \u0101rst\u0113\u0161anai:<\/p>\n<ul>\n<li>ak\u016bts un hronisks nieru iekaisums, ur\u012bnp\u016b\u0161\u013ca iekaisums, ur\u012bnce\u013cu iekaisuma slim\u012bbas,<\/li>\n<li>vielmai\u0146as trauc\u0113jumi (tostarp nierakme\u0146u veido\u0161an\u0101s),<\/li>\n<li>autoim\u016bno slim\u012bbu gad\u012bjum\u0101 - ja ir skartas nieres un autoim\u016bn\u0101s nieru slim\u012bbas,<\/li>\n<li>toksisku vielu izrais\u012btas nieru slim\u012bbas gad\u012bjum\u0101.<\/li>\n<\/ul>\n<\/div><\/div>","protected":false},"excerpt":{"rendered":"<p>Eg\u00e9szs\u00e9ges vese sug\u00e1rz\u00f3 15 sz. A sug\u00e1rz\u00f3 m\u0171k\u00f6d\u00e9si ideje 11 perc Megfelel a vesesz\u00f6vet \u00e9s a h\u00fagyutak frekvenci\u00e1j\u00e1nak. Alkalmaz\u00e1sa javasolt a vesebetegs\u00e9gek \u00e9s a h\u00fagyutak megbeteged\u00e9seinek megel\u0151z\u00e9s\u00e9ben \u00e9s kieg\u00e9sz\u00edt\u0151 kezel\u00e9s\u00e9ben Jav\u00edtja a nefronok (a vese funkcion\u00e1lis egys\u00e9geinek) \u00e9s a h\u00fagyutak v\u00e9rkering\u00e9s\u00e9t \u00e9s anyagcsere folyamatait. Jav\u00edtja a vese reabszorbci\u00f3s, filtr\u00e1ci\u00f3s, szintetikus, ionszab\u00e1lyz\u00f3, m\u00e9regtelen\u00edt\u0151 \u00e9s metabolikus folyamatait. [&hellip;]<\/p>\n","protected":false},"featured_media":4721,"comment_status":"open","ping_status":"closed","template":"","meta":[],"product_brand":[],"product_cat":[35,32],"product_tag":[],"class_list":{"0":"post-4722","1":"product","2":"type-product","3":"status-publish","4":"has-post-thumbnail","6":"product_cat-csatlakoztathato-jeladok","7":"product_cat-triomed","9":"first","10":"instock","11":"taxable","12":"shipping-taxable","13":"purchasable","14":"product-type-simple"},"_links":{"self":[{"href":"https:\/\/vetomshop.hu\/lv\/wp-json\/wp\/v2\/product\/4722","targetHints":{"allow":["GET"]}}],"collection":[{"href":"https:\/\/vetomshop.hu\/lv\/wp-json\/wp\/v2\/product"}],"about":[{"href":"https:\/\/vetomshop.hu\/lv\/wp-json\/wp\/v2\/types\/product"}],"replies":[{"embeddable":true,"href":"https:\/\/vetomshop.hu\/lv\/wp-json\/wp\/v2\/comments?post=4722"}],"wp:featuredmedia":[{"embeddable":true,"href":"https:\/\/vetomshop.hu\/lv\/wp-json\/wp\/v2\/media\/4721"}],"wp:attachment":[{"href":"https:\/\/vetomshop.hu\/lv\/wp-json\/wp\/v2\/media?parent=4722"}],"wp:term":[{"taxonomy":"product_brand","embeddable":true,"href":"https:\/\/vetomshop.hu\/lv\/wp-json\/wp\/v2\/product_brand?post=4722"},{"taxonomy":"product_cat","embeddable":true,"href":"https:\/\/vetomshop.hu\/lv\/wp-json\/wp\/v2\/product_cat?post=4722"},{"taxonomy":"product_tag","embeddable":true,"href":"https:\/\/vetomshop.hu\/lv\/wp-json\/wp\/v2\/product_tag?post=4722"}],"curies":[{"name":"wp","href":"https:\/\/api.w.org\/{rel}","templated":true}]}}