{"id":4724,"date":"2023-11-11T14:33:57","date_gmt":"2023-11-11T13:33:57","guid":{"rendered":"https:\/\/vetomshop.hu\/termek\/gyulladascsokkento-jelado\/"},"modified":"2023-11-11T14:33:57","modified_gmt":"2023-11-11T13:33:57","slug":"gyulladascsokkento-jelado","status":"publish","type":"product","link":"https:\/\/vetomshop.hu\/lv\/products\/gyulladascsokkento-jelado\/","title":{"rendered":"Pretiekaisuma b\u0101ka"},"content":{"rendered":"<h4>Pretiekaisuma radiators, Nr. 26.<\/h4>\n<p>Darb\u012bbas laiks: 13 min\u016btes<\/p>\n<p><strong>Ietekme:<\/strong><\/p>\n<p>Tas iedarbojas uz im\u016bnsist\u0113mu ar frekvenci, kas atbilst limf\u0101tisk\u0101s sist\u0113mas un da\u017eu ve\u0123etat\u012bv\u0101s nervu sist\u0113mas strukt\u016bru (perif\u0113ro, segment\u0101lo, suprasegment\u0101lo \u0137\u0113\u017eu) frekvencei.<\/p>\n<ul>\n<li>Uzlabo limfas cirkul\u0101ciju,<\/li>\n<li>limfoc\u012btu kvalit\u0101ti,<\/li>\n<li>pa\u0101trina toksisko vielu izvad\u012b\u0161anu no starp\u0161\u016bnu \u0161\u0137idruma,<\/li>\n<li>pa\u0101trina br\u016b\u010du dz\u012b\u0161anu, \u0161\u016bnu un audu re\u0123ener\u0101ciju,<\/li>\n<li>pal\u012bdz detoksik\u0113t organismu,<\/li>\n<li>iedarbojas pret t\u016bsku,<\/li>\n<li>prets\u0101pju iedarb\u012bba,<\/li>\n<li>im\u016bnsist\u0113mu stiprino\u0161a iedarb\u012bba,<\/li>\n<li>pretiekaisuma iedarb\u012bba,<\/li>\n<li>nov\u0113r\u0161 r\u0113tas,<\/li>\n<li>aktiviz\u0113 kaulu smadze\u0146u funkciju,<\/li>\n<li>palielina organisma pretest\u012bbu,<\/li>\n<li>strukt\u016bras \u016bdens.<\/li>\n<\/ul>\n<div class=\"su-spoiler su-spoiler-style-defoult su-spoiler-icon-caret su-spoiler-closed\" data-scroll-offset=\"0\" data-anchor-in-url=\"no\"><div class=\"su-spoiler-title\" tabindex=\"0\" role=\"button\"><span class=\"su-spoiler-icon\"><\/span>Visi<\/div><div class=\"su-spoiler-content su-u-clearfix su-u-trim\">\n<p>Ieteicam\u0101s lieto\u0161anas zonas: limfas virsmas zonas, limfmezglu projekcijas, br\u016b\u010du virsmas, biolo\u0123iski akt\u012bv\u0101s vietas (BAT).<\/p>\n<p>Attiecas uz:<\/p>\n<ul>\n<li>organisma detoksik\u0101cija<\/li>\n<li>pa\u0101trina re\u0123ener\u0101cijas procesu p\u0113c oper\u0101cijas vai l\u016bzumiem.<\/li>\n<li>asins anal\u012b\u017eu normaliz\u0113\u0161an\u0101s p\u0113c \u0137\u012bmijterapijas un staru terapijas.<\/li>\n<li>rehabilit\u0101cijas posm\u0101 p\u0113c nopietn\u0101m slim\u012bb\u0101m un fiziskas slodzes.<\/li>\n<li>im\u016bnsist\u0113mas regul\u0101cija ak\u016btu un hronisku slim\u012bbu gad\u012bjum\u0101.<\/li>\n<li>da\u017e\u0101das izcelsmes limfas cirkul\u0101cijas pal\u0113nin\u0101\u0161an\u0101s (tostarp t\u016bska), iekaisuma procesi.<\/li>\n<li>kosm\u0113tik\u0101: \u0101das limfas cirkul\u0101cijas uzlabo\u0161ana<\/li>\n<li>da\u017e\u0101du iemeslu izrais\u012btas intoksik\u0101cijas (alkohols, narkotikas, p\u0101rtika, \u0137imik\u0101lijas, nopietnas slim\u012bbas) nov\u0113r\u0161ana.<\/li>\n<li>aler\u0123isk\u0101m reakcij\u0101m.<\/li>\n<\/ul>\n<\/div><\/div>","protected":false},"excerpt":{"rendered":"<p>Gyullad\u00e1scs\u00f6kkent\u0151 sug\u00e1rz\u00f3, 26. sz. M\u0171k\u00f6d\u00e9s\u00e9nek ideje: 13 perc Hat\u00e1sa: Hat az immunrendszerre, rezg\u00e9se megegyezik a nyirokrendszer frekvenci\u00e1j\u00e1val, valamint a vegetat\u00edv idegrendszer n\u00e9h\u00e1ny strukt\u00far\u00e1j\u00e1val (perif\u00e9ri\u00e1s, szegment\u00e1lis, szegmens feletti l\u00e1ncok). Jav\u00edtja a nyirokkering\u00e9st, a limfocit\u00e1k min\u0151s\u00e9g\u00e9t, gyors\u00edtja a toxikus anyagok ki\u00fcr\u00edt\u00e9s\u00e9t a sejtk\u00f6zti folyad\u00e9kb\u00f3l, gyors\u00edtja a sebek begy\u00f3gyul\u00e1s\u00e1t, a sejtek \u00e9s sz\u00f6vetek regener\u00e1l\u00f3d\u00e1s\u00e1t, el\u0151seg\u00edti a szervezet m\u00e9regtelen\u00edt\u00e9s\u00e9t, [&hellip;]<\/p>\n","protected":false},"featured_media":4723,"comment_status":"open","ping_status":"closed","template":"","meta":[],"product_brand":[],"product_cat":[35,32],"product_tag":[],"class_list":{"0":"post-4724","1":"product","2":"type-product","3":"status-publish","4":"has-post-thumbnail","6":"product_cat-csatlakoztathato-jeladok","7":"product_cat-triomed","9":"first","10":"instock","11":"taxable","12":"shipping-taxable","13":"purchasable","14":"product-type-simple"},"_links":{"self":[{"href":"https:\/\/vetomshop.hu\/lv\/wp-json\/wp\/v2\/product\/4724","targetHints":{"allow":["GET"]}}],"collection":[{"href":"https:\/\/vetomshop.hu\/lv\/wp-json\/wp\/v2\/product"}],"about":[{"href":"https:\/\/vetomshop.hu\/lv\/wp-json\/wp\/v2\/types\/product"}],"replies":[{"embeddable":true,"href":"https:\/\/vetomshop.hu\/lv\/wp-json\/wp\/v2\/comments?post=4724"}],"wp:featuredmedia":[{"embeddable":true,"href":"https:\/\/vetomshop.hu\/lv\/wp-json\/wp\/v2\/media\/4723"}],"wp:attachment":[{"href":"https:\/\/vetomshop.hu\/lv\/wp-json\/wp\/v2\/media?parent=4724"}],"wp:term":[{"taxonomy":"product_brand","embeddable":true,"href":"https:\/\/vetomshop.hu\/lv\/wp-json\/wp\/v2\/product_brand?post=4724"},{"taxonomy":"product_cat","embeddable":true,"href":"https:\/\/vetomshop.hu\/lv\/wp-json\/wp\/v2\/product_cat?post=4724"},{"taxonomy":"product_tag","embeddable":true,"href":"https:\/\/vetomshop.hu\/lv\/wp-json\/wp\/v2\/product_tag?post=4724"}],"curies":[{"name":"wp","href":"https:\/\/api.w.org\/{rel}","templated":true}]}}