{"id":4726,"date":"2023-11-11T14:33:58","date_gmt":"2023-11-11T13:33:58","guid":{"rendered":"https:\/\/vetomshop.hu\/termek\/infravoros-jelado\/"},"modified":"2023-11-11T14:33:58","modified_gmt":"2023-11-11T13:33:58","slug":"infravoros-jelado","status":"publish","type":"product","link":"https:\/\/vetomshop.hu\/lv\/products\/infravoros-jelado\/","title":{"rendered":"Infrasarkan\u0101 b\u0101ka"},"content":{"rendered":"<h4>Infrasarkano staru raid\u012bt\u0101js IV<\/h4>\n<p>Infrasarkanais starojums (IV starojums) - elektromagn\u0113tiskais starojums, da\u013ca no Saules stariem. IV stariem piem\u012bt pretiekaisuma, spazmol\u012btiska, izklied\u0113jo\u0161a (absorbcijas), prets\u0101pju iedarb\u012bba.<\/p>\n<p><strong>Triomed Universal IV radiatora priek\u0161roc\u012bbas:<\/strong><\/p>\n<p>Pateicoties jauniem materi\u0101liem un tehnolo\u0123ij\u0101m, mums ir izdevies izveidot zemas intensit\u0101tes puls\u0113jo\u0161u, modul\u0113tas darb\u012bbas IV starojuma avotu, kas darbojas p\u0113c \u012bpa\u0161as programmas un ko var izmantot, lai iedarbotos ar ener\u0123iju galvenok\u0101rt \u0161\u016bnu l\u012bmen\u012b - un \u0161\u016bnas sast\u0101vda\u013cu l\u012bmen\u012b.<\/p>\n<p>Tas nodro\u0161ina \u0161\u016bnu ar ener\u0123iju, izmantojot rezonansi, kas aktiviz\u0113 vielmai\u0146as procesus un palielina ener\u0123ijas l\u012bmeni sk\u0101bek\u013ca tr\u016bkuma gad\u012bjum\u0101.<br \/>\n\u0160ie procesi ne tikai pa\u0161i par sevi ir pozit\u012bvi, bet ar\u012b pal\u012bdz organismam milimetru - terapija un daudzos gad\u012bjumos palielina t\u0101s efektivit\u0101ti.<\/p>\n<p>IV staru terapijas lieto\u0161ana ir indic\u0113ta: hronisku un p\u0113cak\u016btu (pirmsak\u016btu) iek\u0161\u0113jo org\u0101nu iekaisuma slim\u012bbu, slikti dz\u012bsto\u0161u br\u016b\u010du un trombozes izrais\u012btu br\u016b\u010du, perif\u0113risk\u0101s nervu sist\u0113mas s\u0101p\u012bgu slim\u012bbu, apdegumu un apsald\u0113jumu p\u0113coper\u0101cijas \u0101rst\u0113\u0161anas, ve\u0123etat\u012bvas disfunkcijas, simpatal\u0123ijas gad\u012bjumos.<\/p>\n<p>Kontrindik\u0101cijas IV staru terapijas lieto\u0161anai: labdab\u012bgi vai \u013caundab\u012bgi audz\u0113ji, tuberkulozes akt\u012bv\u0101 f\u0101ze, III pak\u0101pes hipertensija, asi\u0146o\u0161ana un IIIII pak\u0101pes asinsrites trauc\u0113jumi.<\/p>\n<div class=\"su-spoiler su-spoiler-style-defoult su-spoiler-icon-caret su-spoiler-closed\" data-scroll-offset=\"0\" data-anchor-in-url=\"no\"><div class=\"su-spoiler-title\" tabindex=\"0\" role=\"button\"><span class=\"su-spoiler-icon\"><\/span>Visi<\/div><div class=\"su-spoiler-content su-u-clearfix su-u-trim\"><strong>Triomed Universal IV apstarot\u0101ja galvenie kl\u012bniskie efekti:<\/strong><\/p>\n<ul>\n<li>uzlabo asinsriti,<\/li>\n<li>normaliz\u0113 mikrocirkul\u0101ciju,<\/li>\n<li>optimiz\u0113 nervu, hormon\u0101l\u0101s un im\u016bnsist\u0113mas darb\u012bbu,<\/li>\n<li>pal\u012bdz \u0161\u016bnu re\u0123ener\u0101cijai.<\/li>\n<\/ul>\n<p><strong>K\u0101 lietot:<\/strong><\/p>\n<ul>\n<li>Infrasarkano staru gaismas diode tiek izmantota, lai iedarbotos uz punktiem un zon\u0101m, kas j\u0101sagatavo jeb \u201ej\u0101uzsilda\u201d pirms \u012bpa\u0161\u0101s milimetrisk\u0101s proced\u016bras. Proced\u016bra ilgst 5 min\u016btes uz vienu zonu.<\/li>\n<li>To var izmantot, lai veicin\u0101tu r\u0113tu uzs\u016bk\u0161anos 10 min\u016btes dien\u0101 2 ned\u0113\u013cas.<\/li>\n<li>Hronisku, l\u0113nu iekaisuma slim\u012bbu \u0101rst\u0113\u0161anai (slim\u012bbas per\u0113kl\u012b). Proced\u016bra ilgst 10 min\u016btes, uzkl\u0101jot uz skart\u0101 org\u0101na, 2 ned\u0113\u013cas.<\/li>\n<li>II tipa diab\u0113ta gad\u012bjum\u0101, lai veicin\u0101tu jut\u012bbu pret insul\u012bnu un insul\u012bna ra\u017eo\u0161anu. \u0100rst\u0113jiet aizku\u0146\u0123a dziedzera projekciju 5 min\u016btes dien\u0101 2 ned\u0113\u013cas.<\/li>\n<li>Lai veicin\u0101tu da\u017e\u0101du br\u016b\u010du un trofisku br\u016b\u010du dz\u012b\u0161anu, pirms milimetrisk\u0101s terapijas ieteicams 2 ned\u0113\u013cas 5 min\u016btes apstr\u0101d\u0101t acu zonu un audz\u0113ju fokusu.<\/li>\n<\/ul>\n<\/div><\/div>","protected":false},"excerpt":{"rendered":"<p>Infrav\u00f6r\u00f6s sug\u00e1rz\u00f3 IV Az infrav\u00f6r\u00f6s sug\u00e1rz\u00e1s (IV-sug\u00e1rz\u00e1s) \u2013 elektrom\u00e1gneses sug\u00e1rz\u00e1s, a Nap sugarainak r\u00e9sze. Az IV-sugarak gyullad\u00e1scs\u00f6kkent\u0151, g\u00f6rcsold\u00f3, sz\u00e9toszlat\u00f3 (felsz\u00edv\u00f3d\u00e1st el\u0151seg\u00edt\u0151), f\u00e1jdalomcsillap\u00edt\u00f3 hat\u00e1ssal rendelkeznek. A Triomed Universal k\u00e9sz\u00fcl\u00e9k IV-sug\u00e1rz\u00f3j\u00e1nak el\u0151nyei: Az \u00faj anyagoknak \u00e9s technol\u00f3gi\u00e1knak k\u00f6sz\u00f6nhet\u0151en siker\u00fclt l\u00e9trehozni olyan speci\u00e1lis programban m\u0171k\u00f6d\u0151 alacsony intenzit\u00e1s\u00fa pulz\u00e1l\u00f3, modul\u00e1lt hat\u00e1s\u00fa IV-sug\u00e1rz\u00f3t, mely seg\u00edts\u00e9g\u00e9vel els\u0151sorban energoinform\u00e1ci\u00f3s hat\u00e1st tudunk gyakorolni [&hellip;]<\/p>\n","protected":false},"featured_media":4725,"comment_status":"open","ping_status":"closed","template":"","meta":[],"product_brand":[],"product_cat":[35,32],"product_tag":[],"class_list":{"0":"post-4726","1":"product","2":"type-product","3":"status-publish","4":"has-post-thumbnail","6":"product_cat-csatlakoztathato-jeladok","7":"product_cat-triomed","9":"first","10":"instock","11":"taxable","12":"shipping-taxable","13":"purchasable","14":"product-type-simple"},"_links":{"self":[{"href":"https:\/\/vetomshop.hu\/lv\/wp-json\/wp\/v2\/product\/4726","targetHints":{"allow":["GET"]}}],"collection":[{"href":"https:\/\/vetomshop.hu\/lv\/wp-json\/wp\/v2\/product"}],"about":[{"href":"https:\/\/vetomshop.hu\/lv\/wp-json\/wp\/v2\/types\/product"}],"replies":[{"embeddable":true,"href":"https:\/\/vetomshop.hu\/lv\/wp-json\/wp\/v2\/comments?post=4726"}],"wp:featuredmedia":[{"embeddable":true,"href":"https:\/\/vetomshop.hu\/lv\/wp-json\/wp\/v2\/media\/4725"}],"wp:attachment":[{"href":"https:\/\/vetomshop.hu\/lv\/wp-json\/wp\/v2\/media?parent=4726"}],"wp:term":[{"taxonomy":"product_brand","embeddable":true,"href":"https:\/\/vetomshop.hu\/lv\/wp-json\/wp\/v2\/product_brand?post=4726"},{"taxonomy":"product_cat","embeddable":true,"href":"https:\/\/vetomshop.hu\/lv\/wp-json\/wp\/v2\/product_cat?post=4726"},{"taxonomy":"product_tag","embeddable":true,"href":"https:\/\/vetomshop.hu\/lv\/wp-json\/wp\/v2\/product_tag?post=4726"}],"curies":[{"name":"wp","href":"https:\/\/api.w.org\/{rel}","templated":true}]}}