{"id":4730,"date":"2023-11-11T14:33:58","date_gmt":"2023-11-11T13:33:58","guid":{"rendered":"https:\/\/vetomshop.hu\/termek\/oxigenizalo-jelado\/"},"modified":"2023-11-11T14:33:58","modified_gmt":"2023-11-11T13:33:58","slug":"oxigenizalo-jelado","status":"publish","type":"product","link":"https:\/\/vetomshop.hu\/lv\/products\/oxigenizalo-jelado\/","title":{"rendered":"Sk\u0101bekli saturo\u0161s raid\u012bt\u0101js"},"content":{"rendered":"<h4>Sk\u0101bek\u013ca izstarot\u0101js, Nr. 11.<\/h4>\n<p><strong>Darb\u012bbas laiks:<\/strong> 10 min\u016btes.<\/p>\n<p>Vi\u013c\u0146a garums atbilst elpo\u0161anas \u0137\u0113des (asins hemoglob\u012bna, mitohondriju, fermentu) frekvenc\u0113m, uzlabo sk\u0101bek\u013ca transportu un izmanto\u0161anu, palielina ATP sint\u0113zi, veicina \u0161\u016bnu elpo\u0161anu audos. Zem\u0101 frekvence atbilst im\u016bnsist\u0113mas frekvencei.<\/p>\n<ul>\n<li>Uzlabo mikrocirkul\u0101ciju,<\/li>\n<li>Tam piem\u012bt im\u016bnmodul\u0113jo\u0161a iedarb\u012bba,<\/li>\n<li>Tas mazina sk\u0101bek\u013ca tr\u016bkumu audos, nodro\u0161ina audu apasi\u0146o\u0161anu ar sk\u0101bekli, tam piem\u012bt dezagreg\u0113jo\u0161a iedarb\u012bba (nov\u0113r\u0161 eritroc\u012btu un citu asins \u0161\u016bnu agreg\u0101ciju), tas samazina asins rec\u0113\u0161anu,<\/li>\n<li>Tas veicina br\u016b\u010du dz\u012b\u0161anu,<\/li>\n<li>Tas pal\u012bdz nov\u0113rst r\u0113tas,<\/li>\n<li>Tam ir prets\u0101pju iedarb\u012bba,<\/li>\n<li>Tas pal\u012bdz detoksik\u0113t organismu,<\/li>\n<li>Pretkrampju iedarb\u012bba,<\/li>\n<li>Veicina asins veido\u0161anos, normaliz\u0113 asinsradi,<\/li>\n<li>uzlabo mikrocirkul\u0101ciju,<\/li>\n<li>Tam piem\u012bt im\u016bnmodul\u0113jo\u0161a iedarb\u012bba,<\/li>\n<li>Samazina sk\u0101bek\u013ca tr\u016bkumu audos, nodro\u0161ina audu sk\u0101bek\u013ca piepl\u016bdumu,<\/li>\n<li>Tam piem\u012bt dezagreg\u0113jo\u0161a iedarb\u012bba (nov\u0113r\u0161 eritroc\u012btu un citu asins \u0161\u016bnu salip\u0161anu), tas samazina asins rec\u0113\u0161anu,<\/li>\n<li>Tas veicina br\u016b\u010du dz\u012b\u0161anu,<\/li>\n<li>Tas pal\u012bdz nov\u0113rst r\u0113tas,<\/li>\n<li>Tam ir prets\u0101pju iedarb\u012bba,<\/li>\n<li>Tas pal\u012bdz detoksik\u0113t organismu,<\/li>\n<li>Pretkrampju iedarb\u012bba,<\/li>\n<li>Veicina asins veido\u0161anos, normaliz\u0113 asinsradi,<\/li>\n<li>Tam ir atjaunojo\u0161a iedarb\u012bba,<\/li>\n<li>Tas struktur\u0113 \u016bdeni.<\/li>\n<\/ul>\n<div class=\"su-spoiler su-spoiler-style-defoult su-spoiler-icon-caret su-spoiler-closed\" data-scroll-offset=\"0\" data-anchor-in-url=\"no\"><div class=\"su-spoiler-title\" tabindex=\"0\" role=\"button\"><span class=\"su-spoiler-icon\"><\/span>Visi<\/div><div class=\"su-spoiler-content su-u-clearfix su-u-trim\">\n<p>Ieteicam\u0101 pielietojuma joma: lielo asinsvadu zonas - v\u0113nas, art\u0113rijas, biolo\u0123iski akt\u012bvie punkti.<\/p>\n<p><strong>Attiecas uz:<\/strong><\/p>\n<ul>\n<li>lai normaliz\u0113tu im\u016bnsist\u0113mu ak\u016btu un hronisku slim\u012bbu gad\u012bjum\u0101,<\/li>\n<li>uzlabo visp\u0101r\u0113jo pa\u0161saj\u016btu, iztur\u012bbu, koncentr\u0113\u0161an\u0101s sp\u0113jas fiziskas un gar\u012bgas slodzes gad\u012bjum\u0101,<\/li>\n<li>sirdsl\u0113kmes, insulta profilakse,<\/li>\n<li>apr\u016bpe p\u0113c infarkta, p\u0113c insulta,<\/li>\n<li>pa\u0101trina re\u0123ener\u0101cijas procesus,<\/li>\n<li>br\u016b\u010du un p\u0113coper\u0101cijas r\u0113tu \u0101rst\u0113\u0161ana,<\/li>\n<li>l\u016bzumu p\u0101rvald\u012bba,<\/li>\n<li>asins anal\u012b\u017eu normaliz\u0113\u0161an\u0101s,<\/li>\n<li>p\u0113c staru terapijas,<\/li>\n<li>rehabilit\u0101cija p\u0113c smagas slim\u012bbas un smaga fiziska darba,<\/li>\n<li>stimul\u0113 smadze\u0146u asinsriti,2<\/li>\n<li>kosm\u0113tik\u0101: pal\u012bdz \u0101dai uzs\u016bkt bar\u012bbas vielas,<\/li>\n<li>sportistiem: palielina iztur\u012bbu,<\/li>\n<li>pal\u012bdz skol\u0113niem un studentiem m\u0101c\u012bties,<\/li>\n<li>lai nov\u0113rstu datoru kait\u012bgo ietekmi,<\/li>\n<li>stresa un hroniska noguruma sindroma \u0101rst\u0113\u0161an\u0101,<\/li>\n<li>kosm\u0113tikas jom\u0101, lai uzlabotu \u0101das st\u0101vokli,<\/li>\n<li>dz\u012bvnieku slim\u012bbu \u0101rst\u0113\u0161ana vai profilakse<\/li>\n<\/ul>\n<\/div><\/div>","protected":false},"excerpt":{"rendered":"<p>Oxig\u00e9n sug\u00e1rz\u00f3, 11. sz. M\u0171k\u00f6d\u00e9si ideje: 10 perc. A hull\u00e1mhossz megfelel a l\u00e9gz\u00e9si l\u00e1nc frekvenci\u00e1inak (a v\u00e9r hemoglobinja, mitokondriumok, fermentumok), javul az oxig\u00e9n sz\u00e1ll\u00edt\u00e1sa \u00e9s hasznos\u00edt\u00e1sa, n\u00f6vekszik ATP-szint\u00e9zis, el\u0151seg\u00edti a sz\u00f6vetben a sejtek l\u00e9gz\u00e9s\u00e9t. Az alacsony frekvencia megfelel az immunrendszer frekvenci\u00e1j\u00e1nak. Jav\u00edtja a mikrokering\u00e9st, Immun-modul\u00e1ci\u00f3s hat\u00e1sa van, Cs\u00f6kkenti az oxig\u00e9nhi\u00e1nyt a sz\u00f6vetekben, oxig\u00e9nnel d\u00fas\u00edtja a [&hellip;]<\/p>\n","protected":false},"featured_media":4729,"comment_status":"open","ping_status":"closed","template":"","meta":[],"product_brand":[],"product_cat":[35,32],"product_tag":[],"class_list":{"0":"post-4730","1":"product","2":"type-product","3":"status-publish","4":"has-post-thumbnail","6":"product_cat-csatlakoztathato-jeladok","7":"product_cat-triomed","9":"first","10":"instock","11":"taxable","12":"shipping-taxable","13":"purchasable","14":"product-type-simple"},"_links":{"self":[{"href":"https:\/\/vetomshop.hu\/lv\/wp-json\/wp\/v2\/product\/4730","targetHints":{"allow":["GET"]}}],"collection":[{"href":"https:\/\/vetomshop.hu\/lv\/wp-json\/wp\/v2\/product"}],"about":[{"href":"https:\/\/vetomshop.hu\/lv\/wp-json\/wp\/v2\/types\/product"}],"replies":[{"embeddable":true,"href":"https:\/\/vetomshop.hu\/lv\/wp-json\/wp\/v2\/comments?post=4730"}],"wp:featuredmedia":[{"embeddable":true,"href":"https:\/\/vetomshop.hu\/lv\/wp-json\/wp\/v2\/media\/4729"}],"wp:attachment":[{"href":"https:\/\/vetomshop.hu\/lv\/wp-json\/wp\/v2\/media?parent=4730"}],"wp:term":[{"taxonomy":"product_brand","embeddable":true,"href":"https:\/\/vetomshop.hu\/lv\/wp-json\/wp\/v2\/product_brand?post=4730"},{"taxonomy":"product_cat","embeddable":true,"href":"https:\/\/vetomshop.hu\/lv\/wp-json\/wp\/v2\/product_cat?post=4730"},{"taxonomy":"product_tag","embeddable":true,"href":"https:\/\/vetomshop.hu\/lv\/wp-json\/wp\/v2\/product_tag?post=4730"}],"curies":[{"name":"wp","href":"https:\/\/api.w.org\/{rel}","templated":true}]}}