{"id":4732,"date":"2023-11-11T14:33:59","date_gmt":"2023-11-11T13:33:59","guid":{"rendered":"https:\/\/vetomshop.hu\/termek\/specialis-111-es-jelado\/"},"modified":"2024-07-31T10:25:20","modified_gmt":"2024-07-31T08:25:20","slug":"specialis-111-es-jelado","status":"publish","type":"product","link":"https:\/\/vetomshop.hu\/lv\/products\/specialis-111-es-jelado\/","title":{"rendered":"\u012apa\u0161a 111 b\u0101ka"},"content":{"rendered":"<h4>\u012apa\u0161s 111 inform\u0101cijas ierakst\u012b\u0161anas raid\u012bt\u0101js<\/h4>\n<p><strong>Izstarot\u0101ja darb\u012bbas laiks:<\/strong> 15 mp<\/p>\n<p>T\u0101s m\u0113r\u0137is ir \u201euztvert\u201d inform\u0101ciju (noteikta diapazona elektromagn\u0113tisko vi\u013c\u0146u spektru) un \u201ep\u0101rnest\u201d to uz izv\u0113l\u0113to inform\u0101cijas nes\u0113ju (piem\u0113ram, \u016bdeni) vai biolo\u0123iski akt\u012bvo zonu, lai optimiz\u0113tu funkcion\u0101l\u0101s rezerves un palielin\u0101tu organisma adapt\u0101cijas sp\u0113jas, kas var b\u016bt boj\u0101tas vides boj\u0101jumu, slim\u012bbu vai citu iemeslu d\u0113\u013c.<\/p>\n<p>Lai \u201eierakst\u012btu\u201d inform\u0101ciju, savienojiet 111. raid\u012bt\u0101ju ar Triomed, pietuviniet to objektam ar t\u0101 plakano virsmu un nospiediet pogu \u201eStart\u201d. S\u0101kas atpaka\u013cskait\u012b\u0161ana - 15 sekundes. Tikai p\u0113c tam, kad ir pag\u0101jis ieprogramm\u0113tais laiks, no\u0146emiet emiteri no objekta. \u0160aj\u0101 laik\u0101 emiter\u012b tiek \u201esaglab\u0101ta\u201d objekta inform\u0101cija, kas paliek nemain\u012bga l\u012bdz br\u012bdim, kad emiteris tiek piesl\u0113gts pie baro\u0161anas avota (l\u012bdz ier\u012bces iedarbin\u0101\u0161anai).<\/p>\n<div class=\"su-spoiler su-spoiler-style-defoult su-spoiler-icon-caret su-spoiler-closed\" data-scroll-offset=\"0\" data-anchor-in-url=\"no\"><div class=\"su-spoiler-title\" tabindex=\"0\" role=\"button\"><span class=\"su-spoiler-icon\"><\/span>Visi<\/div><div class=\"su-spoiler-content su-u-clearfix su-u-trim\">\nLai \u201ep\u0101rnestu\u201d inform\u0101ciju uz \u016bdeni, novietojiet emiteri p\u0113c iesp\u0113jas tuv\u0101k \u016bdenim (stiklam j\u0101b\u016bt ne biez\u0101kam par 2 mm), un \u016bdens virsmai j\u0101b\u016bt augst\u0101k par emitera aug\u0161\u0113jo malu. \u016adenim j\u0101b\u016bt t\u012bram, bez og\u013csk\u0101bes un cit\u0101m piedev\u0101m. Uzreiz izdzeriet da\u017eus malkus no sagatavot\u0101 \u201einformat\u012bv\u0101\u201d \u016bdens - pirms to p\u0101rlejiet cit\u0101 trauk\u0101 vai uzglab\u0101jiet ilg\u0101kam laikam.<\/p>\n<p>Ja v\u0113laties ilgsto\u0161i saglab\u0101t s\u0101kotn\u0113jo sign\u0101lu, lai nov\u0113rstu nejau\u0161u savienojumu ar Triomed, mar\u0137\u0113jiet raid\u012bt\u0101ju ar at\u0161\u0137ir\u012bbas z\u012bmi.<br \/>\n<\/div><\/div>","protected":false},"excerpt":{"rendered":"<p>Speci\u00e1lis 111 sz. inform\u00e1ci\u00f3t r\u00f6gz\u00edt\u0151 sug\u00e1rz\u00f3 A sug\u00e1rz\u00f3 m\u0171k\u00f6d\u00e9si ideje: 15 mp Rendeltet\u00e9se: az inform\u00e1ci\u00f3 (az adott tartom\u00e1ny elektrom\u00e1gneses hull\u00e1mspektrum\u00e1nak) \u201er\u00f6gz\u00edt\u00e9se\u201d, valamint \u201e\u00e1tvitele\u201d a kiv\u00e1lasztott inform\u00e1ci\u00f3hordoz\u00f3ra (pl. v\u00edzre) vagy biol\u00f3giailag akt\u00edv z\u00f3n\u00e1ra a funkcion\u00e1lis tartal\u00e9kok optimaliz\u00e1ci\u00f3ja \u00e9s a szervezet adapt\u00e1ci\u00f3s lehet\u0151s\u00e9geinek n\u00f6vel\u00e9se c\u00e9lj\u00e1b\u00f3l, melyek a k\u00f6rnyezet k\u00e1ros hat\u00e1sai, betegs\u00e9g, vagy egy\u00e9b okok miatt s\u00e9r\u00fcltek. Az [&hellip;]<\/p>\n","protected":false},"featured_media":4731,"comment_status":"open","ping_status":"closed","template":"","meta":[],"product_brand":[],"product_cat":[35,32],"product_tag":[],"class_list":{"0":"post-4732","1":"product","2":"type-product","3":"status-publish","4":"has-post-thumbnail","6":"product_cat-csatlakoztathato-jeladok","7":"product_cat-triomed","9":"first","10":"instock","11":"taxable","12":"shipping-taxable","13":"purchasable","14":"product-type-simple"},"_links":{"self":[{"href":"https:\/\/vetomshop.hu\/lv\/wp-json\/wp\/v2\/product\/4732","targetHints":{"allow":["GET"]}}],"collection":[{"href":"https:\/\/vetomshop.hu\/lv\/wp-json\/wp\/v2\/product"}],"about":[{"href":"https:\/\/vetomshop.hu\/lv\/wp-json\/wp\/v2\/types\/product"}],"replies":[{"embeddable":true,"href":"https:\/\/vetomshop.hu\/lv\/wp-json\/wp\/v2\/comments?post=4732"}],"wp:featuredmedia":[{"embeddable":true,"href":"https:\/\/vetomshop.hu\/lv\/wp-json\/wp\/v2\/media\/4731"}],"wp:attachment":[{"href":"https:\/\/vetomshop.hu\/lv\/wp-json\/wp\/v2\/media?parent=4732"}],"wp:term":[{"taxonomy":"product_brand","embeddable":true,"href":"https:\/\/vetomshop.hu\/lv\/wp-json\/wp\/v2\/product_brand?post=4732"},{"taxonomy":"product_cat","embeddable":true,"href":"https:\/\/vetomshop.hu\/lv\/wp-json\/wp\/v2\/product_cat?post=4732"},{"taxonomy":"product_tag","embeddable":true,"href":"https:\/\/vetomshop.hu\/lv\/wp-json\/wp\/v2\/product_tag?post=4732"}],"curies":[{"name":"wp","href":"https:\/\/api.w.org\/{rel}","templated":true}]}}