{"id":4733,"date":"2023-11-11T14:33:59","date_gmt":"2023-11-11T13:33:59","guid":{"rendered":"https:\/\/vetomshop.hu\/termek\/szabad-legzes-jelado\/"},"modified":"2023-11-11T14:33:59","modified_gmt":"2023-11-11T13:33:59","slug":"szabad-legzes-jelado","status":"publish","type":"product","link":"https:\/\/vetomshop.hu\/lv\/products\/szabad-legzes-jelado\/","title":{"rendered":"Br\u012bvas elpo\u0161anas raid\u012bt\u0101js"},"content":{"rendered":"<h4>\u201eBr\u012bvi elpojo\u0161s\u201d speci\u0101lais raid\u012bt\u0101js Nr. 16<\/h4>\n<p>Par Triomed MMW<\/p>\n<p>Specifisk\u0101 starojuma izmanto\u0161ana ir v\u0113rsta uz org\u0101niem un audiem, org\u0101nu sist\u0113m\u0101m un funkcion\u0101laj\u0101m sist\u0113m\u0101m cilv\u0113ka organism\u0101. BioTrEM\u00ae EMP pamat\u0101 ir EHF \u0123enerators (starptautiskais patents EE 05541).<\/p>\n<p>Kompleks\u0101s \u0101rst\u0113\u0161anas programm\u0101s to lieto bronhu un plau\u0161u slim\u012bbu (pneimonijas, bronh\u012bta, hronisku bronhopulmon\u0101l\u0101s sist\u0113mas slim\u012bbu, bronhi\u0101l\u0101s astmas u. c.) profilaksei, \u0101rst\u0113\u0161anai un rehabilit\u0101cijai.<\/p>\n<p><strong>Darb\u012bbas laiks<\/strong>: 12 min\u016btes.<\/p>\n<div class=\"su-spoiler su-spoiler-style-defoult su-spoiler-icon-caret su-spoiler-closed\" data-scroll-offset=\"0\" data-anchor-in-url=\"no\"><div class=\"su-spoiler-title\" tabindex=\"0\" role=\"button\"><span class=\"su-spoiler-icon\"><\/span>Visi<\/div><div class=\"su-spoiler-content su-u-clearfix su-u-trim\">\n<strong>\u012apa\u0161\u0101 raid\u012bt\u0101ja ietekme:<\/strong><\/p>\n<ul>\n<li>uzlabo vielmai\u0146as procesus bronhu un plau\u0161u sist\u0113mas \u0161\u016bn\u0101s un audos;<\/li>\n<li>aktiviz\u0113t pamatfunkcijas;<\/li>\n<li>im\u016bnsist\u0113mas procesu normaliz\u0113\u0161ana: autoim\u016bn\u0101s agresijas mazin\u0101\u0161ana un im\u016bnmodul\u0113jo\u0161\u0101 iedarb\u012bba;<\/li>\n<li>samazin\u0101t bronhu spazmas;<\/li>\n<li>palielin\u0101tu saistaudu elast\u012bbu plau\u0161\u0101s ar emfiz\u0113mu un pneumsklerozi;<\/li>\n<li>kr\u0113pu un kr\u0113pu att\u012br\u012b\u0161an\u0101s normaliz\u0113\u0161an\u0101s.<\/li>\n<\/ul>\n<\/div><\/div>","protected":false},"excerpt":{"rendered":"<p>\u201eSzabad l\u00e9gz\u00e9s\u201d 16. sz. speci\u00e1lis jelad\u00f3 Triomed MMW k\u00e9sz\u00fcl\u00e9khez A speci\u00e1lis sug\u00e1rz\u00f3k haszn\u00e1lata ir\u00e1ny\u00edtott hat\u00e1st gyakorol az emberi test szerveire \u00e9s sz\u00f6veteire, szervrendszereire \u00e9s funkcion\u00e1lis rendszereire. A BioTrEM \u00ae EMP EHF gener\u00e1tor alapj\u00e1n fejlesztett\u00e9k ki (EE 05541 nemzetk\u00f6zi szabadalom). A komplex kezel\u00e9si programokban a h\u00f6rg\u0151k \u00e9s a t\u00fcd\u0151 betegs\u00e9geinek (t\u00fcd\u0151gyullad\u00e1s, h\u00f6rghurut, a h\u00f6rg\u0151-t\u00fcd\u0151 rendszer kr\u00f3nikus [&hellip;]<\/p>\n","protected":false},"featured_media":4729,"comment_status":"open","ping_status":"closed","template":"","meta":[],"product_brand":[],"product_cat":[35,32],"product_tag":[],"class_list":{"0":"post-4733","1":"product","2":"type-product","3":"status-publish","4":"has-post-thumbnail","6":"product_cat-csatlakoztathato-jeladok","7":"product_cat-triomed","9":"first","10":"instock","11":"taxable","12":"shipping-taxable","13":"purchasable","14":"product-type-simple"},"_links":{"self":[{"href":"https:\/\/vetomshop.hu\/lv\/wp-json\/wp\/v2\/product\/4733","targetHints":{"allow":["GET"]}}],"collection":[{"href":"https:\/\/vetomshop.hu\/lv\/wp-json\/wp\/v2\/product"}],"about":[{"href":"https:\/\/vetomshop.hu\/lv\/wp-json\/wp\/v2\/types\/product"}],"replies":[{"embeddable":true,"href":"https:\/\/vetomshop.hu\/lv\/wp-json\/wp\/v2\/comments?post=4733"}],"wp:featuredmedia":[{"embeddable":true,"href":"https:\/\/vetomshop.hu\/lv\/wp-json\/wp\/v2\/media\/4729"}],"wp:attachment":[{"href":"https:\/\/vetomshop.hu\/lv\/wp-json\/wp\/v2\/media?parent=4733"}],"wp:term":[{"taxonomy":"product_brand","embeddable":true,"href":"https:\/\/vetomshop.hu\/lv\/wp-json\/wp\/v2\/product_brand?post=4733"},{"taxonomy":"product_cat","embeddable":true,"href":"https:\/\/vetomshop.hu\/lv\/wp-json\/wp\/v2\/product_cat?post=4733"},{"taxonomy":"product_tag","embeddable":true,"href":"https:\/\/vetomshop.hu\/lv\/wp-json\/wp\/v2\/product_tag?post=4733"}],"curies":[{"name":"wp","href":"https:\/\/api.w.org\/{rel}","templated":true}]}}