{"id":4735,"date":"2023-11-11T14:33:59","date_gmt":"2023-11-11T13:33:59","guid":{"rendered":"https:\/\/vetomshop.hu\/termek\/szabalyozo-jelado\/"},"modified":"2025-04-14T17:42:09","modified_gmt":"2025-04-14T15:42:09","slug":"szabalyozo-jelado","status":"publish","type":"product","link":"https:\/\/vetomshop.hu\/lv\/products\/szabalyozo-jelado\/","title":{"rendered":"Regulat\u012bvais raid\u012bt\u0101js"},"content":{"rendered":"<h4>Regul\u0113jo\u0161ais radiators, Nr. 52.<\/h4>\n<p><strong>Izstarot\u0101ja darb\u012bbas laiks<\/strong>: 15 min\u016btes<\/p>\n<p>T\u0101s frekvence atbilst hormon\u0101l\u0101s sist\u0113mas frekvencei.<\/p>\n<p><strong>Ietekme:<\/strong><\/p>\n<ul>\n<li>Atjauno hormon\u0101lo sist\u0113mu.<\/li>\n<li>Atjauno centr\u0101lo, perif\u0113ro un ve\u0123etat\u012bvo nervu sist\u0113mu.<\/li>\n<li>Uzlabo nervu \u0161\u0137iedru impulsu p\u0101rraides sp\u0113ju.<\/li>\n<li>Veicina nervu \u0161\u016bnu re\u0123ener\u0101ciju.<\/li>\n<li>Tam ir im\u016bnsist\u0113mu stiprino\u0161a iedarb\u012bba.<\/li>\n<li>Tam ir visp\u0101r\u0113ja atjaunojo\u0161a iedarb\u012bba.<\/li>\n<li>Tas struktur\u0113 \u016bdeni.<\/li>\n<\/ul>\n<p>Ieteicam\u0101 pielietojuma zona: endokr\u012bno dziedzeru projekcija, lielo asinsvadu projekcija, 15-14 min\u016btes uz BAP punktu vai zonu.<\/p>\n<div class=\"su-spoiler su-spoiler-style-defoult su-spoiler-icon-caret su-spoiler-closed\" data-scroll-offset=\"0\" data-anchor-in-url=\"no\"><div class=\"su-spoiler-title\" tabindex=\"0\" role=\"button\"><span class=\"su-spoiler-icon\"><\/span>Visi<\/div><div class=\"su-spoiler-content su-u-clearfix su-u-trim\">\n<strong>Attiecas uz:<\/strong><\/p>\n<ul>\n<li>ve\u0123etat\u012bviem trauc\u0113jumiem,<\/li>\n<li>endokr\u012bn\u0101s un nervu sist\u0113mas kompleksai \u0101rst\u0113\u0161anai,<\/li>\n<li>neirozin\u0101tn\u0113,<\/li>\n<li>aler\u0123isku slim\u012bbu \u0101rst\u0113\u0161an\u0101,<\/li>\n<li>kompleks\u0101 varikozu v\u0113nu \u0101rst\u0113\u0161an\u0101,<\/li>\n<li>hroniska noguruma sindroma \u0101rst\u0113\u0161an\u0101,<\/li>\n<li>kontrol\u0113 menopauzes simptomus gan sieviet\u0113m, gan v\u012brie\u0161iem,<\/li>\n<li>kalcija metabolisma korekcijai, osteoporozes profilaksei,<\/li>\n<li>im\u016bnsist\u0113mas korekcijai.<\/li>\n<\/ul>\n<\/div><\/div>","protected":false},"excerpt":{"rendered":"<p>Szab\u00e1lyz\u00f3 sug\u00e1rz\u00f3, 52. sz. A sug\u00e1rz\u00f3 m\u0171k\u00f6d\u00e9si ideje: 15 perc Frekvenci\u00e1ja a hormonrendszer frekvenci\u00e1j\u00e1nak felel meg. Hat\u00e1sa: Helyre\u00e1ll\u00edtja a hormonrendszer m\u0171k\u00f6d\u00e9s\u00e9t. Helyre\u00e1ll\u00edtja a k\u00f6zponti, a perif\u00e9ri\u00e1s, valamint a vegetat\u00edv idegrendszer munk\u00e1j\u00e1t. Jav\u00edtja az idegsz\u00e1lak impulzus-tov\u00e1bb\u00edt\u00f3 k\u00e9pess\u00e9g\u00e9t. El\u0151seg\u00edti az idegsejtek regener\u00e1ci\u00f3j\u00e1t. Immunrendszer er\u0151s\u00edt\u0151 hat\u00e1ssal b\u00edr. \u00c1ltal\u00e1nos fiatal\u00edt\u00f3 hat\u00e1s\u00fa. Struktur\u00e1lja a vizet. Aj\u00e1nlott alkalmaz\u00e1si fel\u00fclet: az endokrin [&hellip;]<\/p>\n","protected":false},"featured_media":4734,"comment_status":"open","ping_status":"closed","template":"","meta":[],"product_brand":[],"product_cat":[35,32],"product_tag":[],"class_list":{"0":"post-4735","1":"product","2":"type-product","3":"status-publish","4":"has-post-thumbnail","6":"product_cat-csatlakoztathato-jeladok","7":"product_cat-triomed","9":"first","10":"instock","11":"taxable","12":"shipping-taxable","13":"purchasable","14":"product-type-simple"},"_links":{"self":[{"href":"https:\/\/vetomshop.hu\/lv\/wp-json\/wp\/v2\/product\/4735","targetHints":{"allow":["GET"]}}],"collection":[{"href":"https:\/\/vetomshop.hu\/lv\/wp-json\/wp\/v2\/product"}],"about":[{"href":"https:\/\/vetomshop.hu\/lv\/wp-json\/wp\/v2\/types\/product"}],"replies":[{"embeddable":true,"href":"https:\/\/vetomshop.hu\/lv\/wp-json\/wp\/v2\/comments?post=4735"}],"wp:featuredmedia":[{"embeddable":true,"href":"https:\/\/vetomshop.hu\/lv\/wp-json\/wp\/v2\/media\/4734"}],"wp:attachment":[{"href":"https:\/\/vetomshop.hu\/lv\/wp-json\/wp\/v2\/media?parent=4735"}],"wp:term":[{"taxonomy":"product_brand","embeddable":true,"href":"https:\/\/vetomshop.hu\/lv\/wp-json\/wp\/v2\/product_brand?post=4735"},{"taxonomy":"product_cat","embeddable":true,"href":"https:\/\/vetomshop.hu\/lv\/wp-json\/wp\/v2\/product_cat?post=4735"},{"taxonomy":"product_tag","embeddable":true,"href":"https:\/\/vetomshop.hu\/lv\/wp-json\/wp\/v2\/product_tag?post=4735"}],"curies":[{"name":"wp","href":"https:\/\/api.w.org\/{rel}","templated":true}]}}